{"id":35523,"date":"2025-10-24T11:49:42","date_gmt":"2025-10-24T11:49:42","guid":{"rendered":"https:\/\/inspireashop.com\/shop\/mala-matematika-logika-a-vzory-klasicke-papirove-vydani-64-stran\/"},"modified":"2026-01-29T14:40:05","modified_gmt":"2026-01-29T14:40:05","slug":"mala-matematika-logika-a-vzory","status":"publish","type":"product","link":"https:\/\/inspireashop.com\/cs\/shop\/mala-matematika-logika-a-vzory\/","title":{"rendered":"Mal\u00e1 matematika, logika a vzory (klasick\u00e9 pap\u00edrov\u00e9 vyd\u00e1n\u00ed \u2013 64 stran)"},"content":{"rendered":"<h3 data-start=\"1965\" data-end=\"2010\"><strong>Co obsahuje bal\u00ed\u010dek Mal\u00e1 matematika<\/strong><\/h3>\n<p data-start=\"2011\" data-end=\"2341\">\ud83d\udcc4 Form\u00e1t: A5 \u2013 64 stran kvalitn\u00edho pap\u00edru<br data-start=\"2057\" data-end=\"2060\" \/>\ud83d\udcd8 Obsah: Stejn\u00e1 t\u00e9mata jako v se\u0161it\u011b Math Write &amp; Wipe, ale se zcela nov\u00fdmi aktivitami<br data-start=\"2141\" data-end=\"2144\" \/>\ud83d\udd8d\ufe0f Pou\u017eit\u00ed s: tu\u017ekou, pastelkami, b\u011b\u017en\u00fdmi fixami (nejsou sou\u010d\u00e1st\u00ed balen\u00ed)<br data-start=\"2205\" data-end=\"2208\" \/>\ud83c\udf81 <strong>Bonus<\/strong>: 100 stran omalov\u00e1nek a bludi\u0161\u0165 zaslan\u00fdch na v\u00e1\u0161 e-mail po odesl\u00e1n\u00ed objedn\u00e1vky<br data-start=\"2295\" data-end=\"2298\" \/>\ud83d\ude9a Rychl\u00e9 doru\u010den\u00ed: 4\u20135 pracovn\u00edch dn\u016f (GLS)<\/p>\n<h3 data-start=\"0\" data-end=\"27\"><strong data-start=\"0\" data-end=\"27\">Spokojen\u00ed rodi\u010de \u0159\u00edkaj\u00ed<\/strong><\/h3>\n<p data-start=\"29\" data-end=\"123\">\u2b50\ufe0f\u2b50\ufe0f\u2b50\ufe0f\u2b50\ufe0f\u2b50\ufe0f Moje dcera tyto \u00fakoly miluje \u2013 hlavn\u011b ty, kde m\u016f\u017ee dopl\u0148ovat vzory a kreslit tvary.<\/p>\n<p data-start=\"125\" data-end=\"234\">\u2b50\ufe0f\u2b50\ufe0f\u2b50\ufe0f\u2b50\ufe0f\u2b50\ufe0f Jako u\u010ditel matematiky to mohu v\u0159ele doporu\u010dit! D\u011bti se u\u010d\u00ed hrou a cel\u00fd proces si opravdu u\u017e\u00edvaj\u00ed.<\/p>\n<p data-start=\"236\" data-end=\"359\">\u2b50\ufe0f\u2b50\ufe0f\u2b50\ufe0f\u2b50\ufe0f\u2b50\ufe0f Ide\u00e1ln\u00ed na cestov\u00e1n\u00ed! P\u0159ibal\u00edme pastelky, tu\u017eku a se\u0161it \u2013 a d\u011bti jsou po celou cestu spokojen\u011b zabran\u00e9 do pr\u00e1ce.<\/p>\n<p data-start=\"361\" data-end=\"474\">\u2b50\ufe0f\u2b50\ufe0f\u2b50\ufe0f\u2b50\ufe0f\u2b50\ufe0f Poprv\u00e9 jsem vid\u011bla svou dceru tak soust\u0159ed\u011bnou. Ka\u017ed\u00fd den se t\u011b\u0161\u00ed, a\u017e vezme tu\u017eku a pust\u00ed se do \u00fakol\u016f.<\/p>\n<p data-start=\"476\" data-end=\"584\">\u2b50\ufe0f\u2b50\ufe0f\u2b50\ufe0f\u2b50\ufe0f\u2b50\ufe0f Kone\u010dn\u011b n\u011bco, co funguje! M\u016fj syn m\u00e1 probl\u00e9m posed\u011bt, ale s t\u00edmto se\u0161item je klidn\u00fd a motivovan\u00fd.<\/p>\n<p data-start=\"586\" data-end=\"722\">\u2b50\ufe0f\u2b50\ufe0f\u2b50\ufe0f\u2b50\ufe0f\u2b50\ufe0f M\u016fj \u010dty\u0159let\u00fd syn miluje vybarvov\u00e1n\u00ed, zat\u00edmco \u0161estilet\u00e1 dcera si u\u017e\u00edv\u00e1 logick\u00e9 v\u00fdzvy \u2013 je skv\u011bl\u00e9, \u017ee jeden se\u0161it nab\u00edz\u00ed oboj\u00ed!<\/p>\n<p data-start=\"724\" data-end=\"845\">\u2b50\ufe0f\u2b50\ufe0f\u2b50\ufe0f\u2b50\ufe0f\u2b50\ufe0f Skv\u011bl\u00fd zp\u016fsob, jak zlep\u0161it soust\u0159ed\u011bn\u00ed. M\u016fj syn m\u00e1 pot\u00ed\u017ee s koncentrac\u00ed, ale tyto aktivity ho opravdu zaujmou.<\/p>\n<p data-start=\"847\" data-end=\"969\">\u2b50\ufe0f\u2b50\ufe0f\u2b50\ufe0f\u2b50\ufe0f\u2b50\ufe0f M\u016fj syn b\u00fdv\u00e1 neklidn\u00fd, ale tato matematick\u00e1 kniha ho dok\u00e1\u017ee zklidnit. Ka\u017ed\u00fd den spolu vypln\u00edme n\u011bkolik str\u00e1nek.<\/p>\n<p data-start=\"971\" data-end=\"1086\">\u2b50\ufe0f\u2b50\ufe0f\u2b50\ufe0f\u2b50\ufe0f\u2b50\ufe0f \u00da\u017easn\u00fd produkt! L\u00edb\u00ed se mi, \u017ee si d\u00edt\u011b m\u016f\u017ee voln\u011b kreslit a vybarvovat \u2013 \u017e\u00e1dn\u00fd tlak, jen radost z u\u010den\u00ed.<\/p>\n<p data-start=\"1088\" data-end=\"1201\">\u2b50\ufe0f\u2b50\ufe0f\u2b50\ufe0f\u2b50\ufe0f\u2b50\ufe0f M\u016fj syn se d\u0159\u00edve matematice vyh\u00fdbal, ale te\u010f si k se\u0161itu sedne s\u00e1m. Tento p\u0159\u00edstup mu opravdu vyhovuje.<\/p>\n<p data-start=\"1203\" data-end=\"1325\">\u2b50\ufe0f\u2b50\ufe0f\u2b50\ufe0f\u2b50\ufe0f\u2b50\ufe0f M\u016fj syn miluje s\u010d\u00edt\u00e1n\u00ed, zat\u00edmco dcera r\u00e1da vybarvuje a p\u0159i\u0159azuje tvary. Jeden se\u0161it \u2013 a v\u0161ichni jsou spokojen\u00ed!<\/p>\n<p data-start=\"1327\" data-end=\"1452\">\u2b50\ufe0f\u2b50\ufe0f\u2b50\ufe0f\u2b50\ufe0f\u2b50\ufe0f Nejlep\u0161\u00ed je, \u017ee d\u00edt\u011b m\u016f\u017ee svobodn\u011b kreslit, ps\u00e1t i vybarvovat. M\u016fj \u010dty\u0159let\u00fd ho pou\u017e\u00edv\u00e1 ka\u017ed\u00fd den s velk\u00fdm \u00fasm\u011bvem!<\/p>\n","protected":false},"excerpt":{"rendered":"<h3 data-start=\"0\" data-end=\"58\"><strong data-start=\"0\" data-end=\"58\">Pracovn\u00ed se\u0161it obsahuje 10 hrav\u00fdch vzd\u011bl\u00e1vac\u00edch t\u00e9mat:<\/strong><\/h3>\n<p data-start=\"758\" data-end=\"1462\">\ud83d\udccc <strong data-start=\"63\" data-end=\"81\">Po\u010d\u00edtej a spoj<\/strong> \u2013 po\u010d\u00edt\u00e1n\u00ed s barevn\u00fdmi ilustracemi<br data-start=\"116\" data-end=\"119\" \/>\ud83d\udccc <strong data-start=\"122\" data-end=\"146\">Po\u010d\u00edtej a zakrou\u017ekuj<\/strong> \u2013 zlep\u0161en\u00ed soust\u0159ed\u011bn\u00ed hled\u00e1n\u00edm spr\u00e1vn\u00fdch \u010d\u00edsel<br data-start=\"194\" data-end=\"197\" \/>\ud83d\udccc <strong data-start=\"200\" data-end=\"222\">Po\u010d\u00edtej a vybarvuj<\/strong> \u2013 procvi\u010dov\u00e1n\u00ed po\u010d\u00edt\u00e1n\u00ed kreativn\u00ed formou<br data-start=\"263\" data-end=\"266\" \/>\ud83d\udccc <strong data-start=\"269\" data-end=\"287\">Kolik jich je?<\/strong> \u2013 interaktivn\u00ed \u00fakoly, kter\u00e9 u\u010d\u00ed po\u010d\u00edtat z\u00e1bavnou cestou<br data-start=\"343\" data-end=\"346\" \/>\ud83d\udccc <strong data-start=\"349\" data-end=\"371\">Jednoduch\u00e9 s\u010d\u00edt\u00e1n\u00ed<\/strong> \u2013 prvn\u00ed kroky do sv\u011bta matematiky<br data-start=\"405\" data-end=\"408\" \/>\ud83d\udccc <strong data-start=\"411\" data-end=\"433\">Zrcadlov\u00e1 symetrie<\/strong> \u2013 rozvoj prostorov\u00e9ho vn\u00edm\u00e1n\u00ed a jemn\u00e9 motoriky<br data-start=\"480\" data-end=\"483\" \/>\ud83d\udccc <strong data-start=\"486\" data-end=\"502\">P\u0159i\u0159a\u010f tvary<\/strong> \u2013 objevov\u00e1n\u00ed tvar\u016f hravou formou<br data-start=\"535\" data-end=\"538\" \/>\ud83d\udccc <strong data-start=\"541\" data-end=\"555\">Dopl\u0148 vzor<\/strong> \u2013 posilov\u00e1n\u00ed logick\u00e9ho my\u0161len\u00ed hled\u00e1n\u00edm chyb\u011bj\u00edc\u00edch \u010d\u00e1st\u00ed<br data-start=\"613\" data-end=\"616\" \/>\ud83d\udccc <strong data-start=\"619\" data-end=\"638\">Kolik m\u00e1 stran?<\/strong> \u2013 u\u010den\u00ed se rozpozn\u00e1v\u00e1n\u00edm geometrick\u00fdch vlastnost\u00ed<br data-start=\"688\" data-end=\"691\" \/>\ud83d\udccc <strong data-start=\"694\" data-end=\"723\">Logika \u2013 pokro\u010dil\u00e1 \u00farove\u0148<\/strong> \u2013 v\u00fdzvy, kter\u00e9 rozv\u00edjej\u00ed logick\u00e9 my\u0161len\u00ed<\/p>\n<h3 data-start=\"773\" data-end=\"816\"><strong data-start=\"777\" data-end=\"816\">Pro\u010d rodi\u010de miluj\u00ed Malou matematiku<\/strong><\/h3>\n<p data-start=\"818\" data-end=\"1129\">\u2705 V\u00edce ne\u017e <strong data-start=\"829\" data-end=\"841\">60 stran<\/strong> poutav\u00fdch aktivit rozv\u00edjej\u00edc\u00edch z\u00e1kladn\u00ed matematick\u00e9 dovednosti<br data-start=\"905\" data-end=\"908\" \/>\u2705 D\u011bti mohou pou\u017e\u00edvat <strong data-start=\"930\" data-end=\"959\">tu\u017eky, pastelky nebo fixy<\/strong> \u2013 kreativita bez omezen\u00ed<br data-start=\"984\" data-end=\"987\" \/>\u2705 Stejn\u00e1 t\u00e9mata jako v se\u0161it\u011b <strong data-start=\"1017\" data-end=\"1038\">Math Write &amp; Wipe<\/strong>, ale se zcela nov\u00fdmi \u00fakoly<br data-start=\"1065\" data-end=\"1068\" \/>\u2705 Podporuje <strong data-start=\"1080\" data-end=\"1129\">soust\u0159ed\u011bn\u00ed, logick\u00e9 my\u0161len\u00ed a radost z u\u010den\u00ed<\/strong><\/p>\n<p data-start=\"1131\" data-end=\"1284\">\ud83c\udf81 <strong data-start=\"1134\" data-end=\"1153\">BONUSOV\u00dd D\u00c1REK:<\/strong> P\u0159i objedn\u00e1vce z\u00edsk\u00e1te <strong data-start=\"1177\" data-end=\"1211\">100 stran omalov\u00e1nek a bludi\u0161\u0165<\/strong>, kter\u00e9 v\u00e1m po odesl\u00e1n\u00ed pracovn\u00edho se\u0161itu po\u0161tou za\u0161leme p\u0159\u00edmo na e-mail.<\/p>\n","protected":false},"featured_media":35524,"comment_status":"open","ping_status":"closed","template":"","meta":{"_acf_changed":false,"_et_pb_use_builder":"","_et_pb_old_content":"","_et_gb_content_width":""},"product_brand":[],"product_cat":[108],"product_tag":[],"class_list":{"0":"post-35523","1":"product","2":"type-product","3":"status-publish","4":"has-post-thumbnail","6":"product_cat-kniha-aktivit","8":"first","9":"instock","10":"sale","11":"taxable","12":"shipping-taxable","13":"purchasable","14":"product-type-simple"},"acf":[],"yoast_head":"<!-- This site is optimized with the Yoast SEO plugin v27.5 - https:\/\/yoast.com\/product\/yoast-seo-wordpress\/ -->\n<title>Mal\u00e1 matematika, logika a vzory \u2013 64 stran | Inspirea shop<\/title>\n<meta name=\"description\" content=\"Z\u00e1bavn\u00fd a poutav\u00fd pracovn\u00ed se\u0161it s 10 t\u00e9maty, kter\u00fd pom\u00e1h\u00e1 d\u011btem rozv\u00edjet z\u00e1kladn\u00ed matematick\u00e9 dovednosti prost\u0159ednictv\u00edm hry a vizu\u00e1ln\u00edch cvi\u010den\u00ed.\" \/>\n<meta name=\"robots\" content=\"index, follow, max-snippet:-1, max-image-preview:large, max-video-preview:-1\" \/>\n<link rel=\"canonical\" href=\"https:\/\/inspireashop.com\/cs\/shop\/mala-matematika-logika-a-vzory\/\" \/>\n<meta property=\"og:locale\" content=\"cs_CZ\" \/>\n<meta property=\"og:type\" content=\"article\" \/>\n<meta property=\"og:title\" content=\"Mal\u00e1 matematika, logika a vzory \u2013 64 stran | Inspirea shop\" \/>\n<meta property=\"og:description\" content=\"Z\u00e1bavn\u00fd a poutav\u00fd pracovn\u00ed se\u0161it s 10 t\u00e9maty, kter\u00fd pom\u00e1h\u00e1 d\u011btem rozv\u00edjet z\u00e1kladn\u00ed matematick\u00e9 dovednosti prost\u0159ednictv\u00edm hry a vizu\u00e1ln\u00edch cvi\u010den\u00ed.\" \/>\n<meta property=\"og:url\" content=\"https:\/\/inspireashop.com\/cs\/shop\/mala-matematika-logika-a-vzory\/\" \/>\n<meta property=\"og:site_name\" content=\"Inspirea shop\" \/>\n<meta property=\"article:modified_time\" content=\"2026-01-29T14:40:05+00:00\" \/>\n<meta property=\"og:image\" content=\"https:\/\/inspireashop.com\/wp-content\/uploads\/2025\/10\/CZ-Mala-matematika-logika-a-vzory.jpg\" \/>\n\t<meta property=\"og:image:width\" content=\"1080\" \/>\n\t<meta property=\"og:image:height\" content=\"1080\" \/>\n\t<meta property=\"og:image:type\" content=\"image\/jpeg\" \/>\n<meta name=\"twitter:card\" content=\"summary_large_image\" \/>\n<meta name=\"twitter:label1\" content=\"Odhadovan\u00e1 doba \u010dten\u00ed\" \/>\n\t<meta name=\"twitter:data1\" content=\"2 minuty\" \/>\n<script type=\"application\/ld+json\" class=\"yoast-schema-graph\">{\"@context\":\"https:\\\/\\\/schema.org\",\"@graph\":[{\"@type\":\"WebPage\",\"@id\":\"https:\\\/\\\/inspireashop.com\\\/cs\\\/shop\\\/mala-matematika-logika-a-vzory\\\/\",\"url\":\"https:\\\/\\\/inspireashop.com\\\/cs\\\/shop\\\/mala-matematika-logika-a-vzory\\\/\",\"name\":\"Mal\u00e1 matematika, logika a vzory \u2013 64 stran | Inspirea shop\",\"isPartOf\":{\"@id\":\"https:\\\/\\\/inspireashop.com\\\/cs\\\/#website\"},\"primaryImageOfPage\":{\"@id\":\"https:\\\/\\\/inspireashop.com\\\/cs\\\/shop\\\/mala-matematika-logika-a-vzory\\\/#primaryimage\"},\"image\":{\"@id\":\"https:\\\/\\\/inspireashop.com\\\/cs\\\/shop\\\/mala-matematika-logika-a-vzory\\\/#primaryimage\"},\"thumbnailUrl\":\"https:\\\/\\\/inspireashop.com\\\/wp-content\\\/uploads\\\/2025\\\/10\\\/CZ-Mala-matematika-logika-a-vzory.jpg\",\"datePublished\":\"2025-10-24T11:49:42+00:00\",\"dateModified\":\"2026-01-29T14:40:05+00:00\",\"description\":\"Z\u00e1bavn\u00fd a poutav\u00fd pracovn\u00ed se\u0161it s 10 t\u00e9maty, kter\u00fd pom\u00e1h\u00e1 d\u011btem rozv\u00edjet z\u00e1kladn\u00ed matematick\u00e9 dovednosti prost\u0159ednictv\u00edm hry a vizu\u00e1ln\u00edch cvi\u010den\u00ed.\",\"breadcrumb\":{\"@id\":\"https:\\\/\\\/inspireashop.com\\\/cs\\\/shop\\\/mala-matematika-logika-a-vzory\\\/#breadcrumb\"},\"inLanguage\":\"cs\",\"potentialAction\":[{\"@type\":\"ReadAction\",\"target\":[\"https:\\\/\\\/inspireashop.com\\\/cs\\\/shop\\\/mala-matematika-logika-a-vzory\\\/\"]}]},{\"@type\":\"ImageObject\",\"inLanguage\":\"cs\",\"@id\":\"https:\\\/\\\/inspireashop.com\\\/cs\\\/shop\\\/mala-matematika-logika-a-vzory\\\/#primaryimage\",\"url\":\"https:\\\/\\\/inspireashop.com\\\/wp-content\\\/uploads\\\/2025\\\/10\\\/CZ-Mala-matematika-logika-a-vzory.jpg\",\"contentUrl\":\"https:\\\/\\\/inspireashop.com\\\/wp-content\\\/uploads\\\/2025\\\/10\\\/CZ-Mala-matematika-logika-a-vzory.jpg\",\"width\":1080,\"height\":1080,\"caption\":\"Mal\u00e1 matematika, logika a vzory\"},{\"@type\":\"BreadcrumbList\",\"@id\":\"https:\\\/\\\/inspireashop.com\\\/cs\\\/shop\\\/mala-matematika-logika-a-vzory\\\/#breadcrumb\",\"itemListElement\":[{\"@type\":\"ListItem\",\"position\":1,\"name\":\"Home\",\"item\":\"https:\\\/\\\/inspireashop.com\\\/cs\\\/\"},{\"@type\":\"ListItem\",\"position\":2,\"name\":\"Obchod\",\"item\":\"https:\\\/\\\/inspireashop.com\\\/cs\\\/obchod\\\/\"},{\"@type\":\"ListItem\",\"position\":3,\"name\":\"Mal\u00e1 matematika, logika a vzory (klasick\u00e9 pap\u00edrov\u00e9 vyd\u00e1n\u00ed \u2013 64 stran)\"}]},{\"@type\":\"WebSite\",\"@id\":\"https:\\\/\\\/inspireashop.com\\\/cs\\\/#website\",\"url\":\"https:\\\/\\\/inspireashop.com\\\/cs\\\/\",\"name\":\"Inspirea shop\",\"description\":\"Everything nice\",\"publisher\":{\"@id\":\"https:\\\/\\\/inspireashop.com\\\/cs\\\/#organization\"},\"potentialAction\":[{\"@type\":\"SearchAction\",\"target\":{\"@type\":\"EntryPoint\",\"urlTemplate\":\"https:\\\/\\\/inspireashop.com\\\/cs\\\/?s={search_term_string}\"},\"query-input\":{\"@type\":\"PropertyValueSpecification\",\"valueRequired\":true,\"valueName\":\"search_term_string\"}}],\"inLanguage\":\"cs\"},{\"@type\":\"Organization\",\"@id\":\"https:\\\/\\\/inspireashop.com\\\/cs\\\/#organization\",\"name\":\"Inspirea shop\",\"url\":\"https:\\\/\\\/inspireashop.com\\\/cs\\\/\",\"logo\":{\"@type\":\"ImageObject\",\"inLanguage\":\"cs\",\"@id\":\"https:\\\/\\\/inspireashop.com\\\/cs\\\/#\\\/schema\\\/logo\\\/image\\\/\",\"url\":\"https:\\\/\\\/inspireashop.com\\\/wp-content\\\/uploads\\\/2025\\\/01\\\/inspirea-shoplogo.png\",\"contentUrl\":\"https:\\\/\\\/inspireashop.com\\\/wp-content\\\/uploads\\\/2025\\\/01\\\/inspirea-shoplogo.png\",\"width\":400,\"height\":72,\"caption\":\"Inspirea shop\"},\"image\":{\"@id\":\"https:\\\/\\\/inspireashop.com\\\/cs\\\/#\\\/schema\\\/logo\\\/image\\\/\"}}]}<\/script>\n<!-- \/ Yoast SEO plugin. -->","yoast_head_json":{"title":"Mal\u00e1 matematika, logika a vzory \u2013 64 stran | Inspirea shop","description":"Z\u00e1bavn\u00fd a poutav\u00fd pracovn\u00ed se\u0161it s 10 t\u00e9maty, kter\u00fd pom\u00e1h\u00e1 d\u011btem rozv\u00edjet z\u00e1kladn\u00ed matematick\u00e9 dovednosti prost\u0159ednictv\u00edm hry a vizu\u00e1ln\u00edch cvi\u010den\u00ed.","robots":{"index":"index","follow":"follow","max-snippet":"max-snippet:-1","max-image-preview":"max-image-preview:large","max-video-preview":"max-video-preview:-1"},"canonical":"https:\/\/inspireashop.com\/cs\/shop\/mala-matematika-logika-a-vzory\/","og_locale":"cs_CZ","og_type":"article","og_title":"Mal\u00e1 matematika, logika a vzory \u2013 64 stran | Inspirea shop","og_description":"Z\u00e1bavn\u00fd a poutav\u00fd pracovn\u00ed se\u0161it s 10 t\u00e9maty, kter\u00fd pom\u00e1h\u00e1 d\u011btem rozv\u00edjet z\u00e1kladn\u00ed matematick\u00e9 dovednosti prost\u0159ednictv\u00edm hry a vizu\u00e1ln\u00edch cvi\u010den\u00ed.","og_url":"https:\/\/inspireashop.com\/cs\/shop\/mala-matematika-logika-a-vzory\/","og_site_name":"Inspirea shop","article_modified_time":"2026-01-29T14:40:05+00:00","og_image":[{"width":1080,"height":1080,"url":"https:\/\/inspireashop.com\/wp-content\/uploads\/2025\/10\/CZ-Mala-matematika-logika-a-vzory.jpg","type":"image\/jpeg"}],"twitter_card":"summary_large_image","twitter_misc":{"Odhadovan\u00e1 doba \u010dten\u00ed":"2 minuty"},"schema":{"@context":"https:\/\/schema.org","@graph":[{"@type":"WebPage","@id":"https:\/\/inspireashop.com\/cs\/shop\/mala-matematika-logika-a-vzory\/","url":"https:\/\/inspireashop.com\/cs\/shop\/mala-matematika-logika-a-vzory\/","name":"Mal\u00e1 matematika, logika a vzory \u2013 64 stran | Inspirea shop","isPartOf":{"@id":"https:\/\/inspireashop.com\/cs\/#website"},"primaryImageOfPage":{"@id":"https:\/\/inspireashop.com\/cs\/shop\/mala-matematika-logika-a-vzory\/#primaryimage"},"image":{"@id":"https:\/\/inspireashop.com\/cs\/shop\/mala-matematika-logika-a-vzory\/#primaryimage"},"thumbnailUrl":"https:\/\/inspireashop.com\/wp-content\/uploads\/2025\/10\/CZ-Mala-matematika-logika-a-vzory.jpg","datePublished":"2025-10-24T11:49:42+00:00","dateModified":"2026-01-29T14:40:05+00:00","description":"Z\u00e1bavn\u00fd a poutav\u00fd pracovn\u00ed se\u0161it s 10 t\u00e9maty, kter\u00fd pom\u00e1h\u00e1 d\u011btem rozv\u00edjet z\u00e1kladn\u00ed matematick\u00e9 dovednosti prost\u0159ednictv\u00edm hry a vizu\u00e1ln\u00edch cvi\u010den\u00ed.","breadcrumb":{"@id":"https:\/\/inspireashop.com\/cs\/shop\/mala-matematika-logika-a-vzory\/#breadcrumb"},"inLanguage":"cs","potentialAction":[{"@type":"ReadAction","target":["https:\/\/inspireashop.com\/cs\/shop\/mala-matematika-logika-a-vzory\/"]}]},{"@type":"ImageObject","inLanguage":"cs","@id":"https:\/\/inspireashop.com\/cs\/shop\/mala-matematika-logika-a-vzory\/#primaryimage","url":"https:\/\/inspireashop.com\/wp-content\/uploads\/2025\/10\/CZ-Mala-matematika-logika-a-vzory.jpg","contentUrl":"https:\/\/inspireashop.com\/wp-content\/uploads\/2025\/10\/CZ-Mala-matematika-logika-a-vzory.jpg","width":1080,"height":1080,"caption":"Mal\u00e1 matematika, logika a vzory"},{"@type":"BreadcrumbList","@id":"https:\/\/inspireashop.com\/cs\/shop\/mala-matematika-logika-a-vzory\/#breadcrumb","itemListElement":[{"@type":"ListItem","position":1,"name":"Home","item":"https:\/\/inspireashop.com\/cs\/"},{"@type":"ListItem","position":2,"name":"Obchod","item":"https:\/\/inspireashop.com\/cs\/obchod\/"},{"@type":"ListItem","position":3,"name":"Mal\u00e1 matematika, logika a vzory (klasick\u00e9 pap\u00edrov\u00e9 vyd\u00e1n\u00ed \u2013 64 stran)"}]},{"@type":"WebSite","@id":"https:\/\/inspireashop.com\/cs\/#website","url":"https:\/\/inspireashop.com\/cs\/","name":"Inspirea shop","description":"Everything nice","publisher":{"@id":"https:\/\/inspireashop.com\/cs\/#organization"},"potentialAction":[{"@type":"SearchAction","target":{"@type":"EntryPoint","urlTemplate":"https:\/\/inspireashop.com\/cs\/?s={search_term_string}"},"query-input":{"@type":"PropertyValueSpecification","valueRequired":true,"valueName":"search_term_string"}}],"inLanguage":"cs"},{"@type":"Organization","@id":"https:\/\/inspireashop.com\/cs\/#organization","name":"Inspirea shop","url":"https:\/\/inspireashop.com\/cs\/","logo":{"@type":"ImageObject","inLanguage":"cs","@id":"https:\/\/inspireashop.com\/cs\/#\/schema\/logo\/image\/","url":"https:\/\/inspireashop.com\/wp-content\/uploads\/2025\/01\/inspirea-shoplogo.png","contentUrl":"https:\/\/inspireashop.com\/wp-content\/uploads\/2025\/01\/inspirea-shoplogo.png","width":400,"height":72,"caption":"Inspirea shop"},"image":{"@id":"https:\/\/inspireashop.com\/cs\/#\/schema\/logo\/image\/"}}]}},"_links":{"self":[{"href":"https:\/\/inspireashop.com\/cs\/wp-json\/wp\/v2\/product\/35523","targetHints":{"allow":["GET"]}}],"collection":[{"href":"https:\/\/inspireashop.com\/cs\/wp-json\/wp\/v2\/product"}],"about":[{"href":"https:\/\/inspireashop.com\/cs\/wp-json\/wp\/v2\/types\/product"}],"replies":[{"embeddable":true,"href":"https:\/\/inspireashop.com\/cs\/wp-json\/wp\/v2\/comments?post=35523"}],"wp:featuredmedia":[{"embeddable":true,"href":"https:\/\/inspireashop.com\/cs\/wp-json\/wp\/v2\/media\/35524"}],"wp:attachment":[{"href":"https:\/\/inspireashop.com\/cs\/wp-json\/wp\/v2\/media?parent=35523"}],"wp:term":[{"taxonomy":"product_brand","embeddable":true,"href":"https:\/\/inspireashop.com\/cs\/wp-json\/wp\/v2\/product_brand?post=35523"},{"taxonomy":"product_cat","embeddable":true,"href":"https:\/\/inspireashop.com\/cs\/wp-json\/wp\/v2\/product_cat?post=35523"},{"taxonomy":"product_tag","embeddable":true,"href":"https:\/\/inspireashop.com\/cs\/wp-json\/wp\/v2\/product_tag?post=35523"}],"curies":[{"name":"wp","href":"https:\/\/api.w.org\/{rel}","templated":true}]}}