{"id":3879,"date":"2025-03-12T16:58:05","date_gmt":"2025-03-12T16:58:05","guid":{"rendered":"https:\/\/inspireashop.com\/?post_type=product&#038;p=3879"},"modified":"2025-09-15T13:49:53","modified_gmt":"2025-09-15T13:49:53","slug":"psani-a-mazani-kniha-aktivit-pro-deti","status":"publish","type":"product","link":"https:\/\/inspireashop.com\/cs\/shop\/psani-a-mazani-kniha-aktivit-pro-deti\/","title":{"rendered":"Psan\u00ed a maz\u00e1n\u00ed se\u0161it &#8211; psac\u00ed p\u00edsmo"},"content":{"rendered":"<h3><b>Co obsahuje balen\u00ed se\u0161itu Psan\u00ed a maz\u00e1n\u00ed &#8211; psac\u00ed p\u00edsmo?<\/b><\/h3>\n<p><span style=\"font-weight: 400;\">\ud83d\udcd6 1\u00d7 pracovn\u00ed se\u0161it Psan\u00ed a maz\u00e1n\u00ed &#8211; form\u00e1t A5 (14,8 \u00d7 21 cm)<br \/>\n<\/span><span style=\"font-weight: 400;\">\ud83d\udd8a\ufe0f 1\u00d7 \u010dern\u00fd fix &#8211; barevn\u00e9 fixy si m\u016f\u017eete dokoupit v dal\u0161\u00edm kroku (v ko\u0161\u00edku)<br \/>\n<\/span><span style=\"font-weight: 400;\">\ud83e\uddfd 1\u00d7 houbi\u010dka<\/span><b><br \/>\n<\/b><span style=\"font-weight: 400;\">\ud83d\udce6 Rychl\u00e9 doru\u010den\u00ed do 3 a\u017e 5 pracovn\u00edch dn\u016f (<a href=\"https:\/\/gls-group.com\/CZ\/cs\/sledovani-zasilek\">GLS<\/a>)<br \/>\n\ud83c\udf81 <strong>D\u00c1REK: Po objedn\u00e1vce v\u00e1m e-mailem po\u0161leme<\/strong> PDF s 100 z\u00e1bavn\u00fdmi stranami omalov\u00e1nek a bludi\u0161\u0165.<br \/>\n<\/span><\/p>\n<blockquote><p><a href=\"https:\/\/inspireashop.com\/cs\/shop\/velky-matematicky-balicek-pdf\/\"><span style=\"font-weight: 400;\">DOPORU\u010cUJEME TAK\u00c9: <\/span><span style=\"font-weight: 400;\">Velk\u00fd matematick\u00fd bal\u00ed\u010dek (PDF-140 stran).<\/span><\/a><\/p><\/blockquote>\n<h3><b>Co \u0159\u00edkaj\u00ed rodi\u010de?<\/b><\/h3>\n<p><span style=\"font-weight: 400;\">\u2b50\ufe0f\u2b50\ufe0f\u2b50\ufe0f\u2b50\ufe0f\u2b50\ufe0f <\/span><span style=\"font-weight: 400;\">Tento se\u0161it n\u00e1s zachr\u00e1nil na dovolen\u00e9! Kdy\u017e jsme byli u mo\u0159e, n\u00e1\u0161 mal\u00fd m\u011bl v\u017edy co d\u011blat \u2013 a nav\u00edc se u\u010dil n\u011bco u\u017eite\u010dn\u00e9ho. Ilustrace a barevn\u00fd design ho \u00fapln\u011b nadchly.<br \/>\n<\/span><span style=\"font-weight: 400;\"><img decoding=\"async\" class=\"alignnone size-medium wp-image-4093\" src=\"https:\/\/inspireashop.com\/wp-content\/uploads\/2025\/03\/Pisz-i-zmazuj-Ksiazeczka-z-zadaniami-REVIEW-6-300x300.jpeg\" alt=\"\" width=\"300\" height=\"300\" \/><br \/>\n<\/span><\/p>\n<p><span style=\"font-weight: 400;\">\u2b50\ufe0f\u2b50\ufe0f\u2b50\ufe0f\u2b50\ufe0f\u2b50\ufe0f <\/span><span style=\"font-weight: 400;\">Syst\u00e9m pi\u0161-sma\u017e je geni\u00e1ln\u00ed. U\u017e \u017e\u00e1dn\u00e9 hromady pap\u00edr\u016f a jednor\u00e1zov\u00fdch se\u0161it\u016f. Na\u0161e Lea tr\u00e9nuje p\u00edsmenka ka\u017ed\u00fd den \u2013 p\u00ed\u0161e, ma\u017ee a opakuje. Je to ekologick\u00e9 a praktick\u00e9.<br \/>\n<img decoding=\"async\" class=\"alignnone size-medium wp-image-7586\" src=\"https:\/\/inspireashop.com\/wp-content\/uploads\/2025\/03\/Psani-a-mazani-sesit-psaci-pismena-REVIEW_NEW-300x300.jpg\" alt=\"\" width=\"300\" height=\"300\" \/><\/span><span style=\"font-weight: 400;\"><br \/>\n<\/span><\/p>\n<p><span style=\"font-weight: 400;\">\u2b50\ufe0f\u2b50\ufe0f\u2b50\ufe0f\u2b50\ufe0f\u2b50\ufe0f <\/span><span style=\"font-weight: 400;\">Se\u0161it je ide\u00e1ln\u00ed na cesty! Mal\u00fd form\u00e1t se vejde do ka\u017ed\u00e9ho batohu a dcera si v n\u011bm listuje i na zadn\u00edm sedadle v aut\u011b. Perfektn\u00ed \u0159e\u0161en\u00ed na letn\u00ed pr\u00e1zdniny.<br \/>\n<\/span><span style=\"font-weight: 400;\"><img decoding=\"async\" class=\"alignnone size-medium wp-image-4094\" src=\"https:\/\/inspireashop.com\/wp-content\/uploads\/2025\/03\/Pisz-i-zmazuj-Ksiazeczka-z-zadaniami-REVIEW-7-300x300.jpg\" alt=\"\" width=\"300\" height=\"300\" \/><br \/>\n<\/span><\/p>\n<p><span style=\"font-weight: 400;\">\u2b50\ufe0f\u2b50\ufe0f\u2b50\ufe0f\u2b50\ufe0f\u2b50\ufe0f <\/span><span style=\"font-weight: 400;\">Jsem u\u010ditelka a mus\u00edm \u0159\u00edct, \u017ee tento se\u0161it m\u00e1 skv\u011ble zpracovan\u00e1 psac\u00ed p\u00edsmena. \u0160ipky a \u010d\u00e1rov\u00e9 p\u00edsmo jsou velmi u\u017eite\u010dn\u00e9 pro za\u010d\u00e1te\u010dn\u00edky. Bonusov\u00e9 omalov\u00e1nky jsou mil\u00fd d\u00e1rek.<br \/>\n<img decoding=\"async\" class=\"alignnone size-medium wp-image-7598\" src=\"https:\/\/inspireashop.com\/wp-content\/uploads\/2025\/03\/Psani-a-mazani-sesit-psaci-pismena-REVIEW_NEW2-300x300.jpg\" alt=\"\" width=\"300\" height=\"300\" \/><\/span><span style=\"font-weight: 400;\"><br \/>\n<\/span><\/p>\n<p><span style=\"font-weight: 400;\">\u2b50\ufe0f\u2b50\ufe0f\u2b50\ufe0f\u2b50\ufe0f\u2b50\ufe0f <\/span><span style=\"font-weight: 400;\">N\u00e1\u0161 syn se s t\u00edmto se\u0161item u\u010d\u00ed psac\u00ed p\u00edsmena s nad\u0161en\u00edm. Nep\u016fsob\u00ed to jako \u0161kola, ale sp\u00ed\u0161 jako hra. Nejv\u00edc miluje, \u017ee kdy\u017e n\u011bco pokaz\u00ed, prost\u011b to sma\u017ee a zkus\u00ed znovu.<br \/>\n<\/span><span style=\"font-weight: 400;\"><img decoding=\"async\" class=\"alignnone size-medium wp-image-4537\" src=\"https:\/\/inspireashop.com\/wp-content\/uploads\/2025\/03\/Psani-a-mazani-kniha-aktivit-REVIEW-3-300x300.jpg\" alt=\"\" width=\"300\" height=\"300\" \/><br \/>\n<\/span><\/p>\n<p><span style=\"font-weight: 400;\">\u2b50\ufe0f\u2b50\ufe0f\u2b50\ufe0f\u2b50\ufe0f\u2b50\ufe0f <\/span><span style=\"font-weight: 400;\">Aktivity jsou skv\u011ble vyv\u00e1\u017een\u00e9 \u2013 trochu u\u010den\u00ed, trochu hry. D\u011bti si ani neuv\u011bdom\u00ed, \u017ee se u\u010d\u00ed.<br \/>\n<\/span><span style=\"font-weight: 400;\"><img decoding=\"async\" class=\"alignnone size-medium wp-image-4561\" src=\"https:\/\/inspireashop.com\/wp-content\/uploads\/2025\/03\/Psani-a-mazani-kniha-aktivit-REVIEW-5-300x300.jpg\" alt=\"\" width=\"300\" height=\"300\" \/><br \/>\n<\/span><\/p>\n<p><span style=\"font-weight: 400;\">\u2b50\ufe0f\u2b50\ufe0f\u2b50\ufe0f\u2b50\ufe0f\u2b50\ufe0f <\/span><span style=\"font-weight: 400;\">Skv\u011bl\u00fd n\u00e1pad na d\u00e1rek! Koupili jsme i pro sest\u0159enice a v\u0161echny d\u011bti byly nad\u0161en\u00e9.<br \/>\n<\/span><span style=\"font-weight: 400;\"><img decoding=\"async\" class=\"alignnone size-medium wp-image-4549\" src=\"https:\/\/inspireashop.com\/wp-content\/uploads\/2025\/03\/Psani-a-mazani-kniha-aktivit-REVIEW-4-300x300.jpg\" alt=\"\" width=\"300\" height=\"300\" \/><br \/>\n<\/span><\/p>\n<p><span style=\"font-weight: 400;\">\u2b50\ufe0f\u2b50\ufe0f\u2b50\ufe0f\u2b50\ufe0f\u2b50\ufe0f D\u00edky tomuto se\u0161itu se dcera poprv\u00e9 za\u010dala zaj\u00edmat o psac\u00ed p\u00edsmena. Velk\u00fd \u00fasp\u011bch!<\/span><\/p>\n<p><span style=\"font-weight: 400;\">\u2b50\ufe0f\u2b50\ufe0f\u2b50\ufe0f\u2b50\ufe0f\u2b50\ufe0f Miluju, \u017ee se d\u00e1 pou\u017e\u00edvat po\u0159\u00e1d dokola. Nen\u00ed pot\u0159eba kupovat nov\u00fd se\u0161it ka\u017ed\u00fd t\u00fdden.<\/span><\/p>\n<p><span style=\"font-weight: 400;\">\u2b50\ufe0f\u2b50\ufe0f\u2b50\ufe0f\u2b50\ufe0f\u2b50\ufe0f Se\u0161it m\u00e1 skv\u011bl\u00fd form\u00e1t, kter\u00fd d\u011bti neodrad\u00ed \u2013 je mal\u00fd, barevn\u00fd a z\u00e1bavn\u00fd. N\u00e1\u0161 syn ho bere v\u0161ude s sebou.<\/span><\/p>\n","protected":false},"excerpt":{"rendered":"<p><img decoding=\"async\" class=\"alignnone wp-image-19538 size-full\" src=\"https:\/\/inspireashop.com\/wp-content\/uploads\/2025\/03\/CZ-Psani-a-mazani-sesit-psaci-pismo-mt1-NEW.jpg\" alt=\"Psan\u00ed a maz\u00e1n\u00ed se\u0161it - psac\u00ed p\u00edsmo\" width=\"1080\" height=\"1080\" srcset=\"https:\/\/inspireashop.com\/wp-content\/uploads\/2025\/03\/CZ-Psani-a-mazani-sesit-psaci-pismo-mt1-NEW.jpg 1080w, https:\/\/inspireashop.com\/wp-content\/uploads\/2025\/03\/CZ-Psani-a-mazani-sesit-psaci-pismo-mt1-NEW-980x980.jpg 980w, https:\/\/inspireashop.com\/wp-content\/uploads\/2025\/03\/CZ-Psani-a-mazani-sesit-psaci-pismo-mt1-NEW-480x480.jpg 480w\" sizes=\"(min-width: 0px) and (max-width: 480px) 480px, (min-width: 481px) and (max-width: 980px) 980px, (min-width: 981px) 1080px, 100vw\" \/><\/p>\n<blockquote><p><a href=\"https:\/\/inspireashop.com\/cs\/shop\/velky-matematicky-balicek-pdf\/\"><span style=\"font-weight: 400;\">DOPORU\u010cUJEME TAK\u00c9: <\/span><span style=\"font-weight: 400;\">Velk\u00fd matematick\u00fd bal\u00ed\u010dek (PDF-140 stran).<\/span><\/a><\/p><\/blockquote>\n<p><img decoding=\"async\" class=\"alignnone wp-image-12270 size-full\" src=\"https:\/\/inspireashop.com\/wp-content\/uploads\/2025\/03\/Psani-a-mazani-sesit-psaci-pismo-mt2.jpg\" alt=\"Psani\u0301 a maza\u0301ni\u0301 ses\u030cit - psaci\u0301 pi\u0301smo \" width=\"1080\" height=\"1080\" srcset=\"https:\/\/inspireashop.com\/wp-content\/uploads\/2025\/03\/Psani-a-mazani-sesit-psaci-pismo-mt2.jpg 1080w, https:\/\/inspireashop.com\/wp-content\/uploads\/2025\/03\/Psani-a-mazani-sesit-psaci-pismo-mt2-980x980.jpg 980w, https:\/\/inspireashop.com\/wp-content\/uploads\/2025\/03\/Psani-a-mazani-sesit-psaci-pismo-mt2-480x480.jpg 480w\" sizes=\"(min-width: 0px) and (max-width: 480px) 480px, (min-width: 481px) and (max-width: 980px) 980px, (min-width: 981px) 1080px, 100vw\" \/><\/p>\n<p><img decoding=\"async\" class=\"alignnone wp-image-19554 size-full\" src=\"https:\/\/inspireashop.com\/wp-content\/uploads\/2025\/03\/CZ-Psani-a-mazani-sesit-psaci-pismo-mtNEW.jpg\" alt=\"Psan\u00ed a maz\u00e1n\u00ed se\u0161it - psac\u00ed p\u00edsmo\" width=\"1080\" height=\"1080\" srcset=\"https:\/\/inspireashop.com\/wp-content\/uploads\/2025\/03\/CZ-Psani-a-mazani-sesit-psaci-pismo-mtNEW.jpg 1080w, https:\/\/inspireashop.com\/wp-content\/uploads\/2025\/03\/CZ-Psani-a-mazani-sesit-psaci-pismo-mtNEW-980x980.jpg 980w, https:\/\/inspireashop.com\/wp-content\/uploads\/2025\/03\/CZ-Psani-a-mazani-sesit-psaci-pismo-mtNEW-480x480.jpg 480w\" sizes=\"(min-width: 0px) and (max-width: 480px) 480px, (min-width: 481px) and (max-width: 980px) 980px, (min-width: 981px) 1080px, 100vw\" \/><\/p>\n<h3><b>Pro\u010d d\u011bti miluj\u00ed se\u0161it Psan\u00ed a maz\u00e1n\u00ed &#8211; psac\u00ed p\u00edsmo?<\/b><\/h3>\n<p><span style=\"font-weight: 400;\">\u2705 <\/span><strong>78 stran<\/strong><span style=\"font-weight: 400;\"> pou\u010dn\u00fdch a z\u00e1bavn\u00fdch aktivit &#8211; abeceda, \u010d\u00edsla, matematika, bludi\u0161t\u011b, vzory.<br \/>\n<\/span><span style=\"font-weight: 400;\">\u2705 D\u011bti jsou nad\u0161en\u00e9, proto\u017ee se u\u010d\u00ed hrav\u00fdm a z\u00e1bavn\u00fdm zp\u016fsobem.<br \/>\n<\/span><span style=\"font-weight: 400;\">\u2705 Skv\u011bl\u00e9 pro dom\u00e1c\u00ed pou\u017eit\u00ed i na pr\u00e1zdniny.<br \/>\n<\/span><span style=\"font-weight: 400;\">\u2705 Vhodn\u00e9 pro p\u0159ed\u0161kol\u00e1ky a za\u010d\u00ednaj\u00edc\u00ed \u0161kol\u00e1ky.<br \/>\n<\/span><span style=\"font-weight: 400;\">\u2705 Neomezen\u00e9 pou\u017eit\u00ed &#8211; laminovan\u00e9 str\u00e1nky umo\u017e\u0148uj\u00ed ps\u00e1t, mazat a opakovat cvi\u010den\u00ed.<br \/>\n<\/span><span style=\"font-weight: 400;\">\u2705 Kompaktn\u00ed form\u00e1t (A5) &#8211; ide\u00e1ln\u00ed pro mal\u00e9 d\u011btsk\u00e9 ruce a praktick\u00fd na cesty.<\/span><\/p>\n<p><img decoding=\"async\" class=\"alignnone wp-image-7639 size-full\" src=\"https:\/\/inspireashop.com\/wp-content\/uploads\/2025\/03\/Psani-a-mazani-sesit-psaci-pismo-mt4.jpg\" alt=\"Psan\u00ed a maz\u00e1n\u00ed se\u0161it - psac\u00ed p\u00edsmo\" width=\"1080\" height=\"1080\" srcset=\"https:\/\/inspireashop.com\/wp-content\/uploads\/2025\/03\/Psani-a-mazani-sesit-psaci-pismo-mt4.jpg 1080w, https:\/\/inspireashop.com\/wp-content\/uploads\/2025\/03\/Psani-a-mazani-sesit-psaci-pismo-mt4-980x980.jpg 980w, https:\/\/inspireashop.com\/wp-content\/uploads\/2025\/03\/Psani-a-mazani-sesit-psaci-pismo-mt4-480x480.jpg 480w\" sizes=\"(min-width: 0px) and (max-width: 480px) 480px, (min-width: 481px) and (max-width: 980px) 980px, (min-width: 981px) 1080px, 100vw\" \/><\/p>\n<p><img decoding=\"async\" class=\"alignnone wp-image-7550 size-full\" src=\"https:\/\/inspireashop.com\/wp-content\/uploads\/2025\/03\/Psani-a-mazani-sesit-psaci-pismena-mt4.jpg\" alt=\"\" width=\"1080\" height=\"1080\" srcset=\"https:\/\/inspireashop.com\/wp-content\/uploads\/2025\/03\/Psani-a-mazani-sesit-psaci-pismena-mt4.jpg 1080w, https:\/\/inspireashop.com\/wp-content\/uploads\/2025\/03\/Psani-a-mazani-sesit-psaci-pismena-mt4-980x980.jpg 980w, https:\/\/inspireashop.com\/wp-content\/uploads\/2025\/03\/Psani-a-mazani-sesit-psaci-pismena-mt4-480x480.jpg 480w\" sizes=\"(min-width: 0px) and (max-width: 480px) 480px, (min-width: 481px) and (max-width: 980px) 980px, (min-width: 981px) 1080px, 100vw\" \/><\/p>\n","protected":false},"featured_media":7562,"comment_status":"open","ping_status":"closed","template":"","meta":{"_acf_changed":false,"_et_pb_use_builder":"","_et_pb_old_content":"","_et_gb_content_width":""},"product_brand":[],"product_cat":[108],"product_tag":[],"class_list":{"0":"post-3879","1":"product","2":"type-product","3":"status-publish","4":"has-post-thumbnail","6":"product_cat-kniha-aktivit","8":"first","9":"instock","10":"sale","11":"taxable","12":"shipping-taxable","13":"purchasable","14":"product-type-simple"},"acf":[],"yoast_head":"<!-- This site is optimized with the Yoast SEO plugin v27.5 - https:\/\/yoast.com\/product\/yoast-seo-wordpress\/ -->\n<title>Psan\u00ed a maz\u00e1n\u00ed se\u0161it - psac\u00ed p\u00edsmo | Inspirea shop<\/title>\n<meta name=\"description\" content=\"Psan\u00ed a maz\u00e1n\u00ed se\u0161it - psac\u00ed p\u00edsmo kter\u00e1 umo\u017e\u0148uje opakovan\u00e9 pou\u017eit\u00ed a z\u00e1bavnou formou procvi\u010duje p\u00edsmena, \u010d\u00edsla i z\u00e1klady matematiky.\" \/>\n<meta name=\"robots\" content=\"index, follow, max-snippet:-1, max-image-preview:large, max-video-preview:-1\" \/>\n<link rel=\"canonical\" href=\"https:\/\/inspireashop.com\/cs\/shop\/psani-a-mazani-kniha-aktivit-pro-deti\/\" \/>\n<meta property=\"og:locale\" content=\"cs_CZ\" \/>\n<meta property=\"og:type\" content=\"article\" \/>\n<meta property=\"og:title\" content=\"Psan\u00ed a maz\u00e1n\u00ed se\u0161it - psac\u00ed p\u00edsmo | Inspirea shop\" \/>\n<meta property=\"og:description\" content=\"Psan\u00ed a maz\u00e1n\u00ed se\u0161it - psac\u00ed p\u00edsmo kter\u00e1 umo\u017e\u0148uje opakovan\u00e9 pou\u017eit\u00ed a z\u00e1bavnou formou procvi\u010duje p\u00edsmena, \u010d\u00edsla i z\u00e1klady matematiky.\" \/>\n<meta property=\"og:url\" content=\"https:\/\/inspireashop.com\/cs\/shop\/psani-a-mazani-kniha-aktivit-pro-deti\/\" \/>\n<meta property=\"og:site_name\" content=\"Inspirea shop\" \/>\n<meta property=\"article:modified_time\" content=\"2025-09-15T13:49:53+00:00\" \/>\n<meta property=\"og:image\" content=\"https:\/\/inspireashop.com\/wp-content\/uploads\/2025\/03\/Psani-a-mazani-sesit-psaci-pismena-1.jpg\" \/>\n\t<meta property=\"og:image:width\" content=\"1080\" \/>\n\t<meta property=\"og:image:height\" content=\"1080\" \/>\n\t<meta property=\"og:image:type\" content=\"image\/jpeg\" \/>\n<meta name=\"twitter:card\" content=\"summary_large_image\" \/>\n<meta name=\"twitter:label1\" content=\"Odhadovan\u00e1 doba \u010dten\u00ed\" \/>\n\t<meta name=\"twitter:data1\" content=\"3 minuty\" \/>\n<script type=\"application\/ld+json\" class=\"yoast-schema-graph\">{\"@context\":\"https:\\\/\\\/schema.org\",\"@graph\":[{\"@type\":\"WebPage\",\"@id\":\"https:\\\/\\\/inspireashop.com\\\/cs\\\/shop\\\/psani-a-mazani-kniha-aktivit-pro-deti\\\/\",\"url\":\"https:\\\/\\\/inspireashop.com\\\/cs\\\/shop\\\/psani-a-mazani-kniha-aktivit-pro-deti\\\/\",\"name\":\"Psan\u00ed a maz\u00e1n\u00ed se\u0161it - psac\u00ed p\u00edsmo | Inspirea shop\",\"isPartOf\":{\"@id\":\"https:\\\/\\\/inspireashop.com\\\/cs\\\/#website\"},\"primaryImageOfPage\":{\"@id\":\"https:\\\/\\\/inspireashop.com\\\/cs\\\/shop\\\/psani-a-mazani-kniha-aktivit-pro-deti\\\/#primaryimage\"},\"image\":{\"@id\":\"https:\\\/\\\/inspireashop.com\\\/cs\\\/shop\\\/psani-a-mazani-kniha-aktivit-pro-deti\\\/#primaryimage\"},\"thumbnailUrl\":\"https:\\\/\\\/inspireashop.com\\\/wp-content\\\/uploads\\\/2025\\\/03\\\/Psani-a-mazani-sesit-psaci-pismena-1.jpg\",\"datePublished\":\"2025-03-12T16:58:05+00:00\",\"dateModified\":\"2025-09-15T13:49:53+00:00\",\"description\":\"Psan\u00ed a maz\u00e1n\u00ed se\u0161it - psac\u00ed p\u00edsmo kter\u00e1 umo\u017e\u0148uje opakovan\u00e9 pou\u017eit\u00ed a z\u00e1bavnou formou procvi\u010duje p\u00edsmena, \u010d\u00edsla i z\u00e1klady matematiky.\",\"breadcrumb\":{\"@id\":\"https:\\\/\\\/inspireashop.com\\\/cs\\\/shop\\\/psani-a-mazani-kniha-aktivit-pro-deti\\\/#breadcrumb\"},\"inLanguage\":\"cs\",\"potentialAction\":[{\"@type\":\"ReadAction\",\"target\":[\"https:\\\/\\\/inspireashop.com\\\/cs\\\/shop\\\/psani-a-mazani-kniha-aktivit-pro-deti\\\/\"]}]},{\"@type\":\"ImageObject\",\"inLanguage\":\"cs\",\"@id\":\"https:\\\/\\\/inspireashop.com\\\/cs\\\/shop\\\/psani-a-mazani-kniha-aktivit-pro-deti\\\/#primaryimage\",\"url\":\"https:\\\/\\\/inspireashop.com\\\/wp-content\\\/uploads\\\/2025\\\/03\\\/Psani-a-mazani-sesit-psaci-pismena-1.jpg\",\"contentUrl\":\"https:\\\/\\\/inspireashop.com\\\/wp-content\\\/uploads\\\/2025\\\/03\\\/Psani-a-mazani-sesit-psaci-pismena-1.jpg\",\"width\":1080,\"height\":1080,\"caption\":\"Psan\u00ed a maz\u00e1n\u00ed se\u0161it - psac\u00ed p\u00edsmena\"},{\"@type\":\"BreadcrumbList\",\"@id\":\"https:\\\/\\\/inspireashop.com\\\/cs\\\/shop\\\/psani-a-mazani-kniha-aktivit-pro-deti\\\/#breadcrumb\",\"itemListElement\":[{\"@type\":\"ListItem\",\"position\":1,\"name\":\"Home\",\"item\":\"https:\\\/\\\/inspireashop.com\\\/cs\\\/\"},{\"@type\":\"ListItem\",\"position\":2,\"name\":\"Obchod\",\"item\":\"https:\\\/\\\/inspireashop.com\\\/cs\\\/obchod\\\/\"},{\"@type\":\"ListItem\",\"position\":3,\"name\":\"Psan\u00ed a maz\u00e1n\u00ed se\u0161it &#8211; psac\u00ed p\u00edsmo\"}]},{\"@type\":\"WebSite\",\"@id\":\"https:\\\/\\\/inspireashop.com\\\/cs\\\/#website\",\"url\":\"https:\\\/\\\/inspireashop.com\\\/cs\\\/\",\"name\":\"Inspirea shop\",\"description\":\"Everything nice\",\"publisher\":{\"@id\":\"https:\\\/\\\/inspireashop.com\\\/cs\\\/#organization\"},\"potentialAction\":[{\"@type\":\"SearchAction\",\"target\":{\"@type\":\"EntryPoint\",\"urlTemplate\":\"https:\\\/\\\/inspireashop.com\\\/cs\\\/?s={search_term_string}\"},\"query-input\":{\"@type\":\"PropertyValueSpecification\",\"valueRequired\":true,\"valueName\":\"search_term_string\"}}],\"inLanguage\":\"cs\"},{\"@type\":\"Organization\",\"@id\":\"https:\\\/\\\/inspireashop.com\\\/cs\\\/#organization\",\"name\":\"Inspirea shop\",\"url\":\"https:\\\/\\\/inspireashop.com\\\/cs\\\/\",\"logo\":{\"@type\":\"ImageObject\",\"inLanguage\":\"cs\",\"@id\":\"https:\\\/\\\/inspireashop.com\\\/cs\\\/#\\\/schema\\\/logo\\\/image\\\/\",\"url\":\"https:\\\/\\\/inspireashop.com\\\/wp-content\\\/uploads\\\/2025\\\/01\\\/inspirea-shoplogo.png\",\"contentUrl\":\"https:\\\/\\\/inspireashop.com\\\/wp-content\\\/uploads\\\/2025\\\/01\\\/inspirea-shoplogo.png\",\"width\":400,\"height\":72,\"caption\":\"Inspirea shop\"},\"image\":{\"@id\":\"https:\\\/\\\/inspireashop.com\\\/cs\\\/#\\\/schema\\\/logo\\\/image\\\/\"}}]}<\/script>\n<!-- \/ Yoast SEO plugin. -->","yoast_head_json":{"title":"Psan\u00ed a maz\u00e1n\u00ed se\u0161it - psac\u00ed p\u00edsmo | Inspirea shop","description":"Psan\u00ed a maz\u00e1n\u00ed se\u0161it - psac\u00ed p\u00edsmo kter\u00e1 umo\u017e\u0148uje opakovan\u00e9 pou\u017eit\u00ed a z\u00e1bavnou formou procvi\u010duje p\u00edsmena, \u010d\u00edsla i z\u00e1klady matematiky.","robots":{"index":"index","follow":"follow","max-snippet":"max-snippet:-1","max-image-preview":"max-image-preview:large","max-video-preview":"max-video-preview:-1"},"canonical":"https:\/\/inspireashop.com\/cs\/shop\/psani-a-mazani-kniha-aktivit-pro-deti\/","og_locale":"cs_CZ","og_type":"article","og_title":"Psan\u00ed a maz\u00e1n\u00ed se\u0161it - psac\u00ed p\u00edsmo | Inspirea shop","og_description":"Psan\u00ed a maz\u00e1n\u00ed se\u0161it - psac\u00ed p\u00edsmo kter\u00e1 umo\u017e\u0148uje opakovan\u00e9 pou\u017eit\u00ed a z\u00e1bavnou formou procvi\u010duje p\u00edsmena, \u010d\u00edsla i z\u00e1klady matematiky.","og_url":"https:\/\/inspireashop.com\/cs\/shop\/psani-a-mazani-kniha-aktivit-pro-deti\/","og_site_name":"Inspirea shop","article_modified_time":"2025-09-15T13:49:53+00:00","og_image":[{"width":1080,"height":1080,"url":"https:\/\/inspireashop.com\/wp-content\/uploads\/2025\/03\/Psani-a-mazani-sesit-psaci-pismena-1.jpg","type":"image\/jpeg"}],"twitter_card":"summary_large_image","twitter_misc":{"Odhadovan\u00e1 doba \u010dten\u00ed":"3 minuty"},"schema":{"@context":"https:\/\/schema.org","@graph":[{"@type":"WebPage","@id":"https:\/\/inspireashop.com\/cs\/shop\/psani-a-mazani-kniha-aktivit-pro-deti\/","url":"https:\/\/inspireashop.com\/cs\/shop\/psani-a-mazani-kniha-aktivit-pro-deti\/","name":"Psan\u00ed a maz\u00e1n\u00ed se\u0161it - psac\u00ed p\u00edsmo | Inspirea shop","isPartOf":{"@id":"https:\/\/inspireashop.com\/cs\/#website"},"primaryImageOfPage":{"@id":"https:\/\/inspireashop.com\/cs\/shop\/psani-a-mazani-kniha-aktivit-pro-deti\/#primaryimage"},"image":{"@id":"https:\/\/inspireashop.com\/cs\/shop\/psani-a-mazani-kniha-aktivit-pro-deti\/#primaryimage"},"thumbnailUrl":"https:\/\/inspireashop.com\/wp-content\/uploads\/2025\/03\/Psani-a-mazani-sesit-psaci-pismena-1.jpg","datePublished":"2025-03-12T16:58:05+00:00","dateModified":"2025-09-15T13:49:53+00:00","description":"Psan\u00ed a maz\u00e1n\u00ed se\u0161it - psac\u00ed p\u00edsmo kter\u00e1 umo\u017e\u0148uje opakovan\u00e9 pou\u017eit\u00ed a z\u00e1bavnou formou procvi\u010duje p\u00edsmena, \u010d\u00edsla i z\u00e1klady matematiky.","breadcrumb":{"@id":"https:\/\/inspireashop.com\/cs\/shop\/psani-a-mazani-kniha-aktivit-pro-deti\/#breadcrumb"},"inLanguage":"cs","potentialAction":[{"@type":"ReadAction","target":["https:\/\/inspireashop.com\/cs\/shop\/psani-a-mazani-kniha-aktivit-pro-deti\/"]}]},{"@type":"ImageObject","inLanguage":"cs","@id":"https:\/\/inspireashop.com\/cs\/shop\/psani-a-mazani-kniha-aktivit-pro-deti\/#primaryimage","url":"https:\/\/inspireashop.com\/wp-content\/uploads\/2025\/03\/Psani-a-mazani-sesit-psaci-pismena-1.jpg","contentUrl":"https:\/\/inspireashop.com\/wp-content\/uploads\/2025\/03\/Psani-a-mazani-sesit-psaci-pismena-1.jpg","width":1080,"height":1080,"caption":"Psan\u00ed a maz\u00e1n\u00ed se\u0161it - psac\u00ed p\u00edsmena"},{"@type":"BreadcrumbList","@id":"https:\/\/inspireashop.com\/cs\/shop\/psani-a-mazani-kniha-aktivit-pro-deti\/#breadcrumb","itemListElement":[{"@type":"ListItem","position":1,"name":"Home","item":"https:\/\/inspireashop.com\/cs\/"},{"@type":"ListItem","position":2,"name":"Obchod","item":"https:\/\/inspireashop.com\/cs\/obchod\/"},{"@type":"ListItem","position":3,"name":"Psan\u00ed a maz\u00e1n\u00ed se\u0161it &#8211; psac\u00ed p\u00edsmo"}]},{"@type":"WebSite","@id":"https:\/\/inspireashop.com\/cs\/#website","url":"https:\/\/inspireashop.com\/cs\/","name":"Inspirea shop","description":"Everything nice","publisher":{"@id":"https:\/\/inspireashop.com\/cs\/#organization"},"potentialAction":[{"@type":"SearchAction","target":{"@type":"EntryPoint","urlTemplate":"https:\/\/inspireashop.com\/cs\/?s={search_term_string}"},"query-input":{"@type":"PropertyValueSpecification","valueRequired":true,"valueName":"search_term_string"}}],"inLanguage":"cs"},{"@type":"Organization","@id":"https:\/\/inspireashop.com\/cs\/#organization","name":"Inspirea shop","url":"https:\/\/inspireashop.com\/cs\/","logo":{"@type":"ImageObject","inLanguage":"cs","@id":"https:\/\/inspireashop.com\/cs\/#\/schema\/logo\/image\/","url":"https:\/\/inspireashop.com\/wp-content\/uploads\/2025\/01\/inspirea-shoplogo.png","contentUrl":"https:\/\/inspireashop.com\/wp-content\/uploads\/2025\/01\/inspirea-shoplogo.png","width":400,"height":72,"caption":"Inspirea shop"},"image":{"@id":"https:\/\/inspireashop.com\/cs\/#\/schema\/logo\/image\/"}}]}},"_links":{"self":[{"href":"https:\/\/inspireashop.com\/cs\/wp-json\/wp\/v2\/product\/3879","targetHints":{"allow":["GET"]}}],"collection":[{"href":"https:\/\/inspireashop.com\/cs\/wp-json\/wp\/v2\/product"}],"about":[{"href":"https:\/\/inspireashop.com\/cs\/wp-json\/wp\/v2\/types\/product"}],"replies":[{"embeddable":true,"href":"https:\/\/inspireashop.com\/cs\/wp-json\/wp\/v2\/comments?post=3879"}],"wp:featuredmedia":[{"embeddable":true,"href":"https:\/\/inspireashop.com\/cs\/wp-json\/wp\/v2\/media\/7562"}],"wp:attachment":[{"href":"https:\/\/inspireashop.com\/cs\/wp-json\/wp\/v2\/media?parent=3879"}],"wp:term":[{"taxonomy":"product_brand","embeddable":true,"href":"https:\/\/inspireashop.com\/cs\/wp-json\/wp\/v2\/product_brand?post=3879"},{"taxonomy":"product_cat","embeddable":true,"href":"https:\/\/inspireashop.com\/cs\/wp-json\/wp\/v2\/product_cat?post=3879"},{"taxonomy":"product_tag","embeddable":true,"href":"https:\/\/inspireashop.com\/cs\/wp-json\/wp\/v2\/product_tag?post=3879"}],"curies":[{"name":"wp","href":"https:\/\/api.w.org\/{rel}","templated":true}]}}