{"id":42431,"date":"2025-08-21T14:53:56","date_gmt":"2025-08-21T14:53:56","guid":{"rendered":"https:\/\/inspireashop.com\/shop\/musica-de-alta-frecuencia-para-ninos-concentracion-enfoque-y-calma-200-min-mp3\/"},"modified":"2026-03-16T21:00:30","modified_gmt":"2026-03-16T21:00:30","slug":"musica-de-alta-frecuencia-para-ninos-concentracion-enfoque-y-calma-200-min-mp3","status":"publish","type":"product","link":"https:\/\/inspireashop.com\/es\/producto\/musica-de-alta-frecuencia-para-ninos-concentracion-enfoque-y-calma-200-min-mp3\/","title":{"rendered":"M\u00fasica de Alta Frecuencia para Ni\u00f1os \u2013 Concentraci\u00f3n, Enfoque y Calma (200 min MP3)"},"content":{"rendered":"<p data-start=\"1739\" data-end=\"1845\">\u2b50 <strong data-start=\"1741\" data-end=\"1762\">Practical &amp; easy:<\/strong> Download in seconds and listen anywhere \u2013 at home, in the car or while studying.<\/p>\n<p data-start=\"1847\" data-end=\"1983\">\ud83d\udc49 <strong data-start=\"1850\" data-end=\"1877\">Download your MP3 today<\/strong> and bring music into your home that supports focus, calms the mind and fills your child\u2019s day with joy.<\/p>\n","protected":false},"excerpt":{"rendered":"<p data-start=\"986\" data-end=\"1333\">\u2728 <strong>Regala a tu hijo m\u00e1s concentraci\u00f3n, atenci\u00f3n y alegr\u00eda con nuestra m\u00fasica inteligente en formato MP3.<\/strong><br data-start=\"1093\" data-end=\"1096\" \/>Combina los sonidos de alta frecuencia del handpan con la magia de la risa infantil, creando una atm\u00f3sfera a la vez divertida y relajante, perfecta para estudiar, realizar actividades creativas o disfrutar de momentos de juego tranquilo.<\/p>\n<p data-start=\"1340\" data-end=\"1674\">\ud83e\ude98 <strong>El handpan<\/strong> es un instrumento especial de acero, a menudo llamado <em data-start=\"1412\" data-end=\"1444\">\u201cel instrumento de la armon\u00eda\u201d<\/em>.<br data-start=\"1445\" data-end=\"1448\" \/>Sus tonos son naturalmente altos y puros, lo que ayuda a calmar el sistema nervioso y a fomentar la paz interior. Por eso, la m\u00fasica de handpan se utiliza en todo el mundo para la meditaci\u00f3n, el aprendizaje y la concentraci\u00f3n.<\/p>\n<p data-start=\"1326\" data-end=\"1611\"><img decoding=\"async\" class=\"alignnone wp-image-15320 size-large\" src=\"https:\/\/inspireashop.com\/wp-content\/uploads\/2025\/08\/DK-KRIZANKE-LP-IMAGES-1024x1024.jpg\" alt=\"\" width=\"1024\" height=\"1024\" srcset=\"https:\/\/inspireashop.com\/wp-content\/uploads\/2025\/08\/DK-KRIZANKE-LP-IMAGES-1024x1024.jpg 1024w, https:\/\/inspireashop.com\/wp-content\/uploads\/2025\/08\/DK-KRIZANKE-LP-IMAGES-980x980.jpg 980w, https:\/\/inspireashop.com\/wp-content\/uploads\/2025\/08\/DK-KRIZANKE-LP-IMAGES-480x480.jpg 480w\" sizes=\"(min-width: 0px) and (max-width: 480px) 480px, (min-width: 481px) and (max-width: 980px) 980px, (min-width: 981px) 1024px, 100vw\" \/><\/p>\n<p data-start=\"1613\" data-end=\"1737\">\ud83e\udde0 <strong>Las investigaciones muestran que los sonidos de alta frecuencia influyen positivamente en las ondas cerebrales<\/strong>, mejorando la concentraci\u00f3n, la creatividad y la memoria.<\/p>\n","protected":false},"featured_media":21672,"comment_status":"open","ping_status":"closed","template":"","meta":{"_acf_changed":false,"_et_pb_use_builder":"","_et_pb_old_content":"","_et_gb_content_width":""},"product_brand":[],"product_cat":[135],"product_tag":[],"class_list":{"0":"post-42431","1":"product","2":"type-product","3":"status-publish","4":"has-post-thumbnail","6":"product_cat-pdf-es","8":"first","9":"instock","10":"sale","11":"downloadable","12":"virtual","13":"taxable","14":"purchasable","15":"product-type-simple"},"acf":[],"yoast_head":"<!-- This site is optimized with the Yoast SEO plugin v27.5 - https:\/\/yoast.com\/product\/yoast-seo-wordpress\/ -->\n<title>M\u00fasica de Alta Frecuencia para Ni\u00f1os \u2013 Concentraci\u00f3n y Calma<\/title>\n<meta name=\"description\" content=\"M\u00fasica de Alta Frecuencia para Ni\u00f1os \u2013 Concentraci\u00f3n, Enfoque y Calma: Los sonidos de alta frecuencia influyen positivamente en las ondas cerebrales...\" \/>\n<meta name=\"robots\" content=\"index, follow, max-snippet:-1, max-image-preview:large, max-video-preview:-1\" \/>\n<link rel=\"canonical\" href=\"https:\/\/inspireashop.com\/es\/producto\/musica-de-alta-frecuencia-para-ninos-concentracion-enfoque-y-calma-200-min-mp3\/\" \/>\n<meta property=\"og:locale\" content=\"es_ES\" \/>\n<meta property=\"og:type\" content=\"article\" \/>\n<meta property=\"og:title\" content=\"M\u00fasica de Alta Frecuencia para Ni\u00f1os \u2013 Concentraci\u00f3n y Calma\" \/>\n<meta property=\"og:description\" content=\"M\u00fasica de Alta Frecuencia para Ni\u00f1os \u2013 Concentraci\u00f3n, Enfoque y Calma: Los sonidos de alta frecuencia influyen positivamente en las ondas cerebrales...\" \/>\n<meta property=\"og:url\" content=\"https:\/\/inspireashop.com\/es\/producto\/musica-de-alta-frecuencia-para-ninos-concentracion-enfoque-y-calma-200-min-mp3\/\" \/>\n<meta property=\"og:site_name\" content=\"Inspirea shop\" \/>\n<meta property=\"article:modified_time\" content=\"2026-03-16T21:00:30+00:00\" \/>\n<meta property=\"og:image\" content=\"https:\/\/inspireashop.com\/wp-content\/uploads\/2025\/08\/MP3.jpg\" \/>\n\t<meta property=\"og:image:width\" content=\"1080\" \/>\n\t<meta property=\"og:image:height\" content=\"1080\" \/>\n\t<meta property=\"og:image:type\" content=\"image\/jpeg\" \/>\n<meta name=\"twitter:card\" content=\"summary_large_image\" \/>\n<meta name=\"twitter:label1\" content=\"Tiempo de lectura\" \/>\n\t<meta name=\"twitter:data1\" content=\"1 minuto\" \/>\n<script type=\"application\/ld+json\" class=\"yoast-schema-graph\">{\"@context\":\"https:\\\/\\\/schema.org\",\"@graph\":[{\"@type\":\"WebPage\",\"@id\":\"https:\\\/\\\/inspireashop.com\\\/es\\\/producto\\\/musica-de-alta-frecuencia-para-ninos-concentracion-enfoque-y-calma-200-min-mp3\\\/\",\"url\":\"https:\\\/\\\/inspireashop.com\\\/es\\\/producto\\\/musica-de-alta-frecuencia-para-ninos-concentracion-enfoque-y-calma-200-min-mp3\\\/\",\"name\":\"M\u00fasica de Alta Frecuencia para Ni\u00f1os \u2013 Concentraci\u00f3n y Calma\",\"isPartOf\":{\"@id\":\"https:\\\/\\\/inspireashop.com\\\/es\\\/#website\"},\"primaryImageOfPage\":{\"@id\":\"https:\\\/\\\/inspireashop.com\\\/es\\\/producto\\\/musica-de-alta-frecuencia-para-ninos-concentracion-enfoque-y-calma-200-min-mp3\\\/#primaryimage\"},\"image\":{\"@id\":\"https:\\\/\\\/inspireashop.com\\\/es\\\/producto\\\/musica-de-alta-frecuencia-para-ninos-concentracion-enfoque-y-calma-200-min-mp3\\\/#primaryimage\"},\"thumbnailUrl\":\"https:\\\/\\\/inspireashop.com\\\/wp-content\\\/uploads\\\/2025\\\/08\\\/MP3.jpg\",\"datePublished\":\"2025-08-21T14:53:56+00:00\",\"dateModified\":\"2026-03-16T21:00:30+00:00\",\"description\":\"M\u00fasica de Alta Frecuencia para Ni\u00f1os \u2013 Concentraci\u00f3n, Enfoque y Calma: Los sonidos de alta frecuencia influyen positivamente en las ondas cerebrales...\",\"breadcrumb\":{\"@id\":\"https:\\\/\\\/inspireashop.com\\\/es\\\/producto\\\/musica-de-alta-frecuencia-para-ninos-concentracion-enfoque-y-calma-200-min-mp3\\\/#breadcrumb\"},\"inLanguage\":\"es\",\"potentialAction\":[{\"@type\":\"ReadAction\",\"target\":[\"https:\\\/\\\/inspireashop.com\\\/es\\\/producto\\\/musica-de-alta-frecuencia-para-ninos-concentracion-enfoque-y-calma-200-min-mp3\\\/\"]}]},{\"@type\":\"ImageObject\",\"inLanguage\":\"es\",\"@id\":\"https:\\\/\\\/inspireashop.com\\\/es\\\/producto\\\/musica-de-alta-frecuencia-para-ninos-concentracion-enfoque-y-calma-200-min-mp3\\\/#primaryimage\",\"url\":\"https:\\\/\\\/inspireashop.com\\\/wp-content\\\/uploads\\\/2025\\\/08\\\/MP3.jpg\",\"contentUrl\":\"https:\\\/\\\/inspireashop.com\\\/wp-content\\\/uploads\\\/2025\\\/08\\\/MP3.jpg\",\"width\":1080,\"height\":1080,\"caption\":\"M\u00fasica de Alta Frecuencia para Ni\u00f1os \u2013 Concentraci\u00f3n, Enfoque y Calma (200 min MP3)\"},{\"@type\":\"BreadcrumbList\",\"@id\":\"https:\\\/\\\/inspireashop.com\\\/es\\\/producto\\\/musica-de-alta-frecuencia-para-ninos-concentracion-enfoque-y-calma-200-min-mp3\\\/#breadcrumb\",\"itemListElement\":[{\"@type\":\"ListItem\",\"position\":1,\"name\":\"Home\",\"item\":\"https:\\\/\\\/inspireashop.com\\\/es\\\/\"},{\"@type\":\"ListItem\",\"position\":2,\"name\":\"Shopping ES\",\"item\":\"https:\\\/\\\/inspireashop.com\\\/es\\\/shopping-es\\\/\"},{\"@type\":\"ListItem\",\"position\":3,\"name\":\"M\u00fasica de Alta Frecuencia para Ni\u00f1os \u2013 Concentraci\u00f3n, Enfoque y Calma (200 min MP3)\"}]},{\"@type\":\"WebSite\",\"@id\":\"https:\\\/\\\/inspireashop.com\\\/es\\\/#website\",\"url\":\"https:\\\/\\\/inspireashop.com\\\/es\\\/\",\"name\":\"Inspirea shop\",\"description\":\"Everything nice\",\"publisher\":{\"@id\":\"https:\\\/\\\/inspireashop.com\\\/es\\\/#organization\"},\"potentialAction\":[{\"@type\":\"SearchAction\",\"target\":{\"@type\":\"EntryPoint\",\"urlTemplate\":\"https:\\\/\\\/inspireashop.com\\\/es\\\/?s={search_term_string}\"},\"query-input\":{\"@type\":\"PropertyValueSpecification\",\"valueRequired\":true,\"valueName\":\"search_term_string\"}}],\"inLanguage\":\"es\"},{\"@type\":\"Organization\",\"@id\":\"https:\\\/\\\/inspireashop.com\\\/es\\\/#organization\",\"name\":\"Inspirea shop\",\"url\":\"https:\\\/\\\/inspireashop.com\\\/es\\\/\",\"logo\":{\"@type\":\"ImageObject\",\"inLanguage\":\"es\",\"@id\":\"https:\\\/\\\/inspireashop.com\\\/es\\\/#\\\/schema\\\/logo\\\/image\\\/\",\"url\":\"https:\\\/\\\/inspireashop.com\\\/wp-content\\\/uploads\\\/2025\\\/01\\\/inspirea-shoplogo.png\",\"contentUrl\":\"https:\\\/\\\/inspireashop.com\\\/wp-content\\\/uploads\\\/2025\\\/01\\\/inspirea-shoplogo.png\",\"width\":400,\"height\":72,\"caption\":\"Inspirea shop\"},\"image\":{\"@id\":\"https:\\\/\\\/inspireashop.com\\\/es\\\/#\\\/schema\\\/logo\\\/image\\\/\"}}]}<\/script>\n<!-- \/ Yoast SEO plugin. -->","yoast_head_json":{"title":"M\u00fasica de Alta Frecuencia para Ni\u00f1os \u2013 Concentraci\u00f3n y Calma","description":"M\u00fasica de Alta Frecuencia para Ni\u00f1os \u2013 Concentraci\u00f3n, Enfoque y Calma: Los sonidos de alta frecuencia influyen positivamente en las ondas cerebrales...","robots":{"index":"index","follow":"follow","max-snippet":"max-snippet:-1","max-image-preview":"max-image-preview:large","max-video-preview":"max-video-preview:-1"},"canonical":"https:\/\/inspireashop.com\/es\/producto\/musica-de-alta-frecuencia-para-ninos-concentracion-enfoque-y-calma-200-min-mp3\/","og_locale":"es_ES","og_type":"article","og_title":"M\u00fasica de Alta Frecuencia para Ni\u00f1os \u2013 Concentraci\u00f3n y Calma","og_description":"M\u00fasica de Alta Frecuencia para Ni\u00f1os \u2013 Concentraci\u00f3n, Enfoque y Calma: Los sonidos de alta frecuencia influyen positivamente en las ondas cerebrales...","og_url":"https:\/\/inspireashop.com\/es\/producto\/musica-de-alta-frecuencia-para-ninos-concentracion-enfoque-y-calma-200-min-mp3\/","og_site_name":"Inspirea shop","article_modified_time":"2026-03-16T21:00:30+00:00","og_image":[{"width":1080,"height":1080,"url":"https:\/\/inspireashop.com\/wp-content\/uploads\/2025\/08\/MP3.jpg","type":"image\/jpeg"}],"twitter_card":"summary_large_image","twitter_misc":{"Tiempo de lectura":"1 minuto"},"schema":{"@context":"https:\/\/schema.org","@graph":[{"@type":"WebPage","@id":"https:\/\/inspireashop.com\/es\/producto\/musica-de-alta-frecuencia-para-ninos-concentracion-enfoque-y-calma-200-min-mp3\/","url":"https:\/\/inspireashop.com\/es\/producto\/musica-de-alta-frecuencia-para-ninos-concentracion-enfoque-y-calma-200-min-mp3\/","name":"M\u00fasica de Alta Frecuencia para Ni\u00f1os \u2013 Concentraci\u00f3n y Calma","isPartOf":{"@id":"https:\/\/inspireashop.com\/es\/#website"},"primaryImageOfPage":{"@id":"https:\/\/inspireashop.com\/es\/producto\/musica-de-alta-frecuencia-para-ninos-concentracion-enfoque-y-calma-200-min-mp3\/#primaryimage"},"image":{"@id":"https:\/\/inspireashop.com\/es\/producto\/musica-de-alta-frecuencia-para-ninos-concentracion-enfoque-y-calma-200-min-mp3\/#primaryimage"},"thumbnailUrl":"https:\/\/inspireashop.com\/wp-content\/uploads\/2025\/08\/MP3.jpg","datePublished":"2025-08-21T14:53:56+00:00","dateModified":"2026-03-16T21:00:30+00:00","description":"M\u00fasica de Alta Frecuencia para Ni\u00f1os \u2013 Concentraci\u00f3n, Enfoque y Calma: Los sonidos de alta frecuencia influyen positivamente en las ondas cerebrales...","breadcrumb":{"@id":"https:\/\/inspireashop.com\/es\/producto\/musica-de-alta-frecuencia-para-ninos-concentracion-enfoque-y-calma-200-min-mp3\/#breadcrumb"},"inLanguage":"es","potentialAction":[{"@type":"ReadAction","target":["https:\/\/inspireashop.com\/es\/producto\/musica-de-alta-frecuencia-para-ninos-concentracion-enfoque-y-calma-200-min-mp3\/"]}]},{"@type":"ImageObject","inLanguage":"es","@id":"https:\/\/inspireashop.com\/es\/producto\/musica-de-alta-frecuencia-para-ninos-concentracion-enfoque-y-calma-200-min-mp3\/#primaryimage","url":"https:\/\/inspireashop.com\/wp-content\/uploads\/2025\/08\/MP3.jpg","contentUrl":"https:\/\/inspireashop.com\/wp-content\/uploads\/2025\/08\/MP3.jpg","width":1080,"height":1080,"caption":"M\u00fasica de Alta Frecuencia para Ni\u00f1os \u2013 Concentraci\u00f3n, Enfoque y Calma (200 min MP3)"},{"@type":"BreadcrumbList","@id":"https:\/\/inspireashop.com\/es\/producto\/musica-de-alta-frecuencia-para-ninos-concentracion-enfoque-y-calma-200-min-mp3\/#breadcrumb","itemListElement":[{"@type":"ListItem","position":1,"name":"Home","item":"https:\/\/inspireashop.com\/es\/"},{"@type":"ListItem","position":2,"name":"Shopping ES","item":"https:\/\/inspireashop.com\/es\/shopping-es\/"},{"@type":"ListItem","position":3,"name":"M\u00fasica de Alta Frecuencia para Ni\u00f1os \u2013 Concentraci\u00f3n, Enfoque y Calma (200 min MP3)"}]},{"@type":"WebSite","@id":"https:\/\/inspireashop.com\/es\/#website","url":"https:\/\/inspireashop.com\/es\/","name":"Inspirea shop","description":"Everything nice","publisher":{"@id":"https:\/\/inspireashop.com\/es\/#organization"},"potentialAction":[{"@type":"SearchAction","target":{"@type":"EntryPoint","urlTemplate":"https:\/\/inspireashop.com\/es\/?s={search_term_string}"},"query-input":{"@type":"PropertyValueSpecification","valueRequired":true,"valueName":"search_term_string"}}],"inLanguage":"es"},{"@type":"Organization","@id":"https:\/\/inspireashop.com\/es\/#organization","name":"Inspirea shop","url":"https:\/\/inspireashop.com\/es\/","logo":{"@type":"ImageObject","inLanguage":"es","@id":"https:\/\/inspireashop.com\/es\/#\/schema\/logo\/image\/","url":"https:\/\/inspireashop.com\/wp-content\/uploads\/2025\/01\/inspirea-shoplogo.png","contentUrl":"https:\/\/inspireashop.com\/wp-content\/uploads\/2025\/01\/inspirea-shoplogo.png","width":400,"height":72,"caption":"Inspirea shop"},"image":{"@id":"https:\/\/inspireashop.com\/es\/#\/schema\/logo\/image\/"}}]}},"_links":{"self":[{"href":"https:\/\/inspireashop.com\/es\/wp-json\/wp\/v2\/product\/42431","targetHints":{"allow":["GET"]}}],"collection":[{"href":"https:\/\/inspireashop.com\/es\/wp-json\/wp\/v2\/product"}],"about":[{"href":"https:\/\/inspireashop.com\/es\/wp-json\/wp\/v2\/types\/product"}],"replies":[{"embeddable":true,"href":"https:\/\/inspireashop.com\/es\/wp-json\/wp\/v2\/comments?post=42431"}],"wp:featuredmedia":[{"embeddable":true,"href":"https:\/\/inspireashop.com\/es\/wp-json\/wp\/v2\/media\/21672"}],"wp:attachment":[{"href":"https:\/\/inspireashop.com\/es\/wp-json\/wp\/v2\/media?parent=42431"}],"wp:term":[{"taxonomy":"product_brand","embeddable":true,"href":"https:\/\/inspireashop.com\/es\/wp-json\/wp\/v2\/product_brand?post=42431"},{"taxonomy":"product_cat","embeddable":true,"href":"https:\/\/inspireashop.com\/es\/wp-json\/wp\/v2\/product_cat?post=42431"},{"taxonomy":"product_tag","embeddable":true,"href":"https:\/\/inspireashop.com\/es\/wp-json\/wp\/v2\/product_tag?post=42431"}],"curies":[{"name":"wp","href":"https:\/\/api.w.org\/{rel}","templated":true}]}}