{"id":18494,"date":"2025-02-04T11:13:44","date_gmt":"2025-02-04T11:13:44","guid":{"rendered":"https:\/\/inspireashop.com\/shop\/18-lobusa-ja-hariva-laburindi-lehte\/"},"modified":"2025-09-07T21:50:11","modified_gmt":"2025-09-07T21:50:11","slug":"18-lobusa-ja-hariva-laburindi-lehte","status":"publish","type":"product","link":"https:\/\/inspireashop.com\/et\/shop\/18-lobusa-ja-hariva-laburindi-lehte\/","title":{"rendered":"18 l\u00f5busa ja hariva lab\u00fcrindi lehte"},"content":{"rendered":"","protected":false},"excerpt":{"rendered":"<p>Laske oma lapsel m\u00e4ngides arendada l<strong>oogilist m\u00f5tlemist, keskendumisv\u00f5imet ja probleemide lahendamise<\/strong> oskusi.<\/p>\n","protected":false},"featured_media":18504,"comment_status":"open","ping_status":"closed","template":"","meta":{"_acf_changed":false,"_et_pb_use_builder":"","_et_pb_old_content":"","_et_gb_content_width":""},"product_brand":[],"product_cat":[163],"product_tag":[],"class_list":{"0":"post-18494","1":"product","2":"type-product","3":"status-publish","4":"has-post-thumbnail","6":"product_cat-pdf-upsell-et","8":"first","9":"instock","10":"downloadable","11":"virtual","12":"taxable","13":"purchasable","14":"product-type-simple"},"acf":[],"yoast_head":"<!-- This site is optimized with the Yoast SEO plugin v27.5 - https:\/\/yoast.com\/product\/yoast-seo-wordpress\/ -->\n<title>18 l\u00f5busa ja hariva lab\u00fcrindi lehte | Inspirea shop<\/title>\n<meta name=\"description\" content=\"Laske oma lapsel m\u00e4ngides arendada loogilist m\u00f5tlemist, keskendumisv\u00f5imet ja probleemide lahendamise oskusi.\" \/>\n<meta name=\"robots\" content=\"index, follow, max-snippet:-1, max-image-preview:large, max-video-preview:-1\" \/>\n<link rel=\"canonical\" href=\"https:\/\/inspireashop.com\/et\/shop\/18-lobusa-ja-hariva-laburindi-lehte\/\" \/>\n<meta property=\"og:locale\" content=\"et_EE\" \/>\n<meta property=\"og:type\" content=\"article\" \/>\n<meta property=\"og:title\" content=\"18 l\u00f5busa ja hariva lab\u00fcrindi lehte | Inspirea shop\" \/>\n<meta property=\"og:description\" content=\"Laske oma lapsel m\u00e4ngides arendada loogilist m\u00f5tlemist, keskendumisv\u00f5imet ja probleemide lahendamise oskusi.\" \/>\n<meta property=\"og:url\" content=\"https:\/\/inspireashop.com\/et\/shop\/18-lobusa-ja-hariva-laburindi-lehte\/\" \/>\n<meta property=\"og:site_name\" content=\"Inspirea shop\" \/>\n<meta property=\"article:modified_time\" content=\"2025-09-07T21:50:11+00:00\" \/>\n<meta property=\"og:image\" content=\"https:\/\/inspireashop.com\/wp-content\/uploads\/2025\/02\/LABIRINT-2.jpg\" \/>\n\t<meta property=\"og:image:width\" content=\"1080\" \/>\n\t<meta property=\"og:image:height\" content=\"1080\" \/>\n\t<meta property=\"og:image:type\" content=\"image\/jpeg\" \/>\n<meta name=\"twitter:card\" content=\"summary_large_image\" \/>\n<meta name=\"twitter:label1\" content=\"Est. reading time\" \/>\n\t<meta name=\"twitter:data1\" content=\"1 minut\" \/>\n<script type=\"application\/ld+json\" class=\"yoast-schema-graph\">{\"@context\":\"https:\\\/\\\/schema.org\",\"@graph\":[{\"@type\":\"WebPage\",\"@id\":\"https:\\\/\\\/inspireashop.com\\\/et\\\/shop\\\/18-lobusa-ja-hariva-laburindi-lehte\\\/\",\"url\":\"https:\\\/\\\/inspireashop.com\\\/et\\\/shop\\\/18-lobusa-ja-hariva-laburindi-lehte\\\/\",\"name\":\"18 l\u00f5busa ja hariva lab\u00fcrindi lehte | Inspirea shop\",\"isPartOf\":{\"@id\":\"https:\\\/\\\/inspireashop.com\\\/et\\\/#website\"},\"primaryImageOfPage\":{\"@id\":\"https:\\\/\\\/inspireashop.com\\\/et\\\/shop\\\/18-lobusa-ja-hariva-laburindi-lehte\\\/#primaryimage\"},\"image\":{\"@id\":\"https:\\\/\\\/inspireashop.com\\\/et\\\/shop\\\/18-lobusa-ja-hariva-laburindi-lehte\\\/#primaryimage\"},\"thumbnailUrl\":\"https:\\\/\\\/inspireashop.com\\\/wp-content\\\/uploads\\\/2025\\\/02\\\/LABIRINT-2.jpg\",\"datePublished\":\"2025-02-04T11:13:44+00:00\",\"dateModified\":\"2025-09-07T21:50:11+00:00\",\"description\":\"Laske oma lapsel m\u00e4ngides arendada loogilist m\u00f5tlemist, keskendumisv\u00f5imet ja probleemide lahendamise oskusi.\",\"breadcrumb\":{\"@id\":\"https:\\\/\\\/inspireashop.com\\\/et\\\/shop\\\/18-lobusa-ja-hariva-laburindi-lehte\\\/#breadcrumb\"},\"inLanguage\":\"et\",\"potentialAction\":[{\"@type\":\"ReadAction\",\"target\":[\"https:\\\/\\\/inspireashop.com\\\/et\\\/shop\\\/18-lobusa-ja-hariva-laburindi-lehte\\\/\"]}]},{\"@type\":\"ImageObject\",\"inLanguage\":\"et\",\"@id\":\"https:\\\/\\\/inspireashop.com\\\/et\\\/shop\\\/18-lobusa-ja-hariva-laburindi-lehte\\\/#primaryimage\",\"url\":\"https:\\\/\\\/inspireashop.com\\\/wp-content\\\/uploads\\\/2025\\\/02\\\/LABIRINT-2.jpg\",\"contentUrl\":\"https:\\\/\\\/inspireashop.com\\\/wp-content\\\/uploads\\\/2025\\\/02\\\/LABIRINT-2.jpg\",\"width\":1080,\"height\":1080},{\"@type\":\"BreadcrumbList\",\"@id\":\"https:\\\/\\\/inspireashop.com\\\/et\\\/shop\\\/18-lobusa-ja-hariva-laburindi-lehte\\\/#breadcrumb\",\"itemListElement\":[{\"@type\":\"ListItem\",\"position\":1,\"name\":\"Home\",\"item\":\"https:\\\/\\\/inspireashop.com\\\/et\\\/\"},{\"@type\":\"ListItem\",\"position\":2,\"name\":\"Pood\",\"item\":\"https:\\\/\\\/inspireashop.com\\\/et\\\/pood\\\/\"},{\"@type\":\"ListItem\",\"position\":3,\"name\":\"18 l\u00f5busa ja hariva lab\u00fcrindi lehte\"}]},{\"@type\":\"WebSite\",\"@id\":\"https:\\\/\\\/inspireashop.com\\\/et\\\/#website\",\"url\":\"https:\\\/\\\/inspireashop.com\\\/et\\\/\",\"name\":\"Inspirea shop\",\"description\":\"Everything nice\",\"publisher\":{\"@id\":\"https:\\\/\\\/inspireashop.com\\\/et\\\/#organization\"},\"potentialAction\":[{\"@type\":\"SearchAction\",\"target\":{\"@type\":\"EntryPoint\",\"urlTemplate\":\"https:\\\/\\\/inspireashop.com\\\/et\\\/?s={search_term_string}\"},\"query-input\":{\"@type\":\"PropertyValueSpecification\",\"valueRequired\":true,\"valueName\":\"search_term_string\"}}],\"inLanguage\":\"et\"},{\"@type\":\"Organization\",\"@id\":\"https:\\\/\\\/inspireashop.com\\\/et\\\/#organization\",\"name\":\"Inspirea shop\",\"url\":\"https:\\\/\\\/inspireashop.com\\\/et\\\/\",\"logo\":{\"@type\":\"ImageObject\",\"inLanguage\":\"et\",\"@id\":\"https:\\\/\\\/inspireashop.com\\\/et\\\/#\\\/schema\\\/logo\\\/image\\\/\",\"url\":\"https:\\\/\\\/inspireashop.com\\\/wp-content\\\/uploads\\\/2025\\\/01\\\/inspirea-shoplogo.png\",\"contentUrl\":\"https:\\\/\\\/inspireashop.com\\\/wp-content\\\/uploads\\\/2025\\\/01\\\/inspirea-shoplogo.png\",\"width\":400,\"height\":72,\"caption\":\"Inspirea shop\"},\"image\":{\"@id\":\"https:\\\/\\\/inspireashop.com\\\/et\\\/#\\\/schema\\\/logo\\\/image\\\/\"}}]}<\/script>\n<!-- \/ Yoast SEO plugin. -->","yoast_head_json":{"title":"18 l\u00f5busa ja hariva lab\u00fcrindi lehte | Inspirea shop","description":"Laske oma lapsel m\u00e4ngides arendada loogilist m\u00f5tlemist, keskendumisv\u00f5imet ja probleemide lahendamise oskusi.","robots":{"index":"index","follow":"follow","max-snippet":"max-snippet:-1","max-image-preview":"max-image-preview:large","max-video-preview":"max-video-preview:-1"},"canonical":"https:\/\/inspireashop.com\/et\/shop\/18-lobusa-ja-hariva-laburindi-lehte\/","og_locale":"et_EE","og_type":"article","og_title":"18 l\u00f5busa ja hariva lab\u00fcrindi lehte | Inspirea shop","og_description":"Laske oma lapsel m\u00e4ngides arendada loogilist m\u00f5tlemist, keskendumisv\u00f5imet ja probleemide lahendamise oskusi.","og_url":"https:\/\/inspireashop.com\/et\/shop\/18-lobusa-ja-hariva-laburindi-lehte\/","og_site_name":"Inspirea shop","article_modified_time":"2025-09-07T21:50:11+00:00","og_image":[{"width":1080,"height":1080,"url":"https:\/\/inspireashop.com\/wp-content\/uploads\/2025\/02\/LABIRINT-2.jpg","type":"image\/jpeg"}],"twitter_card":"summary_large_image","twitter_misc":{"Est. reading time":"1 minut"},"schema":{"@context":"https:\/\/schema.org","@graph":[{"@type":"WebPage","@id":"https:\/\/inspireashop.com\/et\/shop\/18-lobusa-ja-hariva-laburindi-lehte\/","url":"https:\/\/inspireashop.com\/et\/shop\/18-lobusa-ja-hariva-laburindi-lehte\/","name":"18 l\u00f5busa ja hariva lab\u00fcrindi lehte | Inspirea shop","isPartOf":{"@id":"https:\/\/inspireashop.com\/et\/#website"},"primaryImageOfPage":{"@id":"https:\/\/inspireashop.com\/et\/shop\/18-lobusa-ja-hariva-laburindi-lehte\/#primaryimage"},"image":{"@id":"https:\/\/inspireashop.com\/et\/shop\/18-lobusa-ja-hariva-laburindi-lehte\/#primaryimage"},"thumbnailUrl":"https:\/\/inspireashop.com\/wp-content\/uploads\/2025\/02\/LABIRINT-2.jpg","datePublished":"2025-02-04T11:13:44+00:00","dateModified":"2025-09-07T21:50:11+00:00","description":"Laske oma lapsel m\u00e4ngides arendada loogilist m\u00f5tlemist, keskendumisv\u00f5imet ja probleemide lahendamise oskusi.","breadcrumb":{"@id":"https:\/\/inspireashop.com\/et\/shop\/18-lobusa-ja-hariva-laburindi-lehte\/#breadcrumb"},"inLanguage":"et","potentialAction":[{"@type":"ReadAction","target":["https:\/\/inspireashop.com\/et\/shop\/18-lobusa-ja-hariva-laburindi-lehte\/"]}]},{"@type":"ImageObject","inLanguage":"et","@id":"https:\/\/inspireashop.com\/et\/shop\/18-lobusa-ja-hariva-laburindi-lehte\/#primaryimage","url":"https:\/\/inspireashop.com\/wp-content\/uploads\/2025\/02\/LABIRINT-2.jpg","contentUrl":"https:\/\/inspireashop.com\/wp-content\/uploads\/2025\/02\/LABIRINT-2.jpg","width":1080,"height":1080},{"@type":"BreadcrumbList","@id":"https:\/\/inspireashop.com\/et\/shop\/18-lobusa-ja-hariva-laburindi-lehte\/#breadcrumb","itemListElement":[{"@type":"ListItem","position":1,"name":"Home","item":"https:\/\/inspireashop.com\/et\/"},{"@type":"ListItem","position":2,"name":"Pood","item":"https:\/\/inspireashop.com\/et\/pood\/"},{"@type":"ListItem","position":3,"name":"18 l\u00f5busa ja hariva lab\u00fcrindi lehte"}]},{"@type":"WebSite","@id":"https:\/\/inspireashop.com\/et\/#website","url":"https:\/\/inspireashop.com\/et\/","name":"Inspirea shop","description":"Everything nice","publisher":{"@id":"https:\/\/inspireashop.com\/et\/#organization"},"potentialAction":[{"@type":"SearchAction","target":{"@type":"EntryPoint","urlTemplate":"https:\/\/inspireashop.com\/et\/?s={search_term_string}"},"query-input":{"@type":"PropertyValueSpecification","valueRequired":true,"valueName":"search_term_string"}}],"inLanguage":"et"},{"@type":"Organization","@id":"https:\/\/inspireashop.com\/et\/#organization","name":"Inspirea shop","url":"https:\/\/inspireashop.com\/et\/","logo":{"@type":"ImageObject","inLanguage":"et","@id":"https:\/\/inspireashop.com\/et\/#\/schema\/logo\/image\/","url":"https:\/\/inspireashop.com\/wp-content\/uploads\/2025\/01\/inspirea-shoplogo.png","contentUrl":"https:\/\/inspireashop.com\/wp-content\/uploads\/2025\/01\/inspirea-shoplogo.png","width":400,"height":72,"caption":"Inspirea shop"},"image":{"@id":"https:\/\/inspireashop.com\/et\/#\/schema\/logo\/image\/"}}]}},"_links":{"self":[{"href":"https:\/\/inspireashop.com\/et\/wp-json\/wp\/v2\/product\/18494","targetHints":{"allow":["GET"]}}],"collection":[{"href":"https:\/\/inspireashop.com\/et\/wp-json\/wp\/v2\/product"}],"about":[{"href":"https:\/\/inspireashop.com\/et\/wp-json\/wp\/v2\/types\/product"}],"replies":[{"embeddable":true,"href":"https:\/\/inspireashop.com\/et\/wp-json\/wp\/v2\/comments?post=18494"}],"wp:featuredmedia":[{"embeddable":true,"href":"https:\/\/inspireashop.com\/et\/wp-json\/wp\/v2\/media\/18504"}],"wp:attachment":[{"href":"https:\/\/inspireashop.com\/et\/wp-json\/wp\/v2\/media?parent=18494"}],"wp:term":[{"taxonomy":"product_brand","embeddable":true,"href":"https:\/\/inspireashop.com\/et\/wp-json\/wp\/v2\/product_brand?post=18494"},{"taxonomy":"product_cat","embeddable":true,"href":"https:\/\/inspireashop.com\/et\/wp-json\/wp\/v2\/product_cat?post=18494"},{"taxonomy":"product_tag","embeddable":true,"href":"https:\/\/inspireashop.com\/et\/wp-json\/wp\/v2\/product_tag?post=18494"}],"curies":[{"name":"wp","href":"https:\/\/api.w.org\/{rel}","templated":true}]}}