{"id":19442,"date":"2025-08-21T14:53:56","date_gmt":"2025-08-21T14:53:56","guid":{"rendered":"https:\/\/inspireashop.com\/shop\/korgsageduslik-muusika-lastele-fookus-keskendumine-ja-rahu-60min-mp3\/"},"modified":"2025-11-18T18:05:20","modified_gmt":"2025-11-18T18:05:20","slug":"korgsageduslik-muusika-lastele-fookus-keskendumine-ja-rahu-60min-mp3","status":"publish","type":"product","link":"https:\/\/inspireashop.com\/et\/shop\/korgsageduslik-muusika-lastele-fookus-keskendumine-ja-rahu-60min-mp3\/","title":{"rendered":"K\u00f5rgsageduslik muusika lastele \u2013 fookus, keskendumine ja rahu (200min MP3)"},"content":{"rendered":"<p data-start=\"1739\" data-end=\"1845\">\u2b50 <strong data-start=\"1741\" data-end=\"1762\">Praktiline &amp; lihtne<\/strong>: Laadi alla m\u00f5ne sekundiga ja kuula igal pool \u2013 kodus, autos v\u00f5i \u00f5ppimise ajal.<\/p>\n<p data-start=\"1847\" data-end=\"1983\">\ud83d\udc49 <strong data-start=\"1850\" data-end=\"1877\">Laadi oma MP3 juba t\u00e4na alla<\/strong> ja loo kodu, kus muusika toetab fookust, rahustab meelt ja toob lapse igap\u00e4evaellu r\u00f5\u00f5mu.<\/p>\n","protected":false},"excerpt":{"rendered":"<p data-start=\"1034\" data-end=\"1324\">\u2728 Paku lapsele rohkem <strong data-start=\"1057\" data-end=\"1089\">fookust, keskendumist ja r\u00f5\u00f5mu<\/strong> selle ainulaadse MP3-muusika abil. See \u00fchendab <strong data-start=\"1145\" data-end=\"1178\">k\u00f5rgsageduslikud handpani helid <\/strong>ja v\u00f5luva <strong data-start=\"1197\" data-end=\"1220\">laste naeru<\/strong>, luues m\u00e4ngulise, kuid rahustava \u00f5hkkonna \u2013 ideaalne \u00f5ppimiseks, loovateks tegevusteks v\u00f5i rahulikuks m\u00e4nguks.<\/p>\n<p data-start=\"1326\" data-end=\"1611\">\ud83e\ude98 <strong data-start=\"1333\" data-end=\"1344\">Handpan<\/strong> on eriline terasest pill, mida kutsutakse sageli \u201e<em data-start=\"1393\" data-end=\"1419\">harmoonia instrumendiks<\/em>\u201d. Selle helid on loomulikult <strong data-start=\"1444\" data-end=\"1461\">k\u00f5rged ja puhtad<\/strong>, rahustades n\u00e4rvis\u00fcsteemi ja tuues meelerahu. Seet\u00f5ttu kasutatakse handpani muusikat kogu maailmas <strong data-start=\"1566\" data-end=\"1608\">meditatsiooniks, \u00f5ppimiseks ja keskendumiseks.<\/strong><\/p>\n<p data-start=\"1326\" data-end=\"1611\"><img decoding=\"async\" class=\"alignnone wp-image-15320 size-large\" src=\"https:\/\/inspireashop.com\/wp-content\/uploads\/2025\/08\/DK-KRIZANKE-LP-IMAGES-1024x1024.jpg\" alt=\"\" width=\"1024\" height=\"1024\" srcset=\"https:\/\/inspireashop.com\/wp-content\/uploads\/2025\/08\/DK-KRIZANKE-LP-IMAGES-1024x1024.jpg 1024w, https:\/\/inspireashop.com\/wp-content\/uploads\/2025\/08\/DK-KRIZANKE-LP-IMAGES-980x980.jpg 980w, https:\/\/inspireashop.com\/wp-content\/uploads\/2025\/08\/DK-KRIZANKE-LP-IMAGES-480x480.jpg 480w\" sizes=\"(min-width: 0px) and (max-width: 480px) 480px, (min-width: 481px) and (max-width: 980px) 980px, (min-width: 981px) 1024px, 100vw\" \/><\/p>\n<p data-start=\"1613\" data-end=\"1737\">\ud83e\udde0 Uuringud n\u00e4itavad, et <strong data-start=\"1636\" data-end=\"1693\">k\u00f5rgsageduslikud helid m\u00f5jutavad ajulainet positiivselt<\/strong> \u2013 need toetavad fookust, loovust ja paremat m\u00e4lu.<\/p>\n","protected":false},"featured_media":21663,"comment_status":"open","ping_status":"closed","template":"","meta":{"_acf_changed":false,"_et_pb_use_builder":"","_et_pb_old_content":"","_et_gb_content_width":""},"product_brand":[],"product_cat":[160],"product_tag":[],"class_list":{"0":"post-19442","1":"product","2":"type-product","3":"status-publish","4":"has-post-thumbnail","6":"product_cat-pdf-et","8":"first","9":"instock","10":"sale","11":"downloadable","12":"virtual","13":"taxable","14":"purchasable","15":"product-type-simple"},"acf":[],"yoast_head":"<!-- This site is optimized with the Yoast SEO plugin v27.5 - https:\/\/yoast.com\/product\/yoast-seo-wordpress\/ -->\n<title>K\u00f5rgsageduslik muusika lastele \u2013 keskendumine ja rahu | Inspirea shop<\/title>\n<meta name=\"description\" content=\"K\u00f5rgsageduslik muusika lastele MP3-formaadis (200 min). Suurendab keskendumist, t\u00e4helepanuv\u00f5imet, loovust ja r\u00f5\u00f5mu. Ideaalne \u00f5ppimiseks, m\u00e4nguks ja rahulikeks hetkedeks.\" \/>\n<meta name=\"robots\" content=\"index, follow, max-snippet:-1, max-image-preview:large, max-video-preview:-1\" \/>\n<link rel=\"canonical\" href=\"https:\/\/inspireashop.com\/et\/shop\/korgsageduslik-muusika-lastele-fookus-keskendumine-ja-rahu-60min-mp3\/\" \/>\n<meta property=\"og:locale\" content=\"et_EE\" \/>\n<meta property=\"og:type\" content=\"article\" \/>\n<meta property=\"og:title\" content=\"K\u00f5rgsageduslik muusika lastele \u2013 keskendumine ja rahu | Inspirea shop\" \/>\n<meta property=\"og:description\" content=\"K\u00f5rgsageduslik muusika lastele MP3-formaadis (200 min). Suurendab keskendumist, t\u00e4helepanuv\u00f5imet, loovust ja r\u00f5\u00f5mu. Ideaalne \u00f5ppimiseks, m\u00e4nguks ja rahulikeks hetkedeks.\" \/>\n<meta property=\"og:url\" content=\"https:\/\/inspireashop.com\/et\/shop\/korgsageduslik-muusika-lastele-fookus-keskendumine-ja-rahu-60min-mp3\/\" \/>\n<meta property=\"og:site_name\" content=\"Inspirea shop\" \/>\n<meta property=\"article:modified_time\" content=\"2025-11-18T18:05:20+00:00\" \/>\n<meta property=\"og:image\" content=\"https:\/\/inspireashop.com\/wp-content\/uploads\/2025\/08\/MP3.jpg\" \/>\n\t<meta property=\"og:image:width\" content=\"1080\" \/>\n\t<meta property=\"og:image:height\" content=\"1080\" \/>\n\t<meta property=\"og:image:type\" content=\"image\/jpeg\" \/>\n<meta name=\"twitter:card\" content=\"summary_large_image\" \/>\n<meta name=\"twitter:label1\" content=\"Est. reading time\" \/>\n\t<meta name=\"twitter:data1\" content=\"1 minut\" \/>\n<script type=\"application\/ld+json\" class=\"yoast-schema-graph\">{\"@context\":\"https:\\\/\\\/schema.org\",\"@graph\":[{\"@type\":\"WebPage\",\"@id\":\"https:\\\/\\\/inspireashop.com\\\/et\\\/shop\\\/korgsageduslik-muusika-lastele-fookus-keskendumine-ja-rahu-60min-mp3\\\/\",\"url\":\"https:\\\/\\\/inspireashop.com\\\/et\\\/shop\\\/korgsageduslik-muusika-lastele-fookus-keskendumine-ja-rahu-60min-mp3\\\/\",\"name\":\"K\u00f5rgsageduslik muusika lastele \u2013 keskendumine ja rahu | Inspirea shop\",\"isPartOf\":{\"@id\":\"https:\\\/\\\/inspireashop.com\\\/et\\\/#website\"},\"primaryImageOfPage\":{\"@id\":\"https:\\\/\\\/inspireashop.com\\\/et\\\/shop\\\/korgsageduslik-muusika-lastele-fookus-keskendumine-ja-rahu-60min-mp3\\\/#primaryimage\"},\"image\":{\"@id\":\"https:\\\/\\\/inspireashop.com\\\/et\\\/shop\\\/korgsageduslik-muusika-lastele-fookus-keskendumine-ja-rahu-60min-mp3\\\/#primaryimage\"},\"thumbnailUrl\":\"https:\\\/\\\/inspireashop.com\\\/wp-content\\\/uploads\\\/2025\\\/08\\\/MP3.jpg\",\"datePublished\":\"2025-08-21T14:53:56+00:00\",\"dateModified\":\"2025-11-18T18:05:20+00:00\",\"description\":\"K\u00f5rgsageduslik muusika lastele MP3-formaadis (200 min). Suurendab keskendumist, t\u00e4helepanuv\u00f5imet, loovust ja r\u00f5\u00f5mu. Ideaalne \u00f5ppimiseks, m\u00e4nguks ja rahulikeks hetkedeks.\",\"breadcrumb\":{\"@id\":\"https:\\\/\\\/inspireashop.com\\\/et\\\/shop\\\/korgsageduslik-muusika-lastele-fookus-keskendumine-ja-rahu-60min-mp3\\\/#breadcrumb\"},\"inLanguage\":\"et\",\"potentialAction\":[{\"@type\":\"ReadAction\",\"target\":[\"https:\\\/\\\/inspireashop.com\\\/et\\\/shop\\\/korgsageduslik-muusika-lastele-fookus-keskendumine-ja-rahu-60min-mp3\\\/\"]}]},{\"@type\":\"ImageObject\",\"inLanguage\":\"et\",\"@id\":\"https:\\\/\\\/inspireashop.com\\\/et\\\/shop\\\/korgsageduslik-muusika-lastele-fookus-keskendumine-ja-rahu-60min-mp3\\\/#primaryimage\",\"url\":\"https:\\\/\\\/inspireashop.com\\\/wp-content\\\/uploads\\\/2025\\\/08\\\/MP3.jpg\",\"contentUrl\":\"https:\\\/\\\/inspireashop.com\\\/wp-content\\\/uploads\\\/2025\\\/08\\\/MP3.jpg\",\"width\":1080,\"height\":1080,\"caption\":\"K\u00f5rgsageduslik muusika lastele \u2013 fookus, keskendumine ja rahu (200min MP3)\"},{\"@type\":\"BreadcrumbList\",\"@id\":\"https:\\\/\\\/inspireashop.com\\\/et\\\/shop\\\/korgsageduslik-muusika-lastele-fookus-keskendumine-ja-rahu-60min-mp3\\\/#breadcrumb\",\"itemListElement\":[{\"@type\":\"ListItem\",\"position\":1,\"name\":\"Home\",\"item\":\"https:\\\/\\\/inspireashop.com\\\/et\\\/\"},{\"@type\":\"ListItem\",\"position\":2,\"name\":\"Pood\",\"item\":\"https:\\\/\\\/inspireashop.com\\\/et\\\/pood\\\/\"},{\"@type\":\"ListItem\",\"position\":3,\"name\":\"K\u00f5rgsageduslik muusika lastele \u2013 fookus, keskendumine ja rahu (200min MP3)\"}]},{\"@type\":\"WebSite\",\"@id\":\"https:\\\/\\\/inspireashop.com\\\/et\\\/#website\",\"url\":\"https:\\\/\\\/inspireashop.com\\\/et\\\/\",\"name\":\"Inspirea shop\",\"description\":\"Everything nice\",\"publisher\":{\"@id\":\"https:\\\/\\\/inspireashop.com\\\/et\\\/#organization\"},\"potentialAction\":[{\"@type\":\"SearchAction\",\"target\":{\"@type\":\"EntryPoint\",\"urlTemplate\":\"https:\\\/\\\/inspireashop.com\\\/et\\\/?s={search_term_string}\"},\"query-input\":{\"@type\":\"PropertyValueSpecification\",\"valueRequired\":true,\"valueName\":\"search_term_string\"}}],\"inLanguage\":\"et\"},{\"@type\":\"Organization\",\"@id\":\"https:\\\/\\\/inspireashop.com\\\/et\\\/#organization\",\"name\":\"Inspirea shop\",\"url\":\"https:\\\/\\\/inspireashop.com\\\/et\\\/\",\"logo\":{\"@type\":\"ImageObject\",\"inLanguage\":\"et\",\"@id\":\"https:\\\/\\\/inspireashop.com\\\/et\\\/#\\\/schema\\\/logo\\\/image\\\/\",\"url\":\"https:\\\/\\\/inspireashop.com\\\/wp-content\\\/uploads\\\/2025\\\/01\\\/inspirea-shoplogo.png\",\"contentUrl\":\"https:\\\/\\\/inspireashop.com\\\/wp-content\\\/uploads\\\/2025\\\/01\\\/inspirea-shoplogo.png\",\"width\":400,\"height\":72,\"caption\":\"Inspirea shop\"},\"image\":{\"@id\":\"https:\\\/\\\/inspireashop.com\\\/et\\\/#\\\/schema\\\/logo\\\/image\\\/\"}}]}<\/script>\n<!-- \/ Yoast SEO plugin. -->","yoast_head_json":{"title":"K\u00f5rgsageduslik muusika lastele \u2013 keskendumine ja rahu | Inspirea shop","description":"K\u00f5rgsageduslik muusika lastele MP3-formaadis (200 min). Suurendab keskendumist, t\u00e4helepanuv\u00f5imet, loovust ja r\u00f5\u00f5mu. Ideaalne \u00f5ppimiseks, m\u00e4nguks ja rahulikeks hetkedeks.","robots":{"index":"index","follow":"follow","max-snippet":"max-snippet:-1","max-image-preview":"max-image-preview:large","max-video-preview":"max-video-preview:-1"},"canonical":"https:\/\/inspireashop.com\/et\/shop\/korgsageduslik-muusika-lastele-fookus-keskendumine-ja-rahu-60min-mp3\/","og_locale":"et_EE","og_type":"article","og_title":"K\u00f5rgsageduslik muusika lastele \u2013 keskendumine ja rahu | Inspirea shop","og_description":"K\u00f5rgsageduslik muusika lastele MP3-formaadis (200 min). Suurendab keskendumist, t\u00e4helepanuv\u00f5imet, loovust ja r\u00f5\u00f5mu. Ideaalne \u00f5ppimiseks, m\u00e4nguks ja rahulikeks hetkedeks.","og_url":"https:\/\/inspireashop.com\/et\/shop\/korgsageduslik-muusika-lastele-fookus-keskendumine-ja-rahu-60min-mp3\/","og_site_name":"Inspirea shop","article_modified_time":"2025-11-18T18:05:20+00:00","og_image":[{"width":1080,"height":1080,"url":"https:\/\/inspireashop.com\/wp-content\/uploads\/2025\/08\/MP3.jpg","type":"image\/jpeg"}],"twitter_card":"summary_large_image","twitter_misc":{"Est. reading time":"1 minut"},"schema":{"@context":"https:\/\/schema.org","@graph":[{"@type":"WebPage","@id":"https:\/\/inspireashop.com\/et\/shop\/korgsageduslik-muusika-lastele-fookus-keskendumine-ja-rahu-60min-mp3\/","url":"https:\/\/inspireashop.com\/et\/shop\/korgsageduslik-muusika-lastele-fookus-keskendumine-ja-rahu-60min-mp3\/","name":"K\u00f5rgsageduslik muusika lastele \u2013 keskendumine ja rahu | Inspirea shop","isPartOf":{"@id":"https:\/\/inspireashop.com\/et\/#website"},"primaryImageOfPage":{"@id":"https:\/\/inspireashop.com\/et\/shop\/korgsageduslik-muusika-lastele-fookus-keskendumine-ja-rahu-60min-mp3\/#primaryimage"},"image":{"@id":"https:\/\/inspireashop.com\/et\/shop\/korgsageduslik-muusika-lastele-fookus-keskendumine-ja-rahu-60min-mp3\/#primaryimage"},"thumbnailUrl":"https:\/\/inspireashop.com\/wp-content\/uploads\/2025\/08\/MP3.jpg","datePublished":"2025-08-21T14:53:56+00:00","dateModified":"2025-11-18T18:05:20+00:00","description":"K\u00f5rgsageduslik muusika lastele MP3-formaadis (200 min). Suurendab keskendumist, t\u00e4helepanuv\u00f5imet, loovust ja r\u00f5\u00f5mu. Ideaalne \u00f5ppimiseks, m\u00e4nguks ja rahulikeks hetkedeks.","breadcrumb":{"@id":"https:\/\/inspireashop.com\/et\/shop\/korgsageduslik-muusika-lastele-fookus-keskendumine-ja-rahu-60min-mp3\/#breadcrumb"},"inLanguage":"et","potentialAction":[{"@type":"ReadAction","target":["https:\/\/inspireashop.com\/et\/shop\/korgsageduslik-muusika-lastele-fookus-keskendumine-ja-rahu-60min-mp3\/"]}]},{"@type":"ImageObject","inLanguage":"et","@id":"https:\/\/inspireashop.com\/et\/shop\/korgsageduslik-muusika-lastele-fookus-keskendumine-ja-rahu-60min-mp3\/#primaryimage","url":"https:\/\/inspireashop.com\/wp-content\/uploads\/2025\/08\/MP3.jpg","contentUrl":"https:\/\/inspireashop.com\/wp-content\/uploads\/2025\/08\/MP3.jpg","width":1080,"height":1080,"caption":"K\u00f5rgsageduslik muusika lastele \u2013 fookus, keskendumine ja rahu (200min MP3)"},{"@type":"BreadcrumbList","@id":"https:\/\/inspireashop.com\/et\/shop\/korgsageduslik-muusika-lastele-fookus-keskendumine-ja-rahu-60min-mp3\/#breadcrumb","itemListElement":[{"@type":"ListItem","position":1,"name":"Home","item":"https:\/\/inspireashop.com\/et\/"},{"@type":"ListItem","position":2,"name":"Pood","item":"https:\/\/inspireashop.com\/et\/pood\/"},{"@type":"ListItem","position":3,"name":"K\u00f5rgsageduslik muusika lastele \u2013 fookus, keskendumine ja rahu (200min MP3)"}]},{"@type":"WebSite","@id":"https:\/\/inspireashop.com\/et\/#website","url":"https:\/\/inspireashop.com\/et\/","name":"Inspirea shop","description":"Everything nice","publisher":{"@id":"https:\/\/inspireashop.com\/et\/#organization"},"potentialAction":[{"@type":"SearchAction","target":{"@type":"EntryPoint","urlTemplate":"https:\/\/inspireashop.com\/et\/?s={search_term_string}"},"query-input":{"@type":"PropertyValueSpecification","valueRequired":true,"valueName":"search_term_string"}}],"inLanguage":"et"},{"@type":"Organization","@id":"https:\/\/inspireashop.com\/et\/#organization","name":"Inspirea shop","url":"https:\/\/inspireashop.com\/et\/","logo":{"@type":"ImageObject","inLanguage":"et","@id":"https:\/\/inspireashop.com\/et\/#\/schema\/logo\/image\/","url":"https:\/\/inspireashop.com\/wp-content\/uploads\/2025\/01\/inspirea-shoplogo.png","contentUrl":"https:\/\/inspireashop.com\/wp-content\/uploads\/2025\/01\/inspirea-shoplogo.png","width":400,"height":72,"caption":"Inspirea shop"},"image":{"@id":"https:\/\/inspireashop.com\/et\/#\/schema\/logo\/image\/"}}]}},"_links":{"self":[{"href":"https:\/\/inspireashop.com\/et\/wp-json\/wp\/v2\/product\/19442","targetHints":{"allow":["GET"]}}],"collection":[{"href":"https:\/\/inspireashop.com\/et\/wp-json\/wp\/v2\/product"}],"about":[{"href":"https:\/\/inspireashop.com\/et\/wp-json\/wp\/v2\/types\/product"}],"replies":[{"embeddable":true,"href":"https:\/\/inspireashop.com\/et\/wp-json\/wp\/v2\/comments?post=19442"}],"wp:featuredmedia":[{"embeddable":true,"href":"https:\/\/inspireashop.com\/et\/wp-json\/wp\/v2\/media\/21663"}],"wp:attachment":[{"href":"https:\/\/inspireashop.com\/et\/wp-json\/wp\/v2\/media?parent=19442"}],"wp:term":[{"taxonomy":"product_brand","embeddable":true,"href":"https:\/\/inspireashop.com\/et\/wp-json\/wp\/v2\/product_brand?post=19442"},{"taxonomy":"product_cat","embeddable":true,"href":"https:\/\/inspireashop.com\/et\/wp-json\/wp\/v2\/product_cat?post=19442"},{"taxonomy":"product_tag","embeddable":true,"href":"https:\/\/inspireashop.com\/et\/wp-json\/wp\/v2\/product_tag?post=19442"}],"curies":[{"name":"wp","href":"https:\/\/api.w.org\/{rel}","templated":true}]}}