{"id":301,"date":"2025-01-11T14:42:00","date_gmt":"2025-01-11T14:42:00","guid":{"rendered":"https:\/\/inspireashop.com\/etusivu\/"},"modified":"2025-10-05T02:30:41","modified_gmt":"2025-10-05T02:30:41","slug":"etusivu","status":"publish","type":"page","link":"https:\/\/inspireashop.com\/fi\/","title":{"rendered":"Etusivu"},"content":{"rendered":"<p>[et_pb_section fb_built=&#8221;1&#8243; custom_padding_last_edited=&#8221;on|phone&#8221; _builder_version=&#8221;4.27.4&#8243; _module_preset=&#8221;default&#8221; custom_margin_tablet=&#8221;&#8221; custom_margin_phone=&#8221;0px||||false|false&#8221; custom_margin_last_edited=&#8221;on|phone&#8221; custom_padding=&#8221;30px|||||&#8221; custom_padding_tablet=&#8221;&#8221; custom_padding_phone=&#8221;0px||||false|false&#8221; global_colors_info=&#8221;{}&#8221;][et_pb_row column_structure=&#8221;1_2,1_2&#8243; _builder_version=&#8221;4.27.4&#8243; _module_preset=&#8221;default&#8221; custom_padding=&#8221;9px||0px|||&#8221; global_colors_info=&#8221;{}&#8221;][et_pb_column type=&#8221;1_2&#8243; _builder_version=&#8221;4.27.4&#8243; _module_preset=&#8221;default&#8221; global_colors_info=&#8221;{}&#8221;][et_pb_image src=&#8221;https:\/\/inspireashop.com\/wp-content\/uploads\/2025\/01\/inspirea-shoplogo.png&#8221; title_text=&#8221;inspirea-shoplogo&#8221; _builder_version=&#8221;4.27.4&#8243; _module_preset=&#8221;default&#8221; custom_margin=&#8221;||21px|||&#8221; global_colors_info=&#8221;{}&#8221;][\/et_pb_image][et_pb_text _builder_version=&#8221;4.27.4&#8243; _module_preset=&#8221;default&#8221; text_font_size=&#8221;16px&#8221; header_font_size=&#8221;25px&#8221; header_line_height=&#8221;1.4em&#8221; custom_margin=&#8221;||22px|||&#8221; global_colors_info=&#8221;{}&#8221;]Lapsi kehitt\u00e4\u00e4 leikin kautta kognitiivisia taitoja, luovuutta, loogista ajattelua, hienomotoriikkaa ja ongelmanratkaisukyky\u00e4.<\/p>\n<h1>Hauskoja teht\u00e4vi\u00e4, jotka kehitt\u00e4v\u00e4t lapsen ajattelua, mielikuvitusta ja logiikkaa leikin avulla<\/h1>\n<p>[\/et_pb_text][et_pb_image src=&#8221;https:\/\/inspireashop.com\/wp-content\/uploads\/2025\/07\/FI-payment-1-scaled.webp&#8221; title_text=&#8221;FI-payment&#8221; _builder_version=&#8221;4.27.4&#8243; _module_preset=&#8221;default&#8221; global_colors_info=&#8221;{}&#8221;][\/et_pb_image][et_pb_blurb title=&#8221;100% TURVALLINEN OSTO | EU-myyj\u00e4&#8221; use_icon=&#8221;on&#8221; font_icon=&#8221;&#xf023;||fa||900&#8243; icon_color=&#8221;#000000&#8243; icon_placement=&#8221;left&#8221; image_icon_width=&#8221;30px&#8221; _builder_version=&#8221;4.27.4&#8243; _module_preset=&#8221;default&#8221; header_line_height=&#8221;1.2em&#8221; image_icon_custom_margin=&#8221;-5px||||false|false&#8221; global_colors_info=&#8221;{}&#8221;][\/et_pb_blurb][et_pb_blurb title=&#8221;info@inspireashop.com&#8221; use_icon=&#8221;on&#8221; font_icon=&#8221;&#xf0e0;||fa||900&#8243; icon_color=&#8221;#000000&#8243; icon_placement=&#8221;left&#8221; image_icon_width=&#8221;30px&#8221; _builder_version=&#8221;4.27.4&#8243; _module_preset=&#8221;default&#8221; header_line_height=&#8221;1.2em&#8221; image_icon_custom_margin=&#8221;-5px||||false|false&#8221; global_colors_info=&#8221;{}&#8221;][\/et_pb_blurb][\/et_pb_column][et_pb_column type=&#8221;1_2&#8243; _builder_version=&#8221;4.27.4&#8243; _module_preset=&#8221;default&#8221; global_colors_info=&#8221;{}&#8221;][et_pb_image src=&#8221;https:\/\/inspireashop.com\/wp-content\/uploads\/2025\/01\/inspirea-img-Large.jpeg&#8221; title_text=&#8221;inspirea-img Suuri&#8221; _builder_version=&#8221;4.27.4&#8243; _module_preset=&#8221;default&#8221; global_colors_info=&#8221;{}&#8221;][\/et_pb_image][\/et_pb_column][\/et_pb_row][et_pb_row use_custom_gutter=&#8221;on&#8221; gutter_width=&#8221;2&#8243; disabled_on=&#8221;off|off|off&#8221; _builder_version=&#8221;4.27.4&#8243; _module_preset=&#8221;default&#8221; width_tablet=&#8221;&#8221; width_phone=&#8221;95%&#8221; width_last_edited=&#8221;on|phone&#8221; custom_padding=&#8221;0px||0px|||&#8221; global_colors_info=&#8221;{}&#8221;][et_pb_column type=&#8221;4_4&#8243; _builder_version=&#8221;4.27.4&#8243; _module_preset=&#8221;default&#8221; global_colors_info=&#8221;{}&#8221;][et_pb_shop type=&#8221;latest&#8221; sale_badge_color=&#8221;#7FBBCB&#8221; show_sale_badge=&#8221;off&#8221; _builder_version=&#8221;4.27.4&#8243; _module_preset=&#8221;default&#8221; title_font=&#8221;||||||||&#8221; title_font_size=&#8221;20px&#8221; title_line_height=&#8221;1.4em&#8221; price_font_size=&#8221;16px&#8221; hover_enabled=&#8221;0&#8243; title_font_size_tablet=&#8221;20px&#8221; title_font_size_phone=&#8221;18px&#8221; title_font_size_last_edited=&#8221;on|phone&#8221; global_colors_info=&#8221;{}&#8221; sticky_enabled=&#8221;0&#8243;][\/et_pb_shop][\/et_pb_column][\/et_pb_row][et_pb_row column_structure=&#8221;1_4,1_4,1_4,1_4&#8243; module_class=&#8221;three-columns&#8221; _builder_version=&#8221;4.27.4&#8243; _module_preset=&#8221;default&#8221; width_tablet=&#8221;&#8221; width_phone=&#8221;90%&#8221; width_last_edited=&#8221;on|phone&#8221; custom_padding=&#8221;24px||0px|||&#8221; locked=&#8221;off&#8221; global_colors_info=&#8221;{}&#8221;][et_pb_column type=&#8221;1_4&#8243; _builder_version=&#8221;4.27.4&#8243; _module_preset=&#8221;default&#8221; global_colors_info=&#8221;{}&#8221;][et_pb_blurb title=&#8221;Itsevarmuutta onnistumisen kautta&#8221; image=&#8221;https:\/\/inspireashop.com\/wp-content\/uploads\/2025\/02\/puzzle1.png&#8221; image_icon_width=&#8221;40%&#8221; image_icon_width_tablet=&#8221;40%&#8221; image_icon_width_phone=&#8221;40%&#8221; image_icon_width_last_edited=&#8221;on|phone&#8221; _builder_version=&#8221;4.27.4&#8243; _module_preset=&#8221;default&#8221; header_text_align=&#8221;center&#8221; header_font_size=&#8221;16px&#8221; header_line_height=&#8221;1.3em&#8221; body_text_align=&#8221;center&#8221; image_icon_custom_margin=&#8221;||-15px||false|false&#8221; custom_padding=&#8221;|5px||5px|false|true&#8221; header_font_size_tablet=&#8221;16px&#8221; header_font_size_phone=&#8221;16px&#8221; header_font_size_last_edited=&#8221;on|phone&#8221; body_font_size_tablet=&#8221;&#8221; body_font_size_phone=&#8221;14px&#8221; body_font_size_last_edited=&#8221;on|phone&#8221; global_colors_info=&#8221;{}&#8221;]<\/p>\n<p data-start=\"209\" data-end=\"300\">Itse teht\u00e4vien ratkaiseminen vahvistaa itseluottamusta ja oppimisen iloa.<\/p>\n<p>[\/et_pb_blurb][\/et_pb_column][et_pb_column type=&#8221;1_4&#8243; _builder_version=&#8221;4.27.4&#8243; _module_preset=&#8221;default&#8221; global_colors_info=&#8221;{}&#8221;][et_pb_blurb title=&#8221;90 % aivojen kehityksest\u00e4 tapahtuu ennen 6 vuoden ik\u00e4\u00e4&#8221; image=&#8221;https:\/\/inspireashop.com\/wp-content\/uploads\/2025\/02\/brain.png&#8221; image_icon_width=&#8221;40%&#8221; image_icon_width_tablet=&#8221;40%&#8221; image_icon_width_phone=&#8221;40%&#8221; image_icon_width_last_edited=&#8221;on|phone&#8221; _builder_version=&#8221;4.27.4&#8243; _module_preset=&#8221;default&#8221; header_text_align=&#8221;center&#8221; header_font_size=&#8221;16px&#8221; header_line_height=&#8221;1.3em&#8221; body_text_align=&#8221;center&#8221; image_icon_custom_margin=&#8221;||-15px||false|false&#8221; custom_padding=&#8221;|5px||5px|false|true&#8221; header_font_size_tablet=&#8221;16px&#8221; header_font_size_phone=&#8221;16px&#8221; header_font_size_last_edited=&#8221;on|phone&#8221; body_font_size_tablet=&#8221;&#8221; body_font_size_phone=&#8221;14px&#8221; body_font_size_last_edited=&#8221;on|phone&#8221; global_colors_info=&#8221;{}&#8221;]<\/p>\n<p>Varhaiset aktiviteetit ovat ratkaisevan t\u00e4rkeit\u00e4 lapsen kehitykselle.<\/p>\n<p>[\/et_pb_blurb][\/et_pb_column][et_pb_column type=&#8221;1_4&#8243; _builder_version=&#8221;4.27.4&#8243; _module_preset=&#8221;default&#8221; global_colors_info=&#8221;{}&#8221;][et_pb_blurb title=&#8221;Itseohjautuvaan leikkiin tai yhteisiin hetkiin&#8221; image=&#8221;https:\/\/inspireashop.com\/wp-content\/uploads\/2025\/02\/pencil.png&#8221; image_icon_width=&#8221;40%&#8221; image_icon_width_tablet=&#8221;40%&#8221; image_icon_width_phone=&#8221;40%&#8221; image_icon_width_last_edited=&#8221;on|phone&#8221; _builder_version=&#8221;4.27.4&#8243; _module_preset=&#8221;default&#8221; header_text_align=&#8221;center&#8221; header_font_size=&#8221;16px&#8221; header_line_height=&#8221;1.3em&#8221; body_text_align=&#8221;center&#8221; image_icon_custom_margin=&#8221;||-15px||false|false&#8221; custom_padding=&#8221;|5px||5px|false|true&#8221; header_font_size_tablet=&#8221;16px&#8221; header_font_size_phone=&#8221;16px&#8221; header_font_size_last_edited=&#8221;on|phone&#8221; body_font_size_tablet=&#8221;&#8221; body_font_size_phone=&#8221;14px&#8221; body_font_size_last_edited=&#8221;on|phone&#8221; global_colors_info=&#8221;{}&#8221;]<\/p>\n<p>Lapsi ty\u00f6skentelee itsen\u00e4isesti \u2013 tai yhdess\u00e4 kanssasi, ilman painetta, l\u00e4sn\u00e4ololla.<\/p>\n<p>[\/et_pb_blurb][\/et_pb_column][et_pb_column type=&#8221;1_4&#8243; _builder_version=&#8221;4.27.4&#8243; _module_preset=&#8221;default&#8221; global_colors_info=&#8221;{}&#8221;][et_pb_blurb title=&#8221;Valmistautuminen koulumenestykseen ja keskittymiseen&#8221; image=&#8221;https:\/\/inspireashop.com\/wp-content\/uploads\/2025\/02\/education.png&#8221; image_icon_width=&#8221;40%&#8221; image_icon_width_tablet=&#8221;40%&#8221; image_icon_width_phone=&#8221;40%&#8221; image_icon_width_last_edited=&#8221;on|phone&#8221; _builder_version=&#8221;4.27.4&#8243; _module_preset=&#8221;default&#8221; header_text_align=&#8221;center&#8221; header_font_size=&#8221;16px&#8221; header_line_height=&#8221;1.3em&#8221; body_text_align=&#8221;center&#8221; image_icon_custom_margin=&#8221;||-15px||false|false&#8221; custom_padding=&#8221;|5px||5px|false|true&#8221; header_font_size_tablet=&#8221;16px&#8221; header_font_size_phone=&#8221;16px&#8221; header_font_size_last_edited=&#8221;on|phone&#8221; body_font_size_tablet=&#8221;&#8221; body_font_size_phone=&#8221;14px&#8221; body_font_size_last_edited=&#8221;on|phone&#8221; global_colors_info=&#8221;{}&#8221;]<\/p>\n<p data-start=\"237\" data-end=\"356\">Lapsi kehitt\u00e4\u00e4 hienomotoriikkaa ja keskittymiskyky\u00e4 luontevasti.<\/p>\n<p>[\/et_pb_blurb][\/et_pb_column][\/et_pb_row][\/et_pb_section]<\/p>\n","protected":false},"excerpt":{"rendered":"<p>Lapsi kehitt\u00e4\u00e4 leikin kautta kognitiivisia taitoja, luovuutta, loogista ajattelua, hienomotoriikkaa ja ongelmanratkaisukyky\u00e4. Hauskoja teht\u00e4vi\u00e4, jotka kehitt\u00e4v\u00e4t lapsen ajattelua, mielikuvitusta ja logiikkaa leikin avullaItse teht\u00e4vien ratkaiseminen vahvistaa itseluottamusta ja oppimisen iloa.Varhaiset aktiviteetit ovat ratkaisevan t\u00e4rkeit\u00e4 lapsen kehitykselle.Lapsi ty\u00f6skentelee itsen\u00e4isesti \u2013 tai yhdess\u00e4 kanssasi, ilman painetta, l\u00e4sn\u00e4ololla.Lapsi kehitt\u00e4\u00e4 hienomotoriikkaa ja keskittymiskyky\u00e4 luontevasti.<\/p>\n","protected":false},"author":1,"featured_media":0,"parent":0,"menu_order":0,"comment_status":"closed","ping_status":"closed","template":"","meta":{"_acf_changed":false,"_et_pb_use_builder":"on","_et_pb_old_content":"","_et_gb_content_width":"","footnotes":""},"class_list":["post-301","page","type-page","status-publish","hentry"],"acf":[],"yoast_head":"<!-- This site is optimized with the Yoast SEO plugin v27.2 - https:\/\/yoast.com\/product\/yoast-seo-wordpress\/ -->\n<title>Etusivu | Inspirea shop<\/title>\n<meta name=\"robots\" content=\"index, follow, max-snippet:-1, max-image-preview:large, max-video-preview:-1\" \/>\n<link rel=\"canonical\" href=\"https:\/\/inspireashop.com\/fi\/\" \/>\n<meta property=\"og:locale\" content=\"fi_FI\" \/>\n<meta property=\"og:type\" content=\"article\" \/>\n<meta property=\"og:title\" content=\"Etusivu | Inspirea shop\" \/>\n<meta property=\"og:description\" content=\"Lapsi kehitt\u00e4\u00e4 leikin kautta kognitiivisia taitoja, luovuutta, loogista ajattelua, hienomotoriikkaa ja ongelmanratkaisukyky\u00e4. Hauskoja teht\u00e4vi\u00e4, jotka kehitt\u00e4v\u00e4t lapsen ajattelua, mielikuvitusta ja logiikkaa leikin avullaItse teht\u00e4vien ratkaiseminen vahvistaa itseluottamusta ja oppimisen iloa.Varhaiset aktiviteetit ovat ratkaisevan t\u00e4rkeit\u00e4 lapsen kehitykselle.Lapsi ty\u00f6skentelee itsen\u00e4isesti \u2013 tai yhdess\u00e4 kanssasi, ilman painetta, l\u00e4sn\u00e4ololla.Lapsi kehitt\u00e4\u00e4 hienomotoriikkaa ja keskittymiskyky\u00e4 luontevasti.\" \/>\n<meta property=\"og:url\" content=\"https:\/\/inspireashop.com\/fi\/\" \/>\n<meta property=\"og:site_name\" content=\"Inspirea shop\" \/>\n<meta property=\"article:modified_time\" content=\"2025-10-05T02:30:41+00:00\" \/>\n<meta property=\"og:image\" content=\"https:\/\/inspireashop.com\/wp-content\/uploads\/2025\/01\/Inspirea-shop-fb-logo.jpg\" \/>\n\t<meta property=\"og:image:width\" content=\"1080\" \/>\n\t<meta property=\"og:image:height\" content=\"1080\" \/>\n\t<meta property=\"og:image:type\" content=\"image\/jpeg\" \/>\n<meta name=\"twitter:card\" content=\"summary_large_image\" \/>\n<meta name=\"twitter:label1\" content=\"Arvioitu lukuaika\" \/>\n\t<meta name=\"twitter:data1\" content=\"5 minuuttia\" \/>\n<script type=\"application\/ld+json\" class=\"yoast-schema-graph\">{\"@context\":\"https:\/\/schema.org\",\"@graph\":[{\"@type\":\"WebPage\",\"@id\":\"https:\/\/inspireashop.com\/fi\/\",\"url\":\"https:\/\/inspireashop.com\/fi\/\",\"name\":\"Etusivu | Inspirea shop\",\"isPartOf\":{\"@id\":\"https:\/\/inspireashop.com\/fi\/#website\"},\"datePublished\":\"2025-01-11T14:42:00+00:00\",\"dateModified\":\"2025-10-05T02:30:41+00:00\",\"breadcrumb\":{\"@id\":\"https:\/\/inspireashop.com\/fi\/#breadcrumb\"},\"inLanguage\":\"fi\",\"potentialAction\":[{\"@type\":\"ReadAction\",\"target\":[\"https:\/\/inspireashop.com\/fi\/\"]}]},{\"@type\":\"BreadcrumbList\",\"@id\":\"https:\/\/inspireashop.com\/fi\/#breadcrumb\",\"itemListElement\":[{\"@type\":\"ListItem\",\"position\":1,\"name\":\"Home\",\"item\":\"https:\/\/inspireashop.com\/fi\/\"},{\"@type\":\"ListItem\",\"position\":2,\"name\":\"Etusivu\"}]},{\"@type\":\"WebSite\",\"@id\":\"https:\/\/inspireashop.com\/fi\/#website\",\"url\":\"https:\/\/inspireashop.com\/fi\/\",\"name\":\"Inspirea shop\",\"description\":\"Everything nice\",\"publisher\":{\"@id\":\"https:\/\/inspireashop.com\/fi\/#organization\"},\"potentialAction\":[{\"@type\":\"SearchAction\",\"target\":{\"@type\":\"EntryPoint\",\"urlTemplate\":\"https:\/\/inspireashop.com\/fi\/?s={search_term_string}\"},\"query-input\":{\"@type\":\"PropertyValueSpecification\",\"valueRequired\":true,\"valueName\":\"search_term_string\"}}],\"inLanguage\":\"fi\"},{\"@type\":\"Organization\",\"@id\":\"https:\/\/inspireashop.com\/fi\/#organization\",\"name\":\"Inspirea shop\",\"url\":\"https:\/\/inspireashop.com\/fi\/\",\"logo\":{\"@type\":\"ImageObject\",\"inLanguage\":\"fi\",\"@id\":\"https:\/\/inspireashop.com\/fi\/#\/schema\/logo\/image\/\",\"url\":\"https:\/\/inspireashop.com\/wp-content\/uploads\/2025\/01\/inspirea-shoplogo.png\",\"contentUrl\":\"https:\/\/inspireashop.com\/wp-content\/uploads\/2025\/01\/inspirea-shoplogo.png\",\"width\":400,\"height\":72,\"caption\":\"Inspirea shop\"},\"image\":{\"@id\":\"https:\/\/inspireashop.com\/fi\/#\/schema\/logo\/image\/\"}}]}<\/script>\n<!-- \/ Yoast SEO plugin. -->","yoast_head_json":{"title":"Etusivu | Inspirea shop","robots":{"index":"index","follow":"follow","max-snippet":"max-snippet:-1","max-image-preview":"max-image-preview:large","max-video-preview":"max-video-preview:-1"},"canonical":"https:\/\/inspireashop.com\/fi\/","og_locale":"fi_FI","og_type":"article","og_title":"Etusivu | Inspirea shop","og_description":"Lapsi kehitt\u00e4\u00e4 leikin kautta kognitiivisia taitoja, luovuutta, loogista ajattelua, hienomotoriikkaa ja ongelmanratkaisukyky\u00e4. Hauskoja teht\u00e4vi\u00e4, jotka kehitt\u00e4v\u00e4t lapsen ajattelua, mielikuvitusta ja logiikkaa leikin avullaItse teht\u00e4vien ratkaiseminen vahvistaa itseluottamusta ja oppimisen iloa.Varhaiset aktiviteetit ovat ratkaisevan t\u00e4rkeit\u00e4 lapsen kehitykselle.Lapsi ty\u00f6skentelee itsen\u00e4isesti \u2013 tai yhdess\u00e4 kanssasi, ilman painetta, l\u00e4sn\u00e4ololla.Lapsi kehitt\u00e4\u00e4 hienomotoriikkaa ja keskittymiskyky\u00e4 luontevasti.","og_url":"https:\/\/inspireashop.com\/fi\/","og_site_name":"Inspirea shop","article_modified_time":"2025-10-05T02:30:41+00:00","og_image":[{"width":1080,"height":1080,"url":"https:\/\/inspireashop.com\/wp-content\/uploads\/2025\/01\/Inspirea-shop-fb-logo.jpg","type":"image\/jpeg"}],"twitter_card":"summary_large_image","twitter_misc":{"Arvioitu lukuaika":"5 minuuttia"},"schema":{"@context":"https:\/\/schema.org","@graph":[{"@type":"WebPage","@id":"https:\/\/inspireashop.com\/fi\/","url":"https:\/\/inspireashop.com\/fi\/","name":"Etusivu | Inspirea shop","isPartOf":{"@id":"https:\/\/inspireashop.com\/fi\/#website"},"datePublished":"2025-01-11T14:42:00+00:00","dateModified":"2025-10-05T02:30:41+00:00","breadcrumb":{"@id":"https:\/\/inspireashop.com\/fi\/#breadcrumb"},"inLanguage":"fi","potentialAction":[{"@type":"ReadAction","target":["https:\/\/inspireashop.com\/fi\/"]}]},{"@type":"BreadcrumbList","@id":"https:\/\/inspireashop.com\/fi\/#breadcrumb","itemListElement":[{"@type":"ListItem","position":1,"name":"Home","item":"https:\/\/inspireashop.com\/fi\/"},{"@type":"ListItem","position":2,"name":"Etusivu"}]},{"@type":"WebSite","@id":"https:\/\/inspireashop.com\/fi\/#website","url":"https:\/\/inspireashop.com\/fi\/","name":"Inspirea shop","description":"Everything nice","publisher":{"@id":"https:\/\/inspireashop.com\/fi\/#organization"},"potentialAction":[{"@type":"SearchAction","target":{"@type":"EntryPoint","urlTemplate":"https:\/\/inspireashop.com\/fi\/?s={search_term_string}"},"query-input":{"@type":"PropertyValueSpecification","valueRequired":true,"valueName":"search_term_string"}}],"inLanguage":"fi"},{"@type":"Organization","@id":"https:\/\/inspireashop.com\/fi\/#organization","name":"Inspirea shop","url":"https:\/\/inspireashop.com\/fi\/","logo":{"@type":"ImageObject","inLanguage":"fi","@id":"https:\/\/inspireashop.com\/fi\/#\/schema\/logo\/image\/","url":"https:\/\/inspireashop.com\/wp-content\/uploads\/2025\/01\/inspirea-shoplogo.png","contentUrl":"https:\/\/inspireashop.com\/wp-content\/uploads\/2025\/01\/inspirea-shoplogo.png","width":400,"height":72,"caption":"Inspirea shop"},"image":{"@id":"https:\/\/inspireashop.com\/fi\/#\/schema\/logo\/image\/"}}]}},"_links":{"self":[{"href":"https:\/\/inspireashop.com\/fi\/wp-json\/wp\/v2\/pages\/301","targetHints":{"allow":["GET"]}}],"collection":[{"href":"https:\/\/inspireashop.com\/fi\/wp-json\/wp\/v2\/pages"}],"about":[{"href":"https:\/\/inspireashop.com\/fi\/wp-json\/wp\/v2\/types\/page"}],"author":[{"embeddable":true,"href":"https:\/\/inspireashop.com\/fi\/wp-json\/wp\/v2\/users\/1"}],"replies":[{"embeddable":true,"href":"https:\/\/inspireashop.com\/fi\/wp-json\/wp\/v2\/comments?post=301"}],"version-history":[{"count":3,"href":"https:\/\/inspireashop.com\/fi\/wp-json\/wp\/v2\/pages\/301\/revisions"}],"predecessor-version":[{"id":23357,"href":"https:\/\/inspireashop.com\/fi\/wp-json\/wp\/v2\/pages\/301\/revisions\/23357"}],"wp:attachment":[{"href":"https:\/\/inspireashop.com\/fi\/wp-json\/wp\/v2\/media?parent=301"}],"curies":[{"name":"wp","href":"https:\/\/api.w.org\/{rel}","templated":true}]}}