{"id":2980,"date":"2025-02-01T06:21:59","date_gmt":"2025-02-01T06:21:59","guid":{"rendered":"https:\/\/inspireashop.com\/shop\/varilliset-markkerit\/"},"modified":"2025-11-18T08:51:48","modified_gmt":"2025-11-18T08:51:48","slug":"varilliset-markkerit","status":"publish","type":"product","link":"https:\/\/inspireashop.com\/fi\/tuote\/varilliset-markkerit\/","title":{"rendered":"7 pyyhitt\u00e4v\u00e4\u00e4 tussia harjoituskirjaan"},"content":{"rendered":"","protected":false},"excerpt":{"rendered":"","protected":false},"featured_media":23338,"comment_status":"open","ping_status":"closed","template":"","meta":{"_acf_changed":false,"_et_pb_use_builder":"","_et_pb_old_content":"","_et_gb_content_width":""},"product_brand":[],"product_cat":[82],"product_tag":[],"class_list":{"0":"post-2980","1":"product","2":"type-product","3":"status-publish","4":"has-post-thumbnail","6":"product_cat-upsell-fi","8":"first","9":"instock","10":"taxable","11":"shipping-taxable","12":"purchasable","13":"product-type-simple"},"acf":[],"yoast_head":"<!-- This site is optimized with the Yoast SEO plugin v27.5 - https:\/\/yoast.com\/product\/yoast-seo-wordpress\/ -->\n<title>7 pyyhitt\u00e4v\u00e4\u00e4 tussia harjoituskirjaan | Inspirea shop<\/title>\n<meta name=\"robots\" content=\"index, follow, max-snippet:-1, max-image-preview:large, max-video-preview:-1\" \/>\n<link rel=\"canonical\" href=\"https:\/\/inspireashop.com\/fi\/tuote\/varilliset-markkerit\/\" \/>\n<meta property=\"og:locale\" content=\"fi_FI\" \/>\n<meta property=\"og:type\" content=\"article\" \/>\n<meta property=\"og:title\" content=\"7 pyyhitt\u00e4v\u00e4\u00e4 tussia harjoituskirjaan | Inspirea shop\" \/>\n<meta property=\"og:url\" content=\"https:\/\/inspireashop.com\/fi\/tuote\/varilliset-markkerit\/\" \/>\n<meta property=\"og:site_name\" content=\"Inspirea shop\" \/>\n<meta property=\"article:modified_time\" content=\"2025-11-18T08:51:48+00:00\" \/>\n<meta property=\"og:image\" content=\"https:\/\/inspireashop.com\/wp-content\/uploads\/2025\/02\/markers-1.jpeg\" \/>\n\t<meta property=\"og:image:width\" content=\"1280\" \/>\n\t<meta property=\"og:image:height\" content=\"1280\" \/>\n\t<meta property=\"og:image:type\" content=\"image\/jpeg\" \/>\n<meta name=\"twitter:card\" content=\"summary_large_image\" \/>\n<meta name=\"twitter:label1\" content=\"Arvioitu lukuaika\" \/>\n\t<meta name=\"twitter:data1\" content=\"1 minuutti\" \/>\n<script type=\"application\/ld+json\" class=\"yoast-schema-graph\">{\"@context\":\"https:\\\/\\\/schema.org\",\"@graph\":[{\"@type\":\"WebPage\",\"@id\":\"https:\\\/\\\/inspireashop.com\\\/fi\\\/tuote\\\/varilliset-markkerit\\\/\",\"url\":\"https:\\\/\\\/inspireashop.com\\\/fi\\\/tuote\\\/varilliset-markkerit\\\/\",\"name\":\"7 pyyhitt\u00e4v\u00e4\u00e4 tussia harjoituskirjaan | Inspirea shop\",\"isPartOf\":{\"@id\":\"https:\\\/\\\/inspireashop.com\\\/fi\\\/#website\"},\"primaryImageOfPage\":{\"@id\":\"https:\\\/\\\/inspireashop.com\\\/fi\\\/tuote\\\/varilliset-markkerit\\\/#primaryimage\"},\"image\":{\"@id\":\"https:\\\/\\\/inspireashop.com\\\/fi\\\/tuote\\\/varilliset-markkerit\\\/#primaryimage\"},\"thumbnailUrl\":\"https:\\\/\\\/inspireashop.com\\\/wp-content\\\/uploads\\\/2025\\\/02\\\/markers-1.jpeg\",\"datePublished\":\"2025-02-01T06:21:59+00:00\",\"dateModified\":\"2025-11-18T08:51:48+00:00\",\"breadcrumb\":{\"@id\":\"https:\\\/\\\/inspireashop.com\\\/fi\\\/tuote\\\/varilliset-markkerit\\\/#breadcrumb\"},\"inLanguage\":\"fi\",\"potentialAction\":[{\"@type\":\"ReadAction\",\"target\":[\"https:\\\/\\\/inspireashop.com\\\/fi\\\/tuote\\\/varilliset-markkerit\\\/\"]}]},{\"@type\":\"ImageObject\",\"inLanguage\":\"fi\",\"@id\":\"https:\\\/\\\/inspireashop.com\\\/fi\\\/tuote\\\/varilliset-markkerit\\\/#primaryimage\",\"url\":\"https:\\\/\\\/inspireashop.com\\\/wp-content\\\/uploads\\\/2025\\\/02\\\/markers-1.jpeg\",\"contentUrl\":\"https:\\\/\\\/inspireashop.com\\\/wp-content\\\/uploads\\\/2025\\\/02\\\/markers-1.jpeg\",\"width\":1280,\"height\":1280},{\"@type\":\"BreadcrumbList\",\"@id\":\"https:\\\/\\\/inspireashop.com\\\/fi\\\/tuote\\\/varilliset-markkerit\\\/#breadcrumb\",\"itemListElement\":[{\"@type\":\"ListItem\",\"position\":1,\"name\":\"Home\",\"item\":\"https:\\\/\\\/inspireashop.com\\\/fi\\\/\"},{\"@type\":\"ListItem\",\"position\":2,\"name\":\"Verkkokauppa\",\"item\":\"https:\\\/\\\/inspireashop.com\\\/fi\\\/verkkokauppa\\\/\"},{\"@type\":\"ListItem\",\"position\":3,\"name\":\"7 pyyhitt\u00e4v\u00e4\u00e4 tussia harjoituskirjaan\"}]},{\"@type\":\"WebSite\",\"@id\":\"https:\\\/\\\/inspireashop.com\\\/fi\\\/#website\",\"url\":\"https:\\\/\\\/inspireashop.com\\\/fi\\\/\",\"name\":\"Inspirea shop\",\"description\":\"Everything nice\",\"publisher\":{\"@id\":\"https:\\\/\\\/inspireashop.com\\\/fi\\\/#organization\"},\"potentialAction\":[{\"@type\":\"SearchAction\",\"target\":{\"@type\":\"EntryPoint\",\"urlTemplate\":\"https:\\\/\\\/inspireashop.com\\\/fi\\\/?s={search_term_string}\"},\"query-input\":{\"@type\":\"PropertyValueSpecification\",\"valueRequired\":true,\"valueName\":\"search_term_string\"}}],\"inLanguage\":\"fi\"},{\"@type\":\"Organization\",\"@id\":\"https:\\\/\\\/inspireashop.com\\\/fi\\\/#organization\",\"name\":\"Inspirea shop\",\"url\":\"https:\\\/\\\/inspireashop.com\\\/fi\\\/\",\"logo\":{\"@type\":\"ImageObject\",\"inLanguage\":\"fi\",\"@id\":\"https:\\\/\\\/inspireashop.com\\\/fi\\\/#\\\/schema\\\/logo\\\/image\\\/\",\"url\":\"https:\\\/\\\/inspireashop.com\\\/wp-content\\\/uploads\\\/2025\\\/01\\\/inspirea-shoplogo.png\",\"contentUrl\":\"https:\\\/\\\/inspireashop.com\\\/wp-content\\\/uploads\\\/2025\\\/01\\\/inspirea-shoplogo.png\",\"width\":400,\"height\":72,\"caption\":\"Inspirea shop\"},\"image\":{\"@id\":\"https:\\\/\\\/inspireashop.com\\\/fi\\\/#\\\/schema\\\/logo\\\/image\\\/\"}}]}<\/script>\n<!-- \/ Yoast SEO plugin. -->","yoast_head_json":{"title":"7 pyyhitt\u00e4v\u00e4\u00e4 tussia harjoituskirjaan | Inspirea shop","robots":{"index":"index","follow":"follow","max-snippet":"max-snippet:-1","max-image-preview":"max-image-preview:large","max-video-preview":"max-video-preview:-1"},"canonical":"https:\/\/inspireashop.com\/fi\/tuote\/varilliset-markkerit\/","og_locale":"fi_FI","og_type":"article","og_title":"7 pyyhitt\u00e4v\u00e4\u00e4 tussia harjoituskirjaan | Inspirea shop","og_url":"https:\/\/inspireashop.com\/fi\/tuote\/varilliset-markkerit\/","og_site_name":"Inspirea shop","article_modified_time":"2025-11-18T08:51:48+00:00","og_image":[{"width":1280,"height":1280,"url":"https:\/\/inspireashop.com\/wp-content\/uploads\/2025\/02\/markers-1.jpeg","type":"image\/jpeg"}],"twitter_card":"summary_large_image","twitter_misc":{"Arvioitu lukuaika":"1 minuutti"},"schema":{"@context":"https:\/\/schema.org","@graph":[{"@type":"WebPage","@id":"https:\/\/inspireashop.com\/fi\/tuote\/varilliset-markkerit\/","url":"https:\/\/inspireashop.com\/fi\/tuote\/varilliset-markkerit\/","name":"7 pyyhitt\u00e4v\u00e4\u00e4 tussia harjoituskirjaan | Inspirea shop","isPartOf":{"@id":"https:\/\/inspireashop.com\/fi\/#website"},"primaryImageOfPage":{"@id":"https:\/\/inspireashop.com\/fi\/tuote\/varilliset-markkerit\/#primaryimage"},"image":{"@id":"https:\/\/inspireashop.com\/fi\/tuote\/varilliset-markkerit\/#primaryimage"},"thumbnailUrl":"https:\/\/inspireashop.com\/wp-content\/uploads\/2025\/02\/markers-1.jpeg","datePublished":"2025-02-01T06:21:59+00:00","dateModified":"2025-11-18T08:51:48+00:00","breadcrumb":{"@id":"https:\/\/inspireashop.com\/fi\/tuote\/varilliset-markkerit\/#breadcrumb"},"inLanguage":"fi","potentialAction":[{"@type":"ReadAction","target":["https:\/\/inspireashop.com\/fi\/tuote\/varilliset-markkerit\/"]}]},{"@type":"ImageObject","inLanguage":"fi","@id":"https:\/\/inspireashop.com\/fi\/tuote\/varilliset-markkerit\/#primaryimage","url":"https:\/\/inspireashop.com\/wp-content\/uploads\/2025\/02\/markers-1.jpeg","contentUrl":"https:\/\/inspireashop.com\/wp-content\/uploads\/2025\/02\/markers-1.jpeg","width":1280,"height":1280},{"@type":"BreadcrumbList","@id":"https:\/\/inspireashop.com\/fi\/tuote\/varilliset-markkerit\/#breadcrumb","itemListElement":[{"@type":"ListItem","position":1,"name":"Home","item":"https:\/\/inspireashop.com\/fi\/"},{"@type":"ListItem","position":2,"name":"Verkkokauppa","item":"https:\/\/inspireashop.com\/fi\/verkkokauppa\/"},{"@type":"ListItem","position":3,"name":"7 pyyhitt\u00e4v\u00e4\u00e4 tussia harjoituskirjaan"}]},{"@type":"WebSite","@id":"https:\/\/inspireashop.com\/fi\/#website","url":"https:\/\/inspireashop.com\/fi\/","name":"Inspirea shop","description":"Everything nice","publisher":{"@id":"https:\/\/inspireashop.com\/fi\/#organization"},"potentialAction":[{"@type":"SearchAction","target":{"@type":"EntryPoint","urlTemplate":"https:\/\/inspireashop.com\/fi\/?s={search_term_string}"},"query-input":{"@type":"PropertyValueSpecification","valueRequired":true,"valueName":"search_term_string"}}],"inLanguage":"fi"},{"@type":"Organization","@id":"https:\/\/inspireashop.com\/fi\/#organization","name":"Inspirea shop","url":"https:\/\/inspireashop.com\/fi\/","logo":{"@type":"ImageObject","inLanguage":"fi","@id":"https:\/\/inspireashop.com\/fi\/#\/schema\/logo\/image\/","url":"https:\/\/inspireashop.com\/wp-content\/uploads\/2025\/01\/inspirea-shoplogo.png","contentUrl":"https:\/\/inspireashop.com\/wp-content\/uploads\/2025\/01\/inspirea-shoplogo.png","width":400,"height":72,"caption":"Inspirea shop"},"image":{"@id":"https:\/\/inspireashop.com\/fi\/#\/schema\/logo\/image\/"}}]}},"_links":{"self":[{"href":"https:\/\/inspireashop.com\/fi\/wp-json\/wp\/v2\/product\/2980","targetHints":{"allow":["GET"]}}],"collection":[{"href":"https:\/\/inspireashop.com\/fi\/wp-json\/wp\/v2\/product"}],"about":[{"href":"https:\/\/inspireashop.com\/fi\/wp-json\/wp\/v2\/types\/product"}],"replies":[{"embeddable":true,"href":"https:\/\/inspireashop.com\/fi\/wp-json\/wp\/v2\/comments?post=2980"}],"wp:featuredmedia":[{"embeddable":true,"href":"https:\/\/inspireashop.com\/fi\/wp-json\/wp\/v2\/media\/23338"}],"wp:attachment":[{"href":"https:\/\/inspireashop.com\/fi\/wp-json\/wp\/v2\/media?parent=2980"}],"wp:term":[{"taxonomy":"product_brand","embeddable":true,"href":"https:\/\/inspireashop.com\/fi\/wp-json\/wp\/v2\/product_brand?post=2980"},{"taxonomy":"product_cat","embeddable":true,"href":"https:\/\/inspireashop.com\/fi\/wp-json\/wp\/v2\/product_cat?post=2980"},{"taxonomy":"product_tag","embeddable":true,"href":"https:\/\/inspireashop.com\/fi\/wp-json\/wp\/v2\/product_tag?post=2980"}],"curies":[{"name":"wp","href":"https:\/\/api.w.org\/{rel}","templated":true}]}}