{"id":42767,"date":"2026-03-19T10:21:59","date_gmt":"2026-03-19T10:21:59","guid":{"rendered":"https:\/\/inspireashop.com\/shop\/vodic-za-roditelje-sto-reci-umjesto-vikanja\/"},"modified":"2026-03-19T21:52:11","modified_gmt":"2026-03-19T21:52:11","slug":"vodic-za-roditelje-sto-reci-umjesto-vikanja","status":"publish","type":"product","link":"https:\/\/inspireashop.com\/hr\/proizvod\/vodic-za-roditelje-sto-reci-umjesto-vikanja\/","title":{"rendered":"Vodi\u010d za roditelje: \u0161to re\u0107i umjesto vikanja"},"content":{"rendered":"<h3><b>Kako funkcionira Vodi\u010d za roditelje: \u0161to re\u0107i umjesto vikanja:<\/b><\/h3>\n<p><b>\u2705 TRENUTNI PRISTUP<\/b><b><br \/>\n<\/b><span style=\"font-weight: 400;\">E-knjigu \u0107ete primiti putem e-po\u0161te odmah nakon kupnje.<\/span><\/p>\n<p><b>\ud83d\udda5\ufe0f DIGITALNI PROIZVOD<\/b><b><br \/>\n<\/b><span style=\"font-weight: 400;\">Ispi\u0161ite ili koristite na telefonu. Dizajniran za jednostavno ispisivanje u <\/span><b>A4 ili A5 formatu.<\/b><\/p>\n<p><span style=\"font-weight: 400;\">Ovaj PDF namijenjen je isklju\u010divo u edukativne i informativne svrhe. Ne zamjenjuje profesionalni medicinski, psiholo\u0161ki ili terapeutski savjet, dijagnozu ili lije\u010denje. <\/span><\/p>\n","protected":false},"excerpt":{"rendered":"<p><span style=\"font-weight: 400;\">Nau\u010dite \u0161to re\u0107i:<\/span><\/p>\n<ul>\n<li style=\"font-weight: 400;\" aria-level=\"1\"><span style=\"font-weight: 400;\">EMOCIONALNI ISPADI I SNA\u017dNE EMOCIJE <\/span><\/li>\n<li style=\"font-weight: 400;\" aria-level=\"1\"><span style=\"font-weight: 400;\">DOMA\u0106E ZADA\u0106E I POTE\u0160KO\u0106E S ZADACIMA <\/span><\/li>\n<li style=\"font-weight: 400;\" aria-level=\"1\"><span style=\"font-weight: 400;\">SVAKODNEVNE RUTINE<\/span><\/li>\n<li style=\"font-weight: 400;\" aria-level=\"1\"><span style=\"font-weight: 400;\">IMPULZIVNO PONA\u0160ANJE <\/span><\/li>\n<li style=\"font-weight: 400;\" aria-level=\"1\"><span style=\"font-weight: 400;\">SAMOPOUZDANJE I FRUSTRACIJA<\/span><\/li>\n<\/ul>\n","protected":false},"featured_media":43300,"comment_status":"open","ping_status":"closed","template":"","meta":{"_acf_changed":false,"_et_pb_use_builder":"","_et_pb_old_content":"","_et_gb_content_width":""},"product_brand":[],"product_cat":[117],"product_tag":[],"class_list":{"0":"post-42767","1":"product","2":"type-product","3":"status-publish","4":"has-post-thumbnail","6":"product_cat-pdf-hr","8":"first","9":"instock","10":"downloadable","11":"virtual","12":"taxable","13":"purchasable","14":"product-type-simple"},"acf":[],"yoast_head":"<!-- This site is optimized with the Yoast SEO plugin v27.5 - https:\/\/yoast.com\/product\/yoast-seo-wordpress\/ -->\n<title>Vodi\u010d za roditelje: \u0161to re\u0107i umjesto vikanja | Inspirea shop<\/title>\n<meta name=\"description\" content=\"Otkrijte \u0161to re\u0107i umjesto vikanja na dijete. Prakti\u010dan vodi\u010d s primjerima kako mirno i sigurno upravljati emocijama.\" \/>\n<meta name=\"robots\" content=\"index, follow, max-snippet:-1, max-image-preview:large, max-video-preview:-1\" \/>\n<link rel=\"canonical\" href=\"https:\/\/inspireashop.com\/hr\/proizvod\/vodic-za-roditelje-sto-reci-umjesto-vikanja\/\" \/>\n<meta property=\"og:locale\" content=\"hr_HR\" \/>\n<meta property=\"og:type\" content=\"article\" \/>\n<meta property=\"og:title\" content=\"Vodi\u010d za roditelje: \u0161to re\u0107i umjesto vikanja | Inspirea shop\" \/>\n<meta property=\"og:description\" content=\"Otkrijte \u0161to re\u0107i umjesto vikanja na dijete. Prakti\u010dan vodi\u010d s primjerima kako mirno i sigurno upravljati emocijama.\" \/>\n<meta property=\"og:url\" content=\"https:\/\/inspireashop.com\/hr\/proizvod\/vodic-za-roditelje-sto-reci-umjesto-vikanja\/\" \/>\n<meta property=\"og:site_name\" content=\"Inspirea shop\" \/>\n<meta property=\"article:modified_time\" content=\"2026-03-19T21:52:11+00:00\" \/>\n<meta property=\"og:image\" content=\"https:\/\/inspireashop.com\/wp-content\/uploads\/2026\/03\/HR-ADHD-UPSELL-1.jpg\" \/>\n\t<meta property=\"og:image:width\" content=\"1080\" \/>\n\t<meta property=\"og:image:height\" content=\"1080\" \/>\n\t<meta property=\"og:image:type\" content=\"image\/jpeg\" \/>\n<meta name=\"twitter:card\" content=\"summary_large_image\" \/>\n<meta name=\"twitter:label1\" content=\"Procijenjeno vrijeme \u010ditanja\" \/>\n\t<meta name=\"twitter:data1\" content=\"1 minuta\" \/>\n<script type=\"application\/ld+json\" class=\"yoast-schema-graph\">{\"@context\":\"https:\\\/\\\/schema.org\",\"@graph\":[{\"@type\":\"WebPage\",\"@id\":\"https:\\\/\\\/inspireashop.com\\\/hr\\\/proizvod\\\/vodic-za-roditelje-sto-reci-umjesto-vikanja\\\/\",\"url\":\"https:\\\/\\\/inspireashop.com\\\/hr\\\/proizvod\\\/vodic-za-roditelje-sto-reci-umjesto-vikanja\\\/\",\"name\":\"Vodi\u010d za roditelje: \u0161to re\u0107i umjesto vikanja | Inspirea shop\",\"isPartOf\":{\"@id\":\"https:\\\/\\\/inspireashop.com\\\/hr\\\/#website\"},\"primaryImageOfPage\":{\"@id\":\"https:\\\/\\\/inspireashop.com\\\/hr\\\/proizvod\\\/vodic-za-roditelje-sto-reci-umjesto-vikanja\\\/#primaryimage\"},\"image\":{\"@id\":\"https:\\\/\\\/inspireashop.com\\\/hr\\\/proizvod\\\/vodic-za-roditelje-sto-reci-umjesto-vikanja\\\/#primaryimage\"},\"thumbnailUrl\":\"https:\\\/\\\/inspireashop.com\\\/wp-content\\\/uploads\\\/2026\\\/03\\\/HR-ADHD-UPSELL-1.jpg\",\"datePublished\":\"2026-03-19T10:21:59+00:00\",\"dateModified\":\"2026-03-19T21:52:11+00:00\",\"description\":\"Otkrijte \u0161to re\u0107i umjesto vikanja na dijete. Prakti\u010dan vodi\u010d s primjerima kako mirno i sigurno upravljati emocijama.\",\"breadcrumb\":{\"@id\":\"https:\\\/\\\/inspireashop.com\\\/hr\\\/proizvod\\\/vodic-za-roditelje-sto-reci-umjesto-vikanja\\\/#breadcrumb\"},\"inLanguage\":\"hr\",\"potentialAction\":[{\"@type\":\"ReadAction\",\"target\":[\"https:\\\/\\\/inspireashop.com\\\/hr\\\/proizvod\\\/vodic-za-roditelje-sto-reci-umjesto-vikanja\\\/\"]}]},{\"@type\":\"ImageObject\",\"inLanguage\":\"hr\",\"@id\":\"https:\\\/\\\/inspireashop.com\\\/hr\\\/proizvod\\\/vodic-za-roditelje-sto-reci-umjesto-vikanja\\\/#primaryimage\",\"url\":\"https:\\\/\\\/inspireashop.com\\\/wp-content\\\/uploads\\\/2026\\\/03\\\/HR-ADHD-UPSELL-1.jpg\",\"contentUrl\":\"https:\\\/\\\/inspireashop.com\\\/wp-content\\\/uploads\\\/2026\\\/03\\\/HR-ADHD-UPSELL-1.jpg\",\"width\":1080,\"height\":1080,\"caption\":\"Vodi\u010d za roditelje: \u0161to re\u0107i umjesto vikanja na dijete\"},{\"@type\":\"BreadcrumbList\",\"@id\":\"https:\\\/\\\/inspireashop.com\\\/hr\\\/proizvod\\\/vodic-za-roditelje-sto-reci-umjesto-vikanja\\\/#breadcrumb\",\"itemListElement\":[{\"@type\":\"ListItem\",\"position\":1,\"name\":\"Home\",\"item\":\"https:\\\/\\\/inspireashop.com\\\/hr\\\/\"},{\"@type\":\"ListItem\",\"position\":2,\"name\":\"Trgovina\",\"item\":\"https:\\\/\\\/inspireashop.com\\\/hr\\\/trgovina\\\/\"},{\"@type\":\"ListItem\",\"position\":3,\"name\":\"Vodi\u010d za roditelje: \u0161to re\u0107i umjesto vikanja\"}]},{\"@type\":\"WebSite\",\"@id\":\"https:\\\/\\\/inspireashop.com\\\/hr\\\/#website\",\"url\":\"https:\\\/\\\/inspireashop.com\\\/hr\\\/\",\"name\":\"Inspirea shop\",\"description\":\"Everything nice\",\"publisher\":{\"@id\":\"https:\\\/\\\/inspireashop.com\\\/hr\\\/#organization\"},\"potentialAction\":[{\"@type\":\"SearchAction\",\"target\":{\"@type\":\"EntryPoint\",\"urlTemplate\":\"https:\\\/\\\/inspireashop.com\\\/hr\\\/?s={search_term_string}\"},\"query-input\":{\"@type\":\"PropertyValueSpecification\",\"valueRequired\":true,\"valueName\":\"search_term_string\"}}],\"inLanguage\":\"hr\"},{\"@type\":\"Organization\",\"@id\":\"https:\\\/\\\/inspireashop.com\\\/hr\\\/#organization\",\"name\":\"Inspirea shop\",\"url\":\"https:\\\/\\\/inspireashop.com\\\/hr\\\/\",\"logo\":{\"@type\":\"ImageObject\",\"inLanguage\":\"hr\",\"@id\":\"https:\\\/\\\/inspireashop.com\\\/hr\\\/#\\\/schema\\\/logo\\\/image\\\/\",\"url\":\"https:\\\/\\\/inspireashop.com\\\/wp-content\\\/uploads\\\/2025\\\/01\\\/inspirea-shoplogo.png\",\"contentUrl\":\"https:\\\/\\\/inspireashop.com\\\/wp-content\\\/uploads\\\/2025\\\/01\\\/inspirea-shoplogo.png\",\"width\":400,\"height\":72,\"caption\":\"Inspirea shop\"},\"image\":{\"@id\":\"https:\\\/\\\/inspireashop.com\\\/hr\\\/#\\\/schema\\\/logo\\\/image\\\/\"}}]}<\/script>\n<!-- \/ Yoast SEO plugin. -->","yoast_head_json":{"title":"Vodi\u010d za roditelje: \u0161to re\u0107i umjesto vikanja | Inspirea shop","description":"Otkrijte \u0161to re\u0107i umjesto vikanja na dijete. Prakti\u010dan vodi\u010d s primjerima kako mirno i sigurno upravljati emocijama.","robots":{"index":"index","follow":"follow","max-snippet":"max-snippet:-1","max-image-preview":"max-image-preview:large","max-video-preview":"max-video-preview:-1"},"canonical":"https:\/\/inspireashop.com\/hr\/proizvod\/vodic-za-roditelje-sto-reci-umjesto-vikanja\/","og_locale":"hr_HR","og_type":"article","og_title":"Vodi\u010d za roditelje: \u0161to re\u0107i umjesto vikanja | Inspirea shop","og_description":"Otkrijte \u0161to re\u0107i umjesto vikanja na dijete. Prakti\u010dan vodi\u010d s primjerima kako mirno i sigurno upravljati emocijama.","og_url":"https:\/\/inspireashop.com\/hr\/proizvod\/vodic-za-roditelje-sto-reci-umjesto-vikanja\/","og_site_name":"Inspirea shop","article_modified_time":"2026-03-19T21:52:11+00:00","og_image":[{"width":1080,"height":1080,"url":"https:\/\/inspireashop.com\/wp-content\/uploads\/2026\/03\/HR-ADHD-UPSELL-1.jpg","type":"image\/jpeg"}],"twitter_card":"summary_large_image","twitter_misc":{"Procijenjeno vrijeme \u010ditanja":"1 minuta"},"schema":{"@context":"https:\/\/schema.org","@graph":[{"@type":"WebPage","@id":"https:\/\/inspireashop.com\/hr\/proizvod\/vodic-za-roditelje-sto-reci-umjesto-vikanja\/","url":"https:\/\/inspireashop.com\/hr\/proizvod\/vodic-za-roditelje-sto-reci-umjesto-vikanja\/","name":"Vodi\u010d za roditelje: \u0161to re\u0107i umjesto vikanja | Inspirea shop","isPartOf":{"@id":"https:\/\/inspireashop.com\/hr\/#website"},"primaryImageOfPage":{"@id":"https:\/\/inspireashop.com\/hr\/proizvod\/vodic-za-roditelje-sto-reci-umjesto-vikanja\/#primaryimage"},"image":{"@id":"https:\/\/inspireashop.com\/hr\/proizvod\/vodic-za-roditelje-sto-reci-umjesto-vikanja\/#primaryimage"},"thumbnailUrl":"https:\/\/inspireashop.com\/wp-content\/uploads\/2026\/03\/HR-ADHD-UPSELL-1.jpg","datePublished":"2026-03-19T10:21:59+00:00","dateModified":"2026-03-19T21:52:11+00:00","description":"Otkrijte \u0161to re\u0107i umjesto vikanja na dijete. Prakti\u010dan vodi\u010d s primjerima kako mirno i sigurno upravljati emocijama.","breadcrumb":{"@id":"https:\/\/inspireashop.com\/hr\/proizvod\/vodic-za-roditelje-sto-reci-umjesto-vikanja\/#breadcrumb"},"inLanguage":"hr","potentialAction":[{"@type":"ReadAction","target":["https:\/\/inspireashop.com\/hr\/proizvod\/vodic-za-roditelje-sto-reci-umjesto-vikanja\/"]}]},{"@type":"ImageObject","inLanguage":"hr","@id":"https:\/\/inspireashop.com\/hr\/proizvod\/vodic-za-roditelje-sto-reci-umjesto-vikanja\/#primaryimage","url":"https:\/\/inspireashop.com\/wp-content\/uploads\/2026\/03\/HR-ADHD-UPSELL-1.jpg","contentUrl":"https:\/\/inspireashop.com\/wp-content\/uploads\/2026\/03\/HR-ADHD-UPSELL-1.jpg","width":1080,"height":1080,"caption":"Vodi\u010d za roditelje: \u0161to re\u0107i umjesto vikanja na dijete"},{"@type":"BreadcrumbList","@id":"https:\/\/inspireashop.com\/hr\/proizvod\/vodic-za-roditelje-sto-reci-umjesto-vikanja\/#breadcrumb","itemListElement":[{"@type":"ListItem","position":1,"name":"Home","item":"https:\/\/inspireashop.com\/hr\/"},{"@type":"ListItem","position":2,"name":"Trgovina","item":"https:\/\/inspireashop.com\/hr\/trgovina\/"},{"@type":"ListItem","position":3,"name":"Vodi\u010d za roditelje: \u0161to re\u0107i umjesto vikanja"}]},{"@type":"WebSite","@id":"https:\/\/inspireashop.com\/hr\/#website","url":"https:\/\/inspireashop.com\/hr\/","name":"Inspirea shop","description":"Everything nice","publisher":{"@id":"https:\/\/inspireashop.com\/hr\/#organization"},"potentialAction":[{"@type":"SearchAction","target":{"@type":"EntryPoint","urlTemplate":"https:\/\/inspireashop.com\/hr\/?s={search_term_string}"},"query-input":{"@type":"PropertyValueSpecification","valueRequired":true,"valueName":"search_term_string"}}],"inLanguage":"hr"},{"@type":"Organization","@id":"https:\/\/inspireashop.com\/hr\/#organization","name":"Inspirea shop","url":"https:\/\/inspireashop.com\/hr\/","logo":{"@type":"ImageObject","inLanguage":"hr","@id":"https:\/\/inspireashop.com\/hr\/#\/schema\/logo\/image\/","url":"https:\/\/inspireashop.com\/wp-content\/uploads\/2025\/01\/inspirea-shoplogo.png","contentUrl":"https:\/\/inspireashop.com\/wp-content\/uploads\/2025\/01\/inspirea-shoplogo.png","width":400,"height":72,"caption":"Inspirea shop"},"image":{"@id":"https:\/\/inspireashop.com\/hr\/#\/schema\/logo\/image\/"}}]}},"_links":{"self":[{"href":"https:\/\/inspireashop.com\/hr\/wp-json\/wp\/v2\/product\/42767","targetHints":{"allow":["GET"]}}],"collection":[{"href":"https:\/\/inspireashop.com\/hr\/wp-json\/wp\/v2\/product"}],"about":[{"href":"https:\/\/inspireashop.com\/hr\/wp-json\/wp\/v2\/types\/product"}],"replies":[{"embeddable":true,"href":"https:\/\/inspireashop.com\/hr\/wp-json\/wp\/v2\/comments?post=42767"}],"wp:featuredmedia":[{"embeddable":true,"href":"https:\/\/inspireashop.com\/hr\/wp-json\/wp\/v2\/media\/43300"}],"wp:attachment":[{"href":"https:\/\/inspireashop.com\/hr\/wp-json\/wp\/v2\/media?parent=42767"}],"wp:term":[{"taxonomy":"product_brand","embeddable":true,"href":"https:\/\/inspireashop.com\/hr\/wp-json\/wp\/v2\/product_brand?post=42767"},{"taxonomy":"product_cat","embeddable":true,"href":"https:\/\/inspireashop.com\/hr\/wp-json\/wp\/v2\/product_cat?post=42767"},{"taxonomy":"product_tag","embeddable":true,"href":"https:\/\/inspireashop.com\/hr\/wp-json\/wp\/v2\/product_tag?post=42767"}],"curies":[{"name":"wp","href":"https:\/\/api.w.org\/{rel}","templated":true}]}}