{"id":8451,"date":"2025-06-04T07:36:35","date_gmt":"2025-06-04T07:36:35","guid":{"rendered":"https:\/\/inspireashop.com\/?post_type=product&#038;p=8451"},"modified":"2026-03-12T09:24:41","modified_gmt":"2026-03-12T09:24:41","slug":"mega-paket-za-ucenje-kroz-igru-pisana-slova-anagrami-razlike-spajanje-slova-i-spajanje-tockica-pdf-110-stranica","status":"publish","type":"product","link":"https:\/\/inspireashop.com\/hr\/proizvod\/mega-paket-za-ucenje-kroz-igru-pisana-slova-anagrami-razlike-spajanje-slova-i-spajanje-tockica-pdf-110-stranica\/","title":{"rendered":"Dje\u010dji misaoni paket: hrvatska abeceda \u2013 pisana slova, osmosmjerke, zagonetke, prona\u0111i razlike i spoji to\u010dkice (PDF\u2013140 stranica)"},"content":{"rendered":"<h3><b>Kako funkcionira paket: Hrvatska pisana slova, anagrami, razlike, spajanje slova i to\u010dkica ?<\/b><\/h3>\n<p><span style=\"font-weight: 400;\">\u2705 <\/span><strong>TRENUTNI PRISTUP<\/strong><span style=\"font-weight: 400;\"> \u2013 Odmah nakon kupnje i pla\u0107anja sadr\u017eaj dolazi na va\u0161 email.<br \/>\n<\/span><span style=\"font-weight: 400;\">\ud83d\udda5\ufe0f <\/span><strong>DIGITALNI PROIZVOD<\/strong><span style=\"font-weight: 400;\"> \u2013 Mo\u017eete ga ispisivati ili koristiti na tabletu. Pogodno za printanje u A4 ili A5 formatu.<\/span><span style=\"font-weight: 400;\"><br \/>\n<\/span><span style=\"font-weight: 400;\">\u267e\ufe0f <\/span><strong>NEOGRANI\u010cENO KORI\u0160TENJE<\/strong><span style=\"font-weight: 400;\"> \u2013 Materijale mo\u017eete printati neograni\u010deno puta.<\/span><\/p>\n<p><span style=\"font-weight: 400;\">\ud83c\udf81 <\/span><b>POKLON<\/b><span style=\"font-weight: 400;\">: Uz kupnju dobivate besplatno 100 stranica bojanki.<\/span><\/p>\n<blockquote><p><b>POGLEDAJTE I OVO: <\/b><a href=\"https:\/\/inspireashop.com\/hr\/proizvod\/matematika-za-djecu-logika-brojanje-uzorci\/\">Zabavne matemati\u010dke aktivnosti: logika, brojanje, uzorci (PDF\u2013140 stranica)<\/a><\/p><\/blockquote>\n<p>&nbsp;<\/p>\n<h3><b>\u0160to ka\u017eu roditelji?<\/b><\/h3>\n<p><span style=\"font-weight: 400;\">\u2b50\ufe0f\u2b50\ufe0f\u2b50\ufe0f\u2b50\ufe0f\u2b50\ufe0f Odli\u010dan sadr\u017eaj! PDF je lijepo dizajniran, jednostavan za ispis i prakti\u010dan za kori\u0161tenje na tabletu. Dobila sam ga odmah nakon kupnje i odmah smo po\u010deli rje\u0161avati hrvatska pisana slova.<br \/>\n<img decoding=\"async\" class=\"alignnone size-medium wp-image-10515\" src=\"https:\/\/inspireashop.com\/wp-content\/uploads\/2025\/06\/hrvatska-pisana-slova-krizaljke-zagonetke-anagrami-REVIEW-1_NEW-300x300.webp\" alt=\"hrvatska pisana slova, kriz\u030caljke, zagonetke, anagrami\" width=\"300\" height=\"300\" \/><br \/>\n<\/span><\/p>\n<p><span style=\"font-weight: 400;\">\u2b50\ufe0f\u2b50\ufe0f\u2b50\ufe0f\u2b50\ufe0f\u2b50\ufe0f Izvrstan paket! Moj sin s veseljem rje\u0161ava zadatke i usput u\u010di nove rije\u010di. Odli\u010dno pripremljeno!<br \/>\n<img decoding=\"async\" class=\"alignnone size-medium wp-image-8464\" src=\"https:\/\/inspireashop.com\/wp-content\/uploads\/2025\/06\/pisana-slova-anagrami-REVIEW-2-300x300.jpg\" alt=\"\" width=\"300\" height=\"300\" \/><br \/>\n<\/span><\/p>\n<p><span style=\"font-weight: 400;\">\u2b50\ufe0f\u2b50\ufe0f\u2b50\ufe0f\u2b50\ufe0f\u2b50\ufe0f Napokon ne\u0161to \u0161to nije samo bojanje &#8211; ve\u0107 poti\u010de razmi\u0161ljanje i finu motoriku. Preporu\u010dujem!<br \/>\n<img decoding=\"async\" class=\"alignnone size-medium wp-image-8476\" src=\"https:\/\/inspireashop.com\/wp-content\/uploads\/2025\/06\/pisana-slova-anagrami-REVIEW-3-300x300.jpg\" alt=\"\" width=\"300\" height=\"300\" \/><br \/>\n<\/span><\/p>\n<p><span style=\"font-weight: 400;\">\u2b50\ufe0f\u2b50\ufe0f\u2b50\ufe0f\u2b50\ufe0f\u2b50\ufe0f \u0160tedi puno vremena. Sve je na jednom mjestu &#8211; kvalitetni i zabavni zadaci koje mogu ispisati kad god po\u017eelim.<br \/>\n<img decoding=\"async\" class=\"alignnone size-medium wp-image-8488\" src=\"https:\/\/inspireashop.com\/wp-content\/uploads\/2025\/06\/pisana-slova-anagrami-REVIEW-4-300x300.jpg\" alt=\"\" width=\"300\" height=\"300\" \/><br \/>\n<\/span><\/p>\n<p><span style=\"font-weight: 400;\">\u2b50\ufe0f\u2b50\ufe0f\u2b50\ufe0f\u2b50\ufe0f\u2b50\ufe0f Kvalitetno, zabavno i edukativno!<br \/>\n<img decoding=\"async\" class=\"alignnone size-medium wp-image-8500\" src=\"https:\/\/inspireashop.com\/wp-content\/uploads\/2025\/06\/pisana-slova-anagrami-REVIEW-5-300x300.jpg\" alt=\"\" width=\"300\" height=\"300\" \/><br \/>\n<\/span><\/p>\n<p><span style=\"font-weight: 400;\">\u2b50\ufe0f\u2b50\ufe0f\u2b50\ufe0f\u2b50\ufe0f\u2b50\ufe0f Idealno za djecu koja se te\u0161ko koncentriraju. Moj sin ima problema s fokusom, ali ovi su ga zadaci zaista zainteresirali.<br \/>\n<img decoding=\"async\" class=\"alignnone size-medium wp-image-8452\" src=\"https:\/\/inspireashop.com\/wp-content\/uploads\/2025\/06\/pisana-slova-anagrami-REVIEW-1-300x300.jpg\" alt=\"\" width=\"300\" height=\"300\" \/><br \/>\n<\/span><\/p>\n<p><span style=\"font-weight: 400;\">\u2b50\ufe0f\u2b50\ufe0f\u2b50\ufe0f\u2b50\ufe0f\u2b50\ufe0f Koristimo ga kao pripremu za \u0161kolu i vidim da je to najbolji na\u010din da djeca kroz igru usvoje osnove.<\/span><\/p>\n<p><span style=\"font-weight: 400;\">\u2b50\ufe0f\u2b50\ufe0f\u2b50\ufe0f\u2b50\ufe0f\u2b50\ufe0f Vi\u0161e nam nikada ne ponestane ideja za edukativne aktivnosti.<\/span><\/p>\n<p>&nbsp;<\/p>\n","protected":false},"excerpt":{"rendered":"<p><img decoding=\"async\" class=\"alignnone wp-image-10528 size-large\" src=\"https:\/\/inspireashop.com\/wp-content\/uploads\/2025\/06\/hrvatska-pisana-slova-krizaljke-zagonetke-anagrami-mt1-1024x1024.webp\" alt=\"hrvatska pisana slova, kriz\u030caljke, zagonetke, anagrami\" width=\"1024\" height=\"1024\" srcset=\"https:\/\/inspireashop.com\/wp-content\/uploads\/2025\/06\/hrvatska-pisana-slova-krizaljke-zagonetke-anagrami-mt1-1024x1024.webp 1024w, https:\/\/inspireashop.com\/wp-content\/uploads\/2025\/06\/hrvatska-pisana-slova-krizaljke-zagonetke-anagrami-mt1-980x980.webp 980w, https:\/\/inspireashop.com\/wp-content\/uploads\/2025\/06\/hrvatska-pisana-slova-krizaljke-zagonetke-anagrami-mt1-480x480.webp 480w\" sizes=\"(min-width: 0px) and (max-width: 480px) 480px, (min-width: 481px) and (max-width: 980px) 980px, (min-width: 981px) 1024px, 100vw\" \/><\/p>\n<p><span style=\"font-weight: 400;\">\ud83d\udda5\ufe0f<\/span> <strong>Ovaj je proizvod dostupan u digitalnom obliku.<\/strong><span style=\"font-weight: 400;\"> Fizi\u010dki proizvod ne primate.<br \/>\n<\/span><span style=\"font-weight: 400;\">\ud83d\udce9 Odmah nakon pla\u0107anja, sadr\u017eaj sti\u017ee na va\u0161u e-mail adresu.<br \/>\n<\/span><span style=\"font-weight: 400;\">\ud83d\udda8\ufe0f Ispi\u0161ite radne listove ili koristite edukativni paket na tabletu.<\/span><\/p>\n<p><img decoding=\"async\" class=\"alignnone wp-image-10541 size-large\" src=\"https:\/\/inspireashop.com\/wp-content\/uploads\/2025\/06\/hrvatska-pisana-slova-krizaljke-zagonetke-anagrami-mt2-1024x1024.webp\" alt=\"hrvatska pisana slova, kriz\u030caljke, zagonetke, anagrami\" width=\"1024\" height=\"1024\" srcset=\"https:\/\/inspireashop.com\/wp-content\/uploads\/2025\/06\/hrvatska-pisana-slova-krizaljke-zagonetke-anagrami-mt2-1024x1024.webp 1024w, https:\/\/inspireashop.com\/wp-content\/uploads\/2025\/06\/hrvatska-pisana-slova-krizaljke-zagonetke-anagrami-mt2-980x980.webp 980w, https:\/\/inspireashop.com\/wp-content\/uploads\/2025\/06\/hrvatska-pisana-slova-krizaljke-zagonetke-anagrami-mt2-480x480.webp 480w\" sizes=\"(min-width: 0px) and (max-width: 480px) 480px, (min-width: 481px) and (max-width: 980px) 980px, (min-width: 981px) 1024px, 100vw\" \/><\/p>\n<p><span style=\"font-weight: 400;\">\u270f\ufe0f <\/span><strong>Hrvatska abeceda \u2013 pisana slova (30 stranica):<\/strong><span style=\"font-weight: 400;\"> Samostalno pisanje slova ja\u010da finu motoriku i pravilan hvat olovke.<\/span><span style=\"font-weight: 400;\"><br \/>\n<\/span><span style=\"font-weight: 400;\">\ud83e\udde9 <\/span><strong>Dje\u010dje osmosmjerke (10 stranica):<\/strong><span style=\"font-weight: 400;\"> Prilago\u0111ene djeci, pro\u0161iruju rje\u010dnik i razumijevanje pro\u010ditanog.<\/span><span style=\"font-weight: 400;\"><br \/>\n<\/span><span style=\"font-weight: 400;\">\ud83d\udd0d <\/span><strong>Prona\u0111i rije\u010di (10 stranica):<\/strong><span style=\"font-weight: 400;\"> Tra\u017eenje skrivenih rije\u010di vje\u017eba slovkanje, koncentraciju i prostornu orijentaciju.<\/span><\/p>\n<p><img decoding=\"async\" class=\"alignnone wp-image-10554 size-large\" src=\"https:\/\/inspireashop.com\/wp-content\/uploads\/2025\/06\/hrvatska-pisana-slova-krizaljke-zagonetke-anagrami-mt3-1024x1024.webp\" alt=\"hrvatska pisana slova, kriz\u030caljke, zagonetke, anagrami\" width=\"1024\" height=\"1024\" srcset=\"https:\/\/inspireashop.com\/wp-content\/uploads\/2025\/06\/hrvatska-pisana-slova-krizaljke-zagonetke-anagrami-mt3-1024x1024.webp 1024w, https:\/\/inspireashop.com\/wp-content\/uploads\/2025\/06\/hrvatska-pisana-slova-krizaljke-zagonetke-anagrami-mt3-980x980.webp 980w, https:\/\/inspireashop.com\/wp-content\/uploads\/2025\/06\/hrvatska-pisana-slova-krizaljke-zagonetke-anagrami-mt3-480x480.webp 480w\" sizes=\"(min-width: 0px) and (max-width: 480px) 480px, (min-width: 481px) and (max-width: 980px) 980px, (min-width: 981px) 1024px, 100vw\" \/><\/p>\n<p><img decoding=\"async\" class=\"alignnone wp-image-10567 size-large\" src=\"https:\/\/inspireashop.com\/wp-content\/uploads\/2025\/06\/hrvatska-pisana-slova-krizaljke-zagonetke-anagrami-mt4-1024x1024.webp\" alt=\"hrvatska pisana slova, kriz\u030caljke, zagonetke, anagrami\" width=\"1024\" height=\"1024\" srcset=\"https:\/\/inspireashop.com\/wp-content\/uploads\/2025\/06\/hrvatska-pisana-slova-krizaljke-zagonetke-anagrami-mt4-1024x1024.webp 1024w, https:\/\/inspireashop.com\/wp-content\/uploads\/2025\/06\/hrvatska-pisana-slova-krizaljke-zagonetke-anagrami-mt4-980x980.webp 980w, https:\/\/inspireashop.com\/wp-content\/uploads\/2025\/06\/hrvatska-pisana-slova-krizaljke-zagonetke-anagrami-mt4-480x480.webp 480w\" sizes=\"(min-width: 0px) and (max-width: 480px) 480px, (min-width: 481px) and (max-width: 980px) 980px, (min-width: 981px) 1024px, 100vw\" \/><\/p>\n<p><span style=\"font-weight: 400;\">\u2795 <\/span><strong>Matemati\u010dke osmosmjerke (10 stranica):<\/strong><span style=\"font-weight: 400;\"> Zbrajanje i oduzimanje kroz broj\u010dani labirint pokazuje da matematika mo\u017ee biti igra.<\/span><span style=\"font-weight: 400;\"><br \/>\n<\/span><span style=\"font-weight: 400;\">\ud83d\udd04 <\/span><strong>Anagrami (10 stranica):<\/strong><span style=\"font-weight: 400;\"> Rje\u0161avanje pomije\u0161anih slova uz ilustracije poti\u010de logi\u010dko razmi\u0161ljanje i to\u010dno slovkanje.<\/span><span style=\"font-weight: 400;\"><br \/>\n<\/span><span style=\"font-weight: 400;\">\ud83d\udd22 <\/span><strong>Spoji to\u010dkice (50 stranica):<\/strong><span style=\"font-weight: 400;\"> Povezivanje brojeva ja\u010da brojanje, preciznost i grafomotoriku.<\/span><span style=\"font-weight: 400;\"><br \/>\n<\/span><span style=\"font-weight: 400;\">\ud83d\udd20 <\/span><strong>Spoji slova (10 stranica):<\/strong><span style=\"font-weight: 400;\"> Povezivanje parova slova u\u010dvr\u0161\u0107uje vezu izme\u0111u glasa i zapisa, te vodi ka te\u010dnom \u010ditanju.<br \/>\n<\/span><span style=\"font-weight: 400;\">\ud83d\uddbc\ufe0f <\/span><strong>Prona\u0111i razlike (10 stranica):<\/strong><span style=\"font-weight: 400;\"> Otkrivanje sitnih razlika razvija pa\u017eljivo promatranje i strpljenje.<\/span><\/p>\n<p><img decoding=\"async\" class=\"alignnone wp-image-10580 size-large\" src=\"https:\/\/inspireashop.com\/wp-content\/uploads\/2025\/06\/hrvatska-pisana-slova-krizaljke-zagonetke-anagrami-mt5-1024x1024.webp\" alt=\"hrvatska pisana slova, kriz\u030caljke, zagonetke, anagrami\" width=\"1024\" height=\"1024\" srcset=\"https:\/\/inspireashop.com\/wp-content\/uploads\/2025\/06\/hrvatska-pisana-slova-krizaljke-zagonetke-anagrami-mt5-1024x1024.webp 1024w, https:\/\/inspireashop.com\/wp-content\/uploads\/2025\/06\/hrvatska-pisana-slova-krizaljke-zagonetke-anagrami-mt5-980x980.webp 980w, https:\/\/inspireashop.com\/wp-content\/uploads\/2025\/06\/hrvatska-pisana-slova-krizaljke-zagonetke-anagrami-mt5-480x480.webp 480w\" sizes=\"(min-width: 0px) and (max-width: 480px) 480px, (min-width: 481px) and (max-width: 980px) 980px, (min-width: 981px) 1024px, 100vw\" \/><\/p>\n<p>&nbsp;<\/p>\n","protected":false},"featured_media":10463,"comment_status":"open","ping_status":"closed","template":"","meta":{"_acf_changed":false,"_et_pb_use_builder":"","_et_pb_old_content":"","_et_gb_content_width":""},"product_brand":[],"product_cat":[117],"product_tag":[],"class_list":{"0":"post-8451","1":"product","2":"type-product","3":"status-publish","4":"has-post-thumbnail","6":"product_cat-pdf-hr","8":"first","9":"instock","10":"sale","11":"downloadable","12":"virtual","13":"taxable","14":"purchasable","15":"product-type-simple"},"acf":[],"yoast_head":"<!-- This site is optimized with the Yoast SEO plugin v27.5 - https:\/\/yoast.com\/product\/yoast-seo-wordpress\/ -->\n<title>Hrvatska pisana slova, anagrami, razlike, spajanje slova i toc\u030ckica | Inspirea shop<\/title>\n<meta name=\"description\" content=\"Mega paket za u\u010denje kroz igru: hrvatska pisana slova, anagrami, razlike, spajanje slova i spajanje to\u010dkica (PDF-110 stranica)\" \/>\n<meta name=\"robots\" content=\"index, follow, max-snippet:-1, max-image-preview:large, max-video-preview:-1\" \/>\n<link rel=\"canonical\" href=\"https:\/\/inspireashop.com\/hr\/proizvod\/mega-paket-za-ucenje-kroz-igru-pisana-slova-anagrami-razlike-spajanje-slova-i-spajanje-tockica-pdf-110-stranica\/\" \/>\n<meta property=\"og:locale\" content=\"hr_HR\" \/>\n<meta property=\"og:type\" content=\"article\" \/>\n<meta property=\"og:title\" content=\"Hrvatska pisana slova, anagrami, razlike, spajanje slova i toc\u030ckica | Inspirea shop\" \/>\n<meta property=\"og:description\" content=\"Mega paket za u\u010denje kroz igru: hrvatska pisana slova, anagrami, razlike, spajanje slova i spajanje to\u010dkica (PDF-110 stranica)\" \/>\n<meta property=\"og:url\" content=\"https:\/\/inspireashop.com\/hr\/proizvod\/mega-paket-za-ucenje-kroz-igru-pisana-slova-anagrami-razlike-spajanje-slova-i-spajanje-tockica-pdf-110-stranica\/\" \/>\n<meta property=\"og:site_name\" content=\"Inspirea shop\" \/>\n<meta property=\"article:modified_time\" content=\"2026-03-12T09:24:41+00:00\" \/>\n<meta property=\"og:image\" content=\"https:\/\/inspireashop.com\/wp-content\/uploads\/2025\/06\/hrvatska-pisana-slova-krizaljke-zagonetke-anagrami-1.webp\" \/>\n\t<meta property=\"og:image:width\" content=\"1080\" \/>\n\t<meta property=\"og:image:height\" content=\"1080\" \/>\n\t<meta property=\"og:image:type\" content=\"image\/webp\" \/>\n<meta name=\"twitter:card\" content=\"summary_large_image\" \/>\n<meta name=\"twitter:label1\" content=\"Procijenjeno vrijeme \u010ditanja\" \/>\n\t<meta name=\"twitter:data1\" content=\"3 minute\" \/>\n<script type=\"application\/ld+json\" class=\"yoast-schema-graph\">{\"@context\":\"https:\\\/\\\/schema.org\",\"@graph\":[{\"@type\":\"WebPage\",\"@id\":\"https:\\\/\\\/inspireashop.com\\\/hr\\\/proizvod\\\/mega-paket-za-ucenje-kroz-igru-pisana-slova-anagrami-razlike-spajanje-slova-i-spajanje-tockica-pdf-110-stranica\\\/\",\"url\":\"https:\\\/\\\/inspireashop.com\\\/hr\\\/proizvod\\\/mega-paket-za-ucenje-kroz-igru-pisana-slova-anagrami-razlike-spajanje-slova-i-spajanje-tockica-pdf-110-stranica\\\/\",\"name\":\"Hrvatska pisana slova, anagrami, razlike, spajanje slova i toc\u030ckica | Inspirea shop\",\"isPartOf\":{\"@id\":\"https:\\\/\\\/inspireashop.com\\\/hr\\\/#website\"},\"primaryImageOfPage\":{\"@id\":\"https:\\\/\\\/inspireashop.com\\\/hr\\\/proizvod\\\/mega-paket-za-ucenje-kroz-igru-pisana-slova-anagrami-razlike-spajanje-slova-i-spajanje-tockica-pdf-110-stranica\\\/#primaryimage\"},\"image\":{\"@id\":\"https:\\\/\\\/inspireashop.com\\\/hr\\\/proizvod\\\/mega-paket-za-ucenje-kroz-igru-pisana-slova-anagrami-razlike-spajanje-slova-i-spajanje-tockica-pdf-110-stranica\\\/#primaryimage\"},\"thumbnailUrl\":\"https:\\\/\\\/inspireashop.com\\\/wp-content\\\/uploads\\\/2025\\\/06\\\/hrvatska-pisana-slova-krizaljke-zagonetke-anagrami-1.webp\",\"datePublished\":\"2025-06-04T07:36:35+00:00\",\"dateModified\":\"2026-03-12T09:24:41+00:00\",\"description\":\"Mega paket za u\u010denje kroz igru: hrvatska pisana slova, anagrami, razlike, spajanje slova i spajanje to\u010dkica (PDF-110 stranica)\",\"breadcrumb\":{\"@id\":\"https:\\\/\\\/inspireashop.com\\\/hr\\\/proizvod\\\/mega-paket-za-ucenje-kroz-igru-pisana-slova-anagrami-razlike-spajanje-slova-i-spajanje-tockica-pdf-110-stranica\\\/#breadcrumb\"},\"inLanguage\":\"hr\",\"potentialAction\":[{\"@type\":\"ReadAction\",\"target\":[\"https:\\\/\\\/inspireashop.com\\\/hr\\\/proizvod\\\/mega-paket-za-ucenje-kroz-igru-pisana-slova-anagrami-razlike-spajanje-slova-i-spajanje-tockica-pdf-110-stranica\\\/\"]}]},{\"@type\":\"ImageObject\",\"inLanguage\":\"hr\",\"@id\":\"https:\\\/\\\/inspireashop.com\\\/hr\\\/proizvod\\\/mega-paket-za-ucenje-kroz-igru-pisana-slova-anagrami-razlike-spajanje-slova-i-spajanje-tockica-pdf-110-stranica\\\/#primaryimage\",\"url\":\"https:\\\/\\\/inspireashop.com\\\/wp-content\\\/uploads\\\/2025\\\/06\\\/hrvatska-pisana-slova-krizaljke-zagonetke-anagrami-1.webp\",\"contentUrl\":\"https:\\\/\\\/inspireashop.com\\\/wp-content\\\/uploads\\\/2025\\\/06\\\/hrvatska-pisana-slova-krizaljke-zagonetke-anagrami-1.webp\",\"width\":1080,\"height\":1080},{\"@type\":\"BreadcrumbList\",\"@id\":\"https:\\\/\\\/inspireashop.com\\\/hr\\\/proizvod\\\/mega-paket-za-ucenje-kroz-igru-pisana-slova-anagrami-razlike-spajanje-slova-i-spajanje-tockica-pdf-110-stranica\\\/#breadcrumb\",\"itemListElement\":[{\"@type\":\"ListItem\",\"position\":1,\"name\":\"Home\",\"item\":\"https:\\\/\\\/inspireashop.com\\\/hr\\\/\"},{\"@type\":\"ListItem\",\"position\":2,\"name\":\"Trgovina\",\"item\":\"https:\\\/\\\/inspireashop.com\\\/hr\\\/trgovina\\\/\"},{\"@type\":\"ListItem\",\"position\":3,\"name\":\"Dje\u010dji misaoni paket: hrvatska abeceda \u2013 pisana slova, osmosmjerke, zagonetke, prona\u0111i razlike i spoji to\u010dkice (PDF\u2013140 stranica)\"}]},{\"@type\":\"WebSite\",\"@id\":\"https:\\\/\\\/inspireashop.com\\\/hr\\\/#website\",\"url\":\"https:\\\/\\\/inspireashop.com\\\/hr\\\/\",\"name\":\"Inspirea shop\",\"description\":\"Everything nice\",\"publisher\":{\"@id\":\"https:\\\/\\\/inspireashop.com\\\/hr\\\/#organization\"},\"potentialAction\":[{\"@type\":\"SearchAction\",\"target\":{\"@type\":\"EntryPoint\",\"urlTemplate\":\"https:\\\/\\\/inspireashop.com\\\/hr\\\/?s={search_term_string}\"},\"query-input\":{\"@type\":\"PropertyValueSpecification\",\"valueRequired\":true,\"valueName\":\"search_term_string\"}}],\"inLanguage\":\"hr\"},{\"@type\":\"Organization\",\"@id\":\"https:\\\/\\\/inspireashop.com\\\/hr\\\/#organization\",\"name\":\"Inspirea shop\",\"url\":\"https:\\\/\\\/inspireashop.com\\\/hr\\\/\",\"logo\":{\"@type\":\"ImageObject\",\"inLanguage\":\"hr\",\"@id\":\"https:\\\/\\\/inspireashop.com\\\/hr\\\/#\\\/schema\\\/logo\\\/image\\\/\",\"url\":\"https:\\\/\\\/inspireashop.com\\\/wp-content\\\/uploads\\\/2025\\\/01\\\/inspirea-shoplogo.png\",\"contentUrl\":\"https:\\\/\\\/inspireashop.com\\\/wp-content\\\/uploads\\\/2025\\\/01\\\/inspirea-shoplogo.png\",\"width\":400,\"height\":72,\"caption\":\"Inspirea shop\"},\"image\":{\"@id\":\"https:\\\/\\\/inspireashop.com\\\/hr\\\/#\\\/schema\\\/logo\\\/image\\\/\"}}]}<\/script>\n<!-- \/ Yoast SEO plugin. -->","yoast_head_json":{"title":"Hrvatska pisana slova, anagrami, razlike, spajanje slova i toc\u030ckica | Inspirea shop","description":"Mega paket za u\u010denje kroz igru: hrvatska pisana slova, anagrami, razlike, spajanje slova i spajanje to\u010dkica (PDF-110 stranica)","robots":{"index":"index","follow":"follow","max-snippet":"max-snippet:-1","max-image-preview":"max-image-preview:large","max-video-preview":"max-video-preview:-1"},"canonical":"https:\/\/inspireashop.com\/hr\/proizvod\/mega-paket-za-ucenje-kroz-igru-pisana-slova-anagrami-razlike-spajanje-slova-i-spajanje-tockica-pdf-110-stranica\/","og_locale":"hr_HR","og_type":"article","og_title":"Hrvatska pisana slova, anagrami, razlike, spajanje slova i toc\u030ckica | Inspirea shop","og_description":"Mega paket za u\u010denje kroz igru: hrvatska pisana slova, anagrami, razlike, spajanje slova i spajanje to\u010dkica (PDF-110 stranica)","og_url":"https:\/\/inspireashop.com\/hr\/proizvod\/mega-paket-za-ucenje-kroz-igru-pisana-slova-anagrami-razlike-spajanje-slova-i-spajanje-tockica-pdf-110-stranica\/","og_site_name":"Inspirea shop","article_modified_time":"2026-03-12T09:24:41+00:00","og_image":[{"width":1080,"height":1080,"url":"https:\/\/inspireashop.com\/wp-content\/uploads\/2025\/06\/hrvatska-pisana-slova-krizaljke-zagonetke-anagrami-1.webp","type":"image\/webp"}],"twitter_card":"summary_large_image","twitter_misc":{"Procijenjeno vrijeme \u010ditanja":"3 minute"},"schema":{"@context":"https:\/\/schema.org","@graph":[{"@type":"WebPage","@id":"https:\/\/inspireashop.com\/hr\/proizvod\/mega-paket-za-ucenje-kroz-igru-pisana-slova-anagrami-razlike-spajanje-slova-i-spajanje-tockica-pdf-110-stranica\/","url":"https:\/\/inspireashop.com\/hr\/proizvod\/mega-paket-za-ucenje-kroz-igru-pisana-slova-anagrami-razlike-spajanje-slova-i-spajanje-tockica-pdf-110-stranica\/","name":"Hrvatska pisana slova, anagrami, razlike, spajanje slova i toc\u030ckica | Inspirea shop","isPartOf":{"@id":"https:\/\/inspireashop.com\/hr\/#website"},"primaryImageOfPage":{"@id":"https:\/\/inspireashop.com\/hr\/proizvod\/mega-paket-za-ucenje-kroz-igru-pisana-slova-anagrami-razlike-spajanje-slova-i-spajanje-tockica-pdf-110-stranica\/#primaryimage"},"image":{"@id":"https:\/\/inspireashop.com\/hr\/proizvod\/mega-paket-za-ucenje-kroz-igru-pisana-slova-anagrami-razlike-spajanje-slova-i-spajanje-tockica-pdf-110-stranica\/#primaryimage"},"thumbnailUrl":"https:\/\/inspireashop.com\/wp-content\/uploads\/2025\/06\/hrvatska-pisana-slova-krizaljke-zagonetke-anagrami-1.webp","datePublished":"2025-06-04T07:36:35+00:00","dateModified":"2026-03-12T09:24:41+00:00","description":"Mega paket za u\u010denje kroz igru: hrvatska pisana slova, anagrami, razlike, spajanje slova i spajanje to\u010dkica (PDF-110 stranica)","breadcrumb":{"@id":"https:\/\/inspireashop.com\/hr\/proizvod\/mega-paket-za-ucenje-kroz-igru-pisana-slova-anagrami-razlike-spajanje-slova-i-spajanje-tockica-pdf-110-stranica\/#breadcrumb"},"inLanguage":"hr","potentialAction":[{"@type":"ReadAction","target":["https:\/\/inspireashop.com\/hr\/proizvod\/mega-paket-za-ucenje-kroz-igru-pisana-slova-anagrami-razlike-spajanje-slova-i-spajanje-tockica-pdf-110-stranica\/"]}]},{"@type":"ImageObject","inLanguage":"hr","@id":"https:\/\/inspireashop.com\/hr\/proizvod\/mega-paket-za-ucenje-kroz-igru-pisana-slova-anagrami-razlike-spajanje-slova-i-spajanje-tockica-pdf-110-stranica\/#primaryimage","url":"https:\/\/inspireashop.com\/wp-content\/uploads\/2025\/06\/hrvatska-pisana-slova-krizaljke-zagonetke-anagrami-1.webp","contentUrl":"https:\/\/inspireashop.com\/wp-content\/uploads\/2025\/06\/hrvatska-pisana-slova-krizaljke-zagonetke-anagrami-1.webp","width":1080,"height":1080},{"@type":"BreadcrumbList","@id":"https:\/\/inspireashop.com\/hr\/proizvod\/mega-paket-za-ucenje-kroz-igru-pisana-slova-anagrami-razlike-spajanje-slova-i-spajanje-tockica-pdf-110-stranica\/#breadcrumb","itemListElement":[{"@type":"ListItem","position":1,"name":"Home","item":"https:\/\/inspireashop.com\/hr\/"},{"@type":"ListItem","position":2,"name":"Trgovina","item":"https:\/\/inspireashop.com\/hr\/trgovina\/"},{"@type":"ListItem","position":3,"name":"Dje\u010dji misaoni paket: hrvatska abeceda \u2013 pisana slova, osmosmjerke, zagonetke, prona\u0111i razlike i spoji to\u010dkice (PDF\u2013140 stranica)"}]},{"@type":"WebSite","@id":"https:\/\/inspireashop.com\/hr\/#website","url":"https:\/\/inspireashop.com\/hr\/","name":"Inspirea shop","description":"Everything nice","publisher":{"@id":"https:\/\/inspireashop.com\/hr\/#organization"},"potentialAction":[{"@type":"SearchAction","target":{"@type":"EntryPoint","urlTemplate":"https:\/\/inspireashop.com\/hr\/?s={search_term_string}"},"query-input":{"@type":"PropertyValueSpecification","valueRequired":true,"valueName":"search_term_string"}}],"inLanguage":"hr"},{"@type":"Organization","@id":"https:\/\/inspireashop.com\/hr\/#organization","name":"Inspirea shop","url":"https:\/\/inspireashop.com\/hr\/","logo":{"@type":"ImageObject","inLanguage":"hr","@id":"https:\/\/inspireashop.com\/hr\/#\/schema\/logo\/image\/","url":"https:\/\/inspireashop.com\/wp-content\/uploads\/2025\/01\/inspirea-shoplogo.png","contentUrl":"https:\/\/inspireashop.com\/wp-content\/uploads\/2025\/01\/inspirea-shoplogo.png","width":400,"height":72,"caption":"Inspirea shop"},"image":{"@id":"https:\/\/inspireashop.com\/hr\/#\/schema\/logo\/image\/"}}]}},"_links":{"self":[{"href":"https:\/\/inspireashop.com\/hr\/wp-json\/wp\/v2\/product\/8451","targetHints":{"allow":["GET"]}}],"collection":[{"href":"https:\/\/inspireashop.com\/hr\/wp-json\/wp\/v2\/product"}],"about":[{"href":"https:\/\/inspireashop.com\/hr\/wp-json\/wp\/v2\/types\/product"}],"replies":[{"embeddable":true,"href":"https:\/\/inspireashop.com\/hr\/wp-json\/wp\/v2\/comments?post=8451"}],"wp:featuredmedia":[{"embeddable":true,"href":"https:\/\/inspireashop.com\/hr\/wp-json\/wp\/v2\/media\/10463"}],"wp:attachment":[{"href":"https:\/\/inspireashop.com\/hr\/wp-json\/wp\/v2\/media?parent=8451"}],"wp:term":[{"taxonomy":"product_brand","embeddable":true,"href":"https:\/\/inspireashop.com\/hr\/wp-json\/wp\/v2\/product_brand?post=8451"},{"taxonomy":"product_cat","embeddable":true,"href":"https:\/\/inspireashop.com\/hr\/wp-json\/wp\/v2\/product_cat?post=8451"},{"taxonomy":"product_tag","embeddable":true,"href":"https:\/\/inspireashop.com\/hr\/wp-json\/wp\/v2\/product_tag?post=8451"}],"curies":[{"name":"wp","href":"https:\/\/api.w.org\/{rel}","templated":true}]}}