{"id":18491,"date":"2025-02-04T11:13:44","date_gmt":"2025-02-04T11:13:44","guid":{"rendered":"https:\/\/inspireashop.com\/shop\/18-linksmu-ir-edukaciniu-labirintu-puslapiu\/"},"modified":"2025-09-07T21:38:44","modified_gmt":"2025-09-07T21:38:44","slug":"18-linksmu-ir-edukaciniu-labirintu-puslapiu","status":"publish","type":"product","link":"https:\/\/inspireashop.com\/lt\/shop\/18-linksmu-ir-edukaciniu-labirintu-puslapiu\/","title":{"rendered":"18 linksm\u0173 ir edukacini\u0173 labirint\u0173 puslapi\u0173"},"content":{"rendered":"","protected":false},"excerpt":{"rendered":"<p>Leiskite savo vaikui <strong>\u017eaisdamas lavinti login\u012f m\u0105stym\u0105, susikaupim\u0105 ir problem\u0173 sprendimo \u012fg\u016bd\u017eius<\/strong>.<\/p>\n","protected":false},"featured_media":10899,"comment_status":"open","ping_status":"closed","template":"","meta":{"_acf_changed":false,"_et_pb_use_builder":"","_et_pb_old_content":"","_et_gb_content_width":""},"product_brand":[],"product_cat":[138],"product_tag":[],"class_list":{"0":"post-18491","1":"product","2":"type-product","3":"status-publish","4":"has-post-thumbnail","6":"product_cat-pdf-upsell-lt","8":"first","9":"instock","10":"downloadable","11":"virtual","12":"taxable","13":"purchasable","14":"product-type-simple"},"acf":[],"yoast_head":"<!-- This site is optimized with the Yoast SEO plugin v27.5 - https:\/\/yoast.com\/product\/yoast-seo-wordpress\/ -->\n<title>18 linksm\u0173 ir edukacini\u0173 labirint\u0173 puslapi\u0173 | Inspirea shop<\/title>\n<meta name=\"robots\" content=\"index, follow, max-snippet:-1, max-image-preview:large, max-video-preview:-1\" \/>\n<link rel=\"canonical\" href=\"https:\/\/inspireashop.com\/lt\/shop\/18-linksmu-ir-edukaciniu-labirintu-puslapiu\/\" \/>\n<meta property=\"og:locale\" content=\"lt_LT\" \/>\n<meta property=\"og:type\" content=\"article\" \/>\n<meta property=\"og:title\" content=\"18 linksm\u0173 ir edukacini\u0173 labirint\u0173 puslapi\u0173 | Inspirea shop\" \/>\n<meta property=\"og:description\" content=\"Leiskite savo vaikui \u017eaisdamas lavinti login\u012f m\u0105stym\u0105, susikaupim\u0105 ir problem\u0173 sprendimo \u012fg\u016bd\u017eius.\" \/>\n<meta property=\"og:url\" content=\"https:\/\/inspireashop.com\/lt\/shop\/18-linksmu-ir-edukaciniu-labirintu-puslapiu\/\" \/>\n<meta property=\"og:site_name\" content=\"Inspirea shop\" \/>\n<meta property=\"article:modified_time\" content=\"2025-09-07T21:38:44+00:00\" \/>\n<meta property=\"og:image\" content=\"https:\/\/inspireashop.com\/wp-content\/uploads\/2025\/02\/LABIRINT-pdf.jpg\" \/>\n\t<meta property=\"og:image:width\" content=\"1080\" \/>\n\t<meta property=\"og:image:height\" content=\"1080\" \/>\n\t<meta property=\"og:image:type\" content=\"image\/jpeg\" \/>\n<meta name=\"twitter:card\" content=\"summary_large_image\" \/>\n<meta name=\"twitter:label1\" content=\"Est. reading time\" \/>\n\t<meta name=\"twitter:data1\" content=\"1 minut\u0117\" \/>\n<script type=\"application\/ld+json\" class=\"yoast-schema-graph\">{\"@context\":\"https:\\\/\\\/schema.org\",\"@graph\":[{\"@type\":\"WebPage\",\"@id\":\"https:\\\/\\\/inspireashop.com\\\/lt\\\/shop\\\/18-linksmu-ir-edukaciniu-labirintu-puslapiu\\\/\",\"url\":\"https:\\\/\\\/inspireashop.com\\\/lt\\\/shop\\\/18-linksmu-ir-edukaciniu-labirintu-puslapiu\\\/\",\"name\":\"18 linksm\u0173 ir edukacini\u0173 labirint\u0173 puslapi\u0173 | Inspirea shop\",\"isPartOf\":{\"@id\":\"https:\\\/\\\/inspireashop.com\\\/lt\\\/#website\"},\"primaryImageOfPage\":{\"@id\":\"https:\\\/\\\/inspireashop.com\\\/lt\\\/shop\\\/18-linksmu-ir-edukaciniu-labirintu-puslapiu\\\/#primaryimage\"},\"image\":{\"@id\":\"https:\\\/\\\/inspireashop.com\\\/lt\\\/shop\\\/18-linksmu-ir-edukaciniu-labirintu-puslapiu\\\/#primaryimage\"},\"thumbnailUrl\":\"https:\\\/\\\/inspireashop.com\\\/wp-content\\\/uploads\\\/2025\\\/02\\\/LABIRINT-pdf.jpg\",\"datePublished\":\"2025-02-04T11:13:44+00:00\",\"dateModified\":\"2025-09-07T21:38:44+00:00\",\"breadcrumb\":{\"@id\":\"https:\\\/\\\/inspireashop.com\\\/lt\\\/shop\\\/18-linksmu-ir-edukaciniu-labirintu-puslapiu\\\/#breadcrumb\"},\"inLanguage\":\"lt-LT\",\"potentialAction\":[{\"@type\":\"ReadAction\",\"target\":[\"https:\\\/\\\/inspireashop.com\\\/lt\\\/shop\\\/18-linksmu-ir-edukaciniu-labirintu-puslapiu\\\/\"]}]},{\"@type\":\"ImageObject\",\"inLanguage\":\"lt-LT\",\"@id\":\"https:\\\/\\\/inspireashop.com\\\/lt\\\/shop\\\/18-linksmu-ir-edukaciniu-labirintu-puslapiu\\\/#primaryimage\",\"url\":\"https:\\\/\\\/inspireashop.com\\\/wp-content\\\/uploads\\\/2025\\\/02\\\/LABIRINT-pdf.jpg\",\"contentUrl\":\"https:\\\/\\\/inspireashop.com\\\/wp-content\\\/uploads\\\/2025\\\/02\\\/LABIRINT-pdf.jpg\",\"width\":1080,\"height\":1080},{\"@type\":\"BreadcrumbList\",\"@id\":\"https:\\\/\\\/inspireashop.com\\\/lt\\\/shop\\\/18-linksmu-ir-edukaciniu-labirintu-puslapiu\\\/#breadcrumb\",\"itemListElement\":[{\"@type\":\"ListItem\",\"position\":1,\"name\":\"Home\",\"item\":\"https:\\\/\\\/inspireashop.com\\\/lt\\\/\"},{\"@type\":\"ListItem\",\"position\":2,\"name\":\"Parduotuv\u0117\",\"item\":\"https:\\\/\\\/inspireashop.com\\\/lt\\\/parduotuve\\\/\"},{\"@type\":\"ListItem\",\"position\":3,\"name\":\"18 linksm\u0173 ir edukacini\u0173 labirint\u0173 puslapi\u0173\"}]},{\"@type\":\"WebSite\",\"@id\":\"https:\\\/\\\/inspireashop.com\\\/lt\\\/#website\",\"url\":\"https:\\\/\\\/inspireashop.com\\\/lt\\\/\",\"name\":\"Inspirea shop\",\"description\":\"Everything nice\",\"publisher\":{\"@id\":\"https:\\\/\\\/inspireashop.com\\\/lt\\\/#organization\"},\"potentialAction\":[{\"@type\":\"SearchAction\",\"target\":{\"@type\":\"EntryPoint\",\"urlTemplate\":\"https:\\\/\\\/inspireashop.com\\\/lt\\\/?s={search_term_string}\"},\"query-input\":{\"@type\":\"PropertyValueSpecification\",\"valueRequired\":true,\"valueName\":\"search_term_string\"}}],\"inLanguage\":\"lt-LT\"},{\"@type\":\"Organization\",\"@id\":\"https:\\\/\\\/inspireashop.com\\\/lt\\\/#organization\",\"name\":\"Inspirea shop\",\"url\":\"https:\\\/\\\/inspireashop.com\\\/lt\\\/\",\"logo\":{\"@type\":\"ImageObject\",\"inLanguage\":\"lt-LT\",\"@id\":\"https:\\\/\\\/inspireashop.com\\\/lt\\\/#\\\/schema\\\/logo\\\/image\\\/\",\"url\":\"https:\\\/\\\/inspireashop.com\\\/wp-content\\\/uploads\\\/2025\\\/01\\\/inspirea-shoplogo.png\",\"contentUrl\":\"https:\\\/\\\/inspireashop.com\\\/wp-content\\\/uploads\\\/2025\\\/01\\\/inspirea-shoplogo.png\",\"width\":400,\"height\":72,\"caption\":\"Inspirea shop\"},\"image\":{\"@id\":\"https:\\\/\\\/inspireashop.com\\\/lt\\\/#\\\/schema\\\/logo\\\/image\\\/\"}}]}<\/script>\n<!-- \/ Yoast SEO plugin. -->","yoast_head_json":{"title":"18 linksm\u0173 ir edukacini\u0173 labirint\u0173 puslapi\u0173 | Inspirea shop","robots":{"index":"index","follow":"follow","max-snippet":"max-snippet:-1","max-image-preview":"max-image-preview:large","max-video-preview":"max-video-preview:-1"},"canonical":"https:\/\/inspireashop.com\/lt\/shop\/18-linksmu-ir-edukaciniu-labirintu-puslapiu\/","og_locale":"lt_LT","og_type":"article","og_title":"18 linksm\u0173 ir edukacini\u0173 labirint\u0173 puslapi\u0173 | Inspirea shop","og_description":"Leiskite savo vaikui \u017eaisdamas lavinti login\u012f m\u0105stym\u0105, susikaupim\u0105 ir problem\u0173 sprendimo \u012fg\u016bd\u017eius.","og_url":"https:\/\/inspireashop.com\/lt\/shop\/18-linksmu-ir-edukaciniu-labirintu-puslapiu\/","og_site_name":"Inspirea shop","article_modified_time":"2025-09-07T21:38:44+00:00","og_image":[{"width":1080,"height":1080,"url":"https:\/\/inspireashop.com\/wp-content\/uploads\/2025\/02\/LABIRINT-pdf.jpg","type":"image\/jpeg"}],"twitter_card":"summary_large_image","twitter_misc":{"Est. reading time":"1 minut\u0117"},"schema":{"@context":"https:\/\/schema.org","@graph":[{"@type":"WebPage","@id":"https:\/\/inspireashop.com\/lt\/shop\/18-linksmu-ir-edukaciniu-labirintu-puslapiu\/","url":"https:\/\/inspireashop.com\/lt\/shop\/18-linksmu-ir-edukaciniu-labirintu-puslapiu\/","name":"18 linksm\u0173 ir edukacini\u0173 labirint\u0173 puslapi\u0173 | Inspirea shop","isPartOf":{"@id":"https:\/\/inspireashop.com\/lt\/#website"},"primaryImageOfPage":{"@id":"https:\/\/inspireashop.com\/lt\/shop\/18-linksmu-ir-edukaciniu-labirintu-puslapiu\/#primaryimage"},"image":{"@id":"https:\/\/inspireashop.com\/lt\/shop\/18-linksmu-ir-edukaciniu-labirintu-puslapiu\/#primaryimage"},"thumbnailUrl":"https:\/\/inspireashop.com\/wp-content\/uploads\/2025\/02\/LABIRINT-pdf.jpg","datePublished":"2025-02-04T11:13:44+00:00","dateModified":"2025-09-07T21:38:44+00:00","breadcrumb":{"@id":"https:\/\/inspireashop.com\/lt\/shop\/18-linksmu-ir-edukaciniu-labirintu-puslapiu\/#breadcrumb"},"inLanguage":"lt-LT","potentialAction":[{"@type":"ReadAction","target":["https:\/\/inspireashop.com\/lt\/shop\/18-linksmu-ir-edukaciniu-labirintu-puslapiu\/"]}]},{"@type":"ImageObject","inLanguage":"lt-LT","@id":"https:\/\/inspireashop.com\/lt\/shop\/18-linksmu-ir-edukaciniu-labirintu-puslapiu\/#primaryimage","url":"https:\/\/inspireashop.com\/wp-content\/uploads\/2025\/02\/LABIRINT-pdf.jpg","contentUrl":"https:\/\/inspireashop.com\/wp-content\/uploads\/2025\/02\/LABIRINT-pdf.jpg","width":1080,"height":1080},{"@type":"BreadcrumbList","@id":"https:\/\/inspireashop.com\/lt\/shop\/18-linksmu-ir-edukaciniu-labirintu-puslapiu\/#breadcrumb","itemListElement":[{"@type":"ListItem","position":1,"name":"Home","item":"https:\/\/inspireashop.com\/lt\/"},{"@type":"ListItem","position":2,"name":"Parduotuv\u0117","item":"https:\/\/inspireashop.com\/lt\/parduotuve\/"},{"@type":"ListItem","position":3,"name":"18 linksm\u0173 ir edukacini\u0173 labirint\u0173 puslapi\u0173"}]},{"@type":"WebSite","@id":"https:\/\/inspireashop.com\/lt\/#website","url":"https:\/\/inspireashop.com\/lt\/","name":"Inspirea shop","description":"Everything nice","publisher":{"@id":"https:\/\/inspireashop.com\/lt\/#organization"},"potentialAction":[{"@type":"SearchAction","target":{"@type":"EntryPoint","urlTemplate":"https:\/\/inspireashop.com\/lt\/?s={search_term_string}"},"query-input":{"@type":"PropertyValueSpecification","valueRequired":true,"valueName":"search_term_string"}}],"inLanguage":"lt-LT"},{"@type":"Organization","@id":"https:\/\/inspireashop.com\/lt\/#organization","name":"Inspirea shop","url":"https:\/\/inspireashop.com\/lt\/","logo":{"@type":"ImageObject","inLanguage":"lt-LT","@id":"https:\/\/inspireashop.com\/lt\/#\/schema\/logo\/image\/","url":"https:\/\/inspireashop.com\/wp-content\/uploads\/2025\/01\/inspirea-shoplogo.png","contentUrl":"https:\/\/inspireashop.com\/wp-content\/uploads\/2025\/01\/inspirea-shoplogo.png","width":400,"height":72,"caption":"Inspirea shop"},"image":{"@id":"https:\/\/inspireashop.com\/lt\/#\/schema\/logo\/image\/"}}]}},"_links":{"self":[{"href":"https:\/\/inspireashop.com\/lt\/wp-json\/wp\/v2\/product\/18491","targetHints":{"allow":["GET"]}}],"collection":[{"href":"https:\/\/inspireashop.com\/lt\/wp-json\/wp\/v2\/product"}],"about":[{"href":"https:\/\/inspireashop.com\/lt\/wp-json\/wp\/v2\/types\/product"}],"replies":[{"embeddable":true,"href":"https:\/\/inspireashop.com\/lt\/wp-json\/wp\/v2\/comments?post=18491"}],"wp:featuredmedia":[{"embeddable":true,"href":"https:\/\/inspireashop.com\/lt\/wp-json\/wp\/v2\/media\/10899"}],"wp:attachment":[{"href":"https:\/\/inspireashop.com\/lt\/wp-json\/wp\/v2\/media?parent=18491"}],"wp:term":[{"taxonomy":"product_brand","embeddable":true,"href":"https:\/\/inspireashop.com\/lt\/wp-json\/wp\/v2\/product_brand?post=18491"},{"taxonomy":"product_cat","embeddable":true,"href":"https:\/\/inspireashop.com\/lt\/wp-json\/wp\/v2\/product_cat?post=18491"},{"taxonomy":"product_tag","embeddable":true,"href":"https:\/\/inspireashop.com\/lt\/wp-json\/wp\/v2\/product_tag?post=18491"}],"curies":[{"name":"wp","href":"https:\/\/api.w.org\/{rel}","templated":true}]}}