{"id":19441,"date":"2025-08-21T14:53:56","date_gmt":"2025-08-21T14:53:56","guid":{"rendered":"https:\/\/inspireashop.com\/shop\/auksto-daznio-muzika-vaikams-susikaupimas-koncentracija-ir-ramybe-60min-mp3\/"},"modified":"2025-11-18T18:13:37","modified_gmt":"2025-11-18T18:13:37","slug":"auksto-daznio-muzika-vaikams-susikaupimas-koncentracija-ir-ramybe-60min-mp3","status":"publish","type":"product","link":"https:\/\/inspireashop.com\/lt\/shop\/auksto-daznio-muzika-vaikams-susikaupimas-koncentracija-ir-ramybe-60min-mp3\/","title":{"rendered":"Auk\u0161to da\u017enio muzika vaikams \u2013 susikaupimas, koncentracija ir ramyb\u0117 (200min MP3)"},"content":{"rendered":"<p data-start=\"1739\" data-end=\"1845\">\u2b50 <strong data-start=\"1741\" data-end=\"1762\">Prakti\u0161ka &amp; paprasta<\/strong>: Atsisi\u0173skite vos per kelias sekundes ir klausykit\u0117s bet kur \u2013 namuose, automobilyje ar mokantis.<\/p>\n<p data-start=\"1847\" data-end=\"1983\">\ud83d\udc49 <strong data-start=\"1850\" data-end=\"1877\">Atsisi\u0173skite savo MP3 \u0161iandien<\/strong> ir sukurkite namus, kuriuose muzika palaiko susikaupim\u0105, ramina prot\u0105 ir suteikia d\u017eiaugsmo j\u016bs\u0173 vaiko kasdienybei.<\/p>\n","protected":false},"excerpt":{"rendered":"<p data-start=\"1034\" data-end=\"1324\">\u2728 Suteikite savo vaikui daugiau <strong data-start=\"1057\" data-end=\"1089\">susikaupimo, koncentracijos ir d\u017eiaugsmo<\/strong> su \u0161ia unikali\u0105 MP3 muzika. Ji jungia <strong data-start=\"1145\" data-end=\"1178\">auk\u0161to da\u017enio handpano garsus<\/strong> ir u\u017eburiant\u012f <strong data-start=\"1197\" data-end=\"1220\">vaik\u0173 juok\u0105<\/strong>, sukurdama \u017eaisming\u0105, bet raminan\u010di\u0105 atmosfer\u0105 \u2013 ideali\u0105 mokymuisi, k\u016brybai ar ramiam \u017eaidimui.<\/p>\n<p data-start=\"1326\" data-end=\"1611\">\ud83e\ude98 <strong data-start=\"1333\" data-end=\"1344\">Handpanas<\/strong> \u2013 tai ypatingas plieninis instrumentas, da\u017enai vadinamas \u201e<em data-start=\"1393\" data-end=\"1419\">harmonijos instrumentu<\/em>\u201d. Jo garsai nat\u016braliai <strong data-start=\"1444\" data-end=\"1461\">auk\u0161ti ir \u0161var\u016bs<\/strong>, tod\u0117l ramina nerv\u0173 sistem\u0105 ir suteikia vidin\u0119 ramyb\u0119. D\u0117l to handpano muzika visame pasaulyje naudojama <strong data-start=\"1566\" data-end=\"1608\">meditacijai, mokymuisi ir koncentracijai<\/strong>.<\/p>\n<p data-start=\"1326\" data-end=\"1611\"><img decoding=\"async\" class=\"alignnone wp-image-15320 size-large\" src=\"https:\/\/inspireashop.com\/wp-content\/uploads\/2025\/08\/DK-KRIZANKE-LP-IMAGES-1024x1024.jpg\" alt=\"\" width=\"1024\" height=\"1024\" srcset=\"https:\/\/inspireashop.com\/wp-content\/uploads\/2025\/08\/DK-KRIZANKE-LP-IMAGES-1024x1024.jpg 1024w, https:\/\/inspireashop.com\/wp-content\/uploads\/2025\/08\/DK-KRIZANKE-LP-IMAGES-980x980.jpg 980w, https:\/\/inspireashop.com\/wp-content\/uploads\/2025\/08\/DK-KRIZANKE-LP-IMAGES-480x480.jpg 480w\" sizes=\"(min-width: 0px) and (max-width: 480px) 480px, (min-width: 481px) and (max-width: 980px) 980px, (min-width: 981px) 1024px, 100vw\" \/><\/p>\n<p data-start=\"1613\" data-end=\"1737\">\ud83e\udde0 Tyrimai rodo, kad <strong data-start=\"1636\" data-end=\"1693\">auk\u0161to da\u017enio garsai teigiamai veikia smegen\u0173 bangas<\/strong> \u2013 jie skatina susikaupim\u0105, k\u016brybi\u0161kum\u0105 ir geresn\u0119 atmint\u012f.<\/p>\n","protected":false},"featured_media":21668,"comment_status":"open","ping_status":"closed","template":"","meta":{"_acf_changed":false,"_et_pb_use_builder":"","_et_pb_old_content":"","_et_gb_content_width":""},"product_brand":[],"product_cat":[134],"product_tag":[],"class_list":{"0":"post-19441","1":"product","2":"type-product","3":"status-publish","4":"has-post-thumbnail","6":"product_cat-pdf-lt","8":"first","9":"instock","10":"sale","11":"downloadable","12":"virtual","13":"taxable","14":"purchasable","15":"product-type-simple"},"acf":[],"yoast_head":"<!-- This site is optimized with the Yoast SEO plugin v27.5 - https:\/\/yoast.com\/product\/yoast-seo-wordpress\/ -->\n<title>Auk\u0161to da\u017enio muzika vaikams \u2013 koncentracija ir ramyb\u0117 | Inspirea shop<\/title>\n<meta name=\"description\" content=\"Auk\u0161to da\u017enio muzika vaikams MP3 formatu (200 min). Skatina susikaupim\u0105, koncentracij\u0105, k\u016brybi\u0161kum\u0105 ir d\u017eiaugsm\u0105. Puikiai tinka mokymuisi, \u017eaidimams ir ramioms akimirkoms.\" \/>\n<meta name=\"robots\" content=\"index, follow, max-snippet:-1, max-image-preview:large, max-video-preview:-1\" \/>\n<link rel=\"canonical\" href=\"https:\/\/inspireashop.com\/lt\/shop\/auksto-daznio-muzika-vaikams-susikaupimas-koncentracija-ir-ramybe-60min-mp3\/\" \/>\n<meta property=\"og:locale\" content=\"lt_LT\" \/>\n<meta property=\"og:type\" content=\"article\" \/>\n<meta property=\"og:title\" content=\"Auk\u0161to da\u017enio muzika vaikams \u2013 koncentracija ir ramyb\u0117 | Inspirea shop\" \/>\n<meta property=\"og:description\" content=\"Auk\u0161to da\u017enio muzika vaikams MP3 formatu (200 min). Skatina susikaupim\u0105, koncentracij\u0105, k\u016brybi\u0161kum\u0105 ir d\u017eiaugsm\u0105. Puikiai tinka mokymuisi, \u017eaidimams ir ramioms akimirkoms.\" \/>\n<meta property=\"og:url\" content=\"https:\/\/inspireashop.com\/lt\/shop\/auksto-daznio-muzika-vaikams-susikaupimas-koncentracija-ir-ramybe-60min-mp3\/\" \/>\n<meta property=\"og:site_name\" content=\"Inspirea shop\" \/>\n<meta property=\"article:modified_time\" content=\"2025-11-18T18:13:37+00:00\" \/>\n<meta property=\"og:image\" content=\"https:\/\/inspireashop.com\/wp-content\/uploads\/2025\/08\/MP3.jpg\" \/>\n\t<meta property=\"og:image:width\" content=\"1080\" \/>\n\t<meta property=\"og:image:height\" content=\"1080\" \/>\n\t<meta property=\"og:image:type\" content=\"image\/jpeg\" \/>\n<meta name=\"twitter:card\" content=\"summary_large_image\" \/>\n<meta name=\"twitter:label1\" content=\"Est. reading time\" \/>\n\t<meta name=\"twitter:data1\" content=\"1 minut\u0117\" \/>\n<script type=\"application\/ld+json\" class=\"yoast-schema-graph\">{\"@context\":\"https:\\\/\\\/schema.org\",\"@graph\":[{\"@type\":\"WebPage\",\"@id\":\"https:\\\/\\\/inspireashop.com\\\/lt\\\/shop\\\/auksto-daznio-muzika-vaikams-susikaupimas-koncentracija-ir-ramybe-60min-mp3\\\/\",\"url\":\"https:\\\/\\\/inspireashop.com\\\/lt\\\/shop\\\/auksto-daznio-muzika-vaikams-susikaupimas-koncentracija-ir-ramybe-60min-mp3\\\/\",\"name\":\"Auk\u0161to da\u017enio muzika vaikams \u2013 koncentracija ir ramyb\u0117 | Inspirea shop\",\"isPartOf\":{\"@id\":\"https:\\\/\\\/inspireashop.com\\\/lt\\\/#website\"},\"primaryImageOfPage\":{\"@id\":\"https:\\\/\\\/inspireashop.com\\\/lt\\\/shop\\\/auksto-daznio-muzika-vaikams-susikaupimas-koncentracija-ir-ramybe-60min-mp3\\\/#primaryimage\"},\"image\":{\"@id\":\"https:\\\/\\\/inspireashop.com\\\/lt\\\/shop\\\/auksto-daznio-muzika-vaikams-susikaupimas-koncentracija-ir-ramybe-60min-mp3\\\/#primaryimage\"},\"thumbnailUrl\":\"https:\\\/\\\/inspireashop.com\\\/wp-content\\\/uploads\\\/2025\\\/08\\\/MP3.jpg\",\"datePublished\":\"2025-08-21T14:53:56+00:00\",\"dateModified\":\"2025-11-18T18:13:37+00:00\",\"description\":\"Auk\u0161to da\u017enio muzika vaikams MP3 formatu (200 min). Skatina susikaupim\u0105, koncentracij\u0105, k\u016brybi\u0161kum\u0105 ir d\u017eiaugsm\u0105. Puikiai tinka mokymuisi, \u017eaidimams ir ramioms akimirkoms.\",\"breadcrumb\":{\"@id\":\"https:\\\/\\\/inspireashop.com\\\/lt\\\/shop\\\/auksto-daznio-muzika-vaikams-susikaupimas-koncentracija-ir-ramybe-60min-mp3\\\/#breadcrumb\"},\"inLanguage\":\"lt-LT\",\"potentialAction\":[{\"@type\":\"ReadAction\",\"target\":[\"https:\\\/\\\/inspireashop.com\\\/lt\\\/shop\\\/auksto-daznio-muzika-vaikams-susikaupimas-koncentracija-ir-ramybe-60min-mp3\\\/\"]}]},{\"@type\":\"ImageObject\",\"inLanguage\":\"lt-LT\",\"@id\":\"https:\\\/\\\/inspireashop.com\\\/lt\\\/shop\\\/auksto-daznio-muzika-vaikams-susikaupimas-koncentracija-ir-ramybe-60min-mp3\\\/#primaryimage\",\"url\":\"https:\\\/\\\/inspireashop.com\\\/wp-content\\\/uploads\\\/2025\\\/08\\\/MP3.jpg\",\"contentUrl\":\"https:\\\/\\\/inspireashop.com\\\/wp-content\\\/uploads\\\/2025\\\/08\\\/MP3.jpg\",\"width\":1080,\"height\":1080,\"caption\":\"Auk\u0161to da\u017enio muzika vaikams \u2013 susikaupimas, koncentracija ir ramyb\u0117 (200min MP3)\"},{\"@type\":\"BreadcrumbList\",\"@id\":\"https:\\\/\\\/inspireashop.com\\\/lt\\\/shop\\\/auksto-daznio-muzika-vaikams-susikaupimas-koncentracija-ir-ramybe-60min-mp3\\\/#breadcrumb\",\"itemListElement\":[{\"@type\":\"ListItem\",\"position\":1,\"name\":\"Home\",\"item\":\"https:\\\/\\\/inspireashop.com\\\/lt\\\/\"},{\"@type\":\"ListItem\",\"position\":2,\"name\":\"Parduotuv\u0117\",\"item\":\"https:\\\/\\\/inspireashop.com\\\/lt\\\/parduotuve\\\/\"},{\"@type\":\"ListItem\",\"position\":3,\"name\":\"Auk\u0161to da\u017enio muzika vaikams \u2013 susikaupimas, koncentracija ir ramyb\u0117 (200min MP3)\"}]},{\"@type\":\"WebSite\",\"@id\":\"https:\\\/\\\/inspireashop.com\\\/lt\\\/#website\",\"url\":\"https:\\\/\\\/inspireashop.com\\\/lt\\\/\",\"name\":\"Inspirea shop\",\"description\":\"Everything nice\",\"publisher\":{\"@id\":\"https:\\\/\\\/inspireashop.com\\\/lt\\\/#organization\"},\"potentialAction\":[{\"@type\":\"SearchAction\",\"target\":{\"@type\":\"EntryPoint\",\"urlTemplate\":\"https:\\\/\\\/inspireashop.com\\\/lt\\\/?s={search_term_string}\"},\"query-input\":{\"@type\":\"PropertyValueSpecification\",\"valueRequired\":true,\"valueName\":\"search_term_string\"}}],\"inLanguage\":\"lt-LT\"},{\"@type\":\"Organization\",\"@id\":\"https:\\\/\\\/inspireashop.com\\\/lt\\\/#organization\",\"name\":\"Inspirea shop\",\"url\":\"https:\\\/\\\/inspireashop.com\\\/lt\\\/\",\"logo\":{\"@type\":\"ImageObject\",\"inLanguage\":\"lt-LT\",\"@id\":\"https:\\\/\\\/inspireashop.com\\\/lt\\\/#\\\/schema\\\/logo\\\/image\\\/\",\"url\":\"https:\\\/\\\/inspireashop.com\\\/wp-content\\\/uploads\\\/2025\\\/01\\\/inspirea-shoplogo.png\",\"contentUrl\":\"https:\\\/\\\/inspireashop.com\\\/wp-content\\\/uploads\\\/2025\\\/01\\\/inspirea-shoplogo.png\",\"width\":400,\"height\":72,\"caption\":\"Inspirea shop\"},\"image\":{\"@id\":\"https:\\\/\\\/inspireashop.com\\\/lt\\\/#\\\/schema\\\/logo\\\/image\\\/\"}}]}<\/script>\n<!-- \/ Yoast SEO plugin. -->","yoast_head_json":{"title":"Auk\u0161to da\u017enio muzika vaikams \u2013 koncentracija ir ramyb\u0117 | Inspirea shop","description":"Auk\u0161to da\u017enio muzika vaikams MP3 formatu (200 min). Skatina susikaupim\u0105, koncentracij\u0105, k\u016brybi\u0161kum\u0105 ir d\u017eiaugsm\u0105. Puikiai tinka mokymuisi, \u017eaidimams ir ramioms akimirkoms.","robots":{"index":"index","follow":"follow","max-snippet":"max-snippet:-1","max-image-preview":"max-image-preview:large","max-video-preview":"max-video-preview:-1"},"canonical":"https:\/\/inspireashop.com\/lt\/shop\/auksto-daznio-muzika-vaikams-susikaupimas-koncentracija-ir-ramybe-60min-mp3\/","og_locale":"lt_LT","og_type":"article","og_title":"Auk\u0161to da\u017enio muzika vaikams \u2013 koncentracija ir ramyb\u0117 | Inspirea shop","og_description":"Auk\u0161to da\u017enio muzika vaikams MP3 formatu (200 min). Skatina susikaupim\u0105, koncentracij\u0105, k\u016brybi\u0161kum\u0105 ir d\u017eiaugsm\u0105. Puikiai tinka mokymuisi, \u017eaidimams ir ramioms akimirkoms.","og_url":"https:\/\/inspireashop.com\/lt\/shop\/auksto-daznio-muzika-vaikams-susikaupimas-koncentracija-ir-ramybe-60min-mp3\/","og_site_name":"Inspirea shop","article_modified_time":"2025-11-18T18:13:37+00:00","og_image":[{"width":1080,"height":1080,"url":"https:\/\/inspireashop.com\/wp-content\/uploads\/2025\/08\/MP3.jpg","type":"image\/jpeg"}],"twitter_card":"summary_large_image","twitter_misc":{"Est. reading time":"1 minut\u0117"},"schema":{"@context":"https:\/\/schema.org","@graph":[{"@type":"WebPage","@id":"https:\/\/inspireashop.com\/lt\/shop\/auksto-daznio-muzika-vaikams-susikaupimas-koncentracija-ir-ramybe-60min-mp3\/","url":"https:\/\/inspireashop.com\/lt\/shop\/auksto-daznio-muzika-vaikams-susikaupimas-koncentracija-ir-ramybe-60min-mp3\/","name":"Auk\u0161to da\u017enio muzika vaikams \u2013 koncentracija ir ramyb\u0117 | Inspirea shop","isPartOf":{"@id":"https:\/\/inspireashop.com\/lt\/#website"},"primaryImageOfPage":{"@id":"https:\/\/inspireashop.com\/lt\/shop\/auksto-daznio-muzika-vaikams-susikaupimas-koncentracija-ir-ramybe-60min-mp3\/#primaryimage"},"image":{"@id":"https:\/\/inspireashop.com\/lt\/shop\/auksto-daznio-muzika-vaikams-susikaupimas-koncentracija-ir-ramybe-60min-mp3\/#primaryimage"},"thumbnailUrl":"https:\/\/inspireashop.com\/wp-content\/uploads\/2025\/08\/MP3.jpg","datePublished":"2025-08-21T14:53:56+00:00","dateModified":"2025-11-18T18:13:37+00:00","description":"Auk\u0161to da\u017enio muzika vaikams MP3 formatu (200 min). Skatina susikaupim\u0105, koncentracij\u0105, k\u016brybi\u0161kum\u0105 ir d\u017eiaugsm\u0105. Puikiai tinka mokymuisi, \u017eaidimams ir ramioms akimirkoms.","breadcrumb":{"@id":"https:\/\/inspireashop.com\/lt\/shop\/auksto-daznio-muzika-vaikams-susikaupimas-koncentracija-ir-ramybe-60min-mp3\/#breadcrumb"},"inLanguage":"lt-LT","potentialAction":[{"@type":"ReadAction","target":["https:\/\/inspireashop.com\/lt\/shop\/auksto-daznio-muzika-vaikams-susikaupimas-koncentracija-ir-ramybe-60min-mp3\/"]}]},{"@type":"ImageObject","inLanguage":"lt-LT","@id":"https:\/\/inspireashop.com\/lt\/shop\/auksto-daznio-muzika-vaikams-susikaupimas-koncentracija-ir-ramybe-60min-mp3\/#primaryimage","url":"https:\/\/inspireashop.com\/wp-content\/uploads\/2025\/08\/MP3.jpg","contentUrl":"https:\/\/inspireashop.com\/wp-content\/uploads\/2025\/08\/MP3.jpg","width":1080,"height":1080,"caption":"Auk\u0161to da\u017enio muzika vaikams \u2013 susikaupimas, koncentracija ir ramyb\u0117 (200min MP3)"},{"@type":"BreadcrumbList","@id":"https:\/\/inspireashop.com\/lt\/shop\/auksto-daznio-muzika-vaikams-susikaupimas-koncentracija-ir-ramybe-60min-mp3\/#breadcrumb","itemListElement":[{"@type":"ListItem","position":1,"name":"Home","item":"https:\/\/inspireashop.com\/lt\/"},{"@type":"ListItem","position":2,"name":"Parduotuv\u0117","item":"https:\/\/inspireashop.com\/lt\/parduotuve\/"},{"@type":"ListItem","position":3,"name":"Auk\u0161to da\u017enio muzika vaikams \u2013 susikaupimas, koncentracija ir ramyb\u0117 (200min MP3)"}]},{"@type":"WebSite","@id":"https:\/\/inspireashop.com\/lt\/#website","url":"https:\/\/inspireashop.com\/lt\/","name":"Inspirea shop","description":"Everything nice","publisher":{"@id":"https:\/\/inspireashop.com\/lt\/#organization"},"potentialAction":[{"@type":"SearchAction","target":{"@type":"EntryPoint","urlTemplate":"https:\/\/inspireashop.com\/lt\/?s={search_term_string}"},"query-input":{"@type":"PropertyValueSpecification","valueRequired":true,"valueName":"search_term_string"}}],"inLanguage":"lt-LT"},{"@type":"Organization","@id":"https:\/\/inspireashop.com\/lt\/#organization","name":"Inspirea shop","url":"https:\/\/inspireashop.com\/lt\/","logo":{"@type":"ImageObject","inLanguage":"lt-LT","@id":"https:\/\/inspireashop.com\/lt\/#\/schema\/logo\/image\/","url":"https:\/\/inspireashop.com\/wp-content\/uploads\/2025\/01\/inspirea-shoplogo.png","contentUrl":"https:\/\/inspireashop.com\/wp-content\/uploads\/2025\/01\/inspirea-shoplogo.png","width":400,"height":72,"caption":"Inspirea shop"},"image":{"@id":"https:\/\/inspireashop.com\/lt\/#\/schema\/logo\/image\/"}}]}},"_links":{"self":[{"href":"https:\/\/inspireashop.com\/lt\/wp-json\/wp\/v2\/product\/19441","targetHints":{"allow":["GET"]}}],"collection":[{"href":"https:\/\/inspireashop.com\/lt\/wp-json\/wp\/v2\/product"}],"about":[{"href":"https:\/\/inspireashop.com\/lt\/wp-json\/wp\/v2\/types\/product"}],"replies":[{"embeddable":true,"href":"https:\/\/inspireashop.com\/lt\/wp-json\/wp\/v2\/comments?post=19441"}],"wp:featuredmedia":[{"embeddable":true,"href":"https:\/\/inspireashop.com\/lt\/wp-json\/wp\/v2\/media\/21668"}],"wp:attachment":[{"href":"https:\/\/inspireashop.com\/lt\/wp-json\/wp\/v2\/media?parent=19441"}],"wp:term":[{"taxonomy":"product_brand","embeddable":true,"href":"https:\/\/inspireashop.com\/lt\/wp-json\/wp\/v2\/product_brand?post=19441"},{"taxonomy":"product_cat","embeddable":true,"href":"https:\/\/inspireashop.com\/lt\/wp-json\/wp\/v2\/product_cat?post=19441"},{"taxonomy":"product_tag","embeddable":true,"href":"https:\/\/inspireashop.com\/lt\/wp-json\/wp\/v2\/product_tag?post=19441"}],"curies":[{"name":"wp","href":"https:\/\/api.w.org\/{rel}","templated":true}]}}