{"id":1062,"date":"2025-01-11T10:47:25","date_gmt":"2025-01-11T10:47:25","guid":{"rendered":"https:\/\/inspireashop.com\/retningslinjer-for-personvern\/"},"modified":"2025-01-17T16:39:24","modified_gmt":"2025-01-17T16:39:24","slug":"retningslinjer-for-personvern","status":"publish","type":"page","link":"https:\/\/inspireashop.com\/no\/retningslinjer-for-personvern\/","title":{"rendered":"Retningslinjer for personvern"},"content":{"rendered":"<p>[et_pb_section admin_label=&#8221;section&#8221;]<br \/>\n\t\t\t[et_pb_row admin_label=&#8221;rad&#8221;]<br \/>\n\t\t\t\t[et_pb_column type=&#8221;4_4&#8243;][et_pb_text admin_label=&#8221;Text&#8221;]<\/p>\n<h2 class=\"wp-block-heading\">Hvem vi er<\/h2>\n<p><strong class=\"privacy-policy-tutorial\">Foresl\u00e5tt tekst: <\/strong>Adressen til nettstedet v\u00e5rt er: https:\/\/inspireashop.com.<\/p>\n<h2 class=\"wp-block-heading\">Kommentarer<\/h2>\n<p><strong class=\"privacy-policy-tutorial\">Foresl\u00e5tt tekst: <\/strong>N\u00e5r bes\u00f8kende legger igjen kommentarer p\u00e5 nettstedet, samler vi inn dataene som vises i kommentarskjemaet, og ogs\u00e5 den bes\u00f8kendes IP-adresse og nettleserens brukeragentstreng for \u00e5 kunne oppdage s\u00f8ppelpost.<\/p>\n<p>En anonymisert streng opprettet fra e-postadressen din (ogs\u00e5 kalt en hash) kan bli gitt til Gravatar-tjenesten for \u00e5 se om du bruker den. Personvernreglene for Gravatar-tjenesten er tilgjengelig her: https:\/\/automattic.com\/privacy\/. Etter at kommentaren din er godkjent, er profilbildet ditt synlig for offentligheten i sammenheng med kommentaren din. <\/p>\n<h2 class=\"wp-block-heading\">Medier<\/h2>\n<p><strong class=\"privacy-policy-tutorial\">Foresl\u00e5tt tekst: <\/strong>Hvis du laster opp bilder til nettstedet, b\u00f8r du unng\u00e5 \u00e5 laste opp bilder med innebygde posisjonsdata (EXIF GPS). Bes\u00f8kende p\u00e5 nettstedet kan laste ned og hente ut lokasjonsdata fra bilder p\u00e5 nettstedet. <\/p>\n<h2 class=\"wp-block-heading\">Informasjonskapsler<\/h2>\n<p><strong class=\"privacy-policy-tutorial\">Foresl\u00e5tt tekst: <\/strong>Hvis du legger igjen en kommentar p\u00e5 nettstedet v\u00e5rt, kan du velge \u00e5 lagre navn, e-postadresse og nettsted i informasjonskapsler. Dette er for \u00e5 gj\u00f8re det lettere for deg, slik at du ikke trenger \u00e5 fylle inn opplysningene dine p\u00e5 nytt n\u00e5r du legger igjen en kommentar. Disse informasjonskapslene vil vare i ett \u00e5r.  <\/p>\n<p>Hvis du bes\u00f8ker innloggingssiden v\u00e5r, setter vi en midlertidig informasjonskapsel for \u00e5 finne ut om nettleseren din godtar informasjonskapsler. Denne informasjonskapselen inneholder ingen personopplysninger og slettes n\u00e5r du lukker nettleseren din. <\/p>\n<p>N\u00e5r du logger inn, setter vi ogs\u00e5 opp flere informasjonskapsler for \u00e5 lagre p\u00e5loggingsinformasjonen din og skjermvalgene dine. Informasjonskapsler for p\u00e5logging varer i to dager, og informasjonskapsler for skjermalternativer varer i ett \u00e5r. Hvis du velger &#8220;Husk meg&#8221;, lagres p\u00e5loggingen din i to uker. Hvis du logger ut av kontoen din, blir innloggingsinformasjonskapslene fjernet.   <\/p>\n<p>Hvis du redigerer eller publiserer en artikkel, lagres det en ekstra informasjonskapsel i nettleseren din. Denne informasjonskapselen inneholder ingen personopplysninger og angir bare innleggs-ID-en til artikkelen du nettopp har redigert. Den utl\u00f8per etter 1 dag.  <\/p>\n<h2 class=\"wp-block-heading\">Innebygd innhold fra andre nettsteder<\/h2>\n<p><strong class=\"privacy-policy-tutorial\">Foresl\u00e5tt tekst: <\/strong>Artikler p\u00e5 dette nettstedet kan inneholde innebygd innhold (f.eks. videoer, bilder, artikler osv.). Innebygd innhold fra andre nettsteder oppf\u00f8rer seg p\u00e5 n\u00f8yaktig samme m\u00e5te som om den bes\u00f8kende har bes\u00f8kt det andre nettstedet. <\/p>\n<p>Disse nettstedene kan samle inn data om deg, bruke informasjonskapsler, legge inn ekstra tredjepartssporing og overv\u00e5ke din interaksjon med det innebygde innholdet, inkludert sporing av din interaksjon med det innebygde innholdet hvis du har en konto og er logget inn p\u00e5 det aktuelle nettstedet.<\/p>\n<h2 class=\"wp-block-heading\">Hvem vi deler opplysningene dine med<\/h2>\n<p><strong class=\"privacy-policy-tutorial\">Foresl\u00e5tt tekst: <\/strong>Hvis du ber om tilbakestilling av passord, vil IP-adressen din bli inkludert i e-posten om tilbakestilling.<\/p>\n<h2 class=\"wp-block-heading\">Hvor lenge vi lagrer opplysningene dine<\/h2>\n<p><strong class=\"privacy-policy-tutorial\">Foresl\u00e5tt tekst: <\/strong>Hvis du legger igjen en kommentar, blir kommentaren og dens metadata lagret p\u00e5 ubestemt tid. Dette er for at vi skal kunne gjenkjenne og godkjenne eventuelle oppf\u00f8lgingskommentarer automatisk i stedet for \u00e5 holde dem i en modereringsk\u00f8. <\/p>\n<p>For brukere som registrerer seg p\u00e5 nettstedet v\u00e5rt (hvis noen), lagrer vi ogs\u00e5 den personlige informasjonen de oppgir i brukerprofilen sin. Alle brukere kan n\u00e5r som helst se, redigere eller slette personopplysningene sine (bortsett fra at de ikke kan endre brukernavnet sitt). Nettstedets administratorer kan ogs\u00e5 se og redigere denne informasjonen.  <\/p>\n<h2 class=\"wp-block-heading\">Hvilke rettigheter du har over dataene dine<\/h2>\n<p><strong class=\"privacy-policy-tutorial\">Foresl\u00e5tt tekst: <\/strong>Hvis du har en konto p\u00e5 dette nettstedet, eller har lagt igjen kommentarer, kan du be om \u00e5 f\u00e5 tilsendt en eksportert fil med personopplysningene vi har om deg, inkludert eventuelle opplysninger du har gitt til oss. Du kan ogs\u00e5 be om at vi sletter alle personopplysninger vi har om deg. Dette omfatter ikke opplysninger vi er forpliktet til \u00e5 oppbevare av administrative, juridiske eller sikkerhetsmessige \u00e5rsaker.  <\/p>\n<h2 class=\"wp-block-heading\">Hvor dataene dine sendes<\/h2>\n<p><strong class=\"privacy-policy-tutorial\">Foresl\u00e5tt tekst: <\/strong>Bes\u00f8kendes kommentarer kan bli kontrollert gjennom en automatisert tjeneste for oppdagelse av s\u00f8ppelpost.<\/p>\n<p>[\/et_pb_text][\/et_pb_column]<br \/>\n\t\t\t[\/et_pb_row]<br \/>\n\t\t[\/et_pb_section]<\/p>\n","protected":false},"excerpt":{"rendered":"<p>Hvem vi er Foresl\u00e5tt tekst: Adressen til nettstedet v\u00e5rt er: https:\/\/inspireashop.com. Kommentarer Foresl\u00e5tt tekst: N\u00e5r bes\u00f8kende legger igjen kommentarer p\u00e5 nettstedet, samler vi inn dataene som vises i kommentarskjemaet, og ogs\u00e5 den bes\u00f8kendes IP-adresse og nettleserens brukeragentstreng for \u00e5 kunne oppdage s\u00f8ppelpost. En anonymisert streng opprettet fra e-postadressen din (ogs\u00e5 kalt en hash) kan bli [&hellip;]<\/p>\n","protected":false},"author":1,"featured_media":0,"parent":0,"menu_order":0,"comment_status":"closed","ping_status":"open","template":"","meta":{"_acf_changed":false,"_et_pb_use_builder":"on","_et_pb_old_content":"","_et_gb_content_width":"","footnotes":""},"class_list":["post-1062","page","type-page","status-publish","hentry"],"acf":[],"yoast_head":"<!-- This site is optimized with the Yoast SEO plugin v27.2 - https:\/\/yoast.com\/product\/yoast-seo-wordpress\/ -->\n<title>Retningslinjer for personvern | Inspirea shop<\/title>\n<meta name=\"robots\" content=\"index, follow, max-snippet:-1, max-image-preview:large, max-video-preview:-1\" \/>\n<link rel=\"canonical\" href=\"https:\/\/inspireashop.com\/no\/retningslinjer-for-personvern\/\" \/>\n<meta property=\"og:locale\" content=\"nb_NO\" \/>\n<meta property=\"og:type\" content=\"article\" \/>\n<meta property=\"og:title\" content=\"Retningslinjer for personvern | Inspirea shop\" \/>\n<meta property=\"og:description\" content=\"Hvem vi er Foresl\u00e5tt tekst: Adressen til nettstedet v\u00e5rt er: https:\/\/inspireashop.com. Kommentarer Foresl\u00e5tt tekst: N\u00e5r bes\u00f8kende legger igjen kommentarer p\u00e5 nettstedet, samler vi inn dataene som vises i kommentarskjemaet, og ogs\u00e5 den bes\u00f8kendes IP-adresse og nettleserens brukeragentstreng for \u00e5 kunne oppdage s\u00f8ppelpost. En anonymisert streng opprettet fra e-postadressen din (ogs\u00e5 kalt en hash) kan bli [&hellip;]\" \/>\n<meta property=\"og:url\" content=\"https:\/\/inspireashop.com\/no\/retningslinjer-for-personvern\/\" \/>\n<meta property=\"og:site_name\" content=\"Inspirea shop\" \/>\n<meta property=\"article:modified_time\" content=\"2025-01-17T16:39:24+00:00\" \/>\n<meta property=\"og:image\" content=\"https:\/\/inspireashop.com\/wp-content\/uploads\/2025\/01\/Inspirea-shop-fb-logo.jpg\" \/>\n\t<meta property=\"og:image:width\" content=\"1080\" \/>\n\t<meta property=\"og:image:height\" content=\"1080\" \/>\n\t<meta property=\"og:image:type\" content=\"image\/jpeg\" \/>\n<meta name=\"twitter:card\" content=\"summary_large_image\" \/>\n<meta name=\"twitter:label1\" content=\"Ansl. lesetid\" \/>\n\t<meta name=\"twitter:data1\" content=\"3 minutter\" \/>\n<script type=\"application\/ld+json\" class=\"yoast-schema-graph\">{\"@context\":\"https:\/\/schema.org\",\"@graph\":[{\"@type\":\"WebPage\",\"@id\":\"https:\/\/inspireashop.com\/no\/retningslinjer-for-personvern\/\",\"url\":\"https:\/\/inspireashop.com\/no\/retningslinjer-for-personvern\/\",\"name\":\"Retningslinjer for personvern | Inspirea shop\",\"isPartOf\":{\"@id\":\"https:\/\/inspireashop.com\/no\/#website\"},\"datePublished\":\"2025-01-11T10:47:25+00:00\",\"dateModified\":\"2025-01-17T16:39:24+00:00\",\"breadcrumb\":{\"@id\":\"https:\/\/inspireashop.com\/no\/retningslinjer-for-personvern\/#breadcrumb\"},\"inLanguage\":\"nb-NO\",\"potentialAction\":[{\"@type\":\"ReadAction\",\"target\":[\"https:\/\/inspireashop.com\/no\/retningslinjer-for-personvern\/\"]}]},{\"@type\":\"BreadcrumbList\",\"@id\":\"https:\/\/inspireashop.com\/no\/retningslinjer-for-personvern\/#breadcrumb\",\"itemListElement\":[{\"@type\":\"ListItem\",\"position\":1,\"name\":\"Home\",\"item\":\"https:\/\/inspireashop.com\/no\/\"},{\"@type\":\"ListItem\",\"position\":2,\"name\":\"Retningslinjer for personvern\"}]},{\"@type\":\"WebSite\",\"@id\":\"https:\/\/inspireashop.com\/no\/#website\",\"url\":\"https:\/\/inspireashop.com\/no\/\",\"name\":\"Inspirea shop\",\"description\":\"Everything nice\",\"publisher\":{\"@id\":\"https:\/\/inspireashop.com\/no\/#organization\"},\"potentialAction\":[{\"@type\":\"SearchAction\",\"target\":{\"@type\":\"EntryPoint\",\"urlTemplate\":\"https:\/\/inspireashop.com\/no\/?s={search_term_string}\"},\"query-input\":{\"@type\":\"PropertyValueSpecification\",\"valueRequired\":true,\"valueName\":\"search_term_string\"}}],\"inLanguage\":\"nb-NO\"},{\"@type\":\"Organization\",\"@id\":\"https:\/\/inspireashop.com\/no\/#organization\",\"name\":\"Inspirea shop\",\"url\":\"https:\/\/inspireashop.com\/no\/\",\"logo\":{\"@type\":\"ImageObject\",\"inLanguage\":\"nb-NO\",\"@id\":\"https:\/\/inspireashop.com\/no\/#\/schema\/logo\/image\/\",\"url\":\"https:\/\/inspireashop.com\/wp-content\/uploads\/2025\/01\/inspirea-shoplogo.png\",\"contentUrl\":\"https:\/\/inspireashop.com\/wp-content\/uploads\/2025\/01\/inspirea-shoplogo.png\",\"width\":400,\"height\":72,\"caption\":\"Inspirea shop\"},\"image\":{\"@id\":\"https:\/\/inspireashop.com\/no\/#\/schema\/logo\/image\/\"}}]}<\/script>\n<!-- \/ Yoast SEO plugin. -->","yoast_head_json":{"title":"Retningslinjer for personvern | Inspirea shop","robots":{"index":"index","follow":"follow","max-snippet":"max-snippet:-1","max-image-preview":"max-image-preview:large","max-video-preview":"max-video-preview:-1"},"canonical":"https:\/\/inspireashop.com\/no\/retningslinjer-for-personvern\/","og_locale":"nb_NO","og_type":"article","og_title":"Retningslinjer for personvern | Inspirea shop","og_description":"Hvem vi er Foresl\u00e5tt tekst: Adressen til nettstedet v\u00e5rt er: https:\/\/inspireashop.com. Kommentarer Foresl\u00e5tt tekst: N\u00e5r bes\u00f8kende legger igjen kommentarer p\u00e5 nettstedet, samler vi inn dataene som vises i kommentarskjemaet, og ogs\u00e5 den bes\u00f8kendes IP-adresse og nettleserens brukeragentstreng for \u00e5 kunne oppdage s\u00f8ppelpost. En anonymisert streng opprettet fra e-postadressen din (ogs\u00e5 kalt en hash) kan bli [&hellip;]","og_url":"https:\/\/inspireashop.com\/no\/retningslinjer-for-personvern\/","og_site_name":"Inspirea shop","article_modified_time":"2025-01-17T16:39:24+00:00","og_image":[{"width":1080,"height":1080,"url":"https:\/\/inspireashop.com\/wp-content\/uploads\/2025\/01\/Inspirea-shop-fb-logo.jpg","type":"image\/jpeg"}],"twitter_card":"summary_large_image","twitter_misc":{"Ansl. lesetid":"3 minutter"},"schema":{"@context":"https:\/\/schema.org","@graph":[{"@type":"WebPage","@id":"https:\/\/inspireashop.com\/no\/retningslinjer-for-personvern\/","url":"https:\/\/inspireashop.com\/no\/retningslinjer-for-personvern\/","name":"Retningslinjer for personvern | Inspirea shop","isPartOf":{"@id":"https:\/\/inspireashop.com\/no\/#website"},"datePublished":"2025-01-11T10:47:25+00:00","dateModified":"2025-01-17T16:39:24+00:00","breadcrumb":{"@id":"https:\/\/inspireashop.com\/no\/retningslinjer-for-personvern\/#breadcrumb"},"inLanguage":"nb-NO","potentialAction":[{"@type":"ReadAction","target":["https:\/\/inspireashop.com\/no\/retningslinjer-for-personvern\/"]}]},{"@type":"BreadcrumbList","@id":"https:\/\/inspireashop.com\/no\/retningslinjer-for-personvern\/#breadcrumb","itemListElement":[{"@type":"ListItem","position":1,"name":"Home","item":"https:\/\/inspireashop.com\/no\/"},{"@type":"ListItem","position":2,"name":"Retningslinjer for personvern"}]},{"@type":"WebSite","@id":"https:\/\/inspireashop.com\/no\/#website","url":"https:\/\/inspireashop.com\/no\/","name":"Inspirea shop","description":"Everything nice","publisher":{"@id":"https:\/\/inspireashop.com\/no\/#organization"},"potentialAction":[{"@type":"SearchAction","target":{"@type":"EntryPoint","urlTemplate":"https:\/\/inspireashop.com\/no\/?s={search_term_string}"},"query-input":{"@type":"PropertyValueSpecification","valueRequired":true,"valueName":"search_term_string"}}],"inLanguage":"nb-NO"},{"@type":"Organization","@id":"https:\/\/inspireashop.com\/no\/#organization","name":"Inspirea shop","url":"https:\/\/inspireashop.com\/no\/","logo":{"@type":"ImageObject","inLanguage":"nb-NO","@id":"https:\/\/inspireashop.com\/no\/#\/schema\/logo\/image\/","url":"https:\/\/inspireashop.com\/wp-content\/uploads\/2025\/01\/inspirea-shoplogo.png","contentUrl":"https:\/\/inspireashop.com\/wp-content\/uploads\/2025\/01\/inspirea-shoplogo.png","width":400,"height":72,"caption":"Inspirea shop"},"image":{"@id":"https:\/\/inspireashop.com\/no\/#\/schema\/logo\/image\/"}}]}},"_links":{"self":[{"href":"https:\/\/inspireashop.com\/no\/wp-json\/wp\/v2\/pages\/1062","targetHints":{"allow":["GET"]}}],"collection":[{"href":"https:\/\/inspireashop.com\/no\/wp-json\/wp\/v2\/pages"}],"about":[{"href":"https:\/\/inspireashop.com\/no\/wp-json\/wp\/v2\/types\/page"}],"author":[{"embeddable":true,"href":"https:\/\/inspireashop.com\/no\/wp-json\/wp\/v2\/users\/1"}],"replies":[{"embeddable":true,"href":"https:\/\/inspireashop.com\/no\/wp-json\/wp\/v2\/comments?post=1062"}],"version-history":[{"count":3,"href":"https:\/\/inspireashop.com\/no\/wp-json\/wp\/v2\/pages\/1062\/revisions"}],"predecessor-version":[{"id":1342,"href":"https:\/\/inspireashop.com\/no\/wp-json\/wp\/v2\/pages\/1062\/revisions\/1342"}],"wp:attachment":[{"href":"https:\/\/inspireashop.com\/no\/wp-json\/wp\/v2\/media?parent=1062"}],"curies":[{"name":"wp","href":"https:\/\/api.w.org\/{rel}","templated":true}]}}