{"id":3737,"date":"2025-02-01T06:21:59","date_gmt":"2025-02-01T06:21:59","guid":{"rendered":"https:\/\/inspireashop.com\/shop\/kolorowe-markery\/"},"modified":"2025-06-25T15:45:07","modified_gmt":"2025-06-25T15:45:07","slug":"kolorowe-markery","status":"publish","type":"product","link":"https:\/\/inspireashop.com\/pl\/kup\/kolorowe-markery\/","title":{"rendered":"7 kolorowych marker\u00f3w"},"content":{"rendered":"","protected":false},"excerpt":{"rendered":"","protected":false},"featured_media":3740,"comment_status":"open","ping_status":"closed","template":"","meta":{"_acf_changed":false,"_et_pb_use_builder":"","_et_pb_old_content":"","_et_gb_content_width":""},"product_brand":[],"product_cat":[102],"product_tag":[],"class_list":{"0":"post-3737","1":"product","2":"type-product","3":"status-publish","4":"has-post-thumbnail","6":"product_cat-upsell-pl","8":"first","9":"instock","10":"taxable","11":"shipping-taxable","12":"purchasable","13":"product-type-simple"},"acf":[],"yoast_head":"<!-- This site is optimized with the Yoast SEO plugin v27.5 - https:\/\/yoast.com\/product\/yoast-seo-wordpress\/ -->\n<title>7 marker\u00f3w do nieograniczonej kreatywno\u015bci i nauki | Inspirea shop<\/title>\n<meta name=\"description\" content=\"7 marker\u00f3w do nieograniczonej kreatywno\u015bci i nauki \u2013 idealne do pisz i zmazuj ksi\u0105\u017ceczka z zadaniami dla dzieci.\" \/>\n<meta name=\"robots\" content=\"index, follow, max-snippet:-1, max-image-preview:large, max-video-preview:-1\" \/>\n<link rel=\"canonical\" href=\"https:\/\/inspireashop.com\/pl\/kup\/kolorowe-markery\/\" \/>\n<meta property=\"og:locale\" content=\"pl_PL\" \/>\n<meta property=\"og:type\" content=\"article\" \/>\n<meta property=\"og:title\" content=\"7 marker\u00f3w do nieograniczonej kreatywno\u015bci i nauki | Inspirea shop\" \/>\n<meta property=\"og:description\" content=\"7 marker\u00f3w do nieograniczonej kreatywno\u015bci i nauki \u2013 idealne do pisz i zmazuj ksi\u0105\u017ceczka z zadaniami dla dzieci.\" \/>\n<meta property=\"og:url\" content=\"https:\/\/inspireashop.com\/pl\/kup\/kolorowe-markery\/\" \/>\n<meta property=\"og:site_name\" content=\"Inspirea shop\" \/>\n<meta property=\"article:modified_time\" content=\"2025-06-25T15:45:07+00:00\" \/>\n<meta property=\"og:image\" content=\"https:\/\/inspireashop.com\/wp-content\/uploads\/2025\/02\/Kolorowe-markery.jpeg\" \/>\n\t<meta property=\"og:image:width\" content=\"1280\" \/>\n\t<meta property=\"og:image:height\" content=\"1280\" \/>\n\t<meta property=\"og:image:type\" content=\"image\/jpeg\" \/>\n<meta name=\"twitter:card\" content=\"summary_large_image\" \/>\n<meta name=\"twitter:label1\" content=\"Szacowany czas czytania\" \/>\n\t<meta name=\"twitter:data1\" content=\"1 minuta\" \/>\n<script type=\"application\/ld+json\" class=\"yoast-schema-graph\">{\"@context\":\"https:\\\/\\\/schema.org\",\"@graph\":[{\"@type\":\"WebPage\",\"@id\":\"https:\\\/\\\/inspireashop.com\\\/pl\\\/kup\\\/kolorowe-markery\\\/\",\"url\":\"https:\\\/\\\/inspireashop.com\\\/pl\\\/kup\\\/kolorowe-markery\\\/\",\"name\":\"7 marker\u00f3w do nieograniczonej kreatywno\u015bci i nauki | Inspirea shop\",\"isPartOf\":{\"@id\":\"https:\\\/\\\/inspireashop.com\\\/pl\\\/#website\"},\"primaryImageOfPage\":{\"@id\":\"https:\\\/\\\/inspireashop.com\\\/pl\\\/kup\\\/kolorowe-markery\\\/#primaryimage\"},\"image\":{\"@id\":\"https:\\\/\\\/inspireashop.com\\\/pl\\\/kup\\\/kolorowe-markery\\\/#primaryimage\"},\"thumbnailUrl\":\"https:\\\/\\\/inspireashop.com\\\/wp-content\\\/uploads\\\/2025\\\/02\\\/Kolorowe-markery.jpeg\",\"datePublished\":\"2025-02-01T06:21:59+00:00\",\"dateModified\":\"2025-06-25T15:45:07+00:00\",\"description\":\"7 marker\u00f3w do nieograniczonej kreatywno\u015bci i nauki \u2013 idealne do pisz i zmazuj ksi\u0105\u017ceczka z zadaniami dla dzieci.\",\"breadcrumb\":{\"@id\":\"https:\\\/\\\/inspireashop.com\\\/pl\\\/kup\\\/kolorowe-markery\\\/#breadcrumb\"},\"inLanguage\":\"pl-PL\",\"potentialAction\":[{\"@type\":\"ReadAction\",\"target\":[\"https:\\\/\\\/inspireashop.com\\\/pl\\\/kup\\\/kolorowe-markery\\\/\"]}]},{\"@type\":\"ImageObject\",\"inLanguage\":\"pl-PL\",\"@id\":\"https:\\\/\\\/inspireashop.com\\\/pl\\\/kup\\\/kolorowe-markery\\\/#primaryimage\",\"url\":\"https:\\\/\\\/inspireashop.com\\\/wp-content\\\/uploads\\\/2025\\\/02\\\/Kolorowe-markery.jpeg\",\"contentUrl\":\"https:\\\/\\\/inspireashop.com\\\/wp-content\\\/uploads\\\/2025\\\/02\\\/Kolorowe-markery.jpeg\",\"width\":1280,\"height\":1280},{\"@type\":\"BreadcrumbList\",\"@id\":\"https:\\\/\\\/inspireashop.com\\\/pl\\\/kup\\\/kolorowe-markery\\\/#breadcrumb\",\"itemListElement\":[{\"@type\":\"ListItem\",\"position\":1,\"name\":\"Home\",\"item\":\"https:\\\/\\\/inspireashop.com\\\/pl\\\/\"},{\"@type\":\"ListItem\",\"position\":2,\"name\":\"Kupuj\",\"item\":\"https:\\\/\\\/inspireashop.com\\\/pl\\\/kupuj\\\/\"},{\"@type\":\"ListItem\",\"position\":3,\"name\":\"7 kolorowych marker\u00f3w\"}]},{\"@type\":\"WebSite\",\"@id\":\"https:\\\/\\\/inspireashop.com\\\/pl\\\/#website\",\"url\":\"https:\\\/\\\/inspireashop.com\\\/pl\\\/\",\"name\":\"Inspirea shop\",\"description\":\"Everything nice\",\"publisher\":{\"@id\":\"https:\\\/\\\/inspireashop.com\\\/pl\\\/#organization\"},\"potentialAction\":[{\"@type\":\"SearchAction\",\"target\":{\"@type\":\"EntryPoint\",\"urlTemplate\":\"https:\\\/\\\/inspireashop.com\\\/pl\\\/?s={search_term_string}\"},\"query-input\":{\"@type\":\"PropertyValueSpecification\",\"valueRequired\":true,\"valueName\":\"search_term_string\"}}],\"inLanguage\":\"pl-PL\"},{\"@type\":\"Organization\",\"@id\":\"https:\\\/\\\/inspireashop.com\\\/pl\\\/#organization\",\"name\":\"Inspirea shop\",\"url\":\"https:\\\/\\\/inspireashop.com\\\/pl\\\/\",\"logo\":{\"@type\":\"ImageObject\",\"inLanguage\":\"pl-PL\",\"@id\":\"https:\\\/\\\/inspireashop.com\\\/pl\\\/#\\\/schema\\\/logo\\\/image\\\/\",\"url\":\"https:\\\/\\\/inspireashop.com\\\/wp-content\\\/uploads\\\/2025\\\/01\\\/inspirea-shoplogo.png\",\"contentUrl\":\"https:\\\/\\\/inspireashop.com\\\/wp-content\\\/uploads\\\/2025\\\/01\\\/inspirea-shoplogo.png\",\"width\":400,\"height\":72,\"caption\":\"Inspirea shop\"},\"image\":{\"@id\":\"https:\\\/\\\/inspireashop.com\\\/pl\\\/#\\\/schema\\\/logo\\\/image\\\/\"}}]}<\/script>\n<!-- \/ Yoast SEO plugin. -->","yoast_head_json":{"title":"7 marker\u00f3w do nieograniczonej kreatywno\u015bci i nauki | Inspirea shop","description":"7 marker\u00f3w do nieograniczonej kreatywno\u015bci i nauki \u2013 idealne do pisz i zmazuj ksi\u0105\u017ceczka z zadaniami dla dzieci.","robots":{"index":"index","follow":"follow","max-snippet":"max-snippet:-1","max-image-preview":"max-image-preview:large","max-video-preview":"max-video-preview:-1"},"canonical":"https:\/\/inspireashop.com\/pl\/kup\/kolorowe-markery\/","og_locale":"pl_PL","og_type":"article","og_title":"7 marker\u00f3w do nieograniczonej kreatywno\u015bci i nauki | Inspirea shop","og_description":"7 marker\u00f3w do nieograniczonej kreatywno\u015bci i nauki \u2013 idealne do pisz i zmazuj ksi\u0105\u017ceczka z zadaniami dla dzieci.","og_url":"https:\/\/inspireashop.com\/pl\/kup\/kolorowe-markery\/","og_site_name":"Inspirea shop","article_modified_time":"2025-06-25T15:45:07+00:00","og_image":[{"width":1280,"height":1280,"url":"https:\/\/inspireashop.com\/wp-content\/uploads\/2025\/02\/Kolorowe-markery.jpeg","type":"image\/jpeg"}],"twitter_card":"summary_large_image","twitter_misc":{"Szacowany czas czytania":"1 minuta"},"schema":{"@context":"https:\/\/schema.org","@graph":[{"@type":"WebPage","@id":"https:\/\/inspireashop.com\/pl\/kup\/kolorowe-markery\/","url":"https:\/\/inspireashop.com\/pl\/kup\/kolorowe-markery\/","name":"7 marker\u00f3w do nieograniczonej kreatywno\u015bci i nauki | Inspirea shop","isPartOf":{"@id":"https:\/\/inspireashop.com\/pl\/#website"},"primaryImageOfPage":{"@id":"https:\/\/inspireashop.com\/pl\/kup\/kolorowe-markery\/#primaryimage"},"image":{"@id":"https:\/\/inspireashop.com\/pl\/kup\/kolorowe-markery\/#primaryimage"},"thumbnailUrl":"https:\/\/inspireashop.com\/wp-content\/uploads\/2025\/02\/Kolorowe-markery.jpeg","datePublished":"2025-02-01T06:21:59+00:00","dateModified":"2025-06-25T15:45:07+00:00","description":"7 marker\u00f3w do nieograniczonej kreatywno\u015bci i nauki \u2013 idealne do pisz i zmazuj ksi\u0105\u017ceczka z zadaniami dla dzieci.","breadcrumb":{"@id":"https:\/\/inspireashop.com\/pl\/kup\/kolorowe-markery\/#breadcrumb"},"inLanguage":"pl-PL","potentialAction":[{"@type":"ReadAction","target":["https:\/\/inspireashop.com\/pl\/kup\/kolorowe-markery\/"]}]},{"@type":"ImageObject","inLanguage":"pl-PL","@id":"https:\/\/inspireashop.com\/pl\/kup\/kolorowe-markery\/#primaryimage","url":"https:\/\/inspireashop.com\/wp-content\/uploads\/2025\/02\/Kolorowe-markery.jpeg","contentUrl":"https:\/\/inspireashop.com\/wp-content\/uploads\/2025\/02\/Kolorowe-markery.jpeg","width":1280,"height":1280},{"@type":"BreadcrumbList","@id":"https:\/\/inspireashop.com\/pl\/kup\/kolorowe-markery\/#breadcrumb","itemListElement":[{"@type":"ListItem","position":1,"name":"Home","item":"https:\/\/inspireashop.com\/pl\/"},{"@type":"ListItem","position":2,"name":"Kupuj","item":"https:\/\/inspireashop.com\/pl\/kupuj\/"},{"@type":"ListItem","position":3,"name":"7 kolorowych marker\u00f3w"}]},{"@type":"WebSite","@id":"https:\/\/inspireashop.com\/pl\/#website","url":"https:\/\/inspireashop.com\/pl\/","name":"Inspirea shop","description":"Everything nice","publisher":{"@id":"https:\/\/inspireashop.com\/pl\/#organization"},"potentialAction":[{"@type":"SearchAction","target":{"@type":"EntryPoint","urlTemplate":"https:\/\/inspireashop.com\/pl\/?s={search_term_string}"},"query-input":{"@type":"PropertyValueSpecification","valueRequired":true,"valueName":"search_term_string"}}],"inLanguage":"pl-PL"},{"@type":"Organization","@id":"https:\/\/inspireashop.com\/pl\/#organization","name":"Inspirea shop","url":"https:\/\/inspireashop.com\/pl\/","logo":{"@type":"ImageObject","inLanguage":"pl-PL","@id":"https:\/\/inspireashop.com\/pl\/#\/schema\/logo\/image\/","url":"https:\/\/inspireashop.com\/wp-content\/uploads\/2025\/01\/inspirea-shoplogo.png","contentUrl":"https:\/\/inspireashop.com\/wp-content\/uploads\/2025\/01\/inspirea-shoplogo.png","width":400,"height":72,"caption":"Inspirea shop"},"image":{"@id":"https:\/\/inspireashop.com\/pl\/#\/schema\/logo\/image\/"}}]}},"_links":{"self":[{"href":"https:\/\/inspireashop.com\/pl\/wp-json\/wp\/v2\/product\/3737","targetHints":{"allow":["GET"]}}],"collection":[{"href":"https:\/\/inspireashop.com\/pl\/wp-json\/wp\/v2\/product"}],"about":[{"href":"https:\/\/inspireashop.com\/pl\/wp-json\/wp\/v2\/types\/product"}],"replies":[{"embeddable":true,"href":"https:\/\/inspireashop.com\/pl\/wp-json\/wp\/v2\/comments?post=3737"}],"wp:featuredmedia":[{"embeddable":true,"href":"https:\/\/inspireashop.com\/pl\/wp-json\/wp\/v2\/media\/3740"}],"wp:attachment":[{"href":"https:\/\/inspireashop.com\/pl\/wp-json\/wp\/v2\/media?parent=3737"}],"wp:term":[{"taxonomy":"product_brand","embeddable":true,"href":"https:\/\/inspireashop.com\/pl\/wp-json\/wp\/v2\/product_brand?post=3737"},{"taxonomy":"product_cat","embeddable":true,"href":"https:\/\/inspireashop.com\/pl\/wp-json\/wp\/v2\/product_cat?post=3737"},{"taxonomy":"product_tag","embeddable":true,"href":"https:\/\/inspireashop.com\/pl\/wp-json\/wp\/v2\/product_tag?post=3737"}],"curies":[{"name":"wp","href":"https:\/\/api.w.org\/{rel}","templated":true}]}}