{"id":48683,"date":"2026-04-17T13:51:01","date_gmt":"2026-04-17T13:51:01","guid":{"rendered":"https:\/\/inspireashop.com\/?post_type=product&#038;p=48683"},"modified":"2026-04-24T15:00:36","modified_gmt":"2026-04-24T15:00:36","slug":"zatrzymaj-nadmierne-myslenie-i-uspokoj-swoj-umysl","status":"publish","type":"product","link":"https:\/\/inspireashop.com\/pl\/kup\/zatrzymaj-nadmierne-myslenie-i-uspokoj-swoj-umysl\/","title":{"rendered":"Zatrzymaj nadmierne my\u015blenie i uspok\u00f3j sw\u00f3j umys\u0142"},"content":{"rendered":"<h3><b>Jak dzia\u0142a Zatrzymaj nadmierne my\u015blenie i uspok\u00f3j sw\u00f3j umys\u0142?<\/b><\/h3>\n<p><strong>\u2705 NATYCHMIASTOWY DOST\u0118P<br \/>\n<\/strong><span style=\"font-weight: 400;\"> Wszystkie materia\u0142y otrzymasz e-mailem od razu po zakupie.<\/span><\/p>\n<p><strong>\ud83d\udda5\ufe0f PRODUKT CYFROWY<br \/>\n<\/strong><span style=\"font-weight: 400;\"> Mo\u017cesz wydrukowa\u0107 materia\u0142y lub korzysta\u0107 z nich na tablecie. Zaprojektowany do \u0142atwego drukowania w formacie A4 lub A5.<\/span><\/p>\n<p><strong>\u267e\ufe0f NIELIMITOWANE U\u017bYCIE<br \/>\n<\/strong><span style=\"font-weight: 400;\"> Mo\u017cesz drukowa\u0107 materia\u0142y tyle razy, ile chcesz.<\/span><\/p>\n<p><i><span style=\"font-weight: 400;\">Ten plik PDF ma charakter wy\u0142\u0105cznie edukacyjny i informacyjny. Nie stanowi substytutu profesjonalnej porady medycznej, psychologicznej ani terapeutycznej, diagnozy ani leczenia.<\/span><\/i><\/p>\n<h3><b>Opinie<\/b><\/h3>\n<p><span style=\"font-weight: 400;\">\u2b50\u2b50\u2b50\u2b50\u2b50\u201eNie spodziewa\u0142am si\u0119 wiele, ale to naprawd\u0119 pomog\u0142o mi bardzo szybko uspokoi\u0107 my\u015bli. \u0106wiczenia s\u0105 proste, ale naprawd\u0119 skuteczne.\u201d<br \/>\n<img decoding=\"async\" class=\"alignnone size-medium wp-image-49102\" src=\"https:\/\/inspireashop.com\/wp-content\/uploads\/2026\/04\/PL-OVER-REVIEW-1-600x600.jpg\" alt=\"Zatrzymaj nadmierne my\u015blenie i uspok\u00f3j sw\u00f3j umys\u0142\" width=\"600\" height=\"600\" \/><br \/>\n<\/span><\/p>\n<p><span style=\"font-weight: 400;\">\u2b50\u2b50\u2b50\u2b50\u2b50\u201eTo pierwsza rzecz, dzi\u0119ki kt\u00f3rej moje nadmierne my\u015blenie sta\u0142o si\u0119 \u0142atwiejsze do opanowania. Uwielbiam to, \u017ce to praktyczne narz\u0119dzie, a nie tylko porady.\u201d<br \/>\n<img decoding=\"async\" class=\"alignnone size-medium wp-image-49120\" src=\"https:\/\/inspireashop.com\/wp-content\/uploads\/2026\/04\/PL-OVER-REVIEW-2-600x600.jpg\" alt=\"Zatrzymaj nadmierne my\u015blenie i uspok\u00f3j sw\u00f3j umys\u0142\" width=\"600\" height=\"600\" \/><br \/>\n<\/span><\/p>\n<p><span style=\"font-weight: 400;\">\u2b50\u2b50\u2b50\u2b50\u2b50\u201eCi\u0105gle wracam do \u0107wicze\u0144 oddechowych i pracy z my\u015blami \u2014 pomagaj\u0105 za ka\u017cdym razem, gdy czuj\u0119 si\u0119 przyt\u0142oczona.\u201d<br \/>\n<img decoding=\"async\" class=\"alignnone size-medium wp-image-49138\" src=\"https:\/\/inspireashop.com\/wp-content\/uploads\/2026\/04\/PL-OVER-REVIEW-3-600x600.jpg\" alt=\"Zatrzymaj nadmierne my\u015blenie i uspok\u00f3j sw\u00f3j umys\u0142\" width=\"600\" height=\"600\" \/><br \/>\n<\/span><\/p>\n<p><span style=\"font-weight: 400;\">\u2b50\u2b50\u2b50\u2b50\u2b50\u201ePr\u00f3bowa\u0142am wielu rzeczy na l\u0119k, ale to jedyne, czego naprawd\u0119 u\u017cywam regularnie.\u201d<\/span><\/p>\n<p><span style=\"font-weight: 400;\">\u2b50\u2b50\u2b50\u2b50\u2b50\u201eStruktura jest \u015bwietna. To wygl\u0105da jak system krok po kroku, a nie przypadkowe strony.\u201d<\/span><\/p>\n<p><span style=\"font-weight: 400;\">\u2b50\u2b50\u2b50\u2b50\u2b50\u201eW ko\u0144cu rozumiem, dlaczego tak du\u017co my\u015bl\u0119 i co mog\u0119 z tym zrobi\u0107. To samo w sobie zmieni\u0142o wszystko.\u201d<\/span><\/p>\n<p><span style=\"font-weight: 400;\">\u2b50\u2b50\u2b50\u2b50\u2b50\u201eStrony \u2018wyrzu\u0107 my\u015bli z g\u0142owy\u2019 i \u2018zmie\u0144 perspektyw\u0119\u2019 s\u0105 moimi ulubionymi \u2014 natychmiast porz\u0105dkuj\u0105 mi g\u0142ow\u0119.\u201d<\/span><\/p>\n<p><span style=\"font-weight: 400;\">\u2b50\u2b50\u2b50\u2b50\u2b50\u201eUwielbiam to, jakie to jest proste. Nawet kiedy czuj\u0119 l\u0119k, naprawd\u0119 potrafi\u0119 z tego skorzysta\u0107.\u201d<\/span><\/p>\n<p><span style=\"font-weight: 400;\">\u2b50\u2b50\u2b50\u2b50\u2b50\u201eTo pomog\u0142o mi poczu\u0107 wi\u0119ksz\u0105 kontrol\u0119 nad emocjami ju\u017c po kilku dniach.\u201d<\/span><\/p>\n<p><span style=\"font-weight: 400;\">\u2b50\u2b50\u2b50\u2b50\u2b50\u201eJe\u015bli masz tendencj\u0119 do analizowania wszystkiego jak ja, to naprawd\u0119 co\u015b, co warto mie\u0107.\u201d<\/span><\/p>\n<p>&nbsp;<\/p>\n","protected":false},"excerpt":{"rendered":"<h3><img decoding=\"async\" class=\"alignnone wp-image-50750 size-large\" src=\"https:\/\/inspireashop.com\/wp-content\/uploads\/2026\/04\/PL-over-mt2-1-1024x1024.jpg\" alt=\"Zatrzymaj nadmierne my\u015blenie i uspok\u00f3j sw\u00f3j umys\u0142\" width=\"1024\" height=\"1024\" srcset=\"https:\/\/inspireashop.com\/wp-content\/uploads\/2026\/04\/PL-over-mt2-1-1024x1024.jpg 1024w, https:\/\/inspireashop.com\/wp-content\/uploads\/2026\/04\/PL-over-mt2-1-980x980.jpg 980w, https:\/\/inspireashop.com\/wp-content\/uploads\/2026\/04\/PL-over-mt2-1-480x480.jpg 480w\" sizes=\"(min-width: 0px) and (max-width: 480px) 480px, (min-width: 481px) and (max-width: 980px) 980px, (min-width: 981px) 1024px, 100vw\" \/><\/h3>\n<h3><b>Co otrzymasz:<\/b><\/h3>\n<p><span style=\"font-weight: 400;\">\ud83c\udf3f Uspok\u00f3j umys\u0142 i cia\u0142o dzi\u0119ki prostym technikom redukuj\u0105cym l\u0119k<\/span><\/p>\n<p><span style=\"font-weight: 400;\">\ud83d\udd04 Przejmij kontrol\u0119 nad my\u015blami dzi\u0119ki sprawdzonym metodom zmiany perspektywy<\/span><\/p>\n<p><span style=\"font-weight: 400;\">\u2764\ufe0f Zrozum swoje emocje i rozpoznaj w\u0142asne schematy<\/span><\/p>\n<p><span style=\"font-weight: 400;\">\u26a1 Zbuduj w\u0142asny system dzi\u0119ki codziennym nawykom, kt\u00f3re naprawd\u0119 dzia\u0142aj\u0105<\/span><\/p>\n<p><span style=\"font-weight: 400;\">\ud83d\udcd8 50 stron prowadzonych \u0107wicze\u0144 i materia\u0142\u00f3w<\/span><\/p>\n<p><span style=\"font-weight: 400;\">\ud83e\udde0 Dzienniki, trackery i pytania do refleksji<\/span><\/p>\n<p><span style=\"font-weight: 400;\">\ud83d\udee0\ufe0f Strategie radzenia sobie z panik\u0105 i trudnymi chwilami, kt\u00f3rych mo\u017cesz u\u017cy\u0107 od razu<\/span><\/p>\n<h3><img decoding=\"async\" class=\"alignnone wp-image-50768 size-large\" src=\"https:\/\/inspireashop.com\/wp-content\/uploads\/2026\/04\/PL-over-mt3-1-1024x1024.jpg\" alt=\"Zatrzymaj nadmierne my\u015blenie i uspok\u00f3j sw\u00f3j umys\u0142\" width=\"1024\" height=\"1024\" srcset=\"https:\/\/inspireashop.com\/wp-content\/uploads\/2026\/04\/PL-over-mt3-1-1024x1024.jpg 1024w, https:\/\/inspireashop.com\/wp-content\/uploads\/2026\/04\/PL-over-mt3-1-980x980.jpg 980w, https:\/\/inspireashop.com\/wp-content\/uploads\/2026\/04\/PL-over-mt3-1-480x480.jpg 480w\" sizes=\"(min-width: 0px) and (max-width: 480px) 480px, (min-width: 481px) and (max-width: 980px) 980px, (min-width: 981px) 1024px, 100vw\" \/><\/h3>\n<h3><b>Co si\u0119 zmieni?<\/b><\/h3>\n<ul>\n<li style=\"font-weight: 400;\" aria-level=\"1\"><span style=\"font-weight: 400;\">Poczujesz wi\u0119kszy spok\u00f3j i kontrol\u0119 zamiast przyt\u0142oczenia<\/span><\/li>\n<li style=\"font-weight: 400;\" aria-level=\"1\"><span style=\"font-weight: 400;\">Zatrzymasz nadmierne my\u015blenie i przerwiesz b\u0142\u0119dne ko\u0142o my\u015bli<\/span><\/li>\n<li style=\"font-weight: 400;\" aria-level=\"1\"><span style=\"font-weight: 400;\">Poznasz proste narz\u0119dzia, kt\u00f3re dzia\u0142aj\u0105 natychmiast<\/span><\/li>\n<li style=\"font-weight: 400;\" aria-level=\"1\"><span style=\"font-weight: 400;\">Zmniejszysz l\u0119k w codziennych sytuacjach<\/span><\/li>\n<li style=\"font-weight: 400;\" aria-level=\"1\"><span style=\"font-weight: 400;\">Zbudujesz nawyki, kt\u00f3re ka\u017cdego dnia pomagaj\u0105 Ci zachowa\u0107 r\u00f3wnowag\u0119<\/span><\/li>\n<\/ul>\n<p><img decoding=\"async\" class=\"alignnone wp-image-48702 size-large\" src=\"https:\/\/inspireashop.com\/wp-content\/uploads\/2026\/04\/PL-OVER-mt4-1024x1024.jpg\" alt=\"Zatrzymaj nadmierne my\u015blenie i uspok\u00f3j sw\u00f3j umys\u0142 \" width=\"1024\" height=\"1024\" srcset=\"https:\/\/inspireashop.com\/wp-content\/uploads\/2026\/04\/PL-OVER-mt4-1024x1024.jpg 1024w, https:\/\/inspireashop.com\/wp-content\/uploads\/2026\/04\/PL-OVER-mt4-980x980.jpg 980w, https:\/\/inspireashop.com\/wp-content\/uploads\/2026\/04\/PL-OVER-mt4-480x480.jpg 480w\" sizes=\"(min-width: 0px) and (max-width: 480px) 480px, (min-width: 481px) and (max-width: 980px) 980px, (min-width: 981px) 1024px, 100vw\" \/><\/p>\n","protected":false},"featured_media":48810,"comment_status":"open","ping_status":"closed","template":"","meta":{"_acf_changed":false,"_et_pb_use_builder":"","_et_pb_old_content":"","_et_gb_content_width":""},"product_brand":[],"product_cat":[119],"product_tag":[],"class_list":{"0":"post-48683","1":"product","2":"type-product","3":"status-publish","4":"has-post-thumbnail","6":"product_cat-pdf-pl","8":"first","9":"instock","10":"sale","11":"downloadable","12":"virtual","13":"taxable","14":"purchasable","15":"product-type-simple"},"acf":[],"yoast_head":"<!-- This site is optimized with the Yoast SEO plugin v27.5 - https:\/\/yoast.com\/product\/yoast-seo-wordpress\/ -->\n<title>Zatrzymaj nadmierne my\u015blenie i uspok\u00f3j sw\u00f3j umys\u0142 | Inspirea shop<\/title>\n<meta name=\"description\" content=\"Zatrzymaj nadmierne my\u015blenie i uspok\u00f3j sw\u00f3j umys\u0142: PDF krok po kroku, kt\u00f3ry pomo\u017ce Ci zmniejszy\u0107 l\u0119k, odzyska\u0107 kontrol\u0119 nad my\u015blami i zn\u00f3w poczu\u0107 spok\u00f3j.\" \/>\n<meta name=\"robots\" content=\"index, follow, max-snippet:-1, max-image-preview:large, max-video-preview:-1\" \/>\n<link rel=\"canonical\" href=\"https:\/\/inspireashop.com\/pl\/kup\/zatrzymaj-nadmierne-myslenie-i-uspokoj-swoj-umysl\/\" \/>\n<meta property=\"og:locale\" content=\"pl_PL\" \/>\n<meta property=\"og:type\" content=\"article\" \/>\n<meta property=\"og:title\" content=\"Zatrzymaj nadmierne my\u015blenie i uspok\u00f3j sw\u00f3j umys\u0142 | Inspirea shop\" \/>\n<meta property=\"og:description\" content=\"Zatrzymaj nadmierne my\u015blenie i uspok\u00f3j sw\u00f3j umys\u0142: PDF krok po kroku, kt\u00f3ry pomo\u017ce Ci zmniejszy\u0107 l\u0119k, odzyska\u0107 kontrol\u0119 nad my\u015blami i zn\u00f3w poczu\u0107 spok\u00f3j.\" \/>\n<meta property=\"og:url\" content=\"https:\/\/inspireashop.com\/pl\/kup\/zatrzymaj-nadmierne-myslenie-i-uspokoj-swoj-umysl\/\" \/>\n<meta property=\"og:site_name\" content=\"Inspirea shop\" \/>\n<meta property=\"article:modified_time\" content=\"2026-04-24T15:00:36+00:00\" \/>\n<meta property=\"og:image\" content=\"https:\/\/inspireashop.com\/wp-content\/uploads\/2026\/04\/PL-OVER-1.jpg\" \/>\n\t<meta property=\"og:image:width\" content=\"1080\" \/>\n\t<meta property=\"og:image:height\" content=\"1080\" \/>\n\t<meta property=\"og:image:type\" content=\"image\/jpeg\" \/>\n<meta name=\"twitter:card\" content=\"summary_large_image\" \/>\n<meta name=\"twitter:label1\" content=\"Szacowany czas czytania\" \/>\n\t<meta name=\"twitter:data1\" content=\"2 minuty\" \/>\n<script type=\"application\/ld+json\" class=\"yoast-schema-graph\">{\"@context\":\"https:\\\/\\\/schema.org\",\"@graph\":[{\"@type\":\"WebPage\",\"@id\":\"https:\\\/\\\/inspireashop.com\\\/pl\\\/kup\\\/zatrzymaj-nadmierne-myslenie-i-uspokoj-swoj-umysl\\\/\",\"url\":\"https:\\\/\\\/inspireashop.com\\\/pl\\\/kup\\\/zatrzymaj-nadmierne-myslenie-i-uspokoj-swoj-umysl\\\/\",\"name\":\"Zatrzymaj nadmierne my\u015blenie i uspok\u00f3j sw\u00f3j umys\u0142 | Inspirea shop\",\"isPartOf\":{\"@id\":\"https:\\\/\\\/inspireashop.com\\\/pl\\\/#website\"},\"primaryImageOfPage\":{\"@id\":\"https:\\\/\\\/inspireashop.com\\\/pl\\\/kup\\\/zatrzymaj-nadmierne-myslenie-i-uspokoj-swoj-umysl\\\/#primaryimage\"},\"image\":{\"@id\":\"https:\\\/\\\/inspireashop.com\\\/pl\\\/kup\\\/zatrzymaj-nadmierne-myslenie-i-uspokoj-swoj-umysl\\\/#primaryimage\"},\"thumbnailUrl\":\"https:\\\/\\\/inspireashop.com\\\/wp-content\\\/uploads\\\/2026\\\/04\\\/PL-OVER-1.jpg\",\"datePublished\":\"2026-04-17T13:51:01+00:00\",\"dateModified\":\"2026-04-24T15:00:36+00:00\",\"description\":\"Zatrzymaj nadmierne my\u015blenie i uspok\u00f3j sw\u00f3j umys\u0142: PDF krok po kroku, kt\u00f3ry pomo\u017ce Ci zmniejszy\u0107 l\u0119k, odzyska\u0107 kontrol\u0119 nad my\u015blami i zn\u00f3w poczu\u0107 spok\u00f3j.\",\"breadcrumb\":{\"@id\":\"https:\\\/\\\/inspireashop.com\\\/pl\\\/kup\\\/zatrzymaj-nadmierne-myslenie-i-uspokoj-swoj-umysl\\\/#breadcrumb\"},\"inLanguage\":\"pl-PL\",\"potentialAction\":[{\"@type\":\"ReadAction\",\"target\":[\"https:\\\/\\\/inspireashop.com\\\/pl\\\/kup\\\/zatrzymaj-nadmierne-myslenie-i-uspokoj-swoj-umysl\\\/\"]}]},{\"@type\":\"ImageObject\",\"inLanguage\":\"pl-PL\",\"@id\":\"https:\\\/\\\/inspireashop.com\\\/pl\\\/kup\\\/zatrzymaj-nadmierne-myslenie-i-uspokoj-swoj-umysl\\\/#primaryimage\",\"url\":\"https:\\\/\\\/inspireashop.com\\\/wp-content\\\/uploads\\\/2026\\\/04\\\/PL-OVER-1.jpg\",\"contentUrl\":\"https:\\\/\\\/inspireashop.com\\\/wp-content\\\/uploads\\\/2026\\\/04\\\/PL-OVER-1.jpg\",\"width\":1080,\"height\":1080,\"caption\":\"Zatrzymaj nadmierne my\u015blenie i uspok\u00f3j sw\u00f3j umys\u0142\"},{\"@type\":\"BreadcrumbList\",\"@id\":\"https:\\\/\\\/inspireashop.com\\\/pl\\\/kup\\\/zatrzymaj-nadmierne-myslenie-i-uspokoj-swoj-umysl\\\/#breadcrumb\",\"itemListElement\":[{\"@type\":\"ListItem\",\"position\":1,\"name\":\"Home\",\"item\":\"https:\\\/\\\/inspireashop.com\\\/pl\\\/\"},{\"@type\":\"ListItem\",\"position\":2,\"name\":\"Kupuj\",\"item\":\"https:\\\/\\\/inspireashop.com\\\/pl\\\/kupuj\\\/\"},{\"@type\":\"ListItem\",\"position\":3,\"name\":\"Zatrzymaj nadmierne my\u015blenie i uspok\u00f3j sw\u00f3j umys\u0142\"}]},{\"@type\":\"WebSite\",\"@id\":\"https:\\\/\\\/inspireashop.com\\\/pl\\\/#website\",\"url\":\"https:\\\/\\\/inspireashop.com\\\/pl\\\/\",\"name\":\"Inspirea shop\",\"description\":\"Everything nice\",\"publisher\":{\"@id\":\"https:\\\/\\\/inspireashop.com\\\/pl\\\/#organization\"},\"potentialAction\":[{\"@type\":\"SearchAction\",\"target\":{\"@type\":\"EntryPoint\",\"urlTemplate\":\"https:\\\/\\\/inspireashop.com\\\/pl\\\/?s={search_term_string}\"},\"query-input\":{\"@type\":\"PropertyValueSpecification\",\"valueRequired\":true,\"valueName\":\"search_term_string\"}}],\"inLanguage\":\"pl-PL\"},{\"@type\":\"Organization\",\"@id\":\"https:\\\/\\\/inspireashop.com\\\/pl\\\/#organization\",\"name\":\"Inspirea shop\",\"url\":\"https:\\\/\\\/inspireashop.com\\\/pl\\\/\",\"logo\":{\"@type\":\"ImageObject\",\"inLanguage\":\"pl-PL\",\"@id\":\"https:\\\/\\\/inspireashop.com\\\/pl\\\/#\\\/schema\\\/logo\\\/image\\\/\",\"url\":\"https:\\\/\\\/inspireashop.com\\\/wp-content\\\/uploads\\\/2025\\\/01\\\/inspirea-shoplogo.png\",\"contentUrl\":\"https:\\\/\\\/inspireashop.com\\\/wp-content\\\/uploads\\\/2025\\\/01\\\/inspirea-shoplogo.png\",\"width\":400,\"height\":72,\"caption\":\"Inspirea shop\"},\"image\":{\"@id\":\"https:\\\/\\\/inspireashop.com\\\/pl\\\/#\\\/schema\\\/logo\\\/image\\\/\"}}]}<\/script>\n<!-- \/ Yoast SEO plugin. -->","yoast_head_json":{"title":"Zatrzymaj nadmierne my\u015blenie i uspok\u00f3j sw\u00f3j umys\u0142 | Inspirea shop","description":"Zatrzymaj nadmierne my\u015blenie i uspok\u00f3j sw\u00f3j umys\u0142: PDF krok po kroku, kt\u00f3ry pomo\u017ce Ci zmniejszy\u0107 l\u0119k, odzyska\u0107 kontrol\u0119 nad my\u015blami i zn\u00f3w poczu\u0107 spok\u00f3j.","robots":{"index":"index","follow":"follow","max-snippet":"max-snippet:-1","max-image-preview":"max-image-preview:large","max-video-preview":"max-video-preview:-1"},"canonical":"https:\/\/inspireashop.com\/pl\/kup\/zatrzymaj-nadmierne-myslenie-i-uspokoj-swoj-umysl\/","og_locale":"pl_PL","og_type":"article","og_title":"Zatrzymaj nadmierne my\u015blenie i uspok\u00f3j sw\u00f3j umys\u0142 | Inspirea shop","og_description":"Zatrzymaj nadmierne my\u015blenie i uspok\u00f3j sw\u00f3j umys\u0142: PDF krok po kroku, kt\u00f3ry pomo\u017ce Ci zmniejszy\u0107 l\u0119k, odzyska\u0107 kontrol\u0119 nad my\u015blami i zn\u00f3w poczu\u0107 spok\u00f3j.","og_url":"https:\/\/inspireashop.com\/pl\/kup\/zatrzymaj-nadmierne-myslenie-i-uspokoj-swoj-umysl\/","og_site_name":"Inspirea shop","article_modified_time":"2026-04-24T15:00:36+00:00","og_image":[{"width":1080,"height":1080,"url":"https:\/\/inspireashop.com\/wp-content\/uploads\/2026\/04\/PL-OVER-1.jpg","type":"image\/jpeg"}],"twitter_card":"summary_large_image","twitter_misc":{"Szacowany czas czytania":"2 minuty"},"schema":{"@context":"https:\/\/schema.org","@graph":[{"@type":"WebPage","@id":"https:\/\/inspireashop.com\/pl\/kup\/zatrzymaj-nadmierne-myslenie-i-uspokoj-swoj-umysl\/","url":"https:\/\/inspireashop.com\/pl\/kup\/zatrzymaj-nadmierne-myslenie-i-uspokoj-swoj-umysl\/","name":"Zatrzymaj nadmierne my\u015blenie i uspok\u00f3j sw\u00f3j umys\u0142 | Inspirea shop","isPartOf":{"@id":"https:\/\/inspireashop.com\/pl\/#website"},"primaryImageOfPage":{"@id":"https:\/\/inspireashop.com\/pl\/kup\/zatrzymaj-nadmierne-myslenie-i-uspokoj-swoj-umysl\/#primaryimage"},"image":{"@id":"https:\/\/inspireashop.com\/pl\/kup\/zatrzymaj-nadmierne-myslenie-i-uspokoj-swoj-umysl\/#primaryimage"},"thumbnailUrl":"https:\/\/inspireashop.com\/wp-content\/uploads\/2026\/04\/PL-OVER-1.jpg","datePublished":"2026-04-17T13:51:01+00:00","dateModified":"2026-04-24T15:00:36+00:00","description":"Zatrzymaj nadmierne my\u015blenie i uspok\u00f3j sw\u00f3j umys\u0142: PDF krok po kroku, kt\u00f3ry pomo\u017ce Ci zmniejszy\u0107 l\u0119k, odzyska\u0107 kontrol\u0119 nad my\u015blami i zn\u00f3w poczu\u0107 spok\u00f3j.","breadcrumb":{"@id":"https:\/\/inspireashop.com\/pl\/kup\/zatrzymaj-nadmierne-myslenie-i-uspokoj-swoj-umysl\/#breadcrumb"},"inLanguage":"pl-PL","potentialAction":[{"@type":"ReadAction","target":["https:\/\/inspireashop.com\/pl\/kup\/zatrzymaj-nadmierne-myslenie-i-uspokoj-swoj-umysl\/"]}]},{"@type":"ImageObject","inLanguage":"pl-PL","@id":"https:\/\/inspireashop.com\/pl\/kup\/zatrzymaj-nadmierne-myslenie-i-uspokoj-swoj-umysl\/#primaryimage","url":"https:\/\/inspireashop.com\/wp-content\/uploads\/2026\/04\/PL-OVER-1.jpg","contentUrl":"https:\/\/inspireashop.com\/wp-content\/uploads\/2026\/04\/PL-OVER-1.jpg","width":1080,"height":1080,"caption":"Zatrzymaj nadmierne my\u015blenie i uspok\u00f3j sw\u00f3j umys\u0142"},{"@type":"BreadcrumbList","@id":"https:\/\/inspireashop.com\/pl\/kup\/zatrzymaj-nadmierne-myslenie-i-uspokoj-swoj-umysl\/#breadcrumb","itemListElement":[{"@type":"ListItem","position":1,"name":"Home","item":"https:\/\/inspireashop.com\/pl\/"},{"@type":"ListItem","position":2,"name":"Kupuj","item":"https:\/\/inspireashop.com\/pl\/kupuj\/"},{"@type":"ListItem","position":3,"name":"Zatrzymaj nadmierne my\u015blenie i uspok\u00f3j sw\u00f3j umys\u0142"}]},{"@type":"WebSite","@id":"https:\/\/inspireashop.com\/pl\/#website","url":"https:\/\/inspireashop.com\/pl\/","name":"Inspirea shop","description":"Everything nice","publisher":{"@id":"https:\/\/inspireashop.com\/pl\/#organization"},"potentialAction":[{"@type":"SearchAction","target":{"@type":"EntryPoint","urlTemplate":"https:\/\/inspireashop.com\/pl\/?s={search_term_string}"},"query-input":{"@type":"PropertyValueSpecification","valueRequired":true,"valueName":"search_term_string"}}],"inLanguage":"pl-PL"},{"@type":"Organization","@id":"https:\/\/inspireashop.com\/pl\/#organization","name":"Inspirea shop","url":"https:\/\/inspireashop.com\/pl\/","logo":{"@type":"ImageObject","inLanguage":"pl-PL","@id":"https:\/\/inspireashop.com\/pl\/#\/schema\/logo\/image\/","url":"https:\/\/inspireashop.com\/wp-content\/uploads\/2025\/01\/inspirea-shoplogo.png","contentUrl":"https:\/\/inspireashop.com\/wp-content\/uploads\/2025\/01\/inspirea-shoplogo.png","width":400,"height":72,"caption":"Inspirea shop"},"image":{"@id":"https:\/\/inspireashop.com\/pl\/#\/schema\/logo\/image\/"}}]}},"_links":{"self":[{"href":"https:\/\/inspireashop.com\/pl\/wp-json\/wp\/v2\/product\/48683","targetHints":{"allow":["GET"]}}],"collection":[{"href":"https:\/\/inspireashop.com\/pl\/wp-json\/wp\/v2\/product"}],"about":[{"href":"https:\/\/inspireashop.com\/pl\/wp-json\/wp\/v2\/types\/product"}],"replies":[{"embeddable":true,"href":"https:\/\/inspireashop.com\/pl\/wp-json\/wp\/v2\/comments?post=48683"}],"wp:featuredmedia":[{"embeddable":true,"href":"https:\/\/inspireashop.com\/pl\/wp-json\/wp\/v2\/media\/48810"}],"wp:attachment":[{"href":"https:\/\/inspireashop.com\/pl\/wp-json\/wp\/v2\/media?parent=48683"}],"wp:term":[{"taxonomy":"product_brand","embeddable":true,"href":"https:\/\/inspireashop.com\/pl\/wp-json\/wp\/v2\/product_brand?post=48683"},{"taxonomy":"product_cat","embeddable":true,"href":"https:\/\/inspireashop.com\/pl\/wp-json\/wp\/v2\/product_cat?post=48683"},{"taxonomy":"product_tag","embeddable":true,"href":"https:\/\/inspireashop.com\/pl\/wp-json\/wp\/v2\/product_tag?post=48683"}],"curies":[{"name":"wp","href":"https:\/\/api.w.org\/{rel}","templated":true}]}}