{"id":51809,"date":"2025-01-11T14:42:00","date_gmt":"2025-01-11T14:42:00","guid":{"rendered":"https:\/\/inspireashop.com\/acasa\/"},"modified":"2026-05-05T15:58:44","modified_gmt":"2026-05-05T15:58:44","slug":"acasa","status":"publish","type":"page","link":"https:\/\/inspireashop.com\/ro\/","title":{"rendered":"Acas\u0103"},"content":{"rendered":"<p>[et_pb_section fb_built=&#8221;1&#8243; custom_padding_last_edited=&#8221;on|phone&#8221; _builder_version=&#8221;4.27.5&#8243; _module_preset=&#8221;default&#8221; custom_margin_tablet=&#8221;&#8221; custom_margin_phone=&#8221;||||false|false&#8221; custom_margin_last_edited=&#8221;on|phone&#8221; custom_padding_tablet=&#8221;&#8221; custom_padding_phone=&#8221;0px||||false|false&#8221; global_colors_info=&#8221;{}&#8221;][et_pb_row column_structure=&#8221;1_2,1_2&#8243; _builder_version=&#8221;4.27.4&#8243; _module_preset=&#8221;default&#8221; custom_padding=&#8221;0px||20px|||&#8221; global_colors_info=&#8221;{}&#8221;][et_pb_column type=&#8221;1_2&#8243; _builder_version=&#8221;4.27.4&#8243; _module_preset=&#8221;default&#8221; global_colors_info=&#8221;{}&#8221;][et_pb_image src=&#8221;https:\/\/inspireashop.com\/wp-content\/uploads\/2025\/01\/inspirea-shoplogo.png&#8221; title_text=&#8221;inspirea-shoplogo&#8221; _builder_version=&#8221;4.27.4&#8243; _module_preset=&#8221;default&#8221; global_colors_info=&#8221;{}&#8221;][\/et_pb_image][et_pb_text _builder_version=&#8221;4.27.4&#8243; _module_preset=&#8221;default&#8221; text_font_size=&#8221;16px&#8221; header_font_size=&#8221;25px&#8221; header_line_height=&#8221;1.4em&#8221; global_colors_info=&#8221;{}&#8221;]<\/p>\n<p class=\"p1\"><span class=\"s1\">\u00cencurajeaz\u0103 interesele naturale ale copilului t\u0103u, dezvolt\u0103 abilit\u0103\u021bi de via\u021b\u0103 \u0219i cultiv\u0103 curiozitatea.<br \/><\/span><\/p>\n<h1>C\u0103r\u021bi de colorat captivante care inspir\u0103 \u00eenv\u0103\u021barea \u0219i dezvoltarea abilit\u0103\u021bilor prin distrac\u021bie \u0219i creativitate.<\/h1>\n<p>[\/et_pb_text][et_pb_image src=&#8221;https:\/\/inspireashop.com\/wp-content\/uploads\/2025\/01\/inspirea-payment.png&#8221; title_text=&#8221;inspirea-payment&#8221; _builder_version=&#8221;4.27.4&#8243; _module_preset=&#8221;default&#8221; global_colors_info=&#8221;{}&#8221;][\/et_pb_image][et_pb_blurb title=&#8221;100% ACHIZI\u021aIE SIGUR\u0102 | V\u00e2nz\u0103tor UE&#8221; use_icon=&#8221;on&#8221; font_icon=&#8221;&#xf023;||fa||900&#8243; icon_color=&#8221;#000000&#8243; icon_placement=&#8221;left&#8221; image_icon_width=&#8221;30px&#8221; _builder_version=&#8221;4.27.4&#8243; _module_preset=&#8221;default&#8221; image_icon_custom_margin=&#8221;-5px||||false|false&#8221; global_colors_info=&#8221;{}&#8221;][\/et_pb_blurb][\/et_pb_column][et_pb_column type=&#8221;1_2&#8243; _builder_version=&#8221;4.27.4&#8243; _module_preset=&#8221;default&#8221; global_colors_info=&#8221;{}&#8221;][et_pb_image src=&#8221;https:\/\/inspireashop.com\/wp-content\/uploads\/2025\/01\/inspirea-img-Large.jpeg&#8221; title_text=&#8221;inspirea-img Large&#8221; _builder_version=&#8221;4.27.4&#8243; _module_preset=&#8221;default&#8221; global_colors_info=&#8221;{}&#8221;][\/et_pb_image][\/et_pb_column][\/et_pb_row][et_pb_row use_custom_gutter=&#8221;on&#8221; gutter_width=&#8221;2&#8243; disabled_on=&#8221;off|off|off&#8221; _builder_version=&#8221;4.27.6&#8243; _module_preset=&#8221;default&#8221; width_tablet=&#8221;&#8221; width_phone=&#8221;90%&#8221; width_last_edited=&#8221;on|phone&#8221; max_width_tablet=&#8221;&#8221; max_width_phone=&#8221;&#8221; max_width_last_edited=&#8221;on|phone&#8221; custom_padding=&#8221;||0px|||&#8221; hover_enabled=&#8221;0&#8243; global_colors_info=&#8221;{}&#8221; sticky_enabled=&#8221;0&#8243;][et_pb_column type=&#8221;4_4&#8243; _builder_version=&#8221;4.27.4&#8243; _module_preset=&#8221;default&#8221; global_colors_info=&#8221;{}&#8221;][et_pb_shop type=&#8221;product_category&#8221; include_categories=&#8221;185,186&#8243; sale_badge_color=&#8221;#7FBBCB&#8221; show_rating=&#8221;off&#8221; show_sale_badge=&#8221;off&#8221; disabled_on=&#8221;off|off|off&#8221; _builder_version=&#8221;4.27.6&#8243; _module_preset=&#8221;default&#8221; title_font=&#8221;||||||||&#8221; title_font_size=&#8221;20px&#8221; title_line_height=&#8221;1.4em&#8221; price_font_size=&#8221;16px&#8221; title_font_size_tablet=&#8221;20px&#8221; title_font_size_phone=&#8221;17px&#8221; title_font_size_last_edited=&#8221;on|phone&#8221; global_colors_info=&#8221;{}&#8221;][\/et_pb_shop][\/et_pb_column][\/et_pb_row][et_pb_row column_structure=&#8221;1_4,1_4,1_4,1_4&#8243; module_class=&#8221;three-columns&#8221; _builder_version=&#8221;4.27.4&#8243; _module_preset=&#8221;default&#8221; width_tablet=&#8221;&#8221; width_phone=&#8221;90%&#8221; width_last_edited=&#8221;on|phone&#8221; custom_padding=&#8221;24px||0px|||&#8221; locked=&#8221;off&#8221; global_colors_info=&#8221;{}&#8221;][et_pb_column type=&#8221;1_4&#8243; _builder_version=&#8221;4.27.4&#8243; _module_preset=&#8221;default&#8221; global_colors_info=&#8221;{}&#8221;][et_pb_blurb title=&#8221;\u00cencredere prin succes&#8221; image=&#8221;https:\/\/inspireashop.com\/wp-content\/uploads\/2025\/02\/puzzle1.png&#8221; image_icon_width=&#8221;40%&#8221; image_icon_width_tablet=&#8221;40%&#8221; image_icon_width_phone=&#8221;40%&#8221; image_icon_width_last_edited=&#8221;on|phone&#8221; _builder_version=&#8221;4.27.4&#8243; _module_preset=&#8221;default&#8221; header_text_align=&#8221;center&#8221; header_font_size=&#8221;16px&#8221; header_line_height=&#8221;1.3em&#8221; body_text_align=&#8221;center&#8221; image_icon_custom_margin=&#8221;||-15px||false|false&#8221; custom_padding=&#8221;|5px||5px|false|true&#8221; header_font_size_tablet=&#8221;16px&#8221; header_font_size_phone=&#8221;16px&#8221; header_font_size_last_edited=&#8221;on|phone&#8221; body_font_size_tablet=&#8221;&#8221; body_font_size_phone=&#8221;14px&#8221; body_font_size_last_edited=&#8221;on|phone&#8221; global_colors_info=&#8221;{}&#8221;]<\/p>\n<p data-start=\"209\" data-end=\"300\">Rezolvarea sarcinilor \u00een mod independent stimuleaz\u0103 stima de sine \u0219i bucuria de a \u00eenv\u0103\u021ba.<\/p>\n<p>[\/et_pb_blurb][\/et_pb_column][et_pb_column type=&#8221;1_4&#8243; _builder_version=&#8221;4.27.4&#8243; _module_preset=&#8221;default&#8221; global_colors_info=&#8221;{}&#8221;][et_pb_blurb title=&#8221;90% din dezvoltarea creierului are loc \u00eenainte de v\u00e2rsta de 6 ani&#8221; image=&#8221;https:\/\/inspireashop.com\/wp-content\/uploads\/2025\/02\/brain.png&#8221; image_icon_width=&#8221;40%&#8221; image_icon_width_tablet=&#8221;40%&#8221; image_icon_width_phone=&#8221;40%&#8221; image_icon_width_last_edited=&#8221;on|phone&#8221; _builder_version=&#8221;4.27.4&#8243; _module_preset=&#8221;default&#8221; header_text_align=&#8221;center&#8221; header_font_size=&#8221;16px&#8221; header_line_height=&#8221;1.3em&#8221; body_text_align=&#8221;center&#8221; image_icon_custom_margin=&#8221;||-15px||false|false&#8221; custom_padding=&#8221;|5px||5px|false|true&#8221; header_font_size_tablet=&#8221;16px&#8221; header_font_size_phone=&#8221;16px&#8221; header_font_size_last_edited=&#8221;on|phone&#8221; body_font_size_tablet=&#8221;&#8221; body_font_size_phone=&#8221;14px&#8221; body_font_size_last_edited=&#8221;on|phone&#8221; global_colors_info=&#8221;{}&#8221;]<\/p>\n<p>Activit\u0103\u021bile timpurii joac\u0103 un rol crucial \u00een dezvoltarea copilului.<\/p>\n<p>[\/et_pb_blurb][\/et_pb_column][et_pb_column type=&#8221;1_4&#8243; _builder_version=&#8221;4.27.4&#8243; _module_preset=&#8221;default&#8221; global_colors_info=&#8221;{}&#8221;][et_pb_blurb title=&#8221;Pentru joac\u0103 independent\u0103 sau momente \u00eemp\u0103rt\u0103\u0219ite&#8221; image=&#8221;https:\/\/inspireashop.com\/wp-content\/uploads\/2025\/02\/pencil.png&#8221; image_icon_width=&#8221;40%&#8221; image_icon_width_tablet=&#8221;40%&#8221; image_icon_width_phone=&#8221;40%&#8221; image_icon_width_last_edited=&#8221;on|phone&#8221; _builder_version=&#8221;4.27.4&#8243; _module_preset=&#8221;default&#8221; header_text_align=&#8221;center&#8221; header_font_size=&#8221;16px&#8221; header_line_height=&#8221;1.3em&#8221; body_text_align=&#8221;center&#8221; image_icon_custom_margin=&#8221;||-15px||false|false&#8221; custom_padding=&#8221;|5px||5px|false|true&#8221; header_font_size_tablet=&#8221;16px&#8221; header_font_size_phone=&#8221;16px&#8221; header_font_size_last_edited=&#8221;on|phone&#8221; body_font_size_tablet=&#8221;&#8221; body_font_size_phone=&#8221;14px&#8221; body_font_size_last_edited=&#8221;on|phone&#8221; global_colors_info=&#8221;{}&#8221;]<\/p>\n<p>Copilul t\u0103u poate s\u0103 se joace singur \u2013 sau \u00eempreun\u0103 cu tine<\/p>\n<p>[\/et_pb_blurb][\/et_pb_column][et_pb_column type=&#8221;1_4&#8243; _builder_version=&#8221;4.27.4&#8243; _module_preset=&#8221;default&#8221; global_colors_info=&#8221;{}&#8221;][et_pb_blurb title=&#8221;Preg\u0103tire pentru succesul \u0219colar \u0219i concentrare&#8221; image=&#8221;https:\/\/inspireashop.com\/wp-content\/uploads\/2025\/02\/education.png&#8221; image_icon_width=&#8221;40%&#8221; image_icon_width_tablet=&#8221;40%&#8221; image_icon_width_phone=&#8221;40%&#8221; image_icon_width_last_edited=&#8221;on|phone&#8221; _builder_version=&#8221;4.27.4&#8243; _module_preset=&#8221;default&#8221; header_text_align=&#8221;center&#8221; header_font_size=&#8221;16px&#8221; header_line_height=&#8221;1.3em&#8221; body_text_align=&#8221;center&#8221; image_icon_custom_margin=&#8221;||-15px||false|false&#8221; custom_padding=&#8221;|5px||5px|false|true&#8221; header_font_size_tablet=&#8221;16px&#8221; header_font_size_phone=&#8221;16px&#8221; header_font_size_last_edited=&#8221;on|phone&#8221; body_font_size_tablet=&#8221;&#8221; body_font_size_phone=&#8221;14px&#8221; body_font_size_last_edited=&#8221;on|phone&#8221; global_colors_info=&#8221;{}&#8221;]<\/p>\n<p data-start=\"237\" data-end=\"356\">Copilul t\u0103u dezvolt\u0103 \u00een mod natural abilit\u0103\u021bile motorii fine \u0219i concentrarea.<\/p>\n<p>[\/et_pb_blurb][\/et_pb_column][\/et_pb_row][et_pb_row custom_padding_last_edited=&#8221;on|phone&#8221; _builder_version=&#8221;4.27.6&#8243; _module_preset=&#8221;default&#8221; width=&#8221;40%&#8221; width_tablet=&#8221;40%&#8221; width_phone=&#8221;85%&#8221; width_last_edited=&#8221;on|desktop&#8221; custom_padding=&#8221;50px||||false|false&#8221; custom_padding_tablet=&#8221;50px||||false|false&#8221; custom_padding_phone=&#8221;30px||||false|false&#8221; hover_enabled=&#8221;0&#8243; global_colors_info=&#8221;{}&#8221; sticky_enabled=&#8221;0&#8243; disabled_on=&#8221;on|on|on&#8221; disabled=&#8221;on&#8221;][et_pb_column type=&#8221;4_4&#8243; _builder_version=&#8221;4.27.4&#8243; _module_preset=&#8221;default&#8221; global_colors_info=&#8221;{}&#8221;][et_pb_blog show_author=&#8221;off&#8221; show_date=&#8221;off&#8221; show_categories=&#8221;off&#8221; show_pagination=&#8221;off&#8221; _builder_version=&#8221;4.27.4&#8243; _module_preset=&#8221;default&#8221; header_line_height=&#8221;1.4em&#8221; body_line_height=&#8221;1.8em&#8221; custom_margin=&#8221;||||false|false&#8221; custom_padding=&#8221;||1px||false|false&#8221; header_font_size_tablet=&#8221;&#8221; header_font_size_phone=&#8221;19px&#8221; header_font_size_last_edited=&#8221;on|phone&#8221; custom_css_main_element=&#8221;border-radius:15px;&#8221; custom_css_title=&#8221;padding-left:20px;||padding-right:20px;&#8221; custom_css_content=&#8221;padding-left:20px;||padding-right:20px;&#8221; border_radii_fullwidth=&#8221;on|15px|15px|15px|15px&#8221; box_shadow_style=&#8221;preset1&#8243; global_colors_info=&#8221;{}&#8221;][\/et_pb_blog][\/et_pb_column][\/et_pb_row][\/et_pb_section]<\/p>\n","protected":false},"excerpt":{"rendered":"<p>\u00cencurajeaz\u0103 interesele naturale ale copilului t\u0103u, dezvolt\u0103 abilit\u0103\u021bi de via\u021b\u0103 \u0219i cultiv\u0103 curiozitatea. C\u0103r\u021bi de colorat captivante care inspir\u0103 \u00eenv\u0103\u021barea \u0219i dezvoltarea abilit\u0103\u021bilor prin distrac\u021bie \u0219i creativitate.Rezolvarea sarcinilor \u00een mod independent stimuleaz\u0103 stima de sine \u0219i bucuria de a \u00eenv\u0103\u021ba.Activit\u0103\u021bile timpurii joac\u0103 un rol crucial \u00een dezvoltarea copilului.Copilul t\u0103u poate s\u0103 se joace singur \u2013 [&hellip;]<\/p>\n","protected":false},"author":1,"featured_media":0,"parent":0,"menu_order":0,"comment_status":"closed","ping_status":"closed","template":"","meta":{"_acf_changed":false,"_et_pb_use_builder":"on","_et_pb_old_content":"","_et_gb_content_width":"","footnotes":""},"class_list":["post-51809","page","type-page","status-publish","hentry"],"acf":[],"yoast_head":"<!-- This site is optimized with the Yoast SEO plugin v27.5 - https:\/\/yoast.com\/product\/yoast-seo-wordpress\/ -->\n<title>Acas\u0103 | Inspirea shop<\/title>\n<meta name=\"robots\" content=\"index, follow, max-snippet:-1, max-image-preview:large, max-video-preview:-1\" \/>\n<link rel=\"canonical\" href=\"https:\/\/inspireashop.com\/ro\/\" \/>\n<meta property=\"og:locale\" content=\"ro_RO\" \/>\n<meta property=\"og:type\" content=\"article\" \/>\n<meta property=\"og:title\" content=\"Acas\u0103 | Inspirea shop\" \/>\n<meta property=\"og:description\" content=\"\u00cencurajeaz\u0103 interesele naturale ale copilului t\u0103u, dezvolt\u0103 abilit\u0103\u021bi de via\u021b\u0103 \u0219i cultiv\u0103 curiozitatea. C\u0103r\u021bi de colorat captivante care inspir\u0103 \u00eenv\u0103\u021barea \u0219i dezvoltarea abilit\u0103\u021bilor prin distrac\u021bie \u0219i creativitate.Rezolvarea sarcinilor \u00een mod independent stimuleaz\u0103 stima de sine \u0219i bucuria de a \u00eenv\u0103\u021ba.Activit\u0103\u021bile timpurii joac\u0103 un rol crucial \u00een dezvoltarea copilului.Copilul t\u0103u poate s\u0103 se joace singur \u2013 [&hellip;]\" \/>\n<meta property=\"og:url\" content=\"https:\/\/inspireashop.com\/ro\/\" \/>\n<meta property=\"og:site_name\" content=\"Inspirea shop\" \/>\n<meta property=\"article:modified_time\" content=\"2026-05-05T15:58:44+00:00\" \/>\n<meta property=\"og:image\" content=\"https:\/\/inspireashop.com\/wp-content\/uploads\/2025\/01\/Inspirea-shop-fb-logo.jpg\" \/>\n\t<meta property=\"og:image:width\" content=\"1080\" \/>\n\t<meta property=\"og:image:height\" content=\"1080\" \/>\n\t<meta property=\"og:image:type\" content=\"image\/jpeg\" \/>\n<meta name=\"twitter:card\" content=\"summary_large_image\" \/>\n<meta name=\"twitter:label1\" content=\"Timp estimat pentru citire\" \/>\n\t<meta name=\"twitter:data1\" content=\"6 minute\" \/>\n<script type=\"application\/ld+json\" class=\"yoast-schema-graph\">{\"@context\":\"https:\\\/\\\/schema.org\",\"@graph\":[{\"@type\":\"WebPage\",\"@id\":\"https:\\\/\\\/inspireashop.com\\\/ro\\\/\",\"url\":\"https:\\\/\\\/inspireashop.com\\\/ro\\\/\",\"name\":\"Acas\u0103 | Inspirea shop\",\"isPartOf\":{\"@id\":\"https:\\\/\\\/inspireashop.com\\\/ro\\\/#website\"},\"datePublished\":\"2025-01-11T14:42:00+00:00\",\"dateModified\":\"2026-05-05T15:58:44+00:00\",\"breadcrumb\":{\"@id\":\"https:\\\/\\\/inspireashop.com\\\/ro\\\/#breadcrumb\"},\"inLanguage\":\"ro-RO\",\"potentialAction\":[{\"@type\":\"ReadAction\",\"target\":[\"https:\\\/\\\/inspireashop.com\\\/ro\\\/\"]}]},{\"@type\":\"BreadcrumbList\",\"@id\":\"https:\\\/\\\/inspireashop.com\\\/ro\\\/#breadcrumb\",\"itemListElement\":[{\"@type\":\"ListItem\",\"position\":1,\"name\":\"Home\",\"item\":\"https:\\\/\\\/inspireashop.com\\\/ro\\\/\"},{\"@type\":\"ListItem\",\"position\":2,\"name\":\"Acas\u0103\"}]},{\"@type\":\"WebSite\",\"@id\":\"https:\\\/\\\/inspireashop.com\\\/ro\\\/#website\",\"url\":\"https:\\\/\\\/inspireashop.com\\\/ro\\\/\",\"name\":\"Inspirea shop\",\"description\":\"Everything nice\",\"publisher\":{\"@id\":\"https:\\\/\\\/inspireashop.com\\\/ro\\\/#organization\"},\"potentialAction\":[{\"@type\":\"SearchAction\",\"target\":{\"@type\":\"EntryPoint\",\"urlTemplate\":\"https:\\\/\\\/inspireashop.com\\\/ro\\\/?s={search_term_string}\"},\"query-input\":{\"@type\":\"PropertyValueSpecification\",\"valueRequired\":true,\"valueName\":\"search_term_string\"}}],\"inLanguage\":\"ro-RO\"},{\"@type\":\"Organization\",\"@id\":\"https:\\\/\\\/inspireashop.com\\\/ro\\\/#organization\",\"name\":\"Inspirea shop\",\"url\":\"https:\\\/\\\/inspireashop.com\\\/ro\\\/\",\"logo\":{\"@type\":\"ImageObject\",\"inLanguage\":\"ro-RO\",\"@id\":\"https:\\\/\\\/inspireashop.com\\\/ro\\\/#\\\/schema\\\/logo\\\/image\\\/\",\"url\":\"https:\\\/\\\/inspireashop.com\\\/wp-content\\\/uploads\\\/2025\\\/01\\\/inspirea-shoplogo.png\",\"contentUrl\":\"https:\\\/\\\/inspireashop.com\\\/wp-content\\\/uploads\\\/2025\\\/01\\\/inspirea-shoplogo.png\",\"width\":400,\"height\":72,\"caption\":\"Inspirea shop\"},\"image\":{\"@id\":\"https:\\\/\\\/inspireashop.com\\\/ro\\\/#\\\/schema\\\/logo\\\/image\\\/\"}}]}<\/script>\n<!-- \/ Yoast SEO plugin. -->","yoast_head_json":{"title":"Acas\u0103 | Inspirea shop","robots":{"index":"index","follow":"follow","max-snippet":"max-snippet:-1","max-image-preview":"max-image-preview:large","max-video-preview":"max-video-preview:-1"},"canonical":"https:\/\/inspireashop.com\/ro\/","og_locale":"ro_RO","og_type":"article","og_title":"Acas\u0103 | Inspirea shop","og_description":"\u00cencurajeaz\u0103 interesele naturale ale copilului t\u0103u, dezvolt\u0103 abilit\u0103\u021bi de via\u021b\u0103 \u0219i cultiv\u0103 curiozitatea. C\u0103r\u021bi de colorat captivante care inspir\u0103 \u00eenv\u0103\u021barea \u0219i dezvoltarea abilit\u0103\u021bilor prin distrac\u021bie \u0219i creativitate.Rezolvarea sarcinilor \u00een mod independent stimuleaz\u0103 stima de sine \u0219i bucuria de a \u00eenv\u0103\u021ba.Activit\u0103\u021bile timpurii joac\u0103 un rol crucial \u00een dezvoltarea copilului.Copilul t\u0103u poate s\u0103 se joace singur \u2013 [&hellip;]","og_url":"https:\/\/inspireashop.com\/ro\/","og_site_name":"Inspirea shop","article_modified_time":"2026-05-05T15:58:44+00:00","og_image":[{"width":1080,"height":1080,"url":"https:\/\/inspireashop.com\/wp-content\/uploads\/2025\/01\/Inspirea-shop-fb-logo.jpg","type":"image\/jpeg"}],"twitter_card":"summary_large_image","twitter_misc":{"Timp estimat pentru citire":"6 minute"},"schema":{"@context":"https:\/\/schema.org","@graph":[{"@type":"WebPage","@id":"https:\/\/inspireashop.com\/ro\/","url":"https:\/\/inspireashop.com\/ro\/","name":"Acas\u0103 | Inspirea shop","isPartOf":{"@id":"https:\/\/inspireashop.com\/ro\/#website"},"datePublished":"2025-01-11T14:42:00+00:00","dateModified":"2026-05-05T15:58:44+00:00","breadcrumb":{"@id":"https:\/\/inspireashop.com\/ro\/#breadcrumb"},"inLanguage":"ro-RO","potentialAction":[{"@type":"ReadAction","target":["https:\/\/inspireashop.com\/ro\/"]}]},{"@type":"BreadcrumbList","@id":"https:\/\/inspireashop.com\/ro\/#breadcrumb","itemListElement":[{"@type":"ListItem","position":1,"name":"Home","item":"https:\/\/inspireashop.com\/ro\/"},{"@type":"ListItem","position":2,"name":"Acas\u0103"}]},{"@type":"WebSite","@id":"https:\/\/inspireashop.com\/ro\/#website","url":"https:\/\/inspireashop.com\/ro\/","name":"Inspirea shop","description":"Everything nice","publisher":{"@id":"https:\/\/inspireashop.com\/ro\/#organization"},"potentialAction":[{"@type":"SearchAction","target":{"@type":"EntryPoint","urlTemplate":"https:\/\/inspireashop.com\/ro\/?s={search_term_string}"},"query-input":{"@type":"PropertyValueSpecification","valueRequired":true,"valueName":"search_term_string"}}],"inLanguage":"ro-RO"},{"@type":"Organization","@id":"https:\/\/inspireashop.com\/ro\/#organization","name":"Inspirea shop","url":"https:\/\/inspireashop.com\/ro\/","logo":{"@type":"ImageObject","inLanguage":"ro-RO","@id":"https:\/\/inspireashop.com\/ro\/#\/schema\/logo\/image\/","url":"https:\/\/inspireashop.com\/wp-content\/uploads\/2025\/01\/inspirea-shoplogo.png","contentUrl":"https:\/\/inspireashop.com\/wp-content\/uploads\/2025\/01\/inspirea-shoplogo.png","width":400,"height":72,"caption":"Inspirea shop"},"image":{"@id":"https:\/\/inspireashop.com\/ro\/#\/schema\/logo\/image\/"}}]}},"_links":{"self":[{"href":"https:\/\/inspireashop.com\/ro\/wp-json\/wp\/v2\/pages\/51809","targetHints":{"allow":["GET"]}}],"collection":[{"href":"https:\/\/inspireashop.com\/ro\/wp-json\/wp\/v2\/pages"}],"about":[{"href":"https:\/\/inspireashop.com\/ro\/wp-json\/wp\/v2\/types\/page"}],"author":[{"embeddable":true,"href":"https:\/\/inspireashop.com\/ro\/wp-json\/wp\/v2\/users\/1"}],"replies":[{"embeddable":true,"href":"https:\/\/inspireashop.com\/ro\/wp-json\/wp\/v2\/comments?post=51809"}],"version-history":[{"count":3,"href":"https:\/\/inspireashop.com\/ro\/wp-json\/wp\/v2\/pages\/51809\/revisions"}],"predecessor-version":[{"id":52076,"href":"https:\/\/inspireashop.com\/ro\/wp-json\/wp\/v2\/pages\/51809\/revisions\/52076"}],"wp:attachment":[{"href":"https:\/\/inspireashop.com\/ro\/wp-json\/wp\/v2\/media?parent=51809"}],"curies":[{"name":"wp","href":"https:\/\/api.w.org\/{rel}","templated":true}]}}