{"id":51816,"date":"2026-03-19T10:21:59","date_gmt":"2026-03-19T10:21:59","guid":{"rendered":"https:\/\/inspireashop.com\/shop\/parents-guide-what-to-say-instead-of-yelling\/"},"modified":"2026-05-05T14:50:59","modified_gmt":"2026-05-05T14:50:59","slug":"ghidul-parintilor-ce-sa-spui-in-loc-sa-tipi","status":"publish","type":"product","link":"https:\/\/inspireashop.com\/ro\/shop\/ghidul-parintilor-ce-sa-spui-in-loc-sa-tipi\/","title":{"rendered":"Ghidul p\u0103rin\u021bilor: Ce s\u0103 spui \u00een loc s\u0103 \u021bipi"},"content":{"rendered":"<h3 class=\"first:mt-1.5!\"><strong>Cum func\u021bioneaz\u0103 Ghidul p\u0103rin\u021bilor: Ce s\u0103 spui \u00een loc s\u0103 \u021bipi:<\/strong><\/h3>\n<p class=\"first:mt-1.5!\">\u2705 <strong>ACCES INSTANT<\/strong><br \/>\nVei primi e-book-ul pe email imediat dup\u0103 achizi\u021bie.<\/p>\n<p class=\"first:mt-1.5!\">\ud83d\udda5\ufe0f <strong>PRODUS DIGITAL<\/strong><br \/>\nTip\u0103re\u0219te sau folose\u0219te pe telefon. Conceput pentru tip\u0103rire u\u0219oar\u0103 \u00een format A4 sau A5.<\/p>\n<p class=\"first:mt-1.5!\"><em>Acest PDF este destinat exclusiv scopurilor educa\u021bionale \u0219i informa\u021bionale. Nu \u00eenlocuie\u0219te sfatul medical, psihologic sau terapeutic profesionist, diagnosticul sau tratamentul.<\/em><\/p>\n","protected":false},"excerpt":{"rendered":"<h3 class=\"first:mt-1.5!\"><strong>\u00cenva\u021b\u0103 ce s\u0103 spui \u00een cazul:<\/strong><\/h3>\n<ul>\n<li class=\"first:mt-1.5!\">CRIZELOR &amp; EMO\u021aIILOR INTENSE<\/li>\n<li class=\"first:mt-1.5!\">DIFICULT\u0102\u021aILOR CU TEMELE &amp; SARCINILE<\/li>\n<li class=\"first:mt-1.5!\">RUTINELOR ZILNICE<\/li>\n<li class=\"first:mt-1.5!\">COMPORTAMENTULUI IMPULSIV<\/li>\n<li class=\"first:mt-1.5!\">\u00ceNCREDERII &amp; FRUSTR\u0102RII<\/li>\n<\/ul>\n","protected":false},"featured_media":51879,"comment_status":"open","ping_status":"closed","template":"","meta":{"_acf_changed":false,"_et_pb_use_builder":"","_et_pb_old_content":"","_et_gb_content_width":""},"product_brand":[],"product_cat":[185],"product_tag":[],"class_list":{"0":"post-51816","1":"product","2":"type-product","3":"status-publish","4":"has-post-thumbnail","6":"product_cat-pdf-ro","8":"first","9":"instock","10":"downloadable","11":"virtual","12":"taxable","13":"purchasable","14":"product-type-simple"},"acf":[],"yoast_head":"<!-- This site is optimized with the Yoast SEO plugin v27.5 - https:\/\/yoast.com\/product\/yoast-seo-wordpress\/ -->\n<title>Ghidul p\u0103rin\u021bilor: Ce s\u0103 spui \u00een loc s\u0103 \u021bipi | Inspirea shop<\/title>\n<meta name=\"description\" content=\"Descoper\u0103 ce s\u0103 spui \u00een loc s\u0103 \u021bipi la copilul t\u0103u. Un ghid practic cu exemple din via\u021ba real\u0103 pentru a gestiona crizele cu \u00eencredere.\" \/>\n<meta name=\"robots\" content=\"index, follow, max-snippet:-1, max-image-preview:large, max-video-preview:-1\" \/>\n<link rel=\"canonical\" href=\"https:\/\/inspireashop.com\/ro\/shop\/ghidul-parintilor-ce-sa-spui-in-loc-sa-tipi\/\" \/>\n<meta property=\"og:locale\" content=\"ro_RO\" \/>\n<meta property=\"og:type\" content=\"article\" \/>\n<meta property=\"og:title\" content=\"Ghidul p\u0103rin\u021bilor: Ce s\u0103 spui \u00een loc s\u0103 \u021bipi | Inspirea shop\" \/>\n<meta property=\"og:description\" content=\"Descoper\u0103 ce s\u0103 spui \u00een loc s\u0103 \u021bipi la copilul t\u0103u. Un ghid practic cu exemple din via\u021ba real\u0103 pentru a gestiona crizele cu \u00eencredere.\" \/>\n<meta property=\"og:url\" content=\"https:\/\/inspireashop.com\/ro\/shop\/ghidul-parintilor-ce-sa-spui-in-loc-sa-tipi\/\" \/>\n<meta property=\"og:site_name\" content=\"Inspirea shop\" \/>\n<meta property=\"article:modified_time\" content=\"2026-05-05T14:50:59+00:00\" \/>\n<meta property=\"og:image\" content=\"https:\/\/inspireashop.com\/wp-content\/uploads\/2026\/03\/RO-ADHD-UPSELL.jpg\" \/>\n\t<meta property=\"og:image:width\" content=\"1080\" \/>\n\t<meta property=\"og:image:height\" content=\"1080\" \/>\n\t<meta property=\"og:image:type\" content=\"image\/jpeg\" \/>\n<meta name=\"twitter:card\" content=\"summary_large_image\" \/>\n<meta name=\"twitter:label1\" content=\"Timp estimat pentru citire\" \/>\n\t<meta name=\"twitter:data1\" content=\"1 minut\" \/>\n<script type=\"application\/ld+json\" class=\"yoast-schema-graph\">{\"@context\":\"https:\\\/\\\/schema.org\",\"@graph\":[{\"@type\":\"WebPage\",\"@id\":\"https:\\\/\\\/inspireashop.com\\\/ro\\\/shop\\\/ghidul-parintilor-ce-sa-spui-in-loc-sa-tipi\\\/\",\"url\":\"https:\\\/\\\/inspireashop.com\\\/ro\\\/shop\\\/ghidul-parintilor-ce-sa-spui-in-loc-sa-tipi\\\/\",\"name\":\"Ghidul p\u0103rin\u021bilor: Ce s\u0103 spui \u00een loc s\u0103 \u021bipi | Inspirea shop\",\"isPartOf\":{\"@id\":\"https:\\\/\\\/inspireashop.com\\\/ro\\\/#website\"},\"primaryImageOfPage\":{\"@id\":\"https:\\\/\\\/inspireashop.com\\\/ro\\\/shop\\\/ghidul-parintilor-ce-sa-spui-in-loc-sa-tipi\\\/#primaryimage\"},\"image\":{\"@id\":\"https:\\\/\\\/inspireashop.com\\\/ro\\\/shop\\\/ghidul-parintilor-ce-sa-spui-in-loc-sa-tipi\\\/#primaryimage\"},\"thumbnailUrl\":\"https:\\\/\\\/inspireashop.com\\\/wp-content\\\/uploads\\\/2026\\\/03\\\/RO-ADHD-UPSELL.jpg\",\"datePublished\":\"2026-03-19T10:21:59+00:00\",\"dateModified\":\"2026-05-05T14:50:59+00:00\",\"description\":\"Descoper\u0103 ce s\u0103 spui \u00een loc s\u0103 \u021bipi la copilul t\u0103u. Un ghid practic cu exemple din via\u021ba real\u0103 pentru a gestiona crizele cu \u00eencredere.\",\"breadcrumb\":{\"@id\":\"https:\\\/\\\/inspireashop.com\\\/ro\\\/shop\\\/ghidul-parintilor-ce-sa-spui-in-loc-sa-tipi\\\/#breadcrumb\"},\"inLanguage\":\"ro-RO\",\"potentialAction\":[{\"@type\":\"ReadAction\",\"target\":[\"https:\\\/\\\/inspireashop.com\\\/ro\\\/shop\\\/ghidul-parintilor-ce-sa-spui-in-loc-sa-tipi\\\/\"]}]},{\"@type\":\"ImageObject\",\"inLanguage\":\"ro-RO\",\"@id\":\"https:\\\/\\\/inspireashop.com\\\/ro\\\/shop\\\/ghidul-parintilor-ce-sa-spui-in-loc-sa-tipi\\\/#primaryimage\",\"url\":\"https:\\\/\\\/inspireashop.com\\\/wp-content\\\/uploads\\\/2026\\\/03\\\/RO-ADHD-UPSELL.jpg\",\"contentUrl\":\"https:\\\/\\\/inspireashop.com\\\/wp-content\\\/uploads\\\/2026\\\/03\\\/RO-ADHD-UPSELL.jpg\",\"width\":1080,\"height\":1080,\"caption\":\"Ghidul p\u0103rin\u021bilor: Ce s\u0103 spui \u00een loc s\u0103 \u021bipi la copilul t\u0103u\"},{\"@type\":\"BreadcrumbList\",\"@id\":\"https:\\\/\\\/inspireashop.com\\\/ro\\\/shop\\\/ghidul-parintilor-ce-sa-spui-in-loc-sa-tipi\\\/#breadcrumb\",\"itemListElement\":[{\"@type\":\"ListItem\",\"position\":1,\"name\":\"Home\",\"item\":\"https:\\\/\\\/inspireashop.com\\\/ro\\\/\"},{\"@type\":\"ListItem\",\"position\":2,\"name\":\"Magazin\",\"item\":\"https:\\\/\\\/inspireashop.com\\\/ro\\\/magazin\\\/\"},{\"@type\":\"ListItem\",\"position\":3,\"name\":\"Ghidul p\u0103rin\u021bilor: Ce s\u0103 spui \u00een loc s\u0103 \u021bipi\"}]},{\"@type\":\"WebSite\",\"@id\":\"https:\\\/\\\/inspireashop.com\\\/ro\\\/#website\",\"url\":\"https:\\\/\\\/inspireashop.com\\\/ro\\\/\",\"name\":\"Inspirea shop\",\"description\":\"Everything nice\",\"publisher\":{\"@id\":\"https:\\\/\\\/inspireashop.com\\\/ro\\\/#organization\"},\"potentialAction\":[{\"@type\":\"SearchAction\",\"target\":{\"@type\":\"EntryPoint\",\"urlTemplate\":\"https:\\\/\\\/inspireashop.com\\\/ro\\\/?s={search_term_string}\"},\"query-input\":{\"@type\":\"PropertyValueSpecification\",\"valueRequired\":true,\"valueName\":\"search_term_string\"}}],\"inLanguage\":\"ro-RO\"},{\"@type\":\"Organization\",\"@id\":\"https:\\\/\\\/inspireashop.com\\\/ro\\\/#organization\",\"name\":\"Inspirea shop\",\"url\":\"https:\\\/\\\/inspireashop.com\\\/ro\\\/\",\"logo\":{\"@type\":\"ImageObject\",\"inLanguage\":\"ro-RO\",\"@id\":\"https:\\\/\\\/inspireashop.com\\\/ro\\\/#\\\/schema\\\/logo\\\/image\\\/\",\"url\":\"https:\\\/\\\/inspireashop.com\\\/wp-content\\\/uploads\\\/2025\\\/01\\\/inspirea-shoplogo.png\",\"contentUrl\":\"https:\\\/\\\/inspireashop.com\\\/wp-content\\\/uploads\\\/2025\\\/01\\\/inspirea-shoplogo.png\",\"width\":400,\"height\":72,\"caption\":\"Inspirea shop\"},\"image\":{\"@id\":\"https:\\\/\\\/inspireashop.com\\\/ro\\\/#\\\/schema\\\/logo\\\/image\\\/\"}}]}<\/script>\n<!-- \/ Yoast SEO plugin. -->","yoast_head_json":{"title":"Ghidul p\u0103rin\u021bilor: Ce s\u0103 spui \u00een loc s\u0103 \u021bipi | Inspirea shop","description":"Descoper\u0103 ce s\u0103 spui \u00een loc s\u0103 \u021bipi la copilul t\u0103u. Un ghid practic cu exemple din via\u021ba real\u0103 pentru a gestiona crizele cu \u00eencredere.","robots":{"index":"index","follow":"follow","max-snippet":"max-snippet:-1","max-image-preview":"max-image-preview:large","max-video-preview":"max-video-preview:-1"},"canonical":"https:\/\/inspireashop.com\/ro\/shop\/ghidul-parintilor-ce-sa-spui-in-loc-sa-tipi\/","og_locale":"ro_RO","og_type":"article","og_title":"Ghidul p\u0103rin\u021bilor: Ce s\u0103 spui \u00een loc s\u0103 \u021bipi | Inspirea shop","og_description":"Descoper\u0103 ce s\u0103 spui \u00een loc s\u0103 \u021bipi la copilul t\u0103u. Un ghid practic cu exemple din via\u021ba real\u0103 pentru a gestiona crizele cu \u00eencredere.","og_url":"https:\/\/inspireashop.com\/ro\/shop\/ghidul-parintilor-ce-sa-spui-in-loc-sa-tipi\/","og_site_name":"Inspirea shop","article_modified_time":"2026-05-05T14:50:59+00:00","og_image":[{"width":1080,"height":1080,"url":"https:\/\/inspireashop.com\/wp-content\/uploads\/2026\/03\/RO-ADHD-UPSELL.jpg","type":"image\/jpeg"}],"twitter_card":"summary_large_image","twitter_misc":{"Timp estimat pentru citire":"1 minut"},"schema":{"@context":"https:\/\/schema.org","@graph":[{"@type":"WebPage","@id":"https:\/\/inspireashop.com\/ro\/shop\/ghidul-parintilor-ce-sa-spui-in-loc-sa-tipi\/","url":"https:\/\/inspireashop.com\/ro\/shop\/ghidul-parintilor-ce-sa-spui-in-loc-sa-tipi\/","name":"Ghidul p\u0103rin\u021bilor: Ce s\u0103 spui \u00een loc s\u0103 \u021bipi | Inspirea shop","isPartOf":{"@id":"https:\/\/inspireashop.com\/ro\/#website"},"primaryImageOfPage":{"@id":"https:\/\/inspireashop.com\/ro\/shop\/ghidul-parintilor-ce-sa-spui-in-loc-sa-tipi\/#primaryimage"},"image":{"@id":"https:\/\/inspireashop.com\/ro\/shop\/ghidul-parintilor-ce-sa-spui-in-loc-sa-tipi\/#primaryimage"},"thumbnailUrl":"https:\/\/inspireashop.com\/wp-content\/uploads\/2026\/03\/RO-ADHD-UPSELL.jpg","datePublished":"2026-03-19T10:21:59+00:00","dateModified":"2026-05-05T14:50:59+00:00","description":"Descoper\u0103 ce s\u0103 spui \u00een loc s\u0103 \u021bipi la copilul t\u0103u. Un ghid practic cu exemple din via\u021ba real\u0103 pentru a gestiona crizele cu \u00eencredere.","breadcrumb":{"@id":"https:\/\/inspireashop.com\/ro\/shop\/ghidul-parintilor-ce-sa-spui-in-loc-sa-tipi\/#breadcrumb"},"inLanguage":"ro-RO","potentialAction":[{"@type":"ReadAction","target":["https:\/\/inspireashop.com\/ro\/shop\/ghidul-parintilor-ce-sa-spui-in-loc-sa-tipi\/"]}]},{"@type":"ImageObject","inLanguage":"ro-RO","@id":"https:\/\/inspireashop.com\/ro\/shop\/ghidul-parintilor-ce-sa-spui-in-loc-sa-tipi\/#primaryimage","url":"https:\/\/inspireashop.com\/wp-content\/uploads\/2026\/03\/RO-ADHD-UPSELL.jpg","contentUrl":"https:\/\/inspireashop.com\/wp-content\/uploads\/2026\/03\/RO-ADHD-UPSELL.jpg","width":1080,"height":1080,"caption":"Ghidul p\u0103rin\u021bilor: Ce s\u0103 spui \u00een loc s\u0103 \u021bipi la copilul t\u0103u"},{"@type":"BreadcrumbList","@id":"https:\/\/inspireashop.com\/ro\/shop\/ghidul-parintilor-ce-sa-spui-in-loc-sa-tipi\/#breadcrumb","itemListElement":[{"@type":"ListItem","position":1,"name":"Home","item":"https:\/\/inspireashop.com\/ro\/"},{"@type":"ListItem","position":2,"name":"Magazin","item":"https:\/\/inspireashop.com\/ro\/magazin\/"},{"@type":"ListItem","position":3,"name":"Ghidul p\u0103rin\u021bilor: Ce s\u0103 spui \u00een loc s\u0103 \u021bipi"}]},{"@type":"WebSite","@id":"https:\/\/inspireashop.com\/ro\/#website","url":"https:\/\/inspireashop.com\/ro\/","name":"Inspirea shop","description":"Everything nice","publisher":{"@id":"https:\/\/inspireashop.com\/ro\/#organization"},"potentialAction":[{"@type":"SearchAction","target":{"@type":"EntryPoint","urlTemplate":"https:\/\/inspireashop.com\/ro\/?s={search_term_string}"},"query-input":{"@type":"PropertyValueSpecification","valueRequired":true,"valueName":"search_term_string"}}],"inLanguage":"ro-RO"},{"@type":"Organization","@id":"https:\/\/inspireashop.com\/ro\/#organization","name":"Inspirea shop","url":"https:\/\/inspireashop.com\/ro\/","logo":{"@type":"ImageObject","inLanguage":"ro-RO","@id":"https:\/\/inspireashop.com\/ro\/#\/schema\/logo\/image\/","url":"https:\/\/inspireashop.com\/wp-content\/uploads\/2025\/01\/inspirea-shoplogo.png","contentUrl":"https:\/\/inspireashop.com\/wp-content\/uploads\/2025\/01\/inspirea-shoplogo.png","width":400,"height":72,"caption":"Inspirea shop"},"image":{"@id":"https:\/\/inspireashop.com\/ro\/#\/schema\/logo\/image\/"}}]}},"_links":{"self":[{"href":"https:\/\/inspireashop.com\/ro\/wp-json\/wp\/v2\/product\/51816","targetHints":{"allow":["GET"]}}],"collection":[{"href":"https:\/\/inspireashop.com\/ro\/wp-json\/wp\/v2\/product"}],"about":[{"href":"https:\/\/inspireashop.com\/ro\/wp-json\/wp\/v2\/types\/product"}],"replies":[{"embeddable":true,"href":"https:\/\/inspireashop.com\/ro\/wp-json\/wp\/v2\/comments?post=51816"}],"wp:featuredmedia":[{"embeddable":true,"href":"https:\/\/inspireashop.com\/ro\/wp-json\/wp\/v2\/media\/51879"}],"wp:attachment":[{"href":"https:\/\/inspireashop.com\/ro\/wp-json\/wp\/v2\/media?parent=51816"}],"wp:term":[{"taxonomy":"product_brand","embeddable":true,"href":"https:\/\/inspireashop.com\/ro\/wp-json\/wp\/v2\/product_brand?post=51816"},{"taxonomy":"product_cat","embeddable":true,"href":"https:\/\/inspireashop.com\/ro\/wp-json\/wp\/v2\/product_cat?post=51816"},{"taxonomy":"product_tag","embeddable":true,"href":"https:\/\/inspireashop.com\/ro\/wp-json\/wp\/v2\/product_tag?post=51816"}],"curies":[{"name":"wp","href":"https:\/\/api.w.org\/{rel}","templated":true}]}}