{"id":51899,"date":"2026-05-05T15:06:45","date_gmt":"2026-05-05T15:06:45","guid":{"rendered":"https:\/\/inspireashop.com\/?post_type=product&#038;p=51899"},"modified":"2026-05-05T16:27:13","modified_gmt":"2026-05-05T16:27:13","slug":"sistem-pentru-calm-concentrare-si-rutine-in-adhd","status":"publish","type":"product","link":"https:\/\/inspireashop.com\/ro\/shop\/sistem-pentru-calm-concentrare-si-rutine-in-adhd\/","title":{"rendered":"Sistem pentru Calm, Concentrare \u0219i Rutine \u00een ADHD"},"content":{"rendered":"<h3><b>Cum func\u021bioneaz\u0103 sistemul ADHD pentru calm, concentrare \u0219i rutine?<\/b><\/h3>\n<p><span style=\"font-weight: 400;\">\u2705 <\/span><b>ACCES INSTANT<\/b><b><br \/>\n<\/b><span style=\"font-weight: 400;\"> Vei primi toate materialele pe email imediat dup\u0103 achizi\u021bie.<\/span><\/p>\n<p><span style=\"font-weight: 400;\">\ud83d\udda5\ufe0f <\/span><b>PRODUS DIGITAL<\/b><b><br \/>\n<\/b><span style=\"font-weight: 400;\"> Po\u021bi imprima activit\u0103\u021bile sau le po\u021bi folosi pe tablet\u0103. Format optimizat pentru print A4 sau A5.<\/span><\/p>\n<p><span style=\"font-weight: 400;\">\u267e\ufe0f <\/span><b>UTILIZARE NELIMITAT\u0102<\/b><b><br \/>\n<\/b><span style=\"font-weight: 400;\"> Po\u021bi imprima materialele de c\u00e2te ori dore\u0219ti.<\/span><\/p>\n<p><i><span style=\"font-weight: 400;\">Acest PDF are scop exclusiv educativ \u0219i informativ. Nu \u00eenlocuie\u0219te sfatul, diagnosticul sau tratamentul oferit de un specialist medical, psihologic sau terapeutic.<\/span><\/i><\/p>\n<p><span style=\"font-weight: 400;\">\u2b50\u2b50\u2b50\u2b50\u2b50 \u201eAm \u00eencetat, \u00een sf\u00e2r\u0219it, s\u0103 repet acela\u0219i lucru de 20 de ori pe zi. Doar rutinele au f\u0103cut o diferen\u021b\u0103 enorm\u0103 diminea\u021ba. Mai pu\u021bin haos, mai pu\u021bine \u021bipete. A meritat fiecare leu.\u201d<br \/>\n<img decoding=\"async\" class=\"alignnone size-medium wp-image-52113\" src=\"https:\/\/inspireashop.com\/wp-content\/uploads\/2026\/05\/RO-ADHD-REVIEW-1-600x600.jpg\" alt=\"Sistem pentru Calm, Concentrare \u0219i Rutine \u00een ADHD\" width=\"600\" height=\"600\" \/><br \/>\n<\/span><\/p>\n<p><span style=\"font-weight: 400;\">\u2b50\u2b50\u2b50\u2b50\u2b50 \u201eInstrumentele pentru crize sunt incredibile. Am folosit metoda STOP s\u0103pt\u0103m\u00e2na aceasta \u0219i, pentru prima dat\u0103, fiica mea s-a oprit \u00eenainte s\u0103 explodeze. Am pl\u00e2ns. Chiar func\u021bioneaz\u0103.\u201d<br \/>\n<img decoding=\"async\" class=\"alignnone size-medium wp-image-52132\" src=\"https:\/\/inspireashop.com\/wp-content\/uploads\/2026\/05\/RO-ADHD-REVIEW-2-600x600.jpg\" alt=\"Sistem pentru Calm, Concentrare \u0219i Rutine \u00een ADHD\" width=\"600\" height=\"600\" \/><br \/>\n<\/span><\/p>\n<p><span style=\"font-weight: 400;\">\u2b50\u2b50\u2b50\u2b50\u2b50 \u201eAm cump\u0103rat multe materiale pentru ADHD p\u00e2n\u0103 acum, dar acesta este primul care pare un sistem complet. Este structurat, practic \u0219i u\u0219or de urmat. Deloc cople\u0219itor.\u201d<br \/>\n<img decoding=\"async\" class=\"alignnone size-medium wp-image-52151\" src=\"https:\/\/inspireashop.com\/wp-content\/uploads\/2026\/05\/RO-ADHD-REVIEW-3-600x600.jpg\" alt=\"Sistem pentru Calm, Concentrare \u0219i Rutine \u00een ADHD\" width=\"600\" height=\"600\" \/><br \/>\n<\/span><\/p>\n<p><span style=\"font-weight: 400;\">\u2b50\u2b50\u2b50\u2b50\u2b50 \u201eTemele erau un c\u00e2mp de lupt\u0103 zilnic. Fi\u0219ele pas cu pas pentru concentrare au schimbat complet situa\u021bia.\u201d<br \/>\n<img decoding=\"async\" class=\"alignnone size-medium wp-image-52170\" src=\"https:\/\/inspireashop.com\/wp-content\/uploads\/2026\/05\/RO-ADHD-REVIEW-4-600x600.jpg\" alt=\"Sistem pentru Calm, Concentrare \u0219i Rutine \u00een ADHD\" width=\"600\" height=\"600\" \/><br \/>\n<\/span><\/p>\n<p><span style=\"font-weight: 400;\">\u2b50\u2b50\u2b50\u2b50\u2b50 \u201ePaginile pentru verificarea emo\u021biilor l-au ajutat pe copilul meu s\u0103 pun\u0103 \u00een cuvinte ceea ce simte. \u00cen dou\u0103 s\u0103pt\u0103m\u00e2ni am avut mai multe conversa\u021bii reale dec\u00e2t \u00een ultimul an.\u201d<\/span><\/p>\n<p><span style=\"font-weight: 400;\">\u2b50\u2b50\u2b50\u2b50\u2b50 \u201eCel mai mult \u00eemi place c\u0103 nu doar calmeaz\u0103 situa\u021biile pe moment, ci construie\u0219te independen\u021ba copilului.\u201d<\/span><\/p>\n<p><span style=\"font-weight: 400;\">\u2b50\u2b50\u2b50\u2b50\u2b50 \u201eCa mam\u0103 a doi copii, aveam nevoie de ceva simplu. Asta chiar se folose\u0219te u\u0219or. Printezi, aplici, gata. F\u0103r\u0103 teorii complicate. Doar instrumente practice.\u201d<\/span><\/p>\n<p><span style=\"font-weight: 400;\">\u2b50\u2b50\u2b50\u2b50\u2b50 \u201eSerile erau epuizante. Certuri, opozi\u021bie, am\u00e2n\u0103ri. Acum avem structur\u0103.\u201d<\/span><\/p>\n<p><span style=\"font-weight: 400;\">\u2b50\u2b50\u2b50\u2b50\u2b50 \u201eInstrumentele \u2018ce pot controla\u2019 au fost un punct de cotitur\u0103 pentru copilul meu anxios. Au redus enorm spiralele emo\u021bionale.\u201d<\/span><\/p>\n<p><span style=\"font-weight: 400;\">\u2b50\u2b50\u2b50\u2b50\u2b50 \u201eAcest sistem mi-a dat \u00eencredere ca p\u0103rinte. \u00cen loc s\u0103 reac\u021bionez impulsiv, simt c\u0103 am un plan. A schimbat totul \u00een casa noastr\u0103.\u201d<\/span><\/p>\n","protected":false},"excerpt":{"rendered":"<h3><img decoding=\"async\" class=\"alignnone wp-image-51939 size-large\" src=\"https:\/\/inspireashop.com\/wp-content\/uploads\/2026\/05\/RO-ADHD-mt2-1024x1024.jpg\" alt=\"Sistem pentru Calm, Concentrare \u0219i Rutine \u00een ADHD \" width=\"1024\" height=\"1024\" srcset=\"https:\/\/inspireashop.com\/wp-content\/uploads\/2026\/05\/RO-ADHD-mt2-1024x1024.jpg 1024w, https:\/\/inspireashop.com\/wp-content\/uploads\/2026\/05\/RO-ADHD-mt2-980x980.jpg 980w, https:\/\/inspireashop.com\/wp-content\/uploads\/2026\/05\/RO-ADHD-mt2-480x480.jpg 480w\" sizes=\"(min-width: 0px) and (max-width: 480px) 480px, (min-width: 481px) and (max-width: 980px) 980px, (min-width: 981px) 1024px, 100vw\" \/><\/h3>\n<h3><b>Ce con\u021bine sistemul<\/b><\/h3>\n<p><strong>\ud83e\udde0 \u00cen\u021belegerea ADHD-ului<\/strong><\/p>\n<ul>\n<li style=\"font-weight: 400;\" aria-level=\"1\"><span style=\"font-weight: 400;\">Explica\u021bii pe \u00een\u021belesul copiilor despre ce este ADHD-ul<\/span><\/li>\n<li style=\"font-weight: 400;\" aria-level=\"1\"><span style=\"font-weight: 400;\">Modelul bine cunoscut \u201eiceberg\u201d al ADHD-ului<\/span><\/li>\n<li style=\"font-weight: 400;\" aria-level=\"1\"><span style=\"font-weight: 400;\">Instrumente pentru a-\u021bi \u00een\u021belege emo\u021biile<\/span><\/li>\n<\/ul>\n<p><strong>\ud83d\udc9b Gestionarea emo\u021biilor intense<\/strong><\/p>\n<ul>\n<li style=\"font-weight: 400;\" aria-level=\"1\"><span style=\"font-weight: 400;\">Tehnici pentru prevenirea crizelor<\/span><\/li>\n<li style=\"font-weight: 400;\" aria-level=\"1\"><span style=\"font-weight: 400;\">Strategia STOP pentru momentele dificile<\/span><\/li>\n<li style=\"font-weight: 400;\" aria-level=\"1\"><span style=\"font-weight: 400;\">Exerci\u021bii de respira\u021bie \u0219i ancorare<\/span><\/li>\n<li style=\"font-weight: 400;\" aria-level=\"1\"><span style=\"font-weight: 400;\">Pagini pentru verificarea emo\u021biilor<\/span><\/li>\n<\/ul>\n<p><strong>\ud83c\udfaf Concentrare \u0219i sarcini<\/strong><\/p>\n<ul>\n<li style=\"font-weight: 400;\" aria-level=\"1\"><span style=\"font-weight: 400;\">Planuri pas cu pas pentru concentrare<\/span><\/li>\n<li style=\"font-weight: 400;\" aria-level=\"1\"><span style=\"font-weight: 400;\">Un sistem simplu de rezolvare a problemelor<\/span><\/li>\n<li style=\"font-weight: 400;\" aria-level=\"1\"><span style=\"font-weight: 400;\">Instrumente pentru reducerea am\u00e2n\u0103rii<\/span><\/li>\n<li style=\"font-weight: 400;\" aria-level=\"1\"><span style=\"font-weight: 400;\">Cercul controlului: Ce pot controla cu adev\u0103rat?<\/span><\/li>\n<\/ul>\n<p><strong>\ud83d\udcc5 Rutine zilnice \u0219i structur\u0103<\/strong><\/p>\n<ul>\n<li style=\"font-weight: 400;\" aria-level=\"1\"><span style=\"font-weight: 400;\">Rutine pentru diminea\u021b\u0103, zi \u0219i sear\u0103<\/span><\/li>\n<li style=\"font-weight: 400;\" aria-level=\"1\"><span style=\"font-weight: 400;\">Carduri cu recompense \u0219i responsabilit\u0103\u021bi<\/span><\/li>\n<li style=\"font-weight: 400;\" aria-level=\"1\"><span style=\"font-weight: 400;\">Trackere pentru obiceiuri \u0219i emo\u021bii<\/span><\/li>\n<li style=\"font-weight: 400;\" aria-level=\"1\"><span style=\"font-weight: 400;\">Liste zilnice de verificare<\/span><\/li>\n<\/ul>\n<p><img decoding=\"async\" class=\"alignnone wp-image-51958 size-large\" src=\"https:\/\/inspireashop.com\/wp-content\/uploads\/2026\/05\/RO-ADHD-mt3-1024x1024.jpg\" alt=\"Sistem pentru Calm, Concentrare \u0219i Rutine \u00een ADHD \" width=\"1024\" height=\"1024\" srcset=\"https:\/\/inspireashop.com\/wp-content\/uploads\/2026\/05\/RO-ADHD-mt3-1024x1024.jpg 1024w, https:\/\/inspireashop.com\/wp-content\/uploads\/2026\/05\/RO-ADHD-mt3-980x980.jpg 980w, https:\/\/inspireashop.com\/wp-content\/uploads\/2026\/05\/RO-ADHD-mt3-480x480.jpg 480w\" sizes=\"(min-width: 0px) and (max-width: 480px) 480px, (min-width: 481px) and (max-width: 980px) 980px, (min-width: 981px) 1024px, 100vw\" \/><\/p>\n<h3><b>De ce este diferit acest sistem<\/b><\/h3>\n<p><span style=\"font-weight: 400;\">Majoritatea materialelor despre ADHD explic\u0103 de ce copilul t\u0103u \u00eent\u00e2mpin\u0103 dificult\u0103\u021bi. Acest sistem \u00ee\u021bi arat\u0103 concret ce ai de f\u0103cut mai departe.<\/span><\/p>\n<ul>\n<li style=\"font-weight: 400;\" aria-level=\"1\"><span style=\"font-weight: 400;\">Instrumente pas cu pas<\/span><\/li>\n<li style=\"font-weight: 400;\" aria-level=\"1\"><span style=\"font-weight: 400;\">Rutine vizuale u\u0219or de urmat de copil<\/span><\/li>\n<li style=\"font-weight: 400;\" aria-level=\"1\"><span style=\"font-weight: 400;\">Strategii simple de autoreglare<\/span><\/li>\n<li style=\"font-weight: 400;\" aria-level=\"1\"><span style=\"font-weight: 400;\">Un sistem structurat pe care \u00eel po\u021bi folosi zilnic<\/span><\/li>\n<\/ul>\n<p><img decoding=\"async\" class=\"alignnone wp-image-51977 size-large\" src=\"https:\/\/inspireashop.com\/wp-content\/uploads\/2026\/05\/RO-ADHD-mt4-1024x1024.jpg\" alt=\"Sistem pentru Calm, Concentrare \u0219i Rutine \u00een ADHD \" width=\"1024\" height=\"1024\" srcset=\"https:\/\/inspireashop.com\/wp-content\/uploads\/2026\/05\/RO-ADHD-mt4-1024x1024.jpg 1024w, https:\/\/inspireashop.com\/wp-content\/uploads\/2026\/05\/RO-ADHD-mt4-980x980.jpg 980w, https:\/\/inspireashop.com\/wp-content\/uploads\/2026\/05\/RO-ADHD-mt4-480x480.jpg 480w\" sizes=\"(min-width: 0px) and (max-width: 480px) 480px, (min-width: 481px) and (max-width: 980px) 980px, (min-width: 981px) 1024px, 100vw\" \/><\/p>\n","protected":false},"featured_media":52053,"comment_status":"open","ping_status":"closed","template":"","meta":{"_acf_changed":false,"_et_pb_use_builder":"","_et_pb_old_content":"","_et_gb_content_width":""},"product_brand":[],"product_cat":[185],"product_tag":[],"class_list":{"0":"post-51899","1":"product","2":"type-product","3":"status-publish","4":"has-post-thumbnail","6":"product_cat-pdf-ro","8":"first","9":"instock","10":"sale","11":"downloadable","12":"virtual","13":"taxable","14":"purchasable","15":"product-type-simple"},"acf":[],"yoast_head":"<!-- This site is optimized with the Yoast SEO plugin v27.5 - https:\/\/yoast.com\/product\/yoast-seo-wordpress\/ -->\n<title>Sistem pentru Calm, Concentrare \u0219i Rutine \u00een ADHD | Inspirea shop<\/title>\n<meta name=\"description\" content=\"Un PDF de 50 de pagini, plin de exerci\u021bii practice care ajut\u0103 la reducerea crizelor emo\u021bionale, \u00eembun\u0103t\u0103\u021birea concentr\u0103rii \u0219i simplificarea rutinelor...\" \/>\n<meta name=\"robots\" content=\"index, follow, max-snippet:-1, max-image-preview:large, max-video-preview:-1\" \/>\n<link rel=\"canonical\" href=\"https:\/\/inspireashop.com\/ro\/shop\/sistem-pentru-calm-concentrare-si-rutine-in-adhd\/\" \/>\n<meta property=\"og:locale\" content=\"ro_RO\" \/>\n<meta property=\"og:type\" content=\"article\" \/>\n<meta property=\"og:title\" content=\"Sistem pentru Calm, Concentrare \u0219i Rutine \u00een ADHD | Inspirea shop\" \/>\n<meta property=\"og:description\" content=\"Un PDF de 50 de pagini, plin de exerci\u021bii practice care ajut\u0103 la reducerea crizelor emo\u021bionale, \u00eembun\u0103t\u0103\u021birea concentr\u0103rii \u0219i simplificarea rutinelor...\" \/>\n<meta property=\"og:url\" content=\"https:\/\/inspireashop.com\/ro\/shop\/sistem-pentru-calm-concentrare-si-rutine-in-adhd\/\" \/>\n<meta property=\"og:site_name\" content=\"Inspirea shop\" \/>\n<meta property=\"article:modified_time\" content=\"2026-05-05T16:27:13+00:00\" \/>\n<meta property=\"og:image\" content=\"https:\/\/inspireashop.com\/wp-content\/uploads\/2026\/05\/RO-ADHD-1.jpg\" \/>\n\t<meta property=\"og:image:width\" content=\"1080\" \/>\n\t<meta property=\"og:image:height\" content=\"1080\" \/>\n\t<meta property=\"og:image:type\" content=\"image\/jpeg\" \/>\n<meta name=\"twitter:card\" content=\"summary_large_image\" \/>\n<meta name=\"twitter:label1\" content=\"Timp estimat pentru citire\" \/>\n\t<meta name=\"twitter:data1\" content=\"3 minute\" \/>\n<script type=\"application\/ld+json\" class=\"yoast-schema-graph\">{\"@context\":\"https:\\\/\\\/schema.org\",\"@graph\":[{\"@type\":\"WebPage\",\"@id\":\"https:\\\/\\\/inspireashop.com\\\/ro\\\/shop\\\/sistem-pentru-calm-concentrare-si-rutine-in-adhd\\\/\",\"url\":\"https:\\\/\\\/inspireashop.com\\\/ro\\\/shop\\\/sistem-pentru-calm-concentrare-si-rutine-in-adhd\\\/\",\"name\":\"Sistem pentru Calm, Concentrare \u0219i Rutine \u00een ADHD | Inspirea shop\",\"isPartOf\":{\"@id\":\"https:\\\/\\\/inspireashop.com\\\/ro\\\/#website\"},\"primaryImageOfPage\":{\"@id\":\"https:\\\/\\\/inspireashop.com\\\/ro\\\/shop\\\/sistem-pentru-calm-concentrare-si-rutine-in-adhd\\\/#primaryimage\"},\"image\":{\"@id\":\"https:\\\/\\\/inspireashop.com\\\/ro\\\/shop\\\/sistem-pentru-calm-concentrare-si-rutine-in-adhd\\\/#primaryimage\"},\"thumbnailUrl\":\"https:\\\/\\\/inspireashop.com\\\/wp-content\\\/uploads\\\/2026\\\/05\\\/RO-ADHD-1.jpg\",\"datePublished\":\"2026-05-05T15:06:45+00:00\",\"dateModified\":\"2026-05-05T16:27:13+00:00\",\"description\":\"Un PDF de 50 de pagini, plin de exerci\u021bii practice care ajut\u0103 la reducerea crizelor emo\u021bionale, \u00eembun\u0103t\u0103\u021birea concentr\u0103rii \u0219i simplificarea rutinelor...\",\"breadcrumb\":{\"@id\":\"https:\\\/\\\/inspireashop.com\\\/ro\\\/shop\\\/sistem-pentru-calm-concentrare-si-rutine-in-adhd\\\/#breadcrumb\"},\"inLanguage\":\"ro-RO\",\"potentialAction\":[{\"@type\":\"ReadAction\",\"target\":[\"https:\\\/\\\/inspireashop.com\\\/ro\\\/shop\\\/sistem-pentru-calm-concentrare-si-rutine-in-adhd\\\/\"]}]},{\"@type\":\"ImageObject\",\"inLanguage\":\"ro-RO\",\"@id\":\"https:\\\/\\\/inspireashop.com\\\/ro\\\/shop\\\/sistem-pentru-calm-concentrare-si-rutine-in-adhd\\\/#primaryimage\",\"url\":\"https:\\\/\\\/inspireashop.com\\\/wp-content\\\/uploads\\\/2026\\\/05\\\/RO-ADHD-1.jpg\",\"contentUrl\":\"https:\\\/\\\/inspireashop.com\\\/wp-content\\\/uploads\\\/2026\\\/05\\\/RO-ADHD-1.jpg\",\"width\":1080,\"height\":1080,\"caption\":\"Sistem pentru Calm, Concentrare \u0219i Rutine \u00een ADHD\"},{\"@type\":\"BreadcrumbList\",\"@id\":\"https:\\\/\\\/inspireashop.com\\\/ro\\\/shop\\\/sistem-pentru-calm-concentrare-si-rutine-in-adhd\\\/#breadcrumb\",\"itemListElement\":[{\"@type\":\"ListItem\",\"position\":1,\"name\":\"Home\",\"item\":\"https:\\\/\\\/inspireashop.com\\\/ro\\\/\"},{\"@type\":\"ListItem\",\"position\":2,\"name\":\"Magazin\",\"item\":\"https:\\\/\\\/inspireashop.com\\\/ro\\\/magazin\\\/\"},{\"@type\":\"ListItem\",\"position\":3,\"name\":\"Sistem pentru Calm, Concentrare \u0219i Rutine \u00een ADHD\"}]},{\"@type\":\"WebSite\",\"@id\":\"https:\\\/\\\/inspireashop.com\\\/ro\\\/#website\",\"url\":\"https:\\\/\\\/inspireashop.com\\\/ro\\\/\",\"name\":\"Inspirea shop\",\"description\":\"Everything nice\",\"publisher\":{\"@id\":\"https:\\\/\\\/inspireashop.com\\\/ro\\\/#organization\"},\"potentialAction\":[{\"@type\":\"SearchAction\",\"target\":{\"@type\":\"EntryPoint\",\"urlTemplate\":\"https:\\\/\\\/inspireashop.com\\\/ro\\\/?s={search_term_string}\"},\"query-input\":{\"@type\":\"PropertyValueSpecification\",\"valueRequired\":true,\"valueName\":\"search_term_string\"}}],\"inLanguage\":\"ro-RO\"},{\"@type\":\"Organization\",\"@id\":\"https:\\\/\\\/inspireashop.com\\\/ro\\\/#organization\",\"name\":\"Inspirea shop\",\"url\":\"https:\\\/\\\/inspireashop.com\\\/ro\\\/\",\"logo\":{\"@type\":\"ImageObject\",\"inLanguage\":\"ro-RO\",\"@id\":\"https:\\\/\\\/inspireashop.com\\\/ro\\\/#\\\/schema\\\/logo\\\/image\\\/\",\"url\":\"https:\\\/\\\/inspireashop.com\\\/wp-content\\\/uploads\\\/2025\\\/01\\\/inspirea-shoplogo.png\",\"contentUrl\":\"https:\\\/\\\/inspireashop.com\\\/wp-content\\\/uploads\\\/2025\\\/01\\\/inspirea-shoplogo.png\",\"width\":400,\"height\":72,\"caption\":\"Inspirea shop\"},\"image\":{\"@id\":\"https:\\\/\\\/inspireashop.com\\\/ro\\\/#\\\/schema\\\/logo\\\/image\\\/\"}}]}<\/script>\n<!-- \/ Yoast SEO plugin. -->","yoast_head_json":{"title":"Sistem pentru Calm, Concentrare \u0219i Rutine \u00een ADHD | Inspirea shop","description":"Un PDF de 50 de pagini, plin de exerci\u021bii practice care ajut\u0103 la reducerea crizelor emo\u021bionale, \u00eembun\u0103t\u0103\u021birea concentr\u0103rii \u0219i simplificarea rutinelor...","robots":{"index":"index","follow":"follow","max-snippet":"max-snippet:-1","max-image-preview":"max-image-preview:large","max-video-preview":"max-video-preview:-1"},"canonical":"https:\/\/inspireashop.com\/ro\/shop\/sistem-pentru-calm-concentrare-si-rutine-in-adhd\/","og_locale":"ro_RO","og_type":"article","og_title":"Sistem pentru Calm, Concentrare \u0219i Rutine \u00een ADHD | Inspirea shop","og_description":"Un PDF de 50 de pagini, plin de exerci\u021bii practice care ajut\u0103 la reducerea crizelor emo\u021bionale, \u00eembun\u0103t\u0103\u021birea concentr\u0103rii \u0219i simplificarea rutinelor...","og_url":"https:\/\/inspireashop.com\/ro\/shop\/sistem-pentru-calm-concentrare-si-rutine-in-adhd\/","og_site_name":"Inspirea shop","article_modified_time":"2026-05-05T16:27:13+00:00","og_image":[{"width":1080,"height":1080,"url":"https:\/\/inspireashop.com\/wp-content\/uploads\/2026\/05\/RO-ADHD-1.jpg","type":"image\/jpeg"}],"twitter_card":"summary_large_image","twitter_misc":{"Timp estimat pentru citire":"3 minute"},"schema":{"@context":"https:\/\/schema.org","@graph":[{"@type":"WebPage","@id":"https:\/\/inspireashop.com\/ro\/shop\/sistem-pentru-calm-concentrare-si-rutine-in-adhd\/","url":"https:\/\/inspireashop.com\/ro\/shop\/sistem-pentru-calm-concentrare-si-rutine-in-adhd\/","name":"Sistem pentru Calm, Concentrare \u0219i Rutine \u00een ADHD | Inspirea shop","isPartOf":{"@id":"https:\/\/inspireashop.com\/ro\/#website"},"primaryImageOfPage":{"@id":"https:\/\/inspireashop.com\/ro\/shop\/sistem-pentru-calm-concentrare-si-rutine-in-adhd\/#primaryimage"},"image":{"@id":"https:\/\/inspireashop.com\/ro\/shop\/sistem-pentru-calm-concentrare-si-rutine-in-adhd\/#primaryimage"},"thumbnailUrl":"https:\/\/inspireashop.com\/wp-content\/uploads\/2026\/05\/RO-ADHD-1.jpg","datePublished":"2026-05-05T15:06:45+00:00","dateModified":"2026-05-05T16:27:13+00:00","description":"Un PDF de 50 de pagini, plin de exerci\u021bii practice care ajut\u0103 la reducerea crizelor emo\u021bionale, \u00eembun\u0103t\u0103\u021birea concentr\u0103rii \u0219i simplificarea rutinelor...","breadcrumb":{"@id":"https:\/\/inspireashop.com\/ro\/shop\/sistem-pentru-calm-concentrare-si-rutine-in-adhd\/#breadcrumb"},"inLanguage":"ro-RO","potentialAction":[{"@type":"ReadAction","target":["https:\/\/inspireashop.com\/ro\/shop\/sistem-pentru-calm-concentrare-si-rutine-in-adhd\/"]}]},{"@type":"ImageObject","inLanguage":"ro-RO","@id":"https:\/\/inspireashop.com\/ro\/shop\/sistem-pentru-calm-concentrare-si-rutine-in-adhd\/#primaryimage","url":"https:\/\/inspireashop.com\/wp-content\/uploads\/2026\/05\/RO-ADHD-1.jpg","contentUrl":"https:\/\/inspireashop.com\/wp-content\/uploads\/2026\/05\/RO-ADHD-1.jpg","width":1080,"height":1080,"caption":"Sistem pentru Calm, Concentrare \u0219i Rutine \u00een ADHD"},{"@type":"BreadcrumbList","@id":"https:\/\/inspireashop.com\/ro\/shop\/sistem-pentru-calm-concentrare-si-rutine-in-adhd\/#breadcrumb","itemListElement":[{"@type":"ListItem","position":1,"name":"Home","item":"https:\/\/inspireashop.com\/ro\/"},{"@type":"ListItem","position":2,"name":"Magazin","item":"https:\/\/inspireashop.com\/ro\/magazin\/"},{"@type":"ListItem","position":3,"name":"Sistem pentru Calm, Concentrare \u0219i Rutine \u00een ADHD"}]},{"@type":"WebSite","@id":"https:\/\/inspireashop.com\/ro\/#website","url":"https:\/\/inspireashop.com\/ro\/","name":"Inspirea shop","description":"Everything nice","publisher":{"@id":"https:\/\/inspireashop.com\/ro\/#organization"},"potentialAction":[{"@type":"SearchAction","target":{"@type":"EntryPoint","urlTemplate":"https:\/\/inspireashop.com\/ro\/?s={search_term_string}"},"query-input":{"@type":"PropertyValueSpecification","valueRequired":true,"valueName":"search_term_string"}}],"inLanguage":"ro-RO"},{"@type":"Organization","@id":"https:\/\/inspireashop.com\/ro\/#organization","name":"Inspirea shop","url":"https:\/\/inspireashop.com\/ro\/","logo":{"@type":"ImageObject","inLanguage":"ro-RO","@id":"https:\/\/inspireashop.com\/ro\/#\/schema\/logo\/image\/","url":"https:\/\/inspireashop.com\/wp-content\/uploads\/2025\/01\/inspirea-shoplogo.png","contentUrl":"https:\/\/inspireashop.com\/wp-content\/uploads\/2025\/01\/inspirea-shoplogo.png","width":400,"height":72,"caption":"Inspirea shop"},"image":{"@id":"https:\/\/inspireashop.com\/ro\/#\/schema\/logo\/image\/"}}]}},"_links":{"self":[{"href":"https:\/\/inspireashop.com\/ro\/wp-json\/wp\/v2\/product\/51899","targetHints":{"allow":["GET"]}}],"collection":[{"href":"https:\/\/inspireashop.com\/ro\/wp-json\/wp\/v2\/product"}],"about":[{"href":"https:\/\/inspireashop.com\/ro\/wp-json\/wp\/v2\/types\/product"}],"replies":[{"embeddable":true,"href":"https:\/\/inspireashop.com\/ro\/wp-json\/wp\/v2\/comments?post=51899"}],"wp:featuredmedia":[{"embeddable":true,"href":"https:\/\/inspireashop.com\/ro\/wp-json\/wp\/v2\/media\/52053"}],"wp:attachment":[{"href":"https:\/\/inspireashop.com\/ro\/wp-json\/wp\/v2\/media?parent=51899"}],"wp:term":[{"taxonomy":"product_brand","embeddable":true,"href":"https:\/\/inspireashop.com\/ro\/wp-json\/wp\/v2\/product_brand?post=51899"},{"taxonomy":"product_cat","embeddable":true,"href":"https:\/\/inspireashop.com\/ro\/wp-json\/wp\/v2\/product_cat?post=51899"},{"taxonomy":"product_tag","embeddable":true,"href":"https:\/\/inspireashop.com\/ro\/wp-json\/wp\/v2\/product_tag?post=51899"}],"curies":[{"name":"wp","href":"https:\/\/api.w.org\/{rel}","templated":true}]}}