{"id":4106,"date":"2025-02-01T06:21:59","date_gmt":"2025-02-01T06:21:59","guid":{"rendered":"https:\/\/inspireashop.com\/shop\/7-barevnych-fixu-pro-neomezenou-kreativitu-a-uceni-idealni-pro-knihu-aktivit-psani-a-mazani\/"},"modified":"2025-06-12T20:32:29","modified_gmt":"2025-06-12T20:32:29","slug":"7-barevnych-fixu","status":"publish","type":"product","link":"https:\/\/inspireashop.com\/sk\/obchod\/7-barevnych-fixu\/","title":{"rendered":"7 farebn\u00fdch fixiek \u2013 ide\u00e1lne k pracovn\u00e9mu zo\u0161itu P\u00ed\u0161 a zotri."},"content":{"rendered":"","protected":false},"excerpt":{"rendered":"<p>7 farebn\u00fdch fixiek pre neobmedzen\u00fa kreativitu a u\u010denie \u2013 ide\u00e1lne k pracovn\u00e9mu zo\u0161itu P\u00ed\u0161 a zotri.<\/p>\n","protected":false},"featured_media":4117,"comment_status":"open","ping_status":"closed","template":"","meta":{"_acf_changed":false,"_et_pb_use_builder":"","_et_pb_old_content":"","_et_gb_content_width":""},"product_brand":[],"product_cat":[85],"product_tag":[],"class_list":{"0":"post-4106","1":"product","2":"type-product","3":"status-publish","4":"has-post-thumbnail","6":"product_cat-upsell-sk","8":"first","9":"instock","10":"taxable","11":"shipping-taxable","12":"purchasable","13":"product-type-simple"},"acf":[],"yoast_head":"<!-- This site is optimized with the Yoast SEO plugin v27.5 - https:\/\/yoast.com\/product\/yoast-seo-wordpress\/ -->\n<title>7 farebn\u00fdch fixiek | Inspirea shop<\/title>\n<meta name=\"description\" content=\"7 farebn\u00fdch fixiek pre neobmedzen\u00fa kreativitu a u\u010denie \u2013 ide\u00e1lne k pracovn\u00e9mu zo\u0161itu P\u00ed\u0161 a zotri.\" \/>\n<meta name=\"robots\" content=\"index, follow, max-snippet:-1, max-image-preview:large, max-video-preview:-1\" \/>\n<link rel=\"canonical\" href=\"https:\/\/inspireashop.com\/sk\/obchod\/7-barevnych-fixu\/\" \/>\n<meta property=\"og:locale\" content=\"sk_SK\" \/>\n<meta property=\"og:type\" content=\"article\" \/>\n<meta property=\"og:title\" content=\"7 farebn\u00fdch fixiek | Inspirea shop\" \/>\n<meta property=\"og:description\" content=\"7 farebn\u00fdch fixiek pre neobmedzen\u00fa kreativitu a u\u010denie \u2013 ide\u00e1lne k pracovn\u00e9mu zo\u0161itu P\u00ed\u0161 a zotri.\" \/>\n<meta property=\"og:url\" content=\"https:\/\/inspireashop.com\/sk\/obchod\/7-barevnych-fixu\/\" \/>\n<meta property=\"og:site_name\" content=\"Inspirea shop\" \/>\n<meta property=\"article:modified_time\" content=\"2025-06-12T20:32:29+00:00\" \/>\n<meta property=\"og:image\" content=\"https:\/\/inspireashop.com\/wp-content\/uploads\/2025\/02\/7-barevnych-fixu.jpeg\" \/>\n\t<meta property=\"og:image:width\" content=\"1280\" \/>\n\t<meta property=\"og:image:height\" content=\"1280\" \/>\n\t<meta property=\"og:image:type\" content=\"image\/jpeg\" \/>\n<meta name=\"twitter:card\" content=\"summary_large_image\" \/>\n<meta name=\"twitter:label1\" content=\"Predpokladan\u00fd \u010das \u010d\u00edtania\" \/>\n\t<meta name=\"twitter:data1\" content=\"1 min\u00fata\" \/>\n<script type=\"application\/ld+json\" class=\"yoast-schema-graph\">{\"@context\":\"https:\\\/\\\/schema.org\",\"@graph\":[{\"@type\":\"WebPage\",\"@id\":\"https:\\\/\\\/inspireashop.com\\\/sk\\\/obchod\\\/7-barevnych-fixu\\\/\",\"url\":\"https:\\\/\\\/inspireashop.com\\\/sk\\\/obchod\\\/7-barevnych-fixu\\\/\",\"name\":\"7 farebn\u00fdch fixiek | Inspirea shop\",\"isPartOf\":{\"@id\":\"https:\\\/\\\/inspireashop.com\\\/sk\\\/#website\"},\"primaryImageOfPage\":{\"@id\":\"https:\\\/\\\/inspireashop.com\\\/sk\\\/obchod\\\/7-barevnych-fixu\\\/#primaryimage\"},\"image\":{\"@id\":\"https:\\\/\\\/inspireashop.com\\\/sk\\\/obchod\\\/7-barevnych-fixu\\\/#primaryimage\"},\"thumbnailUrl\":\"https:\\\/\\\/inspireashop.com\\\/wp-content\\\/uploads\\\/2025\\\/02\\\/7-barevnych-fixu.jpeg\",\"datePublished\":\"2025-02-01T06:21:59+00:00\",\"dateModified\":\"2025-06-12T20:32:29+00:00\",\"description\":\"7 farebn\u00fdch fixiek pre neobmedzen\u00fa kreativitu a u\u010denie \u2013 ide\u00e1lne k pracovn\u00e9mu zo\u0161itu P\u00ed\u0161 a zotri.\",\"breadcrumb\":{\"@id\":\"https:\\\/\\\/inspireashop.com\\\/sk\\\/obchod\\\/7-barevnych-fixu\\\/#breadcrumb\"},\"inLanguage\":\"sk-SK\",\"potentialAction\":[{\"@type\":\"ReadAction\",\"target\":[\"https:\\\/\\\/inspireashop.com\\\/sk\\\/obchod\\\/7-barevnych-fixu\\\/\"]}]},{\"@type\":\"ImageObject\",\"inLanguage\":\"sk-SK\",\"@id\":\"https:\\\/\\\/inspireashop.com\\\/sk\\\/obchod\\\/7-barevnych-fixu\\\/#primaryimage\",\"url\":\"https:\\\/\\\/inspireashop.com\\\/wp-content\\\/uploads\\\/2025\\\/02\\\/7-barevnych-fixu.jpeg\",\"contentUrl\":\"https:\\\/\\\/inspireashop.com\\\/wp-content\\\/uploads\\\/2025\\\/02\\\/7-barevnych-fixu.jpeg\",\"width\":1280,\"height\":1280},{\"@type\":\"BreadcrumbList\",\"@id\":\"https:\\\/\\\/inspireashop.com\\\/sk\\\/obchod\\\/7-barevnych-fixu\\\/#breadcrumb\",\"itemListElement\":[{\"@type\":\"ListItem\",\"position\":1,\"name\":\"Home\",\"item\":\"https:\\\/\\\/inspireashop.com\\\/sk\\\/\"},{\"@type\":\"ListItem\",\"position\":2,\"name\":\"Obchod\",\"item\":\"https:\\\/\\\/inspireashop.com\\\/sk\\\/obchod\\\/\"},{\"@type\":\"ListItem\",\"position\":3,\"name\":\"7 farebn\u00fdch fixiek \u2013 ide\u00e1lne k pracovn\u00e9mu zo\u0161itu P\u00ed\u0161 a zotri.\"}]},{\"@type\":\"WebSite\",\"@id\":\"https:\\\/\\\/inspireashop.com\\\/sk\\\/#website\",\"url\":\"https:\\\/\\\/inspireashop.com\\\/sk\\\/\",\"name\":\"Inspirea shop\",\"description\":\"Everything nice\",\"publisher\":{\"@id\":\"https:\\\/\\\/inspireashop.com\\\/sk\\\/#organization\"},\"potentialAction\":[{\"@type\":\"SearchAction\",\"target\":{\"@type\":\"EntryPoint\",\"urlTemplate\":\"https:\\\/\\\/inspireashop.com\\\/sk\\\/?s={search_term_string}\"},\"query-input\":{\"@type\":\"PropertyValueSpecification\",\"valueRequired\":true,\"valueName\":\"search_term_string\"}}],\"inLanguage\":\"sk-SK\"},{\"@type\":\"Organization\",\"@id\":\"https:\\\/\\\/inspireashop.com\\\/sk\\\/#organization\",\"name\":\"Inspirea shop\",\"url\":\"https:\\\/\\\/inspireashop.com\\\/sk\\\/\",\"logo\":{\"@type\":\"ImageObject\",\"inLanguage\":\"sk-SK\",\"@id\":\"https:\\\/\\\/inspireashop.com\\\/sk\\\/#\\\/schema\\\/logo\\\/image\\\/\",\"url\":\"https:\\\/\\\/inspireashop.com\\\/wp-content\\\/uploads\\\/2025\\\/01\\\/inspirea-shoplogo.png\",\"contentUrl\":\"https:\\\/\\\/inspireashop.com\\\/wp-content\\\/uploads\\\/2025\\\/01\\\/inspirea-shoplogo.png\",\"width\":400,\"height\":72,\"caption\":\"Inspirea shop\"},\"image\":{\"@id\":\"https:\\\/\\\/inspireashop.com\\\/sk\\\/#\\\/schema\\\/logo\\\/image\\\/\"}}]}<\/script>\n<!-- \/ Yoast SEO plugin. -->","yoast_head_json":{"title":"7 farebn\u00fdch fixiek | Inspirea shop","description":"7 farebn\u00fdch fixiek pre neobmedzen\u00fa kreativitu a u\u010denie \u2013 ide\u00e1lne k pracovn\u00e9mu zo\u0161itu P\u00ed\u0161 a zotri.","robots":{"index":"index","follow":"follow","max-snippet":"max-snippet:-1","max-image-preview":"max-image-preview:large","max-video-preview":"max-video-preview:-1"},"canonical":"https:\/\/inspireashop.com\/sk\/obchod\/7-barevnych-fixu\/","og_locale":"sk_SK","og_type":"article","og_title":"7 farebn\u00fdch fixiek | Inspirea shop","og_description":"7 farebn\u00fdch fixiek pre neobmedzen\u00fa kreativitu a u\u010denie \u2013 ide\u00e1lne k pracovn\u00e9mu zo\u0161itu P\u00ed\u0161 a zotri.","og_url":"https:\/\/inspireashop.com\/sk\/obchod\/7-barevnych-fixu\/","og_site_name":"Inspirea shop","article_modified_time":"2025-06-12T20:32:29+00:00","og_image":[{"width":1280,"height":1280,"url":"https:\/\/inspireashop.com\/wp-content\/uploads\/2025\/02\/7-barevnych-fixu.jpeg","type":"image\/jpeg"}],"twitter_card":"summary_large_image","twitter_misc":{"Predpokladan\u00fd \u010das \u010d\u00edtania":"1 min\u00fata"},"schema":{"@context":"https:\/\/schema.org","@graph":[{"@type":"WebPage","@id":"https:\/\/inspireashop.com\/sk\/obchod\/7-barevnych-fixu\/","url":"https:\/\/inspireashop.com\/sk\/obchod\/7-barevnych-fixu\/","name":"7 farebn\u00fdch fixiek | Inspirea shop","isPartOf":{"@id":"https:\/\/inspireashop.com\/sk\/#website"},"primaryImageOfPage":{"@id":"https:\/\/inspireashop.com\/sk\/obchod\/7-barevnych-fixu\/#primaryimage"},"image":{"@id":"https:\/\/inspireashop.com\/sk\/obchod\/7-barevnych-fixu\/#primaryimage"},"thumbnailUrl":"https:\/\/inspireashop.com\/wp-content\/uploads\/2025\/02\/7-barevnych-fixu.jpeg","datePublished":"2025-02-01T06:21:59+00:00","dateModified":"2025-06-12T20:32:29+00:00","description":"7 farebn\u00fdch fixiek pre neobmedzen\u00fa kreativitu a u\u010denie \u2013 ide\u00e1lne k pracovn\u00e9mu zo\u0161itu P\u00ed\u0161 a zotri.","breadcrumb":{"@id":"https:\/\/inspireashop.com\/sk\/obchod\/7-barevnych-fixu\/#breadcrumb"},"inLanguage":"sk-SK","potentialAction":[{"@type":"ReadAction","target":["https:\/\/inspireashop.com\/sk\/obchod\/7-barevnych-fixu\/"]}]},{"@type":"ImageObject","inLanguage":"sk-SK","@id":"https:\/\/inspireashop.com\/sk\/obchod\/7-barevnych-fixu\/#primaryimage","url":"https:\/\/inspireashop.com\/wp-content\/uploads\/2025\/02\/7-barevnych-fixu.jpeg","contentUrl":"https:\/\/inspireashop.com\/wp-content\/uploads\/2025\/02\/7-barevnych-fixu.jpeg","width":1280,"height":1280},{"@type":"BreadcrumbList","@id":"https:\/\/inspireashop.com\/sk\/obchod\/7-barevnych-fixu\/#breadcrumb","itemListElement":[{"@type":"ListItem","position":1,"name":"Home","item":"https:\/\/inspireashop.com\/sk\/"},{"@type":"ListItem","position":2,"name":"Obchod","item":"https:\/\/inspireashop.com\/sk\/obchod\/"},{"@type":"ListItem","position":3,"name":"7 farebn\u00fdch fixiek \u2013 ide\u00e1lne k pracovn\u00e9mu zo\u0161itu P\u00ed\u0161 a zotri."}]},{"@type":"WebSite","@id":"https:\/\/inspireashop.com\/sk\/#website","url":"https:\/\/inspireashop.com\/sk\/","name":"Inspirea shop","description":"Everything nice","publisher":{"@id":"https:\/\/inspireashop.com\/sk\/#organization"},"potentialAction":[{"@type":"SearchAction","target":{"@type":"EntryPoint","urlTemplate":"https:\/\/inspireashop.com\/sk\/?s={search_term_string}"},"query-input":{"@type":"PropertyValueSpecification","valueRequired":true,"valueName":"search_term_string"}}],"inLanguage":"sk-SK"},{"@type":"Organization","@id":"https:\/\/inspireashop.com\/sk\/#organization","name":"Inspirea shop","url":"https:\/\/inspireashop.com\/sk\/","logo":{"@type":"ImageObject","inLanguage":"sk-SK","@id":"https:\/\/inspireashop.com\/sk\/#\/schema\/logo\/image\/","url":"https:\/\/inspireashop.com\/wp-content\/uploads\/2025\/01\/inspirea-shoplogo.png","contentUrl":"https:\/\/inspireashop.com\/wp-content\/uploads\/2025\/01\/inspirea-shoplogo.png","width":400,"height":72,"caption":"Inspirea shop"},"image":{"@id":"https:\/\/inspireashop.com\/sk\/#\/schema\/logo\/image\/"}}]}},"_links":{"self":[{"href":"https:\/\/inspireashop.com\/sk\/wp-json\/wp\/v2\/product\/4106","targetHints":{"allow":["GET"]}}],"collection":[{"href":"https:\/\/inspireashop.com\/sk\/wp-json\/wp\/v2\/product"}],"about":[{"href":"https:\/\/inspireashop.com\/sk\/wp-json\/wp\/v2\/types\/product"}],"replies":[{"embeddable":true,"href":"https:\/\/inspireashop.com\/sk\/wp-json\/wp\/v2\/comments?post=4106"}],"wp:featuredmedia":[{"embeddable":true,"href":"https:\/\/inspireashop.com\/sk\/wp-json\/wp\/v2\/media\/4117"}],"wp:attachment":[{"href":"https:\/\/inspireashop.com\/sk\/wp-json\/wp\/v2\/media?parent=4106"}],"wp:term":[{"taxonomy":"product_brand","embeddable":true,"href":"https:\/\/inspireashop.com\/sk\/wp-json\/wp\/v2\/product_brand?post=4106"},{"taxonomy":"product_cat","embeddable":true,"href":"https:\/\/inspireashop.com\/sk\/wp-json\/wp\/v2\/product_cat?post=4106"},{"taxonomy":"product_tag","embeddable":true,"href":"https:\/\/inspireashop.com\/sk\/wp-json\/wp\/v2\/product_tag?post=4106"}],"curies":[{"name":"wp","href":"https:\/\/api.w.org\/{rel}","templated":true}]}}